{"id":3119,"date":"2024-03-14T14:21:00","date_gmt":"2024-03-14T06:21:00","guid":{"rendered":"https:\/\/zojopackaging.com\/?post_type=product&#038;p=3119"},"modified":"2025-03-27T17:27:19","modified_gmt":"2025-03-27T09:27:19","slug":"custom-perfume-box","status":"publish","type":"product","link":"https:\/\/zojopackaging.com\/es\/product\/custom-perfume-box\/","title":{"rendered":"Venta al por mayor Las cajas de perfume Cosm\u00e9ticos Suministros de embalaje"},"content":{"rendered":"<h1>Venta al por mayor Las cajas de perfume Cosm\u00e9ticos Suministros de embalaje<\/h1>\n<p><a href=\"https:\/\/zojopackaging.com\/es\/categoria-producto\/custom-perfume-boxes\/\">Caja de perfume personalizada<\/a> suelen tener un buen sellado para evitar la entrada de polvo y otros contaminantes, lo que ayuda a fijar la fragancia del perfume y a mantener su pureza y calidad, evitando que la fragancia se disipe gradualmente debido a la exposici\u00f3n prolongada al aire.Por una serie de razones, los envases ecol\u00f3gicos son cruciales para el negocio de los perfumes, y cada vez son m\u00e1s los que utilizan materiales respetuosos con el medio ambiente para reducir su impacto en el entorno.<\/p>\n<h3>Ofrecemos soluciones de embalaje de alta calidad para <a href=\"https:\/\/zojoprint.en.alibaba.com\/productgrouplist-930456046\/Perfume_Box.html\" target=\"_blank\" rel=\"noopener\">envases personalizados para perfumes<\/a><\/h3>\n<p>Las soluciones de impresi\u00f3n y envasado de alta calidad son esenciales para <a href=\"https:\/\/zojopackaging.com\/es\/categoria-producto\/custom-perfume-boxes\/\">caja de perfume personalizada<\/a> Adem\u00e1s, la mayor\u00eda de las perfumer\u00edas utilizan un dise\u00f1o y una impresi\u00f3n exclusivos para reforzar su imagen de marca y aumentar su reconocimiento y profesionalidad.<\/p>\n<h3><strong>Material ecol\u00f3gico utilizado en la fabricaci\u00f3n\u00a0\u00a0<\/strong><\/h3>\n<p>Al fabricar<a href=\"https:\/\/zojopackaging.com\/es\/categoria-producto\/custom-perfume-boxes\/\"> cajas de perfume personalizadas<\/a>Por ello, es fundamental utilizar materiales respetuosos con el medio ambiente, lo que no solo ayuda a reducir el impacto ambiental, sino que tambi\u00e9n mejora la imagen de marca y atrae a m\u00e1s consumidores concienciados con la sostenibilidad.<\/p>\n<p>Podemos proporcionarle los siguientes materiales a elegir.<\/p>\n<h4>como:<\/h4>\n<p><b>papel especial<\/b><\/p>\n<p><b>papel corrugado<\/b><\/p>\n<p><strong>otro papel<\/strong><\/p>\n<p><img fetchpriority=\"high\" decoding=\"async\" class=\"size-medium wp-image-7511 alignnone\" src=\"https:\/\/zojopackaging.com\/wp-content\/uploads\/2024\/03\/63ba72fb42de82bdcc1ddc218d5a80e-300x269.jpg\" alt=\"material\" width=\"300\" height=\"269\" title=\"\" srcset=\"https:\/\/zojopackaging.com\/wp-content\/uploads\/2024\/03\/63ba72fb42de82bdcc1ddc218d5a80e-300x269.jpg 300w, https:\/\/zojopackaging.com\/wp-content\/uploads\/2024\/03\/63ba72fb42de82bdcc1ddc218d5a80e-600x538.jpg 600w, https:\/\/zojopackaging.com\/wp-content\/uploads\/2024\/03\/63ba72fb42de82bdcc1ddc218d5a80e.jpg 750w\" sizes=\"(max-width: 300px) 100vw, 300px\" \/><\/p>\n<p>\uff08El siguiente material es para su referencia\uff09<\/p>\n<h3>El envase del perfume es lo mejor para su <a href=\"https:\/\/zojoprint.en.alibaba.com\/index.html?spm=a2700.shop_pl.88.11.23bb7121MItxGU\" target=\"_blank\" rel=\"noopener\">Cajas a medida<\/a> \u00a1Necesidades!<\/h3>\n<p>El envase de un perfume puede fabricarse con distintos materiales ecol\u00f3gicos: cart\u00f3n, papel art\u00edstico, papel especial... todos ellos son excelentes opciones. Elegir el mejor material para la tarea es crucial porque cada uno de estos materiales tiene un conjunto \u00fanico de ventajas y desventajas.Puede asegurarse de que el envase coincida con la identidad de su marca y transmita el mensaje correcto a su p\u00fablico objetivo mejorando el atractivo visual de su perfume, haci\u00e9ndolo m\u00e1s atractivo para los clientes y destacando en el estante, bas\u00e1ndose en el logotipo, los colores y los elementos de dise\u00f1o de su marca.<\/p>\n<h3>\u00bfPor qu\u00e9 elegirnos para sus cajas de embalaje personalizadas?<\/h3>\n<p>Establecido en 2009, zojopackaging ha estado proporcionando excelentes soluciones espec\u00edficamente para productos de fragancia a diversas empresas y marcas durante mucho tiempo. Creemos en proporcionar comodidad a nuestros clientes de la mejor manera posible, por lo que nuestros productos tienen la satisfacci\u00f3n del cliente 100%.<\/p>\n<h1><strong>Especificaci\u00f3n<\/strong><\/h1>\n<div class=\"widget block block-static-block\">\n<div class=\"landing-page-section option-bottom\">\n<div class=\"custom-materials-tabs-content container container-adjustment\">\n<div class=\"custom-materials-tab-content active\">\n<div class=\"widget block block-static-block\">\n<div class=\"options-items\">\n<div class=\"flex-grid-row-option\">\n<div class=\"flex-grid-item-option\">\n<div class=\"material-box\">\n<div class=\"material-des\">\n<table width=\"1070\">\n<tbody>\n<tr>\n<td width=\"373\">Dimensiones<\/td>\n<td width=\"373\">Todos los tama\u00f1os y formas personalizados<\/td>\n<\/tr>\n<tr>\n<td width=\"373\">MOQ<\/td>\n<td width=\"373\">500 uds (muestra de apoyo control de calidad\uff09<\/td>\n<\/tr>\n<tr>\n<td width=\"373\">Tiempo de muestreo<\/td>\n<td width=\"373\">3-5 d\u00edas laborables<\/td>\n<\/tr>\n<tr>\n<td width=\"373\">Proceso por defecto<\/td>\n<td width=\"373\">Troquelado, encolado, rayado, perforaci\u00f3n<\/td>\n<\/tr>\n<tr>\n<td width=\"373\">Impresi\u00f3n<\/td>\n<td width=\"373\">Cmyk, pms, sin impresi\u00f3n<\/td>\n<\/tr>\n<tr>\n<td width=\"373\">Material Opci\u00f3n<\/td>\n<td width=\"373\">Papel cart\u00f3n blanco, papel estucado, papel art\u00edstico, papel kraft, cart\u00f3n marfil, cart\u00f3n d\u00faplex, papel especial, etc.<\/td>\n<\/tr>\n<tr>\n<td width=\"373\">Acabado de superficies<\/td>\n<td width=\"373\">Laminado mate\/brillante, estampado en relieve, gofrado, estampado en caliente, etc.<\/td>\n<\/tr>\n<tr>\n<td width=\"373\">Uso industrial<\/td>\n<td width=\"373\">cosm\u00e9ticos, perfumes, prendas de vestir, joyas, tabaco, alimentos, regalos y productos de consumo diario,<\/td>\n<\/tr>\n<tr>\n<td width=\"373\">Control de calidad<\/td>\n<td width=\"373\">El equipo avanzado y el equipo experimentado del control de calidad comprobar\u00e1n el material, los productos semielaborados y acabados terminantemente en cada paso antes de que<\/td>\n<\/tr>\n<tr>\n<td width=\"373\">Precio<\/td>\n<td width=\"373\">El precio final se adaptar\u00e1 a su producto y a la cantidad que necesite<\/td>\n<\/tr>\n<tr>\n<td width=\"373\">Plazo de entrega<\/td>\n<td width=\"373\">7-14 d\u00edas laborables<\/td>\n<\/tr>\n<tr>\n<td width=\"373\">Papel<\/td>\n<td width=\"373\">De 10pt a 28pt (de 60lb a 400lb) Kraft ecol\u00f3gico, corrugado e-flute, cart\u00f3n bux, cartulina<\/td>\n<\/tr>\n<tr>\n<td width=\"373\">Formato de las ilustraciones<\/td>\n<td width=\"373\">JPG, PDF, AI, CDR, EPS, GIF....<\/td>\n<\/tr>\n<tr>\n<td width=\"373\">Accesorios<\/td>\n<td width=\"373\">Im\u00e1n, cinta, forma EVA , bandeja de pl\u00e1stico, esponja, ventana de PVC\/PET\/PP,...<\/td>\n<\/tr>\n<tr>\n<td width=\"373\">Plazo de pago<\/td>\n<td width=\"373\">T\/T, Western Union, Paypal, 30% de dep\u00f3sito y 70% de saldo antes del env\u00edo.<\/td>\n<\/tr>\n<\/tbody>\n<\/table>\n<\/div>\n<\/div>\n<\/div>\n<\/div>\n<\/div>\n<\/div>\n<\/div>\n<\/div>\n<\/div>\n<\/div>\n<div class=\"widget block block-static-block\">\n<div class=\"landing-page-section option-bottom\">\n<div class=\"custom-materials-tabs-content container container-adjustment\">\n<div class=\"custom-materials-tab-content active\">\n<div class=\"widget block block-static-block\">\n<div class=\"options-items\">\n<div class=\"flex-grid-row-option\">\n<div class=\"flex-grid-item-option\">\n<div class=\"material-box\">\n<p>&nbsp;<\/p>\n<\/div>\n<\/div>\n<\/div>\n<\/div>\n<p><!---end of option item--><\/p>\n<\/div>\n<\/div>\n<\/div>\n<\/div>\n<\/div>","protected":false},"excerpt":{"rendered":"<p>1. El tipo de caja con tapa y base adopta la estructura de tapa superior e inferior, la protecci\u00f3n de doble capa del producto, que puede prevenir eficazmente los art\u00edculos en el paquete de ser da\u00f1ado<br \/>\n2. El material especial del papel resalta la sencillez de la caja pero no carece de la sensaci\u00f3n de lujo<br \/>\n3. El proceso de estampaci\u00f3n en caliente en oro confiere al envase una sensaci\u00f3n de lujo y una presentaci\u00f3n visual de alta calidad.<br \/>\n4. Diferentes tipos de cajas, materiales, tama\u00f1os, revestimientos y efectos de impresi\u00f3n superficial personalizables seg\u00fan sus necesidades.<\/p>","protected":false},"featured_media":3125,"template":"","meta":[],"product_brand":[],"product_cat":[30,390,417,425],"product_tag":[686,336,687],"class_list":{"0":"post-3119","1":"product","2":"type-product","3":"status-publish","4":"has-post-thumbnail","6":"product_cat-by-industry","7":"product_cat-custom-cosmetics-boxes","8":"product_cat-custom-perfume-boxes-by-industry","9":"product_cat-lid-and-base-gift-box","10":"product_tag-cosmetic-packaging-supplies","11":"product_tag-perfume-boxes","12":"product_tag-wholesale-perfume-packaging","14":"first","15":"instock","16":"shipping-taxable","17":"product-type-grouped"},"_links":{"self":[{"href":"https:\/\/zojopackaging.com\/es\/wp-json\/wp\/v2\/product\/3119","targetHints":{"allow":["GET"]}}],"collection":[{"href":"https:\/\/zojopackaging.com\/es\/wp-json\/wp\/v2\/product"}],"about":[{"href":"https:\/\/zojopackaging.com\/es\/wp-json\/wp\/v2\/types\/product"}],"version-history":[{"count":2,"href":"https:\/\/zojopackaging.com\/es\/wp-json\/wp\/v2\/product\/3119\/revisions"}],"predecessor-version":[{"id":8409,"href":"https:\/\/zojopackaging.com\/es\/wp-json\/wp\/v2\/product\/3119\/revisions\/8409"}],"wp:featuredmedia":[{"embeddable":true,"href":"https:\/\/zojopackaging.com\/es\/wp-json\/wp\/v2\/media\/3125"}],"wp:attachment":[{"href":"https:\/\/zojopackaging.com\/es\/wp-json\/wp\/v2\/media?parent=3119"}],"wp:term":[{"taxonomy":"product_brand","embeddable":true,"href":"https:\/\/zojopackaging.com\/es\/wp-json\/wp\/v2\/product_brand?post=3119"},{"taxonomy":"product_cat","embeddable":true,"href":"https:\/\/zojopackaging.com\/es\/wp-json\/wp\/v2\/product_cat?post=3119"},{"taxonomy":"product_tag","embeddable":true,"href":"https:\/\/zojopackaging.com\/es\/wp-json\/wp\/v2\/product_tag?post=3119"}],"curies":[{"name":"wp","href":"https:\/\/api.w.org\/{rel}","templated":true}]}}