{"id":3178,"date":"2024-03-14T14:59:30","date_gmt":"2024-03-14T06:59:30","guid":{"rendered":"https:\/\/zojopackaging.com\/?post_type=product&#038;p=3178"},"modified":"2025-03-27T19:46:39","modified_gmt":"2025-03-27T11:46:39","slug":"custom-flip-cover-perfume-boxes","status":"publish","type":"product","link":"https:\/\/zojopackaging.com\/es\/product\/custom-flip-cover-perfume-boxes\/","title":{"rendered":"Caja De Perfume De Lujo Personalizada Fabricantes Proveedores F\u00e1brica"},"content":{"rendered":"<h1>Caja De Perfume De Lujo Personalizada Fabricantes Proveedores F\u00e1brica<\/h1>\n<p>Las cajas para perfumes de lujo personalizadas de la f\u00e1brica de proveedores son una soluci\u00f3n de envasado elegante y ecol\u00f3gica para sus productos de perfumer\u00eda premium. Fabricadas con materiales sostenibles de alta calidad, estas cajas presentan un elegante dise\u00f1o de tapa abatible en un vibrante color verde que irradia elegancia y sofisticaci\u00f3n.<\/p>\n<p>Dise\u00f1adas para ofrecer tanto protecci\u00f3n como atractivo est\u00e9tico, estas cajas personalizadas pueden personalizarse con el logotipo de su marca, mensajes y otros elementos de dise\u00f1o para crear un envase \u00fanico y llamativo que resuene entre su p\u00fablico objetivo. La tapa abatible a\u00f1ade un toque de lujo y exclusividad a la presentaci\u00f3n general, lo que la hace perfecta para regalar o exponer en tiendas.<\/p>\n<p>Estas cajas personalizadas para perfumes de lujo de f\u00e1brica no solo aumentan el valor percibido de sus productos, sino que tambi\u00e9n muestran su compromiso con la sostenibilidad y la responsabilidad medioambiental. Mejore la imagen de su marca con estas soluciones de envasado ecol\u00f3gicas y visualmente impactantes, que ofrecen a sus clientes una experiencia memorable al abrir la caja y, al mismo tiempo, tienen un impacto positivo en el planeta.<\/p>\n<h1><strong>Especificaci\u00f3n<\/strong><\/h1>\n<div class=\"widget block block-static-block\">\n<div class=\"landing-page-section option-bottom\">\n<div class=\"custom-materials-tabs-content container container-adjustment\">\n<div class=\"custom-materials-tab-content active\">\n<div class=\"widget block block-static-block\">\n<div class=\"options-items\">\n<div class=\"flex-grid-row-option\">\n<div class=\"flex-grid-item-option\">\n<div class=\"material-box\">\n<div class=\"material-des\">\n<table width=\"1070\">\n<tbody>\n<tr>\n<td width=\"373\">Dimensiones<\/td>\n<td width=\"373\">Todos los tama\u00f1os y formas personalizados<\/td>\n<\/tr>\n<tr>\n<td width=\"373\">MOQ<\/td>\n<td width=\"373\">500 unidades<\/td>\n<\/tr>\n<tr>\n<td width=\"373\">Tiempo de muestreo<\/td>\n<td width=\"373\">3-5 d\u00edas<\/td>\n<\/tr>\n<tr>\n<td width=\"373\">Proceso por defecto<\/td>\n<td width=\"373\">Troquelado, encolado, rayado, perforaci\u00f3n<\/td>\n<\/tr>\n<tr>\n<td width=\"373\">Impresi\u00f3n<\/td>\n<td width=\"373\">Cmyk, pms, sin impresi\u00f3n<\/td>\n<\/tr>\n<tr>\n<td width=\"373\">Material Opci\u00f3n<\/td>\n<td width=\"373\">Papel cart\u00f3n blanco, papel estucado, papel art\u00edstico, papel kraft, cart\u00f3n marfil, cart\u00f3n d\u00faplex, papel especial, etc.<\/td>\n<\/tr>\n<tr>\n<td width=\"373\">Acabado de superficies<\/td>\n<td width=\"373\">Laminado mate\/brillante, estampado en relieve, gofrado, estampado en caliente, etc.<\/td>\n<\/tr>\n<tr>\n<td width=\"373\">Uso industrial<\/td>\n<td width=\"373\">cosm\u00e9ticos, perfumes, prendas de vestir, joyas, tabaco, alimentos, regalos y productos de consumo diario,<\/td>\n<\/tr>\n<tr>\n<td width=\"373\">Control de calidad<\/td>\n<td width=\"373\">El equipo avanzado y el equipo experimentado del control de calidad comprobar\u00e1n el material, los productos semielaborados y acabados terminantemente en cada paso antes de que<\/td>\n<\/tr>\n<tr>\n<td width=\"373\">Precio<\/td>\n<td width=\"373\">El precio final se adaptar\u00e1 a su producto y a la cantidad que necesite<\/td>\n<\/tr>\n<tr>\n<td width=\"373\">Plazo de entrega<\/td>\n<td width=\"373\">7-14 d\u00edas laborables , rush<\/td>\n<\/tr>\n<tr>\n<td width=\"373\">Papel<\/td>\n<td width=\"373\">De 10pt a 28pt (de 60lb a 400lb) Kraft ecol\u00f3gico, corrugado e-flute, cart\u00f3n bux, cartulina<\/td>\n<\/tr>\n<tr>\n<td width=\"373\">Formato de las ilustraciones<\/td>\n<td width=\"373\">JPG, PDF, AI, CDR, EPS, GIF....<\/td>\n<\/tr>\n<tr>\n<td width=\"373\">Accesorios<\/td>\n<td width=\"373\">Im\u00e1n, cinta, forma EVA , bandeja de pl\u00e1stico, esponja, ventana de PVC\/PET\/PP,...<\/td>\n<\/tr>\n<tr>\n<td width=\"373\">Plazo de pago<\/td>\n<td width=\"373\">T\/T, Western Union, Paypal, 30% de dep\u00f3sito y 70% de saldo antes del env\u00edo.<\/td>\n<\/tr>\n<\/tbody>\n<\/table>\n<\/div>\n<\/div>\n<\/div>\n<\/div>\n<\/div>\n<\/div>\n<\/div>\n<\/div>\n<\/div>\n<\/div>\n<div class=\"widget block block-static-block\">\n<div class=\"landing-page-section option-bottom\">\n<div class=\"custom-materials-tabs-content container container-adjustment\">\n<div class=\"custom-materials-tab-content active\">\n<div class=\"widget block block-static-block\">\n<div class=\"options-items\">\n<div class=\"flex-grid-row-option\">\n<div class=\"flex-grid-item-option\">\n<div class=\"material-box\">\n<p>&nbsp;<\/p>\n<\/div>\n<\/div>\n<\/div>\n<\/div>\n<p><!---end of option item--><\/p>\n<\/div>\n<\/div>\n<\/div>\n<\/div>\n<\/div>","protected":false},"excerpt":{"rendered":"<p>1. La caja de regalo bivalva presenta importantes ventajas en cuanto a funcionalidad y practicidad de embalaje gracias a su dise\u00f1o integrado de apertura y cierre<br \/>\n2. Papel estucado C2S de 157 g + cart\u00f3n r\u00edgido de 1200 g, resistente y duradero<br \/>\n3. Verde respetuoso del medio ambiente de color es universal como un s\u00edmbolo del medio ambiente, que puede establecer r\u00e1pidamente la marca y el desarrollo sostenible<\/p>","protected":false},"featured_media":3183,"template":"","meta":[],"product_brand":[],"product_cat":[30,417,428,31],"product_tag":[701,333,702],"class_list":{"0":"post-3178","1":"product","2":"type-product","3":"status-publish","4":"has-post-thumbnail","6":"product_cat-by-industry","7":"product_cat-custom-perfume-boxes-by-industry","8":"product_cat-irregular-shaped-gift-boxes","9":"product_cat-paper-box-style","10":"product_tag-customized-perfume-box","11":"product_tag-luxury-perfume-box","12":"product_tag-perfume-box-manufacturer","14":"first","15":"instock","16":"shipping-taxable","17":"product-type-grouped"},"_links":{"self":[{"href":"https:\/\/zojopackaging.com\/es\/wp-json\/wp\/v2\/product\/3178","targetHints":{"allow":["GET"]}}],"collection":[{"href":"https:\/\/zojopackaging.com\/es\/wp-json\/wp\/v2\/product"}],"about":[{"href":"https:\/\/zojopackaging.com\/es\/wp-json\/wp\/v2\/types\/product"}],"version-history":[{"count":2,"href":"https:\/\/zojopackaging.com\/es\/wp-json\/wp\/v2\/product\/3178\/revisions"}],"predecessor-version":[{"id":8418,"href":"https:\/\/zojopackaging.com\/es\/wp-json\/wp\/v2\/product\/3178\/revisions\/8418"}],"wp:featuredmedia":[{"embeddable":true,"href":"https:\/\/zojopackaging.com\/es\/wp-json\/wp\/v2\/media\/3183"}],"wp:attachment":[{"href":"https:\/\/zojopackaging.com\/es\/wp-json\/wp\/v2\/media?parent=3178"}],"wp:term":[{"taxonomy":"product_brand","embeddable":true,"href":"https:\/\/zojopackaging.com\/es\/wp-json\/wp\/v2\/product_brand?post=3178"},{"taxonomy":"product_cat","embeddable":true,"href":"https:\/\/zojopackaging.com\/es\/wp-json\/wp\/v2\/product_cat?post=3178"},{"taxonomy":"product_tag","embeddable":true,"href":"https:\/\/zojopackaging.com\/es\/wp-json\/wp\/v2\/product_tag?post=3178"}],"curies":[{"name":"wp","href":"https:\/\/api.w.org\/{rel}","templated":true}]}}