{"id":3185,"date":"2024-03-14T15:03:02","date_gmt":"2024-03-14T07:03:02","guid":{"rendered":"https:\/\/zojopackaging.com\/?post_type=product&#038;p=3185"},"modified":"2025-03-27T19:31:51","modified_gmt":"2025-03-27T11:31:51","slug":"customized-perfume-packaging-gift-boxes","status":"publish","type":"product","link":"https:\/\/zojopackaging.com\/es\/product\/customized-perfume-packaging-gift-boxes\/","title":{"rendered":"Personalizar Caja de Perfume de Lujo Set de Regalo Embalaje Manufactuere"},"content":{"rendered":"<h1>Personalizar Caja de Perfume de Lujo Set de Regalo Embalaje Manufactuere<\/h1>\n<p>Las cajas de regalo personalizadas para perfumes son el ep\u00edtome del lujo y la sofisticaci\u00f3n, dise\u00f1adas para elevar la experiencia de regalar sus productos de perfumer\u00eda premium. Estas cajas meticulosamente elaboradas est\u00e1n dise\u00f1adas para exhibir sus perfumes de la forma m\u00e1s elegante y cautivadora posible.<\/p>\n<p>Con un enfoque en la personalizaci\u00f3n, estas cajas de regalo pueden personalizarse para reflejar la identidad de su marca mediante colores, logotipos y elementos de dise\u00f1o personalizados. La atenci\u00f3n al detalle en el envase garantiza que cada caja sea una obra de arte, realzando la presentaci\u00f3n general de sus perfumes.<\/p>\n<p>Ya se utilicen para ocasiones especiales, regalos de empresa o comercios, estas cajas de regalo personalizadas a\u00f1aden un toque de exclusividad y encanto a cada experiencia de desembalaje. Los materiales de primera calidad y la exquisita artesan\u00eda de las cajas no solo protegen los frascos de perfume, sino que tambi\u00e9n crean una impresi\u00f3n duradera en el destinatario.<\/p>\n<p>Marque la diferencia con sus productos de perfumer\u00eda eligiendo estas cajas de regalo personalizadas que no s\u00f3lo reflejan la calidad de su marca, sino que tambi\u00e9n a\u00f1aden una sensaci\u00f3n de lujo y prestigio a cada momento de entrega de regalos.<\/p>\n<h1><strong>Especificaci\u00f3n<\/strong><\/h1>\n<div class=\"widget block block-static-block\">\n<div class=\"landing-page-section option-bottom\">\n<div class=\"custom-materials-tabs-content container container-adjustment\">\n<div class=\"custom-materials-tab-content active\">\n<div class=\"widget block block-static-block\">\n<div class=\"options-items\">\n<div class=\"flex-grid-row-option\">\n<div class=\"flex-grid-item-option\">\n<div class=\"material-box\">\n<div class=\"material-des\">\n<table width=\"1070\">\n<tbody>\n<tr>\n<td width=\"373\">Dimensiones<\/td>\n<td width=\"373\">Todos los tama\u00f1os y formas personalizados<\/td>\n<\/tr>\n<tr>\n<td width=\"373\">MOQ<\/td>\n<td width=\"373\">500 unidades<\/td>\n<\/tr>\n<tr>\n<td width=\"373\">Tiempo de muestreo<\/td>\n<td width=\"373\">3-5 d\u00edas<\/td>\n<\/tr>\n<tr>\n<td width=\"373\">Proceso por defecto<\/td>\n<td width=\"373\">Troquelado, encolado, rayado, perforaci\u00f3n<\/td>\n<\/tr>\n<tr>\n<td width=\"373\">Impresi\u00f3n<\/td>\n<td width=\"373\">Cmyk, pms, sin impresi\u00f3n<\/td>\n<\/tr>\n<tr>\n<td width=\"373\">Material Opci\u00f3n<\/td>\n<td width=\"373\">Papel cart\u00f3n blanco, papel estucado, papel art\u00edstico, papel kraft, cart\u00f3n marfil, cart\u00f3n d\u00faplex, papel especial, etc.<\/td>\n<\/tr>\n<tr>\n<td width=\"373\">Acabado de superficies<\/td>\n<td width=\"373\">Laminado mate\/brillante, estampado en relieve, gofrado, estampado en caliente, etc.<\/td>\n<\/tr>\n<tr>\n<td width=\"373\">Uso industrial<\/td>\n<td width=\"373\">cosm\u00e9ticos, perfumes, prendas de vestir, joyas, tabaco, alimentos, regalos y productos de consumo diario,<\/td>\n<\/tr>\n<tr>\n<td width=\"373\">Control de calidad<\/td>\n<td width=\"373\">El equipo avanzado y el equipo experimentado del control de calidad comprobar\u00e1n el material, los productos semielaborados y acabados terminantemente en cada paso antes de que<\/td>\n<\/tr>\n<tr>\n<td width=\"373\">Precio<\/td>\n<td width=\"373\">El precio final se adaptar\u00e1 a su producto y a la cantidad que necesite<\/td>\n<\/tr>\n<tr>\n<td width=\"373\">Plazo de entrega<\/td>\n<td width=\"373\">7-14 d\u00edas laborables , rush<\/td>\n<\/tr>\n<tr>\n<td width=\"373\">Papel<\/td>\n<td width=\"373\">De 10pt a 28pt (de 60lb a 400lb) Kraft ecol\u00f3gico, corrugado e-flute, cart\u00f3n bux, cartulina<\/td>\n<\/tr>\n<tr>\n<td width=\"373\">Formato de las ilustraciones<\/td>\n<td width=\"373\">JPG, PDF, AI, CDR, EPS, GIF....<\/td>\n<\/tr>\n<tr>\n<td width=\"373\">Accesorios<\/td>\n<td width=\"373\">Im\u00e1n, cinta, forma EVA , bandeja de pl\u00e1stico, esponja, ventana de PVC\/PET\/PP,...<\/td>\n<\/tr>\n<tr>\n<td width=\"373\">Plazo de pago<\/td>\n<td width=\"373\">T\/T, Western Union, Paypal, 30% de dep\u00f3sito y 70% de saldo antes del env\u00edo.<\/td>\n<\/tr>\n<\/tbody>\n<\/table>\n<\/div>\n<\/div>\n<\/div>\n<\/div>\n<\/div>\n<\/div>\n<\/div>\n<\/div>\n<\/div>\n<\/div>\n<div class=\"widget block block-static-block\">\n<div class=\"landing-page-section option-bottom\">\n<div class=\"custom-materials-tabs-content container container-adjustment\">\n<div class=\"custom-materials-tab-content active\">\n<div class=\"widget block block-static-block\">\n<div class=\"options-items\">\n<div class=\"flex-grid-row-option\">\n<div class=\"flex-grid-item-option\">\n<div class=\"material-box\">\n<p>&nbsp;<\/p>\n<\/div>\n<\/div>\n<\/div>\n<\/div>\n<p><!---end of option item--><\/p>\n<\/div>\n<\/div>\n<\/div>\n<\/div>\n<\/div>","protected":false},"excerpt":{"rendered":"<p>1. Gracias a la tecnolog\u00eda de doble puerta y cierre magn\u00e9tico, presenta ventajas significativas en cuanto a la funcionalidad del envase y la experiencia del usuario.<br \/>\n2. El proceso de estampaci\u00f3n en caliente en oro confiere al envase una sensaci\u00f3n de lujo y una presentaci\u00f3n visual de alta calidad.<br \/>\n3. Somos buenos desarrollando formas de caja especiales. Si tiene alguna idea sobre formas de cajas, podemos convertir sus ideas en realidad.<\/p>","protected":false},"featured_media":3190,"template":"","meta":[],"product_brand":[],"product_cat":[30,417,428,31],"product_tag":[699,698,700],"class_list":{"0":"post-3185","1":"product","2":"type-product","3":"status-publish","4":"has-post-thumbnail","6":"product_cat-by-industry","7":"product_cat-custom-perfume-boxes-by-industry","8":"product_cat-irregular-shaped-gift-boxes","9":"product_cat-paper-box-style","10":"product_tag-customize-perfume-box","11":"product_tag-perfume-box-gift","12":"product_tag-perfume-packaging-manufactuere","14":"first","15":"instock","16":"shipping-taxable","17":"product-type-grouped"},"_links":{"self":[{"href":"https:\/\/zojopackaging.com\/es\/wp-json\/wp\/v2\/product\/3185","targetHints":{"allow":["GET"]}}],"collection":[{"href":"https:\/\/zojopackaging.com\/es\/wp-json\/wp\/v2\/product"}],"about":[{"href":"https:\/\/zojopackaging.com\/es\/wp-json\/wp\/v2\/types\/product"}],"version-history":[{"count":2,"href":"https:\/\/zojopackaging.com\/es\/wp-json\/wp\/v2\/product\/3185\/revisions"}],"predecessor-version":[{"id":8416,"href":"https:\/\/zojopackaging.com\/es\/wp-json\/wp\/v2\/product\/3185\/revisions\/8416"}],"wp:featuredmedia":[{"embeddable":true,"href":"https:\/\/zojopackaging.com\/es\/wp-json\/wp\/v2\/media\/3190"}],"wp:attachment":[{"href":"https:\/\/zojopackaging.com\/es\/wp-json\/wp\/v2\/media?parent=3185"}],"wp:term":[{"taxonomy":"product_brand","embeddable":true,"href":"https:\/\/zojopackaging.com\/es\/wp-json\/wp\/v2\/product_brand?post=3185"},{"taxonomy":"product_cat","embeddable":true,"href":"https:\/\/zojopackaging.com\/es\/wp-json\/wp\/v2\/product_cat?post=3185"},{"taxonomy":"product_tag","embeddable":true,"href":"https:\/\/zojopackaging.com\/es\/wp-json\/wp\/v2\/product_tag?post=3185"}],"curies":[{"name":"wp","href":"https:\/\/api.w.org\/{rel}","templated":true}]}}