{"id":3192,"date":"2024-03-14T15:07:45","date_gmt":"2024-03-14T07:07:45","guid":{"rendered":"https:\/\/zojopackaging.com\/?post_type=product&#038;p=3192"},"modified":"2025-03-28T11:48:45","modified_gmt":"2025-03-28T03:48:45","slug":"custom-rigid-cardboard-perfume-boxes","status":"publish","type":"product","link":"https:\/\/zojopackaging.com\/es\/product\/custom-rigid-cardboard-perfume-boxes\/","title":{"rendered":"Cajas de regalo de lujo del perfume de la abertura de la puerta doble de la aduana del OEM"},"content":{"rendered":"<h1>Cajas de regalo de lujo del perfume de la abertura de la puerta doble de la aduana del OEM<\/h1>\n<div class=\"rich-text-wrap\">\n<div class=\"container\">\n<p>Con m\u00e1s de 13 a\u00f1os en <strong>fabricaci\u00f3n de cajas de cart\u00f3n<\/strong>, somos uno de los principales fabricantes y proveedores de <a href=\"https:\/\/zojopackaging.com\/es\/categoria-producto\/custom-perfume-boxes\/\"><strong>cajas de cart\u00f3n para perfumes<\/strong><\/a>,\u00a0<strong><a href=\"https:\/\/zojopackaging.com\/es\/categoria-producto\/custom-perfume-boxes\/\">cajas r\u00edgidas<\/a>,\u00a0<a href=\"https:\/\/zojopackaging.com\/es\/categoria-producto\/custom-gift-box\/\">cajas de regalo<\/a><\/strong>y\u00a0<a href=\"https:\/\/zojopackaging.com\/es\/categoria-producto\/custom-cosmetic-boxes\/\"><strong>cajas de cosm\u00e9ticos<\/strong><\/a>.<\/p>\n<p>Nosotros nos encargamos del dise\u00f1o,\u00a0<a href=\"https:\/\/zojopackaging.com\/es\/custom-packaging-boxes\/\">impresi\u00f3n<\/a>y la producci\u00f3n de\u00a0<strong>cajas de cart\u00f3n al por mayor<\/strong>\u00a0con un pedido m\u00ednimo de 3.000 piezas. Nuestros expertos artesanos siempre han trabajado en estrecha colaboraci\u00f3n con los clientes, garantizando que s\u00f3lo producimos productos de alta calidad y hechos a medida.\u00a0<strong>estuches de perfumes de lujo<\/strong>.<\/p>\n<\/div>\n<\/div>\n<div class=\"double-text\">\n<div class=\"container\">\n<div class=\"text\">\n<div class=\"left\">\n<h2>Por qu\u00e9 personalizar los dise\u00f1os de cajas de cart\u00f3n para su marca<\/h2>\n<p>\u00bfPor qu\u00e9 es esencial\u00a0<a href=\"https:\/\/zojopackaging.com\/es\/custom-packaging-boxes\/\">tener una caja de cart\u00f3n r\u00edgido a medida<\/a>\u00a0para su marca? He aqu\u00ed las razones:<\/p>\n<ul>\n<li>\n<h4>Protege realmente su producto.<\/h4>\n<\/li>\n<\/ul>\n<p>Dado que no existe una caja \u00fanica para todos, es crucial conocer el valor de obtener una\u00a0<strong>dise\u00f1o de cajas personalizadas<\/strong>. El tama\u00f1o de caja ideal para su producto ser\u00e1 su primera l\u00ednea de defensa para salvaguardar sus productos, como perfumes y cosm\u00e9ticos.<\/p>\n<ul>\n<li aria-level=\"1\">\n<h4>Atraer\u00e1 a nuevos clientes.<\/h4>\n<\/li>\n<\/ul>\n<p>A\u00a0<strong>caja de cart\u00f3n a medida<\/strong>\u00a0puede atraer a nuevos clientes porque considerar\u00e1n que el dise\u00f1o y la estructura son \u00fanicos, como si se hubieran fabricado exclusivamente para su marca.<\/p>\n<ul>\n<li aria-level=\"1\">\n<h4>Puede reforzar su imagen de marca.<\/h4>\n<\/li>\n<\/ul>\n<p>Los clientes encuentran\u00a0<strong>imprimir cajas de cart\u00f3n<\/strong>\u00a0de moda, adem\u00e1s de que pueden hacer de su marca una utilidad de firma. Recuerde que los consumidores conf\u00edan y se f\u00edan de este tipo de elementos visuales que suelen dejar impresiones de marca duraderas.<\/p>\n<\/div>\n<div class=\"right\">\n<h2>Colores, estilos y m\u00e1s de cajas de cart\u00f3n r\u00edgido a medida<\/h2>\n<p>Nuestra\u00a0<strong>cajas de cart\u00f3n personalizadas<\/strong>\u00a0est\u00e1n disponibles en pedidos OEM y ODM que son f\u00e1ciles y r\u00e1pidos de comercializar. Aqu\u00ed en Hongyi, nos aseguramos de que nuestros clientes tienen una amplia selecci\u00f3n cuando se trata de:<\/p>\n<ul>\n<li aria-level=\"1\">materiales para cajas de cart\u00f3n<\/li>\n<li aria-level=\"1\">estilos de cajas de cart\u00f3n<\/li>\n<li aria-level=\"1\">forma de caja de cart\u00f3n<\/li>\n<li aria-level=\"1\">colores de cajas de cart\u00f3n<\/li>\n<li aria-level=\"1\">tama\u00f1os de cajas de cart\u00f3n<\/li>\n<li aria-level=\"1\">decoraci\u00f3n y piezas de cajas de cart\u00f3n<\/li>\n<li aria-level=\"1\">impresi\u00f3n de cajas de cart\u00f3n y logotipos<\/li>\n<li aria-level=\"1\">Revestimiento de EVA, EPE o esponja<\/li>\n<\/ul>\n<\/div>\n<\/div>\n<\/div>\n<\/div>\n<h1><strong>Especificaci\u00f3n<\/strong><\/h1>\n<div class=\"widget block block-static-block\">\n<div class=\"landing-page-section option-bottom\">\n<div class=\"custom-materials-tabs-content container container-adjustment\">\n<div class=\"custom-materials-tab-content active\">\n<div class=\"widget block block-static-block\">\n<div class=\"options-items\">\n<div class=\"flex-grid-row-option\">\n<div class=\"flex-grid-item-option\">\n<div class=\"material-box\">\n<div class=\"material-des\">\n<table width=\"1070\">\n<tbody>\n<tr>\n<td width=\"373\">Dimensiones<\/td>\n<td width=\"373\">Todos los tama\u00f1os y formas personalizados<\/td>\n<\/tr>\n<tr>\n<td width=\"373\">MOQ<\/td>\n<td width=\"373\">500 unidades<\/td>\n<\/tr>\n<tr>\n<td width=\"373\">Tiempo de muestreo<\/td>\n<td width=\"373\">3-5 d\u00edas<\/td>\n<\/tr>\n<tr>\n<td width=\"373\">Proceso por defecto<\/td>\n<td width=\"373\">Troquelado, encolado, rayado, perforaci\u00f3n<\/td>\n<\/tr>\n<tr>\n<td width=\"373\">Impresi\u00f3n<\/td>\n<td width=\"373\">Cmyk, pms, sin impresi\u00f3n<\/td>\n<\/tr>\n<tr>\n<td width=\"373\">Material Opci\u00f3n<\/td>\n<td width=\"373\">Papel cart\u00f3n blanco, papel estucado, papel art\u00edstico, papel kraft, cart\u00f3n marfil, cart\u00f3n d\u00faplex, papel especial, etc.<\/td>\n<\/tr>\n<tr>\n<td width=\"373\">Acabado de superficies<\/td>\n<td width=\"373\">Laminado mate\/brillante, estampado en relieve, gofrado, estampado en caliente, etc.<\/td>\n<\/tr>\n<tr>\n<td width=\"373\">Uso industrial<\/td>\n<td width=\"373\">cosm\u00e9ticos, perfumes, prendas de vestir, joyas, tabaco, alimentos, regalos y productos de consumo diario,<\/td>\n<\/tr>\n<tr>\n<td width=\"373\">Control de calidad<\/td>\n<td width=\"373\">El equipo avanzado y el equipo experimentado del control de calidad comprobar\u00e1n el material, los productos semielaborados y acabados terminantemente en cada paso antes de que<\/td>\n<\/tr>\n<tr>\n<td width=\"373\">Precio<\/td>\n<td width=\"373\">El precio final se adaptar\u00e1 a su producto y a la cantidad que necesite<\/td>\n<\/tr>\n<tr>\n<td width=\"373\">Plazo de entrega<\/td>\n<td width=\"373\">7-14 d\u00edas laborables , rush<\/td>\n<\/tr>\n<tr>\n<td width=\"373\">Papel<\/td>\n<td width=\"373\">De 10pt a 28pt (de 60lb a 400lb) Kraft ecol\u00f3gico, corrugado e-flute, cart\u00f3n bux, cartulina<\/td>\n<\/tr>\n<tr>\n<td width=\"373\">Formato de las ilustraciones<\/td>\n<td width=\"373\">JPG, PDF, AI, CDR, EPS, GIF....<\/td>\n<\/tr>\n<tr>\n<td width=\"373\">Accesorios<\/td>\n<td width=\"373\">Im\u00e1n, cinta, forma EVA , bandeja de pl\u00e1stico, esponja, ventana de PVC\/PET\/PP,...<\/td>\n<\/tr>\n<tr>\n<td width=\"373\">Plazo de pago<\/td>\n<td width=\"373\">T\/T, Western Union, Paypal, 30% de dep\u00f3sito y 70% de saldo antes del env\u00edo.<\/td>\n<\/tr>\n<\/tbody>\n<\/table>\n<\/div>\n<\/div>\n<\/div>\n<\/div>\n<\/div>\n<\/div>\n<\/div>\n<\/div>\n<\/div>\n<\/div>\n<div class=\"widget block block-static-block\">\n<div class=\"landing-page-section option-bottom\">\n<div class=\"custom-materials-tabs-content container container-adjustment\">\n<div class=\"custom-materials-tab-content active\">\n<div class=\"widget block block-static-block\">\n<div class=\"options-items\">\n<div class=\"flex-grid-row-option\">\n<div class=\"flex-grid-item-option\">\n<div class=\"material-box\">\n<p>&nbsp;<\/p>\n<\/div>\n<\/div>\n<\/div>\n<\/div>\n<p><!---end of option item--><\/p>\n<\/div>\n<\/div>\n<\/div>\n<\/div>\n<\/div>","protected":false},"excerpt":{"rendered":"<p>1. Caja de embalaje de perfume de apertura de doble puerta, m\u00e9todo de apertura \u00fanico, mejora la experiencia de unboxing del usuario.<br \/>\n2. Varios tama\u00f1os se pueden personalizar de acuerdo a su producto, adecuado para todo tipo de envases de perfume<\/p>","protected":false},"featured_media":3196,"template":"","meta":[],"product_brand":[],"product_cat":[30,417,428,31],"product_tag":[764,763,445],"class_list":{"0":"post-3192","1":"product","2":"type-product","3":"status-publish","4":"has-post-thumbnail","6":"product_cat-by-industry","7":"product_cat-custom-perfume-boxes-by-industry","8":"product_cat-irregular-shaped-gift-boxes","9":"product_cat-paper-box-style","10":"product_tag-custom-perfume-gift-boxes","11":"product_tag-double-door-perfume-boxes","12":"product_tag-luxury-perfume-gift-boxes","14":"first","15":"instock","16":"shipping-taxable","17":"product-type-grouped"},"_links":{"self":[{"href":"https:\/\/zojopackaging.com\/es\/wp-json\/wp\/v2\/product\/3192","targetHints":{"allow":["GET"]}}],"collection":[{"href":"https:\/\/zojopackaging.com\/es\/wp-json\/wp\/v2\/product"}],"about":[{"href":"https:\/\/zojopackaging.com\/es\/wp-json\/wp\/v2\/types\/product"}],"version-history":[{"count":2,"href":"https:\/\/zojopackaging.com\/es\/wp-json\/wp\/v2\/product\/3192\/revisions"}],"predecessor-version":[{"id":8446,"href":"https:\/\/zojopackaging.com\/es\/wp-json\/wp\/v2\/product\/3192\/revisions\/8446"}],"wp:featuredmedia":[{"embeddable":true,"href":"https:\/\/zojopackaging.com\/es\/wp-json\/wp\/v2\/media\/3196"}],"wp:attachment":[{"href":"https:\/\/zojopackaging.com\/es\/wp-json\/wp\/v2\/media?parent=3192"}],"wp:term":[{"taxonomy":"product_brand","embeddable":true,"href":"https:\/\/zojopackaging.com\/es\/wp-json\/wp\/v2\/product_brand?post=3192"},{"taxonomy":"product_cat","embeddable":true,"href":"https:\/\/zojopackaging.com\/es\/wp-json\/wp\/v2\/product_cat?post=3192"},{"taxonomy":"product_tag","embeddable":true,"href":"https:\/\/zojopackaging.com\/es\/wp-json\/wp\/v2\/product_tag?post=3192"}],"curies":[{"name":"wp","href":"https:\/\/api.w.org\/{rel}","templated":true}]}}