{"id":3214,"date":"2024-03-14T15:25:11","date_gmt":"2024-03-14T07:25:11","guid":{"rendered":"https:\/\/zojopackaging.com\/?post_type=product&#038;p=3214"},"modified":"2025-03-27T19:59:22","modified_gmt":"2025-03-27T11:59:22","slug":"custom-perfume-rigid-packaging-box","status":"publish","type":"product","link":"https:\/\/zojopackaging.com\/es\/product\/custom-perfume-rigid-packaging-box\/","title":{"rendered":"Cajas vac\u00edas de 50ml para regalo de perfumes Proveedor"},"content":{"rendered":"<h1>Cajas vac\u00edas de 50ml para regalo de perfumes Proveedor<\/h1>\n<p>El proveedor de cajas de regalo vac\u00edas personalizadas para perfumes de 50 ml es el ep\u00edtome del lujo y la sofisticaci\u00f3n, dise\u00f1adas para ofrecer una presentaci\u00f3n elegante y de primera calidad para sus productos de perfumer\u00eda. Fabricada con materiales r\u00edgidos de alta calidad, como cart\u00f3n resistente o aglomerado, esta caja ofrece una carcasa duradera y protectora para sus perfumes, al tiempo que desprende una sensaci\u00f3n de exclusividad y opulencia.<\/p>\n<p>Con un enfoque en la personalizaci\u00f3n, esta caja r\u00edgida puede adaptarse para reflejar la identidad de su marca a trav\u00e9s de colores, acabados, gofrados, debossing y otros elementos de dise\u00f1o personalizados. La atenci\u00f3n al detalle en la construcci\u00f3n y el acabado de la caja garantiza un aspecto impecable y pulido que mejora la presentaci\u00f3n general de sus perfumes.<\/p>\n<p>Ideal para expositores minoristas de gama alta, lotes de regalo o promociones especiales, el estuche r\u00edgido personalizado para perfumes a\u00f1ade un toque de sofisticaci\u00f3n y lujo a cada experiencia de desembalaje. Su robusta construcci\u00f3n no solo protege los frascos de perfume, sino que tambi\u00e9n crea una impresi\u00f3n duradera en el destinatario, lo que la convierte en una soluci\u00f3n de envasado memorable e impactante para su marca.<\/p>\n<p>Elija el estuche r\u00edgido personalizado para perfumes para elevar el envase de sus productos de perfumer\u00eda, mostrando su compromiso con la calidad y el lujo a la vez que crea una experiencia distinguida y memorable para sus clientes.<\/p>\n<h1><strong>Especificaci\u00f3n<\/strong><\/h1>\n<table style=\"border-collapse: collapse; width: 759.02pt;\" border=\"0\" width=\"1012\" cellspacing=\"0\" cellpadding=\"0\">\n<tbody>\n<tr style=\"height: 16.50pt;\">\n<td class=\"et3\" style=\"height: 16.50pt; width: 379.50pt;\" width=\"506\" height=\"22\">Dimensiones<\/td>\n<td class=\"et3\" style=\"width: 379.50pt;\" width=\"506\">Todos los tama\u00f1os y formas personalizados<\/td>\n<\/tr>\n<tr style=\"height: 16.50pt;\">\n<td class=\"et3\" style=\"height: 16.50pt;\" height=\"22\">Cantidad m\u00ednima<\/td>\n<td class=\"et3\">50 Cajas ( Opci\u00f3n de muestra r\u00edgida disponible )<\/td>\n<\/tr>\n<tr style=\"height: 16.50pt;\">\n<td class=\"et3\" style=\"height: 16.50pt;\" height=\"22\">Proceso por defecto<\/td>\n<td class=\"et3\">Troquelado, encolado, rayado, perforaci\u00f3n<\/td>\n<\/tr>\n<tr style=\"height: 16.50pt;\">\n<td class=\"et3\" style=\"height: 16.50pt;\" height=\"22\">Impresi\u00f3n<\/td>\n<td class=\"et3\">Cmyk, pms, sin impresi\u00f3n<\/td>\n<\/tr>\n<tr style=\"height: 16.50pt;\">\n<td class=\"et3\" style=\"height: 16.50pt;\" height=\"22\">Material Opci\u00f3n<\/td>\n<td class=\"et3\">Papel cart\u00f3n blanco, papel estucado, papel art\u00edstico, papel kraft, cart\u00f3n marfil, cart\u00f3n d\u00faplex, papel especial, etc.<\/td>\n<\/tr>\n<tr style=\"height: 17.25pt;\">\n<td class=\"et3\" style=\"height: 17.25pt;\" height=\"23\">Acabado de superficies<\/td>\n<td class=\"et4\" style=\"width: 379.50pt;\" width=\"506\">Laminado mate\/brillante, estampado en relieve, gofrado, estampado en caliente, etc.<\/td>\n<\/tr>\n<tr style=\"height: 17.25pt;\">\n<td class=\"et4\" style=\"height: 17.25pt; width: 379.50pt;\" width=\"506\" height=\"23\">Uso industrial<\/td>\n<td class=\"et4\" style=\"width: 379.50pt;\" width=\"506\">cosm\u00e9ticos, perfumes, prendas de vestir, joyas, tabaco, alimentos, regalos y productos de consumo diario,<\/td>\n<\/tr>\n<tr style=\"height: 34.50pt;\">\n<td class=\"et4\" style=\"height: 34.50pt; width: 379.50pt;\" width=\"506\" height=\"46\">Control de calidad<\/td>\n<td class=\"et4\" style=\"width: 379.50pt;\" width=\"506\">El equipo avanzado y el equipo experimentado del control de calidad comprobar\u00e1n el material, los productos semielaborados y acabados terminantemente en cada paso antes de que<\/td>\n<\/tr>\n<tr style=\"height: 34.50pt;\">\n<td class=\"et4\" style=\"height: 34.50pt; width: 379.50pt;\" width=\"506\" height=\"46\">Precio<\/td>\n<td class=\"et4\" style=\"width: 379.50pt;\" width=\"506\">El precio final se adaptar\u00e1 a su producto y a la cantidad que necesite<\/td>\n<\/tr>\n<tr style=\"height: 16.50pt;\">\n<td class=\"et3\" style=\"height: 16.50pt;\" height=\"22\">Plazo de entrega<\/td>\n<td class=\"et3\">10-12 d\u00edas laborables , rush<\/td>\n<\/tr>\n<tr style=\"height: 16.50pt;\">\n<td class=\"et3\" style=\"height: 16.50pt;\" height=\"22\">Papel<\/td>\n<td class=\"et3\">De 10pt a 28pt (de 60lb a 400lb) Kraft ecol\u00f3gico, corrugado e-flute, cart\u00f3n bux, cartulina<\/td>\n<\/tr>\n<tr style=\"height: 16.50pt;\">\n<td class=\"et3\" style=\"height: 16.50pt;\" height=\"22\">Prueba<\/td>\n<td class=\"et3\">Vista plana, maqueta 3d, muestra f\u00edsica (a petici\u00f3n)<\/td>\n<\/tr>\n<\/tbody>\n<\/table>\n<div class=\"widget block block-static-block\">\n<div class=\"landing-page-section option-bottom\">\n<div class=\"custom-materials-tabs-content container container-adjustment\">\n<div class=\"custom-materials-tab-content active\">\n<div class=\"widget block block-static-block\">\n<div class=\"options-items\">\n<div class=\"flex-grid-row-option\">\n<div class=\"flex-grid-item-option\">\n<div class=\"material-box\">\n<div class=\"material-des\">\n<p>&nbsp;<\/p>\n<\/div>\n<p>&nbsp;<\/p>\n<\/div>\n<\/div>\n<\/div>\n<\/div>\n<p><!---end of option item--><\/p>\n<\/div>\n<\/div>\n<\/div>\n<\/div>\n<\/div>","protected":false},"excerpt":{"rendered":"<p>1. Hecho de papel especial, el dise\u00f1o de la superficie de la caja es simple pero no carente de lujo<br \/>\n2. La caja tiene una tapa y una base que es f\u00e1cil de coger y ahorra h\u00e1bitos a los consumidores<br \/>\n3. Papel estucado C2S de 157 g + cart\u00f3n r\u00edgido de 1200 g Material respetuoso con el medio ambiente y de desarrollo sostenible<\/p>","protected":false},"featured_media":3216,"template":"","meta":[],"product_brand":[],"product_cat":[30,417,425,31],"product_tag":[703,704,694],"class_list":{"0":"post-3214","1":"product","2":"type-product","3":"status-publish","4":"has-post-thumbnail","6":"product_cat-by-industry","7":"product_cat-custom-perfume-boxes-by-industry","8":"product_cat-lid-and-base-gift-box","9":"product_cat-paper-box-style","10":"product_tag-50ml-perfume-gift-boxes","11":"product_tag-perfume-boxes-supplier","12":"product_tag-perfume-gift-packaging","14":"first","15":"instock","16":"shipping-taxable","17":"product-type-grouped"},"_links":{"self":[{"href":"https:\/\/zojopackaging.com\/es\/wp-json\/wp\/v2\/product\/3214","targetHints":{"allow":["GET"]}}],"collection":[{"href":"https:\/\/zojopackaging.com\/es\/wp-json\/wp\/v2\/product"}],"about":[{"href":"https:\/\/zojopackaging.com\/es\/wp-json\/wp\/v2\/types\/product"}],"version-history":[{"count":2,"href":"https:\/\/zojopackaging.com\/es\/wp-json\/wp\/v2\/product\/3214\/revisions"}],"predecessor-version":[{"id":8419,"href":"https:\/\/zojopackaging.com\/es\/wp-json\/wp\/v2\/product\/3214\/revisions\/8419"}],"wp:featuredmedia":[{"embeddable":true,"href":"https:\/\/zojopackaging.com\/es\/wp-json\/wp\/v2\/media\/3216"}],"wp:attachment":[{"href":"https:\/\/zojopackaging.com\/es\/wp-json\/wp\/v2\/media?parent=3214"}],"wp:term":[{"taxonomy":"product_brand","embeddable":true,"href":"https:\/\/zojopackaging.com\/es\/wp-json\/wp\/v2\/product_brand?post=3214"},{"taxonomy":"product_cat","embeddable":true,"href":"https:\/\/zojopackaging.com\/es\/wp-json\/wp\/v2\/product_cat?post=3214"},{"taxonomy":"product_tag","embeddable":true,"href":"https:\/\/zojopackaging.com\/es\/wp-json\/wp\/v2\/product_tag?post=3214"}],"curies":[{"name":"wp","href":"https:\/\/api.w.org\/{rel}","templated":true}]}}