{"id":3251,"date":"2024-03-14T17:12:31","date_gmt":"2024-03-14T09:12:31","guid":{"rendered":"https:\/\/zojopackaging.com\/?post_type=product&#038;p=3251"},"modified":"2025-03-27T18:04:19","modified_gmt":"2025-03-27T10:04:19","slug":"design-luxury-perfume-packaging-box","status":"publish","type":"product","link":"https:\/\/zojopackaging.com\/es\/product\/design-luxury-perfume-packaging-box\/","title":{"rendered":"Perfume de Lujo Aroma Cajas de Regalo Embalaje al por mayor"},"content":{"rendered":"<h1>Perfume de Lujo Aroma Cajas de Regalo Embalaje al por mayor<\/h1>\n<p>El estuche de dise\u00f1o para perfumes de lujo es una obra maestra de elegancia y sofisticaci\u00f3n, meticulosamente elaborada para elevar la presentaci\u00f3n de su perfume de primera calidad. Esta soluci\u00f3n de envasado est\u00e1 dise\u00f1ada para encarnar el lujo en cada detalle, desde la elecci\u00f3n de los materiales hasta los toques finales.<\/p>\n<p>Fabricada con materiales de alta calidad, como cart\u00f3n forrado de terciopelo o cart\u00f3n premium, esta caja irradia opulencia y clase. El exterior de la caja puede personalizarse con dise\u00f1os intrincados, gofrado, repujado, estampado o UV localizado para crear un aspecto visualmente impresionante y lujoso que refleje la esencia de su marca de perfumes.<\/p>\n<p>El interior de la caja est\u00e1 dise\u00f1ado con sumo cuidado para acunar el frasco de perfume de forma segura y elegante. El suave forro de terciopelo o sat\u00e9n a\u00f1ade un toque de lujo a la vez que protege el frasco de perfume de ara\u00f1azos. Puede a\u00f1adirse una espuma personalizada para que el frasco permanezca en su sitio durante el transporte.<\/p>\n<p>Tanto si va a regalar un perfume de lujo a un destinatario exigente como si va a exhibir sus productos en un establecimiento minorista de gama alta, el estuche de dise\u00f1o para perfumes de lujo es el ep\u00edtome de la sofisticaci\u00f3n y el estilo. Eleve su marca de perfumes con esta exquisita soluci\u00f3n de envasado que cautivar\u00e1 e impresionar\u00e1 incluso a los clientes m\u00e1s exigentes.<\/p>\n<h1><strong>Especificaci\u00f3n<\/strong><\/h1>\n<table style=\"border-collapse: collapse; width: 999px; height: 449px;\" border=\"0\" width=\"1012\" cellspacing=\"0\" cellpadding=\"0\">\n<tbody>\n<tr style=\"height: 16.50pt;\">\n<td class=\"et3\" style=\"height: 16.50pt; width: 379.50pt;\" width=\"506\" height=\"22\">Dimensiones<\/td>\n<td class=\"et3\" style=\"width: 379.50pt;\" width=\"506\">Todos los tama\u00f1os y formas personalizados<\/td>\n<\/tr>\n<tr style=\"height: 16.50pt;\">\n<td class=\"et3\" style=\"height: 16.50pt;\" height=\"22\">Cantidad m\u00ednima<\/td>\n<td class=\"et3\">50 Cajas ( Opci\u00f3n de muestra r\u00edgida disponible )<\/td>\n<\/tr>\n<tr style=\"height: 16.50pt;\">\n<td class=\"et3\" style=\"height: 16.50pt;\" height=\"22\">Proceso por defecto<\/td>\n<td class=\"et3\">Troquelado, encolado, rayado, perforaci\u00f3n<\/td>\n<\/tr>\n<tr style=\"height: 16.50pt;\">\n<td class=\"et3\" style=\"height: 16.50pt;\" height=\"22\">Impresi\u00f3n<\/td>\n<td class=\"et3\">Cmyk, pms, sin impresi\u00f3n<\/td>\n<\/tr>\n<tr style=\"height: 16.50pt;\">\n<td class=\"et3\" style=\"height: 16.50pt;\" height=\"22\">Material Opci\u00f3n<\/td>\n<td class=\"et3\">Papel cart\u00f3n blanco, papel estucado, papel art\u00edstico, papel kraft, cart\u00f3n marfil, cart\u00f3n d\u00faplex, papel especial, etc.<\/td>\n<\/tr>\n<tr style=\"height: 17.25pt;\">\n<td class=\"et3\" style=\"height: 17.25pt;\" height=\"23\">Acabado de superficies<\/td>\n<td class=\"et4\" style=\"width: 379.50pt;\" width=\"506\">Laminado mate\/brillante, estampado en relieve, gofrado, estampado en caliente, etc.<\/td>\n<\/tr>\n<tr style=\"height: 17.25pt;\">\n<td class=\"et4\" style=\"height: 17.25pt; width: 379.50pt;\" width=\"506\" height=\"23\">Uso industrial<\/td>\n<td class=\"et4\" style=\"width: 379.50pt;\" width=\"506\">cosm\u00e9ticos, perfumes, prendas de vestir, joyas, tabaco, alimentos, regalos y productos de consumo diario,<\/td>\n<\/tr>\n<tr style=\"height: 34.50pt;\">\n<td class=\"et4\" style=\"height: 34.50pt; width: 379.50pt;\" width=\"506\" height=\"46\">Control de calidad<\/td>\n<td class=\"et4\" style=\"width: 379.50pt;\" width=\"506\">El equipo avanzado y el equipo experimentado del control de calidad comprobar\u00e1n el material, los productos semielaborados y acabados terminantemente en cada paso antes de que<\/td>\n<\/tr>\n<tr style=\"height: 34.50pt;\">\n<td class=\"et4\" style=\"height: 34.50pt; width: 379.50pt;\" width=\"506\" height=\"46\">Precio<\/td>\n<td class=\"et4\" style=\"width: 379.50pt;\" width=\"506\">El precio final se adaptar\u00e1 a su producto y a la cantidad que necesite<\/td>\n<\/tr>\n<tr style=\"height: 16.50pt;\">\n<td class=\"et3\" style=\"height: 16.50pt;\" height=\"22\">Plazo de entrega<\/td>\n<td class=\"et3\">10-12 d\u00edas laborables , rush<\/td>\n<\/tr>\n<tr style=\"height: 16.50pt;\">\n<td class=\"et3\" style=\"height: 16.50pt;\" height=\"22\">Papel<\/td>\n<td class=\"et3\">De 10pt a 28pt (de 60lb a 400lb) Kraft ecol\u00f3gico, corrugado e-flute, cart\u00f3n bux, cartulina<\/td>\n<\/tr>\n<tr style=\"height: 16.50pt;\">\n<td class=\"et3\" style=\"height: 16.50pt;\" height=\"22\">Prueba<\/td>\n<td class=\"et3\">Vista plana, maqueta 3d, muestra f\u00edsica (a petici\u00f3n)<\/td>\n<\/tr>\n<\/tbody>\n<\/table>\n<div class=\"widget block block-static-block\">\n<div class=\"landing-page-section option-bottom\">\n<div class=\"custom-materials-tabs-content container container-adjustment\">\n<div class=\"custom-materials-tab-content active\">\n<div class=\"widget block block-static-block\">\n<div class=\"options-items\">\n<div class=\"flex-grid-row-option\">\n<div class=\"flex-grid-item-option\">\n<div class=\"material-box\">\n<div class=\"material-des\">\n<p>&nbsp;<\/p>\n<\/div>\n<p>&nbsp;<\/p>\n<\/div>\n<\/div>\n<\/div>\n<\/div>\n<p><!---end of option item--><\/p>\n<\/div>\n<\/div>\n<\/div>\n<\/div>\n<\/div>","protected":false},"excerpt":{"rendered":"<p>1. El tipo de caja con tapa y base adopta la estructura de tapa superior e inferior, la protecci\u00f3n de doble capa del producto, que puede prevenir eficazmente los art\u00edculos en el paquete de ser da\u00f1ado<br \/>\n2. El material especial del papel resalta la sencillez de la caja pero no carece de la sensaci\u00f3n de lujo<br \/>\n3. Personalizaci\u00f3n sin fin de la caja de embalaje para adaptarse a su caja de embalaje de perfume.<\/p>","protected":false},"featured_media":3253,"template":"","meta":[],"product_brand":[],"product_cat":[30,417,425,31],"product_tag":[339,693,692],"class_list":{"0":"post-3251","1":"product","2":"type-product","3":"status-publish","4":"has-post-thumbnail","6":"product_cat-by-industry","7":"product_cat-custom-perfume-boxes-by-industry","8":"product_cat-lid-and-base-gift-box","9":"product_cat-paper-box-style","10":"product_tag-perfume-gift-boxes","11":"product_tag-perfume-scent-packaging-wholesale","12":"product_tag-scent-packaging-boxes","14":"first","15":"instock","16":"shipping-taxable","17":"product-type-grouped"},"_links":{"self":[{"href":"https:\/\/zojopackaging.com\/es\/wp-json\/wp\/v2\/product\/3251","targetHints":{"allow":["GET"]}}],"collection":[{"href":"https:\/\/zojopackaging.com\/es\/wp-json\/wp\/v2\/product"}],"about":[{"href":"https:\/\/zojopackaging.com\/es\/wp-json\/wp\/v2\/types\/product"}],"version-history":[{"count":2,"href":"https:\/\/zojopackaging.com\/es\/wp-json\/wp\/v2\/product\/3251\/revisions"}],"predecessor-version":[{"id":8413,"href":"https:\/\/zojopackaging.com\/es\/wp-json\/wp\/v2\/product\/3251\/revisions\/8413"}],"wp:featuredmedia":[{"embeddable":true,"href":"https:\/\/zojopackaging.com\/es\/wp-json\/wp\/v2\/media\/3253"}],"wp:attachment":[{"href":"https:\/\/zojopackaging.com\/es\/wp-json\/wp\/v2\/media?parent=3251"}],"wp:term":[{"taxonomy":"product_brand","embeddable":true,"href":"https:\/\/zojopackaging.com\/es\/wp-json\/wp\/v2\/product_brand?post=3251"},{"taxonomy":"product_cat","embeddable":true,"href":"https:\/\/zojopackaging.com\/es\/wp-json\/wp\/v2\/product_cat?post=3251"},{"taxonomy":"product_tag","embeddable":true,"href":"https:\/\/zojopackaging.com\/es\/wp-json\/wp\/v2\/product_tag?post=3251"}],"curies":[{"name":"wp","href":"https:\/\/api.w.org\/{rel}","templated":true}]}}