{"id":3260,"date":"2024-03-14T17:16:12","date_gmt":"2024-03-14T09:16:12","guid":{"rendered":"https:\/\/zojopackaging.com\/?post_type=product&#038;p=3260"},"modified":"2025-03-27T17:53:03","modified_gmt":"2025-03-27T09:53:03","slug":"luxury-paper-perfume-box","status":"publish","type":"product","link":"https:\/\/zojopackaging.com\/es\/product\/luxury-paper-perfume-box\/","title":{"rendered":"Fabricante de cajas r\u00edgidas para perfumes personalizadas y creativas"},"content":{"rendered":"<h1>Fabricante de cajas r\u00edgidas para perfumes personalizadas y creativas<\/h1>\n<p>Fabricante de cajas r\u00edgidas para perfumes Creative Custom Fragrance, la soluci\u00f3n definitiva para sus necesidades de envasado de productos de perfumer\u00eda. Fabricada con materiales de alta calidad, esta caja es duradera y resistente, y protege su perfume de da\u00f1os durante el env\u00edo y la manipulaci\u00f3n. Nuestro envase para perfumes es perfecto para quienes desean que su producto destile lujo y sofisticaci\u00f3n, y tambi\u00e9n es ideal para regalar. No se conforme con un envase mediocre: cambie hoy mismo a la Caja para Perfume y experimente la diferencia en calidad y presentaci\u00f3n. Haz tu pedido ahora y dale a tu perfume el envoltorio que se merece.<\/p>\n<h1>Caracter\u00edsticas<\/h1>\n<ul>\n<li><strong>Materiales de primera calidad<\/strong>: La caja est\u00e1 hecha de papel de alta calidad que ofrece una textura suave y lujosa. El papel es grueso y duradero, lo que garantiza la protecci\u00f3n del frasco de perfume en su interior.<\/li>\n<li><strong>Dise\u00f1o elegante<\/strong>: Nuestro equipo de dise\u00f1o ha creado una caja visualmente impactante que combina la est\u00e9tica moderna con la elegancia cl\u00e1sica.<\/li>\n<li><strong>Opciones personalizables<\/strong>: Entendemos que cada marca tiene su propia identidad. Por eso ofrecemos amplias opciones de personalizaci\u00f3n para la Caja de Perfume de Papel de Lujo.<\/li>\n<\/ul>\n<div class=\"widget block block-static-block\">\n<div class=\"landing-page-section option-bottom\">\n<div class=\"custom-materials-tabs-content container container-adjustment\">\n<div class=\"custom-materials-tab-content active\">\n<div class=\"widget block block-static-block\">\n<div class=\"options-items\">\n<div class=\"flex-grid-row-option\">\n<div class=\"flex-grid-item-option\">\n<div class=\"material-box\">\n<div class=\"material-des\">\n<div class=\"widget block block-static-block\">\n<div class=\"landing-page-section option-bottom\">\n<div class=\"custom-materials-tabs-content container container-adjustment\">\n<div class=\"custom-materials-tab-content active\">\n<div class=\"widget block block-static-block\">\n<div class=\"options-items\">\n<div class=\"flex-grid-row-option\">\n<div class=\"flex-grid-item-option\">\n<div class=\"material-box\">\n<h1><strong>Especificaci\u00f3n<\/strong><\/h1>\n<div class=\"widget block block-static-block\">\n<div class=\"landing-page-section option-bottom\">\n<div class=\"custom-materials-tabs-content container container-adjustment\">\n<div class=\"custom-materials-tab-content active\">\n<div class=\"widget block block-static-block\">\n<div class=\"options-items\">\n<div class=\"flex-grid-row-option\">\n<div class=\"flex-grid-item-option\">\n<div class=\"material-box\">\n<div class=\"material-des\">\n<table width=\"1070\">\n<tbody>\n<tr>\n<td width=\"373\">Dimensiones<\/td>\n<td width=\"373\">Todos los tama\u00f1os y formas personalizados<\/td>\n<\/tr>\n<tr>\n<td width=\"373\">MOQ<\/td>\n<td width=\"373\">500 unidades<\/td>\n<\/tr>\n<tr>\n<td width=\"373\">Tiempo de muestreo<\/td>\n<td width=\"373\">3-5 d\u00edas<\/td>\n<\/tr>\n<tr>\n<td width=\"373\">Proceso por defecto<\/td>\n<td width=\"373\">Troquelado, encolado, rayado, perforaci\u00f3n<\/td>\n<\/tr>\n<tr>\n<td width=\"373\">Impresi\u00f3n<\/td>\n<td width=\"373\">Cmyk, pms, sin impresi\u00f3n<\/td>\n<\/tr>\n<tr>\n<td width=\"373\">Material Opci\u00f3n<\/td>\n<td width=\"373\">Papel cart\u00f3n blanco, papel estucado, papel art\u00edstico, papel kraft, cart\u00f3n marfil, cart\u00f3n d\u00faplex, papel especial, etc.<\/td>\n<\/tr>\n<tr>\n<td width=\"373\">Acabado de superficies<\/td>\n<td width=\"373\">Laminado mate\/brillante, estampado en relieve, gofrado, estampado en caliente, etc.<\/td>\n<\/tr>\n<tr>\n<td width=\"373\">Uso industrial<\/td>\n<td width=\"373\">cosm\u00e9ticos, perfumes, prendas de vestir, joyas, tabaco, alimentos, regalos y productos de consumo diario,<\/td>\n<\/tr>\n<tr>\n<td width=\"373\">Control de calidad<\/td>\n<td width=\"373\">El equipo avanzado y el equipo experimentado del control de calidad comprobar\u00e1n el material, los productos semielaborados y acabados terminantemente en cada paso antes de que<\/td>\n<\/tr>\n<tr>\n<td width=\"373\">Precio<\/td>\n<td width=\"373\">El precio final se adaptar\u00e1 a su producto y a la cantidad que necesite<\/td>\n<\/tr>\n<tr>\n<td width=\"373\">Plazo de entrega<\/td>\n<td width=\"373\">7-14 d\u00edas laborables , rush<\/td>\n<\/tr>\n<tr>\n<td width=\"373\">Papel<\/td>\n<td width=\"373\">De 10pt a 28pt (de 60lb a 400lb) Kraft ecol\u00f3gico, corrugado e-flute, cart\u00f3n bux, cartulina<\/td>\n<\/tr>\n<tr>\n<td width=\"373\">Formato de las ilustraciones<\/td>\n<td width=\"373\">JPG, PDF, AI, CDR, EPS, GIF....<\/td>\n<\/tr>\n<tr>\n<td width=\"373\">Accesorios<\/td>\n<td width=\"373\">Im\u00e1n, cinta, forma EVA , bandeja de pl\u00e1stico, esponja, ventana de PVC\/PET\/PP,...<\/td>\n<\/tr>\n<tr>\n<td width=\"373\">Plazo de pago<\/td>\n<td width=\"373\">T\/T, Western Union, Paypal, 30% de dep\u00f3sito y 70% de saldo antes del env\u00edo.<\/td>\n<\/tr>\n<\/tbody>\n<\/table>\n<\/div>\n<\/div>\n<\/div>\n<\/div>\n<\/div>\n<\/div>\n<\/div>\n<\/div>\n<\/div>\n<\/div>\n<\/div>\n<\/div>\n<\/div>\n<\/div>\n<\/div>\n<\/div>\n<\/div>\n<\/div>\n<\/div>\n<\/div>\n<p>&nbsp;<\/p>\n<\/div>\n<\/div>\n<\/div>\n<\/div>\n<p><!---end of option item--><\/p>\n<\/div>\n<\/div>\n<\/div>\n<\/div>\n<\/div>","protected":false},"excerpt":{"rendered":"<p>1. Tipo de caja de cierre magn\u00e9tico especial, dise\u00f1o de im\u00e1n incrustado para evitar el desgaste externo, haciendo que la caja de embalaje parezca de alta gama.<br \/>\n2. El material de papel especial es sencillo pero elegante, muy adecuado para productos de gama alta<br \/>\n3. El proceso de estampaci\u00f3n en caliente, que presenta a la perfecci\u00f3n los peque\u00f1os detalles, confiere al envase una sensaci\u00f3n de lujo y una presentaci\u00f3n visual de alta calidad.<\/p>","protected":false},"featured_media":6876,"template":"","meta":[],"product_brand":[],"product_cat":[30,417,424,31],"product_tag":[329,690,691],"class_list":{"0":"post-3260","1":"product","2":"type-product","3":"status-publish","4":"has-post-thumbnail","6":"product_cat-by-industry","7":"product_cat-custom-perfume-boxes-by-industry","8":"product_cat-magnetic-closure-boxes","9":"product_cat-paper-box-style","10":"product_tag-custom-perfume-box","11":"product_tag-fragrance-box-manufacturer","12":"product_tag-fragrance-rigid-perfume-box","14":"first","15":"instock","16":"shipping-taxable","17":"product-type-grouped"},"_links":{"self":[{"href":"https:\/\/zojopackaging.com\/es\/wp-json\/wp\/v2\/product\/3260","targetHints":{"allow":["GET"]}}],"collection":[{"href":"https:\/\/zojopackaging.com\/es\/wp-json\/wp\/v2\/product"}],"about":[{"href":"https:\/\/zojopackaging.com\/es\/wp-json\/wp\/v2\/types\/product"}],"version-history":[{"count":2,"href":"https:\/\/zojopackaging.com\/es\/wp-json\/wp\/v2\/product\/3260\/revisions"}],"predecessor-version":[{"id":8411,"href":"https:\/\/zojopackaging.com\/es\/wp-json\/wp\/v2\/product\/3260\/revisions\/8411"}],"wp:featuredmedia":[{"embeddable":true,"href":"https:\/\/zojopackaging.com\/es\/wp-json\/wp\/v2\/media\/6876"}],"wp:attachment":[{"href":"https:\/\/zojopackaging.com\/es\/wp-json\/wp\/v2\/media?parent=3260"}],"wp:term":[{"taxonomy":"product_brand","embeddable":true,"href":"https:\/\/zojopackaging.com\/es\/wp-json\/wp\/v2\/product_brand?post=3260"},{"taxonomy":"product_cat","embeddable":true,"href":"https:\/\/zojopackaging.com\/es\/wp-json\/wp\/v2\/product_cat?post=3260"},{"taxonomy":"product_tag","embeddable":true,"href":"https:\/\/zojopackaging.com\/es\/wp-json\/wp\/v2\/product_tag?post=3260"}],"curies":[{"name":"wp","href":"https:\/\/api.w.org\/{rel}","templated":true}]}}