{"id":3824,"date":"2024-03-20T10:51:21","date_gmt":"2024-03-20T02:51:21","guid":{"rendered":"https:\/\/zojopackaging.com\/?post_type=product&#038;p=3824"},"modified":"2025-03-24T19:21:03","modified_gmt":"2025-03-24T11:21:03","slug":"customized-ring-packaging-box","status":"publish","type":"product","link":"https:\/\/zojopackaging.com\/es\/product\/customized-ring-packaging-box\/","title":{"rendered":"LOGO personalizado anillo de compromiso de joyer\u00eda caja de embalaje al por mayor"},"content":{"rendered":"<h1>LOGO personalizado anillo de compromiso de joyer\u00eda caja de embalaje al por mayor<\/h1>\n<p>Nuestra caja de embalaje personalizada para anillos est\u00e1 dise\u00f1ada para a\u00f1adir un toque de elegancia y sofisticaci\u00f3n a su regalo especial. Fabricada con materiales de alta calidad, esta caja es perfecta para presentar anillos en ocasiones especiales como compromisos, bodas, aniversarios u otros eventos memorables.<\/p>\n<p>El exterior de la caja puede personalizarse con los colores y motivos que desee, o incluso con un mensaje o logotipo. El interior est\u00e1 forrado con un suave tejido de terciopelo o sat\u00e9n para proteger el anillo y ofrecer una sensaci\u00f3n de lujo.<\/p>\n<p>La caja incorpora un mecanismo de cierre seguro para mantener el anillo a salvo y protegido durante su almacenamiento o transporte. Es de tama\u00f1o compacto, por lo que resulta f\u00e1cil de transportar y regalar a su ser querido.<\/p>\n<p>Ya sea para pedirle matrimonio a su pareja, celebrar un aniversario importante o simplemente mostrar su agradecimiento a alguien especial, nuestra caja personalizada para anillos mejorar\u00e1 la presentaci\u00f3n de su regalo y lo har\u00e1 a\u00fan m\u00e1s memorable.<\/p>\n<h1><strong>Especificaci\u00f3n<\/strong><\/h1>\n<div class=\"widget block block-static-block\">\n<div class=\"landing-page-section option-bottom\">\n<div class=\"custom-materials-tabs-content container container-adjustment\">\n<div class=\"custom-materials-tab-content active\">\n<div class=\"widget block block-static-block\">\n<div class=\"options-items\">\n<div class=\"flex-grid-row-option\">\n<div class=\"flex-grid-item-option\">\n<div class=\"material-box\">\n<div class=\"material-des\">\n<table width=\"1070\">\n<tbody>\n<tr>\n<td width=\"373\">Dimensiones<\/td>\n<td width=\"373\">Todos los tama\u00f1os y formas personalizados<\/td>\n<\/tr>\n<tr>\n<td width=\"373\">MOQ<\/td>\n<td width=\"373\">500 unidades<\/td>\n<\/tr>\n<tr>\n<td width=\"373\">Tiempo de muestreo<\/td>\n<td width=\"373\">3-5 d\u00edas<\/td>\n<\/tr>\n<tr>\n<td width=\"373\">Proceso por defecto<\/td>\n<td width=\"373\">Troquelado, encolado, rayado, perforaci\u00f3n<\/td>\n<\/tr>\n<tr>\n<td width=\"373\">Impresi\u00f3n<\/td>\n<td width=\"373\">Cmyk, pms, sin impresi\u00f3n<\/td>\n<\/tr>\n<tr>\n<td width=\"373\">Material Opci\u00f3n<\/td>\n<td width=\"373\">Papel cart\u00f3n blanco, papel estucado, papel art\u00edstico, papel kraft, cart\u00f3n marfil, cart\u00f3n d\u00faplex, papel especial, etc.<\/td>\n<\/tr>\n<tr>\n<td width=\"373\">Acabado de superficies<\/td>\n<td width=\"373\">Laminado mate\/brillante, estampado en relieve, gofrado, estampado en caliente, etc.<\/td>\n<\/tr>\n<tr>\n<td width=\"373\">Uso industrial<\/td>\n<td width=\"373\">cosm\u00e9ticos, perfumes, prendas de vestir, joyas, tabaco, alimentos, regalos y productos de consumo diario,<\/td>\n<\/tr>\n<tr>\n<td width=\"373\">Control de calidad<\/td>\n<td width=\"373\">El equipo avanzado y el equipo experimentado del control de calidad comprobar\u00e1n el material, los productos semielaborados y acabados terminantemente en cada paso antes de que<\/td>\n<\/tr>\n<tr>\n<td width=\"373\">Precio<\/td>\n<td width=\"373\">El precio final se adaptar\u00e1 a su producto y a la cantidad que necesite<\/td>\n<\/tr>\n<tr>\n<td width=\"373\">Plazo de entrega<\/td>\n<td width=\"373\">7-14 d\u00edas laborables , rush<\/td>\n<\/tr>\n<tr>\n<td width=\"373\">Papel<\/td>\n<td width=\"373\">De 10pt a 28pt (de 60lb a 400lb) Kraft ecol\u00f3gico, corrugado e-flute, cart\u00f3n bux, cartulina<\/td>\n<\/tr>\n<tr>\n<td width=\"373\">Formato de las ilustraciones<\/td>\n<td width=\"373\">JPG, PDF, AI, CDR, EPS, GIF....<\/td>\n<\/tr>\n<tr>\n<td width=\"373\">Accesorios<\/td>\n<td width=\"373\">Im\u00e1n, cinta, forma EVA , bandeja de pl\u00e1stico, esponja, ventana de PVC\/PET\/PP,...<\/td>\n<\/tr>\n<tr>\n<td width=\"373\">Plazo de pago<\/td>\n<td width=\"373\">T\/T, Western Union, Paypal, 30% de dep\u00f3sito y 70% de saldo antes del env\u00edo.<\/td>\n<\/tr>\n<\/tbody>\n<\/table>\n<\/div>\n<\/div>\n<\/div>\n<\/div>\n<\/div>\n<\/div>\n<\/div>\n<\/div>\n<\/div>\n<\/div>\n<div class=\"widget block block-static-block\">\n<div class=\"landing-page-section option-bottom\">\n<div class=\"custom-materials-tabs-content container container-adjustment\">\n<div class=\"custom-materials-tab-content active\">\n<div class=\"widget block block-static-block\">\n<div class=\"options-items\">\n<div class=\"flex-grid-row-option\">\n<div class=\"flex-grid-item-option\">\n<div class=\"material-box\">\n<p>&nbsp;<\/p>\n<\/div>\n<\/div>\n<\/div>\n<\/div>\n<p><!---end of option item--><\/p>\n<\/div>\n<\/div>\n<\/div>\n<\/div>\n<\/div>","protected":false},"excerpt":{"rendered":"<ul>\n<li>MOQ: 500 piezas<\/li>\n<li>Plazo de entrega:7-14 d\u00edas laborables , Rush<\/li>\n<li>Dimensiones a medida (di\u00e1metro x altura)<\/li>\n<li>Impresi\u00f3n personalizada<\/li>\n<li>Ecol\u00f3gico, reciclable y sin pl\u00e1stico<\/li>\n<li>Precio\uff1aEl precio final se adaptar\u00e1 a su producto y a la cantidad que necesite.<\/li>\n<\/ul>","protected":false},"featured_media":3826,"template":"","meta":[],"product_brand":[],"product_cat":[30,415,425],"product_tag":[597,494,596],"class_list":{"0":"post-3824","1":"product","2":"type-product","3":"status-publish","4":"has-post-thumbnail","6":"product_cat-by-industry","7":"product_cat-custom-jewelry-boxes-by-industry","8":"product_cat-lid-and-base-gift-box","9":"product_tag-custom-ring-packaging","10":"product_tag-jewelry-packaging-wholesale","11":"product_tag-ring-packaging-box-wholesale","13":"first","14":"instock","15":"shipping-taxable","16":"product-type-grouped"},"_links":{"self":[{"href":"https:\/\/zojopackaging.com\/es\/wp-json\/wp\/v2\/product\/3824","targetHints":{"allow":["GET"]}}],"collection":[{"href":"https:\/\/zojopackaging.com\/es\/wp-json\/wp\/v2\/product"}],"about":[{"href":"https:\/\/zojopackaging.com\/es\/wp-json\/wp\/v2\/types\/product"}],"version-history":[{"count":2,"href":"https:\/\/zojopackaging.com\/es\/wp-json\/wp\/v2\/product\/3824\/revisions"}],"predecessor-version":[{"id":8120,"href":"https:\/\/zojopackaging.com\/es\/wp-json\/wp\/v2\/product\/3824\/revisions\/8120"}],"wp:featuredmedia":[{"embeddable":true,"href":"https:\/\/zojopackaging.com\/es\/wp-json\/wp\/v2\/media\/3826"}],"wp:attachment":[{"href":"https:\/\/zojopackaging.com\/es\/wp-json\/wp\/v2\/media?parent=3824"}],"wp:term":[{"taxonomy":"product_brand","embeddable":true,"href":"https:\/\/zojopackaging.com\/es\/wp-json\/wp\/v2\/product_brand?post=3824"},{"taxonomy":"product_cat","embeddable":true,"href":"https:\/\/zojopackaging.com\/es\/wp-json\/wp\/v2\/product_cat?post=3824"},{"taxonomy":"product_tag","embeddable":true,"href":"https:\/\/zojopackaging.com\/es\/wp-json\/wp\/v2\/product_tag?post=3824"}],"curies":[{"name":"wp","href":"https:\/\/api.w.org\/{rel}","templated":true}]}}