{"id":3853,"date":"2024-03-20T11:35:28","date_gmt":"2024-03-20T03:35:28","guid":{"rendered":"https:\/\/zojopackaging.com\/?post_type=product&#038;p=3853"},"modified":"2025-03-28T23:43:19","modified_gmt":"2025-03-28T15:43:19","slug":"customized-spring-festival-gift-box","status":"publish","type":"product","link":"https:\/\/zojopackaging.com\/es\/product\/customized-spring-festival-gift-box\/","title":{"rendered":"Caja de papel de regalo personalizada y ecol\u00f3gica para las Fiestas de Primavera"},"content":{"rendered":"<h1>Caja de papel de regalo personalizada y ecol\u00f3gica para las Fiestas de Primavera<\/h1>\n<p>La caja de papel para regalo de la Fiesta de la Primavera es una soluci\u00f3n de embalaje encantadora y festiva dise\u00f1ada para celebrar la alegre ocasi\u00f3n de la Fiesta de la Primavera. Fabricada con materiales de alta calidad, esta caja de regalo desprende elegancia y encanto, lo que la convierte en la opci\u00f3n perfecta para presentar regalos a familiares, amigos o socios comerciales durante esta \u00e9poca tan especial del a\u00f1o.<\/p>\n<p>Adornada con motivos tradicionales de la Fiesta de la Primavera, como flores de cerezo, farolillos o s\u00edmbolos auspiciosos, esta caja regalo capta el esp\u00edritu de la estaci\u00f3n y a\u00f1ade un toque de significado cultural a sus regalos. Las opciones de personalizaci\u00f3n le permiten personalizar la caja con saludos, deseos o incluso el nombre del destinatario, creando una experiencia de regalo verdaderamente \u00fanica y memorable.<\/p>\n<p>Tanto si se utiliza para regalar golosinas tradicionales, art\u00edculos especiales o art\u00edculos de lujo, la Caja regalo personalizada para las Fiestas de Primavera es una soluci\u00f3n de embalaje vers\u00e1til y llena de significado. Sus vibrantes colores e intrincados dise\u00f1os evocan una sensaci\u00f3n de calidez y felicidad, convirti\u00e9ndola en un preciado recuerdo mucho despu\u00e9s de que haya pasado la fiesta.<\/p>\n<p>Celebre la Fiesta de la Primavera por todo lo alto y muestre su agradecimiento a sus seres queridos con la Caja regalo personalizada para la Fiesta de la Primavera, una forma atenta y hermosa de compartir el esp\u00edritu de la estaci\u00f3n.<\/p>\n<h1><strong>Especificaci\u00f3n<\/strong><\/h1>\n<div class=\"widget block block-static-block\">\n<div class=\"landing-page-section option-bottom\">\n<div class=\"custom-materials-tabs-content container container-adjustment\">\n<div class=\"custom-materials-tab-content active\">\n<div class=\"widget block block-static-block\">\n<div class=\"options-items\">\n<div class=\"flex-grid-row-option\">\n<div class=\"flex-grid-item-option\">\n<div class=\"material-box\">\n<div class=\"material-des\">\n<table width=\"1070\">\n<tbody>\n<tr>\n<td width=\"373\">Dimensiones<\/td>\n<td width=\"373\">Todos los tama\u00f1os y formas personalizados<\/td>\n<\/tr>\n<tr>\n<td width=\"373\">MOQ<\/td>\n<td width=\"373\">500 unidades<\/td>\n<\/tr>\n<tr>\n<td width=\"373\">Tiempo de muestreo<\/td>\n<td width=\"373\">3-5 d\u00edas<\/td>\n<\/tr>\n<tr>\n<td width=\"373\">Proceso por defecto<\/td>\n<td width=\"373\">Troquelado, encolado, rayado, perforaci\u00f3n<\/td>\n<\/tr>\n<tr>\n<td width=\"373\">Impresi\u00f3n<\/td>\n<td width=\"373\">Cmyk, pms, sin impresi\u00f3n<\/td>\n<\/tr>\n<tr>\n<td width=\"373\">Material Opci\u00f3n<\/td>\n<td width=\"373\">Papel cart\u00f3n blanco, papel estucado, papel art\u00edstico, papel kraft, cart\u00f3n marfil, cart\u00f3n d\u00faplex, papel especial, etc.<\/td>\n<\/tr>\n<tr>\n<td width=\"373\">Acabado de superficies<\/td>\n<td width=\"373\">Laminado mate\/brillante, estampado en relieve, gofrado, estampado en caliente, etc.<\/td>\n<\/tr>\n<tr>\n<td width=\"373\">Uso industrial<\/td>\n<td width=\"373\">cosm\u00e9ticos, perfumes, prendas de vestir, joyas, tabaco, alimentos, regalos y productos de consumo diario,<\/td>\n<\/tr>\n<tr>\n<td width=\"373\">Control de calidad<\/td>\n<td width=\"373\">El equipo avanzado y el equipo experimentado del control de calidad comprobar\u00e1n el material, los productos semielaborados y acabados terminantemente en cada paso antes de que<\/td>\n<\/tr>\n<tr>\n<td width=\"373\">Precio<\/td>\n<td width=\"373\">El precio final se adaptar\u00e1 a su producto y a la cantidad que necesite<\/td>\n<\/tr>\n<tr>\n<td width=\"373\">Plazo de entrega<\/td>\n<td width=\"373\">7-14 d\u00edas laborables , rush<\/td>\n<\/tr>\n<tr>\n<td width=\"373\">Papel<\/td>\n<td width=\"373\">De 10pt a 28pt (de 60lb a 400lb) Kraft ecol\u00f3gico, corrugado e-flute, cart\u00f3n bux, cartulina<\/td>\n<\/tr>\n<tr>\n<td width=\"373\">Formato de las ilustraciones<\/td>\n<td width=\"373\">JPG, PDF, AI, CDR, EPS, GIF....<\/td>\n<\/tr>\n<tr>\n<td width=\"373\">Accesorios<\/td>\n<td width=\"373\">Im\u00e1n, cinta, forma EVA , bandeja de pl\u00e1stico, esponja, ventana de PVC\/PET\/PP,...<\/td>\n<\/tr>\n<tr>\n<td width=\"373\">Plazo de pago<\/td>\n<td width=\"373\">T\/T, Western Union, Paypal, 30% de dep\u00f3sito y 70% de saldo antes del env\u00edo.<\/td>\n<\/tr>\n<\/tbody>\n<\/table>\n<\/div>\n<\/div>\n<\/div>\n<\/div>\n<\/div>\n<\/div>\n<\/div>\n<\/div>\n<\/div>\n<\/div>\n<div class=\"widget block block-static-block\">\n<div class=\"landing-page-section option-bottom\">\n<div class=\"custom-materials-tabs-content container container-adjustment\">\n<div class=\"custom-materials-tab-content active\">\n<div class=\"widget block block-static-block\">\n<div class=\"options-items\">\n<div class=\"flex-grid-row-option\">\n<div class=\"flex-grid-item-option\">\n<div class=\"material-box\">\n<p>&nbsp;<\/p>\n<\/div>\n<\/div>\n<\/div>\n<\/div>\n<p><!---end of option item--><\/p>\n<\/div>\n<\/div>\n<\/div>\n<\/div>\n<\/div>","protected":false},"excerpt":{"rendered":"<p>Zojo Printing proporciona alta calidad Caja de Regalo de A\u00f1o Nuevo Caja de Regalo de Vacaciones al por mayor Festivo A\u00f1o Nuevo Chino Festival de Primavera Caja de Regalo.<\/p>\n<ul>\n<li>MOQ: 500 piezas<\/li>\n<li>Plazo de entrega:7-14 d\u00edas laborables , Rush<\/li>\n<li>Dimensiones a medida (di\u00e1metro x altura)<\/li>\n<li>Impresi\u00f3n personalizada<\/li>\n<li>Ecol\u00f3gico, reciclable y sin pl\u00e1stico<\/li>\n<li>Precio\uff1aEl precio final se adaptar\u00e1 a su producto y a la cantidad que necesite.<\/li>\n<\/ul>","protected":false},"featured_media":3858,"template":"","meta":[],"product_brand":[],"product_cat":[30,423,424,31],"product_tag":[860,863,247],"class_list":{"0":"post-3853","1":"product","2":"type-product","3":"status-publish","4":"has-post-thumbnail","6":"product_cat-by-industry","7":"product_cat-custom-presentation-boxes-by-industry","8":"product_cat-magnetic-closure-boxes","9":"product_cat-paper-box-style","10":"product_tag-custom-paper-box","11":"product_tag-eco-friendly-gift-box","12":"product_tag-packaging-paper-box","14":"first","15":"instock","16":"shipping-taxable","17":"product-type-grouped"},"_links":{"self":[{"href":"https:\/\/zojopackaging.com\/es\/wp-json\/wp\/v2\/product\/3853","targetHints":{"allow":["GET"]}}],"collection":[{"href":"https:\/\/zojopackaging.com\/es\/wp-json\/wp\/v2\/product"}],"about":[{"href":"https:\/\/zojopackaging.com\/es\/wp-json\/wp\/v2\/types\/product"}],"version-history":[{"count":2,"href":"https:\/\/zojopackaging.com\/es\/wp-json\/wp\/v2\/product\/3853\/revisions"}],"predecessor-version":[{"id":7344,"href":"https:\/\/zojopackaging.com\/es\/wp-json\/wp\/v2\/product\/3853\/revisions\/7344"}],"wp:featuredmedia":[{"embeddable":true,"href":"https:\/\/zojopackaging.com\/es\/wp-json\/wp\/v2\/media\/3858"}],"wp:attachment":[{"href":"https:\/\/zojopackaging.com\/es\/wp-json\/wp\/v2\/media?parent=3853"}],"wp:term":[{"taxonomy":"product_brand","embeddable":true,"href":"https:\/\/zojopackaging.com\/es\/wp-json\/wp\/v2\/product_brand?post=3853"},{"taxonomy":"product_cat","embeddable":true,"href":"https:\/\/zojopackaging.com\/es\/wp-json\/wp\/v2\/product_cat?post=3853"},{"taxonomy":"product_tag","embeddable":true,"href":"https:\/\/zojopackaging.com\/es\/wp-json\/wp\/v2\/product_tag?post=3853"}],"curies":[{"name":"wp","href":"https:\/\/api.w.org\/{rel}","templated":true}]}}