{"id":3922,"date":"2024-03-20T14:49:56","date_gmt":"2024-03-20T06:49:56","guid":{"rendered":"https:\/\/zojopackaging.com\/?post_type=product&#038;p=3922"},"modified":"2025-03-28T16:15:46","modified_gmt":"2025-03-28T08:15:46","slug":"customized-christmas-tree-calendar-box","status":"publish","type":"product","link":"https:\/\/zojopackaging.com\/es\/product\/customized-christmas-tree-calendar-box\/","title":{"rendered":"Fabricante de cajas de calendario con \u00e1rbol de Navidad personalizadas en China"},"content":{"rendered":"<h1>Fabricante de cajas de calendario con \u00e1rbol de Navidad personalizadas en China<\/h1>\n<p>La Caja Calendario \u00c1rbol de Navidad Personalizada es una soluci\u00f3n de embalaje festiva y encantadora que a\u00f1ade un toque de alegr\u00eda navide\u00f1a a su producto calendario. Esta caja est\u00e1 especialmente dise\u00f1ada para mostrar su calendario de una forma \u00fanica y estacional, por lo que es perfecta para promociones, regalos o expositores minoristas con tem\u00e1tica navide\u00f1a.<\/p>\n<p>El exterior de la caja presenta un encantador dise\u00f1o de \u00e1rbol de Navidad, con intrincados detalles y vibrantes colores que captan el esp\u00edritu de las fiestas. Este caprichoso dise\u00f1o a\u00f1ade un toque l\u00fadico y festivo al envase, convirti\u00e9ndolo en una pieza destacada que sin duda atraer\u00e1 todas las miradas.<\/p>\n<p>En el interior, el calendario queda bien sujeto dentro de la caja, garantizando que permanezca protegido y organizado. La caja personalizada para calendarios con forma de \u00e1rbol de Navidad no s\u00f3lo es una pr\u00e1ctica soluci\u00f3n de almacenamiento, sino tambi\u00e9n un accesorio decorativo que mejora la presentaci\u00f3n general de su producto calendario.<\/p>\n<p>Ya sea para uso personal, para regalar o para la venta al por menor, esta caja personalizada es una forma encantadora y memorable de empaquetar su calendario durante las fiestas navide\u00f1as. La Caja Calendario \u00c1rbol de Navidad Personalizada es un complemento divertido y festivo para su gama de productos, que le ayudar\u00e1 a transmitir alegr\u00eda y entusiasmo a sus clientes.<\/p>\n<h1><strong>Especificaci\u00f3n<\/strong><\/h1>\n<table style=\"height: 666px;\" width=\"1070\">\n<tbody>\n<tr>\n<td width=\"373\">Dimensiones<\/td>\n<td width=\"373\">Todos los tama\u00f1os y formas personalizados<\/td>\n<\/tr>\n<tr>\n<td width=\"373\">MOQ<\/td>\n<td width=\"373\">500 unidades<\/td>\n<\/tr>\n<tr>\n<td width=\"373\">Tiempo de muestreo<\/td>\n<td width=\"373\">3-5 d\u00edas<\/td>\n<\/tr>\n<tr>\n<td width=\"373\">Proceso por defecto<\/td>\n<td width=\"373\">Troquelado, encolado, rayado, perforaci\u00f3n<\/td>\n<\/tr>\n<tr>\n<td width=\"373\">Impresi\u00f3n<\/td>\n<td width=\"373\">Cmyk, pms, sin impresi\u00f3n<\/td>\n<\/tr>\n<tr>\n<td width=\"373\">Material Opci\u00f3n<\/td>\n<td width=\"373\">Papel cart\u00f3n blanco, papel estucado, papel art\u00edstico, papel kraft, cart\u00f3n marfil, cart\u00f3n d\u00faplex, papel especial, etc.<\/td>\n<\/tr>\n<tr>\n<td width=\"373\">Acabado de superficies<\/td>\n<td width=\"373\">Laminado mate\/brillante, estampado en relieve, gofrado, estampado en caliente, etc.<\/td>\n<\/tr>\n<tr>\n<td width=\"373\">Uso industrial<\/td>\n<td width=\"373\">cosm\u00e9ticos, perfumes, prendas de vestir, joyas, tabaco, alimentos, regalos y productos de consumo diario,<\/td>\n<\/tr>\n<tr>\n<td width=\"373\">Control de calidad<\/td>\n<td width=\"373\">El equipo avanzado y el equipo experimentado del control de calidad comprobar\u00e1n el material, los productos semielaborados y acabados terminantemente en cada paso antes de que<\/td>\n<\/tr>\n<tr>\n<td width=\"373\">Precio<\/td>\n<td width=\"373\">El precio final se adaptar\u00e1 a su producto y a la cantidad que necesite<\/td>\n<\/tr>\n<tr>\n<td width=\"373\">Plazo de entrega<\/td>\n<td width=\"373\">7-14 d\u00edas laborables , rush<\/td>\n<\/tr>\n<tr>\n<td width=\"373\">Papel<\/td>\n<td width=\"373\">De 10pt a 28pt (de 60lb a 400lb) Kraft ecol\u00f3gico, corrugado e-flute, cart\u00f3n bux, cartulina<\/td>\n<\/tr>\n<tr>\n<td width=\"373\">Formato de las ilustraciones<\/td>\n<td width=\"373\">JPG, PDF, AI, CDR, EPS, GIF....<\/td>\n<\/tr>\n<tr>\n<td width=\"373\">Accesorios<\/td>\n<td width=\"373\">Im\u00e1n, cinta, forma EVA , bandeja de pl\u00e1stico, esponja, ventana de PVC\/PET\/PP,...<\/td>\n<\/tr>\n<tr>\n<td width=\"373\">Plazo de pago<\/td>\n<td width=\"373\">T\/T, Western Union, Paypal, 30% de dep\u00f3sito y 70% de saldo antes del env\u00edo.<\/td>\n<\/tr>\n<\/tbody>\n<\/table>\n<div class=\"widget block block-static-block\">\n<div class=\"landing-page-section option-bottom\">\n<div class=\"custom-materials-tabs-content container container-adjustment\">\n<div class=\"custom-materials-tab-content active\">\n<div class=\"widget block block-static-block\">\n<div class=\"options-items\">\n<div class=\"flex-grid-row-option\">\n<div class=\"flex-grid-item-option\">\n<div class=\"material-box\">\n<p>&nbsp;<\/p>\n<\/div>\n<\/div>\n<\/div>\n<\/div>\n<p><!---end of option item--><\/p>\n<\/div>\n<\/div>\n<\/div>\n<\/div>\n<\/div>","protected":false},"excerpt":{"rendered":"<p>Cree una experiencia festiva con nuestra caja calendario de chocolate personalizada con forma de \u00e1rbol de Navidad. Cree sorpresas diarias para las personas a las que cuida.<\/p>\n<p>Tipo de material: Respetuoso con el medio ambiente, con certificaci\u00f3n FSC\/ISO\/BSCI<br \/>\nTiempo de producci\u00f3n: Muestra 1-3 d\u00edas; A granel 7-9 d\u00edas<br \/>\nTiempo de env\u00edo: Express 3-7 d\u00edas; Aire 12-16 d\u00edas; Barco 25-30 d\u00edas\uff08Diferentes pa\u00edses tienen diferentes tiempos)<\/p>\n<p>Precio:\u00a1P\u00f3ngase en contacto con nosotros!<\/p>","protected":false},"featured_media":3926,"template":"","meta":[],"product_brand":[],"product_cat":[30,423,428,31],"product_tag":[823,822,821],"class_list":{"0":"post-3922","1":"product","2":"type-product","3":"status-publish","4":"has-post-thumbnail","6":"product_cat-by-industry","7":"product_cat-custom-presentation-boxes-by-industry","8":"product_cat-irregular-shaped-gift-boxes","9":"product_cat-paper-box-style","10":"product_tag-calendar-box-manufacturer","11":"product_tag-christmas-tree-calendar-box","12":"product_tag-customized-box","14":"first","15":"instock","16":"shipping-taxable","17":"product-type-grouped"},"_links":{"self":[{"href":"https:\/\/zojopackaging.com\/es\/wp-json\/wp\/v2\/product\/3922","targetHints":{"allow":["GET"]}}],"collection":[{"href":"https:\/\/zojopackaging.com\/es\/wp-json\/wp\/v2\/product"}],"about":[{"href":"https:\/\/zojopackaging.com\/es\/wp-json\/wp\/v2\/types\/product"}],"version-history":[{"count":2,"href":"https:\/\/zojopackaging.com\/es\/wp-json\/wp\/v2\/product\/3922\/revisions"}],"predecessor-version":[{"id":8470,"href":"https:\/\/zojopackaging.com\/es\/wp-json\/wp\/v2\/product\/3922\/revisions\/8470"}],"wp:featuredmedia":[{"embeddable":true,"href":"https:\/\/zojopackaging.com\/es\/wp-json\/wp\/v2\/media\/3926"}],"wp:attachment":[{"href":"https:\/\/zojopackaging.com\/es\/wp-json\/wp\/v2\/media?parent=3922"}],"wp:term":[{"taxonomy":"product_brand","embeddable":true,"href":"https:\/\/zojopackaging.com\/es\/wp-json\/wp\/v2\/product_brand?post=3922"},{"taxonomy":"product_cat","embeddable":true,"href":"https:\/\/zojopackaging.com\/es\/wp-json\/wp\/v2\/product_cat?post=3922"},{"taxonomy":"product_tag","embeddable":true,"href":"https:\/\/zojopackaging.com\/es\/wp-json\/wp\/v2\/product_tag?post=3922"}],"curies":[{"name":"wp","href":"https:\/\/api.w.org\/{rel}","templated":true}]}}