{"id":3936,"date":"2024-03-20T15:04:13","date_gmt":"2024-03-20T07:04:13","guid":{"rendered":"https:\/\/zojopackaging.com\/?post_type=product&#038;p=3936"},"modified":"2025-03-28T11:12:50","modified_gmt":"2025-03-28T03:12:50","slug":"customized-double-open-calendar-box","status":"publish","type":"product","link":"https:\/\/zojopackaging.com\/es\/product\/customized-double-open-calendar-box\/","title":{"rendered":"Mayorista Calendario de Adviento de Belleza Personalizado Caja de Embalaje"},"content":{"rendered":"<h1>Mayorista Calendario de Adviento de Belleza Personalizado Caja de Embalaje<\/h1>\n<p>La caja al por mayor personalizada para calendario de adviento de belleza es una soluci\u00f3n de envasado sofisticada y pr\u00e1ctica que ofrece una forma \u00fanica y vers\u00e1til de mostrar su producto de calendario. Esta caja est\u00e1 meticulosamente dise\u00f1ada con dos aberturas separadas que facilitan el acceso al contenido del calendario desde distintos lados para mayor comodidad y funcionalidad.<\/p>\n<p>El exterior de la caja, que puede personalizarse para adaptarlo a sus preferencias de marca y dise\u00f1o, puede llevar su logotipo, ilustraciones o cualquier gr\u00e1fico que desee para crear un paquete cohesivo y visualmente atractivo. La doble apertura permite a los usuarios interactuar con el calendario de forma din\u00e1mica y atractiva, por lo que resulta ideal para exponerlo en escritorios, estanter\u00edas o mostradores.<\/p>\n<p>El interior de la caja est\u00e1 cuidadosamente dise\u00f1ado para sujetar y proteger el calendario de forma segura, garantizando que se mantenga en perfectas condiciones durante su almacenamiento o transporte. La caja personalizada para calendarios de doble apertura no solo es una pr\u00e1ctica soluci\u00f3n de almacenamiento, sino tambi\u00e9n un accesorio elegante e innovador que mejora la presentaci\u00f3n general de su calendario.<\/p>\n<p>Esta caja personalizada a\u00f1ade un toque de sofisticaci\u00f3n y creatividad al embalaje de sus calendarios, ya sea para su exposici\u00f3n en tiendas, eventos promocionales o regalos. Con sus dos aberturas y su dise\u00f1o personalizable, la caja de calendario personalizada de doble abertura es una opci\u00f3n destacada que mejora la experiencia del usuario y causa una impresi\u00f3n duradera en sus clientes.<\/p>\n<h1><strong>Especificaci\u00f3n<\/strong><\/h1>\n<table style=\"height: 666px;\" width=\"1070\">\n<tbody>\n<tr>\n<td width=\"373\">Dimensiones<\/td>\n<td width=\"373\">Todos los tama\u00f1os y formas personalizados<\/td>\n<\/tr>\n<tr>\n<td width=\"373\">MOQ<\/td>\n<td width=\"373\">500 unidades<\/td>\n<\/tr>\n<tr>\n<td width=\"373\">Tiempo de muestreo<\/td>\n<td width=\"373\">3-5 d\u00edas<\/td>\n<\/tr>\n<tr>\n<td width=\"373\">Proceso por defecto<\/td>\n<td width=\"373\">Troquelado, encolado, rayado, perforaci\u00f3n<\/td>\n<\/tr>\n<tr>\n<td width=\"373\">Impresi\u00f3n<\/td>\n<td width=\"373\">Cmyk, pms, sin impresi\u00f3n<\/td>\n<\/tr>\n<tr>\n<td width=\"373\">Material Opci\u00f3n<\/td>\n<td width=\"373\">Papel cart\u00f3n blanco, papel estucado, papel art\u00edstico, papel kraft, cart\u00f3n marfil, cart\u00f3n d\u00faplex, papel especial, etc.<\/td>\n<\/tr>\n<tr>\n<td width=\"373\">Acabado de superficies<\/td>\n<td width=\"373\">Laminado mate\/brillante, estampado en relieve, gofrado, estampado en caliente, etc.<\/td>\n<\/tr>\n<tr>\n<td width=\"373\">Uso industrial<\/td>\n<td width=\"373\">cosm\u00e9ticos, perfumes, prendas de vestir, joyas, tabaco, alimentos, regalos y productos de consumo diario,<\/td>\n<\/tr>\n<tr>\n<td width=\"373\">Control de calidad<\/td>\n<td width=\"373\">El equipo avanzado y el equipo experimentado del control de calidad comprobar\u00e1n el material, los productos semielaborados y acabados terminantemente en cada paso antes de que<\/td>\n<\/tr>\n<tr>\n<td width=\"373\">Precio<\/td>\n<td width=\"373\">El precio final se adaptar\u00e1 a su producto y a la cantidad que necesite<\/td>\n<\/tr>\n<tr>\n<td width=\"373\">Plazo de entrega<\/td>\n<td width=\"373\">7-14 d\u00edas laborables , rush<\/td>\n<\/tr>\n<tr>\n<td width=\"373\">Papel<\/td>\n<td width=\"373\">De 10pt a 28pt (de 60lb a 400lb) Kraft ecol\u00f3gico, corrugado e-flute, cart\u00f3n bux, cartulina<\/td>\n<\/tr>\n<tr>\n<td width=\"373\">Formato de las ilustraciones<\/td>\n<td width=\"373\">JPG, PDF, AI, CDR, EPS, GIF....<\/td>\n<\/tr>\n<tr>\n<td width=\"373\">Accesorios<\/td>\n<td width=\"373\">Im\u00e1n, cinta, forma EVA , bandeja de pl\u00e1stico, esponja, ventana de PVC\/PET\/PP,...<\/td>\n<\/tr>\n<tr>\n<td width=\"373\">Plazo de pago<\/td>\n<td width=\"373\">T\/T, Western Union, Paypal, 30% de dep\u00f3sito y 70% de saldo antes del env\u00edo.<\/td>\n<\/tr>\n<\/tbody>\n<\/table>\n<div class=\"widget block block-static-block\">\n<div class=\"landing-page-section option-bottom\">\n<div class=\"custom-materials-tabs-content container container-adjustment\">\n<div class=\"custom-materials-tab-content active\">\n<div class=\"widget block block-static-block\">\n<div class=\"options-items\">\n<div class=\"flex-grid-row-option\">\n<div class=\"flex-grid-item-option\">\n<div class=\"material-box\">\n<p>&nbsp;<\/p>\n<\/div>\n<\/div>\n<\/div>\n<\/div>\n<p><!---end of option item--><\/p>\n<\/div>\n<\/div>\n<\/div>\n<\/div>\n<\/div>","protected":false},"excerpt":{"rendered":"<p>1. Caja calendario cosm\u00e9tica de doble puerta, un dise\u00f1o que abre una cuadr\u00edcula cada d\u00eda. Mejorar la anticipaci\u00f3n del festival a trav\u00e9s de la experiencia de apertura de la caja ciega.<br \/>\n2. Con accesorios como cintas, realza la belleza y el atractivo visual y potencia el reconocimiento de la marca<br \/>\n3. Varios tama\u00f1os se pueden personalizar de acuerdo a sus productos, adecuados para el envasado de diversas categor\u00edas de cosm\u00e9ticos<\/p>","protected":false},"featured_media":3940,"template":"","meta":[],"product_brand":[],"product_cat":[30,390,428,31],"product_tag":[753,754,755],"class_list":{"0":"post-3936","1":"product","2":"type-product","3":"status-publish","4":"has-post-thumbnail","6":"product_cat-by-industry","7":"product_cat-custom-cosmetics-boxes","8":"product_cat-irregular-shaped-gift-boxes","9":"product_cat-paper-box-style","10":"product_tag-advent-calendar-packaging-box","11":"product_tag-beauty-advent-calendar-packaging","12":"product_tag-wholesale-advent-calendar-packaging-box","14":"first","15":"instock","16":"shipping-taxable","17":"product-type-grouped"},"_links":{"self":[{"href":"https:\/\/zojopackaging.com\/es\/wp-json\/wp\/v2\/product\/3936","targetHints":{"allow":["GET"]}}],"collection":[{"href":"https:\/\/zojopackaging.com\/es\/wp-json\/wp\/v2\/product"}],"about":[{"href":"https:\/\/zojopackaging.com\/es\/wp-json\/wp\/v2\/types\/product"}],"version-history":[{"count":2,"href":"https:\/\/zojopackaging.com\/es\/wp-json\/wp\/v2\/product\/3936\/revisions"}],"predecessor-version":[{"id":8439,"href":"https:\/\/zojopackaging.com\/es\/wp-json\/wp\/v2\/product\/3936\/revisions\/8439"}],"wp:featuredmedia":[{"embeddable":true,"href":"https:\/\/zojopackaging.com\/es\/wp-json\/wp\/v2\/media\/3940"}],"wp:attachment":[{"href":"https:\/\/zojopackaging.com\/es\/wp-json\/wp\/v2\/media?parent=3936"}],"wp:term":[{"taxonomy":"product_brand","embeddable":true,"href":"https:\/\/zojopackaging.com\/es\/wp-json\/wp\/v2\/product_brand?post=3936"},{"taxonomy":"product_cat","embeddable":true,"href":"https:\/\/zojopackaging.com\/es\/wp-json\/wp\/v2\/product_cat?post=3936"},{"taxonomy":"product_tag","embeddable":true,"href":"https:\/\/zojopackaging.com\/es\/wp-json\/wp\/v2\/product_tag?post=3936"}],"curies":[{"name":"wp","href":"https:\/\/api.w.org\/{rel}","templated":true}]}}