{"id":3977,"date":"2024-03-20T15:57:19","date_gmt":"2024-03-20T07:57:19","guid":{"rendered":"https:\/\/zojopackaging.com\/?post_type=product&#038;p=3977"},"modified":"2025-03-24T19:52:01","modified_gmt":"2025-03-24T11:52:01","slug":"customized-card-box","status":"publish","type":"product","link":"https:\/\/zojopackaging.com\/es\/product\/customized-card-box\/","title":{"rendered":"Proveedor de cajas de embalaje personalizadas para nebulizadores faciales"},"content":{"rendered":"<h1>Proveedor de cajas de embalaje personalizadas para nebulizadores faciales<\/h1>\n<p>Una caja personalizada para cartas es una soluci\u00f3n de embalaje personalizada dise\u00f1ada para guardar y proteger barajas de cartas, naipes, cartas coleccionables o cualquier otro tipo de producto basado en cartas.<\/p>\n<p><strong>Caracter\u00edsticas principales de una caja de tarjetas personalizada:<\/strong><\/p>\n<ul>\n<li>Personalizaci\u00f3n: La caja puede personalizarse totalmente para satisfacer las necesidades \u00fanicas de las tarjetas y la marca. Esto incluye opciones de tama\u00f1o, forma, material, color, impresi\u00f3n, acabados y elementos de dise\u00f1o para crear una soluci\u00f3n de envasado \u00fanica.<\/li>\n<li>Material: Las cajas para tarjetas personalizadas suelen estar fabricadas con materiales resistentes como cart\u00f3n, cartulina o cartulina especial para ofrecer durabilidad y protecci\u00f3n a las tarjetas que contienen.<\/li>\n<li>Dise\u00f1o: El dise\u00f1o de la caja puede adaptarse para reflejar el tema, la marca o el estilo de las tarjetas. Se pueden a\u00f1adir gr\u00e1ficos, logotipos, ilustraciones y texto personalizados para realzar el atractivo visual y crear un aspecto coherente con las propias tarjetas.<\/li>\n<li>Cierre: la caja puede tener un mecanismo de cierre seguro, como una solapa, un cierre magn\u00e9tico o una funda, para mantener las tarjetas dentro de forma segura y evitar que se caigan.<\/li>\n<li>Insertos: Se pueden incluir inserciones o separadores personalizados en la caja para organizar y separar las tarjetas, evitando que se da\u00f1en o se muevan durante el almacenamiento o el transporte.<\/li>\n<li>Acabados: Pueden aplicarse a la caja diversos acabados, como revestimientos mates o brillantes, gofrado, estampado en relieve, UV localizado o estampado en l\u00e1mina, para a\u00f1adir un aspecto y un tacto de primera calidad.<\/li>\n<\/ul>\n<h1><strong>Especificaci\u00f3n<\/strong><\/h1>\n<table style=\"height: 666px;\" width=\"1070\">\n<tbody>\n<tr>\n<td width=\"373\">Dimensiones<\/td>\n<td width=\"373\">Todos los tama\u00f1os y formas personalizados<\/td>\n<\/tr>\n<tr>\n<td width=\"373\">MOQ<\/td>\n<td width=\"373\">500 unidades<\/td>\n<\/tr>\n<tr>\n<td width=\"373\">Tiempo de muestreo<\/td>\n<td width=\"373\">3-5 d\u00edas<\/td>\n<\/tr>\n<tr>\n<td width=\"373\">Proceso por defecto<\/td>\n<td width=\"373\">Troquelado, encolado, rayado, perforaci\u00f3n<\/td>\n<\/tr>\n<tr>\n<td width=\"373\">Impresi\u00f3n<\/td>\n<td width=\"373\">Cmyk, pms, sin impresi\u00f3n<\/td>\n<\/tr>\n<tr>\n<td width=\"373\">Material Opci\u00f3n<\/td>\n<td width=\"373\">Papel cart\u00f3n blanco, papel estucado, papel art\u00edstico, papel kraft, cart\u00f3n marfil, cart\u00f3n d\u00faplex, papel especial, etc.<\/td>\n<\/tr>\n<tr>\n<td width=\"373\">Acabado de superficies<\/td>\n<td width=\"373\">Laminado mate\/brillante, estampado en relieve, gofrado, estampado en caliente, etc.<\/td>\n<\/tr>\n<tr>\n<td width=\"373\">Uso industrial<\/td>\n<td width=\"373\">cosm\u00e9ticos, perfumes, prendas de vestir, joyas, tabaco, alimentos, regalos y productos de consumo diario,<\/td>\n<\/tr>\n<tr>\n<td width=\"373\">Control de calidad<\/td>\n<td width=\"373\">El equipo avanzado y el equipo experimentado del control de calidad comprobar\u00e1n el material, los productos semielaborados y acabados terminantemente en cada paso antes de que<\/td>\n<\/tr>\n<tr>\n<td width=\"373\">Precio<\/td>\n<td width=\"373\">El precio final se adaptar\u00e1 a su producto y a la cantidad que necesite<\/td>\n<\/tr>\n<tr>\n<td width=\"373\">Plazo de entrega<\/td>\n<td width=\"373\">7-14 d\u00edas laborables , rush<\/td>\n<\/tr>\n<tr>\n<td width=\"373\">Papel<\/td>\n<td width=\"373\">De 10pt a 28pt (de 60lb a 400lb) Kraft ecol\u00f3gico, corrugado e-flute, cart\u00f3n bux, cartulina<\/td>\n<\/tr>\n<tr>\n<td width=\"373\">Formato de las ilustraciones<\/td>\n<td width=\"373\">JPG, PDF, AI, CDR, EPS, GIF....<\/td>\n<\/tr>\n<tr>\n<td width=\"373\">Accesorios<\/td>\n<td width=\"373\">Im\u00e1n, cinta, forma EVA , bandeja de pl\u00e1stico, esponja, ventana de PVC\/PET\/PP,...<\/td>\n<\/tr>\n<tr>\n<td width=\"373\">Plazo de pago<\/td>\n<td width=\"373\">T\/T, Western Union, Paypal, 30% de dep\u00f3sito y 70% de saldo antes del env\u00edo.<\/td>\n<\/tr>\n<\/tbody>\n<\/table>\n<div class=\"widget block block-static-block\">\n<div class=\"landing-page-section option-bottom\">\n<div class=\"custom-materials-tabs-content container container-adjustment\">\n<div class=\"custom-materials-tab-content active\">\n<div class=\"widget block block-static-block\">\n<div class=\"options-items\">\n<div class=\"flex-grid-row-option\">\n<div class=\"flex-grid-item-option\">\n<div class=\"material-box\">\n<p>&nbsp;<\/p>\n<\/div>\n<\/div>\n<\/div>\n<\/div>\n<p><!---end of option item--><\/p>\n<\/div>\n<\/div>\n<\/div>\n<\/div>\n<\/div>","protected":false},"excerpt":{"rendered":"<ul>\n<li>MOQ: 500 piezas<\/li>\n<li>Plazo de entrega:7-14 d\u00edas laborables , Rush<\/li>\n<li>Dimensiones a medida (di\u00e1metro x altura)<\/li>\n<li>Impresi\u00f3n personalizada<\/li>\n<li>Ecol\u00f3gico, reciclable y sin pl\u00e1stico<\/li>\n<li>Precio\uff1aEl precio final se adaptar\u00e1 a su producto y a la cantidad que necesite.<\/li>\n<\/ul>","protected":false},"featured_media":3982,"template":"","meta":[],"product_brand":[],"product_cat":[30,390,430],"product_tag":[120,243,230],"class_list":{"0":"post-3977","1":"product","2":"type-product","3":"status-publish","4":"has-post-thumbnail","6":"product_cat-by-industry","7":"product_cat-custom-cosmetics-boxes","8":"product_cat-folding-cartons","9":"product_tag-customized-card-box","10":"product_tag-paper-box-manufacturer","11":"product_tag-wholesale-packaging-box","13":"first","14":"instock","15":"shipping-taxable","16":"product-type-grouped"},"_links":{"self":[{"href":"https:\/\/zojopackaging.com\/es\/wp-json\/wp\/v2\/product\/3977","targetHints":{"allow":["GET"]}}],"collection":[{"href":"https:\/\/zojopackaging.com\/es\/wp-json\/wp\/v2\/product"}],"about":[{"href":"https:\/\/zojopackaging.com\/es\/wp-json\/wp\/v2\/types\/product"}],"version-history":[{"count":1,"href":"https:\/\/zojopackaging.com\/es\/wp-json\/wp\/v2\/product\/3977\/revisions"}],"predecessor-version":[{"id":8122,"href":"https:\/\/zojopackaging.com\/es\/wp-json\/wp\/v2\/product\/3977\/revisions\/8122"}],"wp:featuredmedia":[{"embeddable":true,"href":"https:\/\/zojopackaging.com\/es\/wp-json\/wp\/v2\/media\/3982"}],"wp:attachment":[{"href":"https:\/\/zojopackaging.com\/es\/wp-json\/wp\/v2\/media?parent=3977"}],"wp:term":[{"taxonomy":"product_brand","embeddable":true,"href":"https:\/\/zojopackaging.com\/es\/wp-json\/wp\/v2\/product_brand?post=3977"},{"taxonomy":"product_cat","embeddable":true,"href":"https:\/\/zojopackaging.com\/es\/wp-json\/wp\/v2\/product_cat?post=3977"},{"taxonomy":"product_tag","embeddable":true,"href":"https:\/\/zojopackaging.com\/es\/wp-json\/wp\/v2\/product_tag?post=3977"}],"curies":[{"name":"wp","href":"https:\/\/api.w.org\/{rel}","templated":true}]}}