{"id":4054,"date":"2024-03-21T08:51:15","date_gmt":"2024-03-21T00:51:15","guid":{"rendered":"https:\/\/zojopackaging.com\/?post_type=product&#038;p=4054"},"modified":"2025-03-27T20:45:32","modified_gmt":"2025-03-27T12:45:32","slug":"dsd-pull-out-packaging-box","status":"publish","type":"product","link":"https:\/\/zojopackaging.com\/es\/product\/dsd-pull-out-packaging-box\/","title":{"rendered":"Anillo de joyer\u00eda de encargo Peque\u00f1o Pendiente Collar Cajas al por mayor"},"content":{"rendered":"<h1>Anillo de joyer\u00eda de encargo Peque\u00f1o Pendiente Collar Cajas al por mayor<\/h1>\n<p>Elegantes, sofisticadas y con estilo. Las cajas extra\u00edbles tienen un dise\u00f1o sencillo, pero son una forma creativa y \u00fanica de empaquetar sus productos. Con un mecanismo deslizante similar a un caj\u00f3n, estas cajas son ideales para productos de joyer\u00eda, art\u00edculos de belleza, peque\u00f1os regalos y mucho m\u00e1s.<\/p>\n<ul>\n<li>Disponible en 20 tallas<\/li>\n<li>5 acciones diferentes para elegir<\/li>\n<li>Laminado brillante, mate y de tacto suave<\/li>\n<li>300 dpi<\/li>\n<li>CMYK<\/li>\n<\/ul>\n<p>De un vistazo<\/p>\n<table border=\"1\" cellspacing=\"1\" cellpadding=\"1\" align=\"left\">\n<thead>\n<tr>\n<th scope=\"col\">Material<\/th>\n<th scope=\"col\">Dise\u00f1o de impresi\u00f3n<\/th>\n<th scope=\"col\">Laminaci\u00f3n disponible<\/th>\n<\/tr>\n<\/thead>\n<tbody>\n<tr>\n<td>Tarjeta cl\u00e1sica 380 gsm<\/td>\n<td>S\u00f3lo impresi\u00f3n exterior<\/td>\n<td>S\u00ed - laminado brillante, mate o suave al tacto<\/td>\n<\/tr>\n<tr>\n<td>Cartulina Premium de 320 g\/m\u00b2.<\/td>\n<td>S\u00f3lo impresi\u00f3n exterior<\/td>\n<td>No<\/td>\n<\/tr>\n<tr>\n<td>Cartulina gofrada de 320 gsm<\/td>\n<td>S\u00f3lo impresi\u00f3n exterior<\/td>\n<td>No<\/td>\n<\/tr>\n<tr>\n<td>Cartulina marr\u00f3n 380gsm<\/td>\n<td>S\u00f3lo impresi\u00f3n exterior<\/td>\n<td>No<\/td>\n<\/tr>\n<tr>\n<td>Tarjeta estucada por las dos caras de 400 g\/m\u00b2.<\/td>\n<td>S\u00f3lo impresi\u00f3n interior y exterior<\/td>\n<td>S\u00ed - laminado brillante, mate o suave al tacto<\/td>\n<\/tr>\n<\/tbody>\n<\/table>\n<p>&nbsp;<\/p>\n<p>&nbsp;<\/p>\n<p>&nbsp;<\/p>\n<p>&nbsp;<\/p>\n<p>&nbsp;<\/p>\n<h1><strong>Especificaci\u00f3n<\/strong><\/h1>\n<table style=\"height: 666px;\" width=\"1070\">\n<tbody>\n<tr>\n<td width=\"373\">Dimensiones<\/td>\n<td width=\"373\">Todos los tama\u00f1os y formas personalizados<\/td>\n<\/tr>\n<tr>\n<td width=\"373\">MOQ<\/td>\n<td width=\"373\">500 unidades<\/td>\n<\/tr>\n<tr>\n<td width=\"373\">Tiempo de muestreo<\/td>\n<td width=\"373\">3-5 d\u00edas<\/td>\n<\/tr>\n<tr>\n<td width=\"373\">Proceso por defecto<\/td>\n<td width=\"373\">Troquelado, encolado, rayado, perforaci\u00f3n<\/td>\n<\/tr>\n<tr>\n<td width=\"373\">Impresi\u00f3n<\/td>\n<td width=\"373\">Cmyk, pms, sin impresi\u00f3n<\/td>\n<\/tr>\n<tr>\n<td width=\"373\">Material Opci\u00f3n<\/td>\n<td width=\"373\">Papel cart\u00f3n blanco, papel estucado, papel art\u00edstico, papel kraft, cart\u00f3n marfil, cart\u00f3n d\u00faplex, papel especial, etc.<\/td>\n<\/tr>\n<tr>\n<td width=\"373\">Acabado de superficies<\/td>\n<td width=\"373\">Laminado mate\/brillante, estampado en relieve, gofrado, estampado en caliente, etc.<\/td>\n<\/tr>\n<tr>\n<td width=\"373\">Uso industrial<\/td>\n<td width=\"373\">cosm\u00e9ticos, perfumes, prendas de vestir, joyas, tabaco, alimentos, regalos y productos de consumo diario,<\/td>\n<\/tr>\n<tr>\n<td width=\"373\">Control de calidad<\/td>\n<td width=\"373\">El equipo avanzado y el equipo experimentado del control de calidad comprobar\u00e1n el material, los productos semielaborados y acabados terminantemente en cada paso antes de que<\/td>\n<\/tr>\n<tr>\n<td width=\"373\">Precio<\/td>\n<td width=\"373\">El precio final se adaptar\u00e1 a su producto y a la cantidad que necesite<\/td>\n<\/tr>\n<tr>\n<td width=\"373\">Plazo de entrega<\/td>\n<td width=\"373\">7-14 d\u00edas laborables , rush<\/td>\n<\/tr>\n<tr>\n<td width=\"373\">Papel<\/td>\n<td width=\"373\">De 10pt a 28pt (de 60lb a 400lb) Kraft ecol\u00f3gico, corrugado e-flute, cart\u00f3n bux, cartulina<\/td>\n<\/tr>\n<tr>\n<td width=\"373\">Formato de las ilustraciones<\/td>\n<td width=\"373\">JPG, PDF, AI, CDR, EPS, GIF....<\/td>\n<\/tr>\n<tr>\n<td width=\"373\">Accesorios<\/td>\n<td width=\"373\">Im\u00e1n, cinta, forma EVA , bandeja de pl\u00e1stico, esponja, ventana de PVC\/PET\/PP,...<\/td>\n<\/tr>\n<tr>\n<td width=\"373\">Plazo de pago<\/td>\n<td width=\"373\">T\/T, Western Union, Paypal, 30% de dep\u00f3sito y 70% de saldo antes del env\u00edo.<\/td>\n<\/tr>\n<\/tbody>\n<\/table>\n<div class=\"widget block block-static-block\">\n<div class=\"landing-page-section option-bottom\">\n<div class=\"custom-materials-tabs-content container container-adjustment\">\n<div class=\"custom-materials-tab-content active\">\n<div class=\"widget block block-static-block\">\n<div class=\"options-items\">\n<div class=\"flex-grid-row-option\">\n<div class=\"flex-grid-item-option\">\n<div class=\"material-box\">\n<p>&nbsp;<\/p>\n<\/div>\n<\/div>\n<\/div>\n<\/div>\n<p><!---end of option item--><\/p>\n<\/div>\n<\/div>\n<\/div>\n<\/div>\n<\/div>","protected":false},"excerpt":{"rendered":"<ul>\n<li>MOQ: 500 piezas<\/li>\n<li>Plazo de entrega:7-14 d\u00edas laborables , Rush<\/li>\n<li>Dimensiones a medida (di\u00e1metro x altura)<\/li>\n<li>Impresi\u00f3n personalizada<\/li>\n<li>Ecol\u00f3gico, reciclable y sin pl\u00e1stico<\/li>\n<li>Precio\uff1aEl precio final se adaptar\u00e1 a su producto y a la cantidad que necesite.<\/li>\n<\/ul>","protected":false},"featured_media":4056,"template":"","meta":[],"product_brand":[],"product_cat":[30,415,31,426],"product_tag":[711,575,576],"class_list":{"0":"post-4054","1":"product","2":"type-product","3":"status-publish","4":"has-post-thumbnail","6":"product_cat-by-industry","7":"product_cat-custom-jewelry-boxes-by-industry","8":"product_cat-paper-box-style","9":"product_cat-paper-drawer-boxes","10":"product_tag-custom-small-ring-earring-boxes","11":"product_tag-jewelry-boxes-wholesale","12":"product_tag-necklace-boxes-wholesale","14":"first","15":"instock","16":"shipping-taxable","17":"product-type-grouped"},"_links":{"self":[{"href":"https:\/\/zojopackaging.com\/es\/wp-json\/wp\/v2\/product\/4054","targetHints":{"allow":["GET"]}}],"collection":[{"href":"https:\/\/zojopackaging.com\/es\/wp-json\/wp\/v2\/product"}],"about":[{"href":"https:\/\/zojopackaging.com\/es\/wp-json\/wp\/v2\/types\/product"}],"version-history":[{"count":2,"href":"https:\/\/zojopackaging.com\/es\/wp-json\/wp\/v2\/product\/4054\/revisions"}],"predecessor-version":[{"id":8422,"href":"https:\/\/zojopackaging.com\/es\/wp-json\/wp\/v2\/product\/4054\/revisions\/8422"}],"wp:featuredmedia":[{"embeddable":true,"href":"https:\/\/zojopackaging.com\/es\/wp-json\/wp\/v2\/media\/4056"}],"wp:attachment":[{"href":"https:\/\/zojopackaging.com\/es\/wp-json\/wp\/v2\/media?parent=4054"}],"wp:term":[{"taxonomy":"product_brand","embeddable":true,"href":"https:\/\/zojopackaging.com\/es\/wp-json\/wp\/v2\/product_brand?post=4054"},{"taxonomy":"product_cat","embeddable":true,"href":"https:\/\/zojopackaging.com\/es\/wp-json\/wp\/v2\/product_cat?post=4054"},{"taxonomy":"product_tag","embeddable":true,"href":"https:\/\/zojopackaging.com\/es\/wp-json\/wp\/v2\/product_tag?post=4054"}],"curies":[{"name":"wp","href":"https:\/\/api.w.org\/{rel}","templated":true}]}}