{"id":4061,"date":"2024-03-21T08:56:25","date_gmt":"2024-03-21T00:56:25","guid":{"rendered":"https:\/\/zojopackaging.com\/?post_type=product&#038;p=4061"},"modified":"2025-03-27T20:12:41","modified_gmt":"2025-03-27T12:12:41","slug":"watch-strap-drawer-packaging-boxes","status":"publish","type":"product","link":"https:\/\/zojopackaging.com\/es\/product\/watch-strap-drawer-packaging-boxes\/","title":{"rendered":"Mayorista Cajas de Embalaje de Papel con Caj\u00f3n para Correa de Reloj Personalizadas"},"content":{"rendered":"<h1>Mayorista Cajas de Embalaje de Papel con Caj\u00f3n para Correa de Reloj Personalizadas<\/h1>\n<p>Las cajas de embalaje de papel con caj\u00f3n para correas de reloj al por mayor est\u00e1n dise\u00f1adas para ofrecer una soluci\u00f3n de embalaje elegante para las correas de reloj. Estas cajas presentan un dise\u00f1o de caj\u00f3n \u00fanico que permite acceder f\u00e1cilmente a la correa de reloj en su interior. El embalaje est\u00e1 fabricado con materiales de alta calidad para garantizar la durabilidad y la protecci\u00f3n de la correa del reloj durante el almacenamiento y el transporte.<\/p>\n<p>El exterior de la caja de embalaje puede personalizarse con marcas, logotipos y otros dise\u00f1os para crear una presentaci\u00f3n \u00fanica y llamativa. El interior de la caja est\u00e1 forrado con materiales suaves para evitar ara\u00f1azos y da\u00f1os en la correa del reloj.<\/p>\n<p>En general, las cajas de embalaje de papel al por mayor personalizadas con caj\u00f3n para correas de reloj son una forma elegante y pr\u00e1ctica de almacenar y presentar las correas de reloj, lo que las convierte en una opci\u00f3n ideal para minoristas, fabricantes y entusiastas de los relojes.<\/p>\n<h1><strong>Especificaci\u00f3n<\/strong><\/h1>\n<table style=\"height: 666px;\" width=\"1070\">\n<tbody>\n<tr>\n<td width=\"373\">Dimensiones<\/td>\n<td width=\"373\">Todos los tama\u00f1os y formas personalizados<\/td>\n<\/tr>\n<tr>\n<td width=\"373\">MOQ<\/td>\n<td width=\"373\">500 unidades<\/td>\n<\/tr>\n<tr>\n<td width=\"373\">Tiempo de muestreo<\/td>\n<td width=\"373\">3-5 d\u00edas<\/td>\n<\/tr>\n<tr>\n<td width=\"373\">Proceso por defecto<\/td>\n<td width=\"373\">Troquelado, encolado, rayado, perforaci\u00f3n<\/td>\n<\/tr>\n<tr>\n<td width=\"373\">Impresi\u00f3n<\/td>\n<td width=\"373\">Cmyk, pms, sin impresi\u00f3n<\/td>\n<\/tr>\n<tr>\n<td width=\"373\">Material Opci\u00f3n<\/td>\n<td width=\"373\">Papel cart\u00f3n blanco, papel estucado, papel art\u00edstico, papel kraft, cart\u00f3n marfil, cart\u00f3n d\u00faplex, papel especial, etc.<\/td>\n<\/tr>\n<tr>\n<td width=\"373\">Acabado de superficies<\/td>\n<td width=\"373\">Laminado mate\/brillante, estampado en relieve, gofrado, estampado en caliente, etc.<\/td>\n<\/tr>\n<tr>\n<td width=\"373\">Uso industrial<\/td>\n<td width=\"373\">cosm\u00e9ticos, perfumes, prendas de vestir, joyas, tabaco, alimentos, regalos y productos de consumo diario,<\/td>\n<\/tr>\n<tr>\n<td width=\"373\">Control de calidad<\/td>\n<td width=\"373\">El equipo avanzado y el equipo experimentado del control de calidad comprobar\u00e1n el material, los productos semielaborados y acabados terminantemente en cada paso antes de que<\/td>\n<\/tr>\n<tr>\n<td width=\"373\">Precio<\/td>\n<td width=\"373\">El precio final se adaptar\u00e1 a su producto y a la cantidad que necesite<\/td>\n<\/tr>\n<tr>\n<td width=\"373\">Plazo de entrega<\/td>\n<td width=\"373\">7-14 d\u00edas laborables , rush<\/td>\n<\/tr>\n<tr>\n<td width=\"373\">Papel<\/td>\n<td width=\"373\">De 10pt a 28pt (de 60lb a 400lb) Kraft ecol\u00f3gico, corrugado e-flute, cart\u00f3n bux, cartulina<\/td>\n<\/tr>\n<tr>\n<td width=\"373\">Formato de las ilustraciones<\/td>\n<td width=\"373\">JPG, PDF, AI, CDR, EPS, GIF....<\/td>\n<\/tr>\n<tr>\n<td width=\"373\">Accesorios<\/td>\n<td width=\"373\">Im\u00e1n, cinta, forma EVA , bandeja de pl\u00e1stico, esponja, ventana de PVC\/PET\/PP,...<\/td>\n<\/tr>\n<tr>\n<td width=\"373\">Plazo de pago<\/td>\n<td width=\"373\">T\/T, Western Union, Paypal, 30% de dep\u00f3sito y 70% de saldo antes del env\u00edo.<\/td>\n<\/tr>\n<\/tbody>\n<\/table>\n<div class=\"widget block block-static-block\">\n<div class=\"landing-page-section option-bottom\">\n<div class=\"custom-materials-tabs-content container container-adjustment\">\n<div class=\"custom-materials-tab-content active\">\n<div class=\"widget block block-static-block\">\n<div class=\"options-items\">\n<div class=\"flex-grid-row-option\">\n<div class=\"flex-grid-item-option\">\n<div class=\"material-box\">\n<p>&nbsp;<\/p>\n<\/div>\n<\/div>\n<\/div>\n<\/div>\n<p><!---end of option item--><\/p>\n<\/div>\n<\/div>\n<\/div>\n<\/div>\n<\/div>","protected":false},"excerpt":{"rendered":"<p>1. El dise\u00f1o de la caja del caj\u00f3n es f\u00e1cil de abrir y cerrar para los usuarios, lo que puede reducir el tiempo de operaci\u00f3n y aumentar la experiencia de unboxing<br \/>\n2. Varios tama\u00f1os se pueden personalizar de acuerdo a sus productos, adecuados para el envasado de diversas correas de reloj de gama alta<br \/>\n3. Forro de EVA puede amortiguar y resistir los golpes durante el transporte, la protecci\u00f3n de su correa de reloj de los da\u00f1os<\/p>","protected":false},"featured_media":4063,"template":"","meta":[],"product_brand":[],"product_cat":[30,413,31,426],"product_tag":[706,707,705],"class_list":{"0":"post-4061","1":"product","2":"type-product","3":"status-publish","4":"has-post-thumbnail","6":"product_cat-by-industry","7":"product_cat-consumer-electronics-boxes","8":"product_cat-paper-box-style","9":"product_cat-paper-drawer-boxes","10":"product_tag-strap-drawer-boxes","11":"product_tag-strap-drawer-packaging-wholesale","12":"product_tag-watch-strap-packaging","14":"first","15":"instock","16":"shipping-taxable","17":"product-type-grouped"},"_links":{"self":[{"href":"https:\/\/zojopackaging.com\/es\/wp-json\/wp\/v2\/product\/4061","targetHints":{"allow":["GET"]}}],"collection":[{"href":"https:\/\/zojopackaging.com\/es\/wp-json\/wp\/v2\/product"}],"about":[{"href":"https:\/\/zojopackaging.com\/es\/wp-json\/wp\/v2\/types\/product"}],"version-history":[{"count":2,"href":"https:\/\/zojopackaging.com\/es\/wp-json\/wp\/v2\/product\/4061\/revisions"}],"predecessor-version":[{"id":8420,"href":"https:\/\/zojopackaging.com\/es\/wp-json\/wp\/v2\/product\/4061\/revisions\/8420"}],"wp:featuredmedia":[{"embeddable":true,"href":"https:\/\/zojopackaging.com\/es\/wp-json\/wp\/v2\/media\/4063"}],"wp:attachment":[{"href":"https:\/\/zojopackaging.com\/es\/wp-json\/wp\/v2\/media?parent=4061"}],"wp:term":[{"taxonomy":"product_brand","embeddable":true,"href":"https:\/\/zojopackaging.com\/es\/wp-json\/wp\/v2\/product_brand?post=4061"},{"taxonomy":"product_cat","embeddable":true,"href":"https:\/\/zojopackaging.com\/es\/wp-json\/wp\/v2\/product_cat?post=4061"},{"taxonomy":"product_tag","embeddable":true,"href":"https:\/\/zojopackaging.com\/es\/wp-json\/wp\/v2\/product_tag?post=4061"}],"curies":[{"name":"wp","href":"https:\/\/api.w.org\/{rel}","templated":true}]}}