{"id":4069,"date":"2024-03-21T09:02:33","date_gmt":"2024-03-21T01:02:33","guid":{"rendered":"https:\/\/zojopackaging.com\/?post_type=product&#038;p=4069"},"modified":"2025-03-28T15:46:03","modified_gmt":"2025-03-28T07:46:03","slug":"custom-drawer-packaging-boxes","status":"publish","type":"product","link":"https:\/\/zojopackaging.com\/es\/product\/custom-drawer-packaging-boxes\/","title":{"rendered":"Elegante Caja R\u00edgida de Papel Estilo Caj\u00f3n de Joyer\u00eda Personalizada"},"content":{"rendered":"<h1>Por qu\u00e9 elegir Elegante joyer\u00eda personalizada caj\u00f3n de papel r\u00edgido estilo<\/h1>\n<section class=\"elementor-section elementor-top-section elementor-element elementor-element-0b2b1e4 elementor-section-boxed elementor-section-height-default elementor-section-height-default\" data-id=\"0b2b1e4\" data-element_type=\"section\" data-settings=\"{&quot;jet_parallax_layout_list&quot;:[]}\">\n<div class=\"elementor-container elementor-column-gap-default\">\n<div class=\"elementor-column elementor-col-100 elementor-top-column elementor-element elementor-element-9115fa3\" data-id=\"9115fa3\" data-element_type=\"column\">\n<div class=\"elementor-widget-wrap elementor-element-populated\">\n<div class=\"elementor-element elementor-element-83a6946 elementor-widget elementor-widget-woocommerce-archive-description\" data-id=\"83a6946\" data-element_type=\"widget\" data-widget_type=\"woocommerce-archive-description.default\">\n<div class=\"elementor-widget-container\">\n<div class=\"term-description\">\n<p dir=\"ltr\"><strong>Cajas de papel para cajones personalizadas<\/strong>\u00a0son envases elegantes, dise\u00f1ados para contener y exponer productos peque\u00f1os. Puede personalizar la funda y el interior: el efecto est\u00e1 garantizado<\/p>\n<p dir=\"ltr\"><strong>Cajas de papel para cajones<\/strong>\u00a0son una de las soluciones m\u00e1s pr\u00e1cticas y elegantes para embalar sus productos de forma sencilla. El sistema de enclavamiento entre la funda superficial y el compartimento contenedor permite proteger cualquier objeto y organizar de forma \u00f3ptima los espacios interiores.<\/p>\n<h2>Obtenga envases con una composici\u00f3n atractiva<\/h2>\n<p dir=\"ltr\">Las cajas caj\u00f3n personalizadas a granel son adecuadas para todos los sectores de productos, desde ropa hasta cosm\u00e9ticos, desde pasteler\u00eda hasta licores. Lo m\u00e1s interesante de las\u00a0<strong>cajas de cajones<\/strong>\u00a0es que los interiores pueden organizarse para contener m\u00e1s de un producto, seg\u00fan las personas\u00a0<a href=\"https:\/\/zojopackaging.com\/es\/how-to-choose-the-suitable-drawer-boxes\/\"><strong>necesidades de embalaje de cajones a medida<\/strong><\/a>.<\/p>\n<p dir=\"ltr\">\u00a0De este modo, puede crear una composici\u00f3n ad hoc, especialmente \u00fatil en el caso de envases multiproducto y envases de regalo.<\/p>\n<h2>Encuentre cajas de papel para cajones multiusos con su Logotipo<\/h2>\n<p dir=\"ltr\"><a href=\"https:\/\/zojopackaging.com\/es\/categoria-producto\/custom-drawer-boxes\/\"><strong>Cajones con su logotipo\u00a0<\/strong><\/a>tambi\u00e9n son muy adecuados para el envasado en tiendas porque permiten una personalizaci\u00f3n completa de sus elementos.<\/p>\n<h2>Cajones para alimentos<\/h2>\n<p dir=\"ltr\">Si desea crear un envase personalizado para sus productos alimentarios, las cajas de cajones son una soluci\u00f3n bonita pero tambi\u00e9n funcional. Sus cajas\u00a0<a href=\"https:\/\/zojopackaging.com\/es\/categoria-producto\/custom-food-packaging-boxes\/\" target=\"_blank\" rel=\"noopener\"><strong>envasado de alimentos<\/strong><\/a>\u00a0se estructurar\u00e1 as\u00ed en funci\u00f3n de la cantidad y el tama\u00f1o de los productos contenidos, con el fin de mantener una perfecta conservaci\u00f3n incluso durante el transporte.<\/p>\n<h2>Tenemos el mejor equipo de la ciudad<\/h2>\n<p dir=\"ltr\">Adem\u00e1s, nuestros t\u00e9cnicos le ayudan a elegir los materiales m\u00e1s adecuados y le siguen paso a paso en la decisi\u00f3n, hasta la realizaci\u00f3n del\u00a0<strong>Cajas de cajones a medida<\/strong>\u00a0con logotipo.<\/p>\n<\/div>\n<\/div>\n<\/div>\n<\/div>\n<\/div>\n<\/div>\n<\/section>\n<section class=\"elementor-section elementor-top-section elementor-element elementor-element-e5900b1 elementor-section-boxed elementor-section-height-default elementor-section-height-default\" data-id=\"e5900b1\" data-element_type=\"section\" data-settings=\"{&quot;jet_parallax_layout_list&quot;:[],&quot;background_background&quot;:&quot;classic&quot;}\">\n<div class=\"elementor-container elementor-column-gap-default\">\n<div class=\"elementor-column elementor-col-50 elementor-top-column elementor-element elementor-element-3a8f138\" data-id=\"3a8f138\" data-element_type=\"column\">\n<div class=\"elementor-widget-wrap elementor-element-populated\">\n<div class=\"elementor-element elementor-element-6ff5e36 elementor-widget elementor-widget-text-editor\" data-id=\"6ff5e36\" data-element_type=\"widget\" data-widget_type=\"text-editor.default\">\n<div class=\"elementor-widget-container\">\n<h2>Nuestras cajas a medida<\/h2>\n<p dir=\"ltr\">Elegir\u00a0<strong>Envasado Silver Edge<\/strong>\u00a0significa elegir cajas \u00fanicas, creadas s\u00f3lo para su proyecto. \u00bfTiene una idea o un producto que embalar? Nuestro equipo le guiar\u00e1 hacia la mejor soluci\u00f3n. Porque su caja debe ser bonita, pero tambi\u00e9n funcional. En resumen, perfecta.<\/p>\n<p dir=\"ltr\">Elija lo que necesite... nosotros nos encargamos del resto<\/p>\n<h2>Cajas personalizadas de m\u00e1xima calidad<\/h2>\n<p dir=\"ltr\">Nuestros t\u00e9cnicos ser\u00e1n sus mejores colaboradores en este proyecto. H\u00e1ganos saber lo que busca y cu\u00e9ntenos todos los detalles,<\/p>\n<\/div>\n<\/div>\n<\/div>\n<\/div>\n<\/div>\n<\/section>\n<section class=\"elementor-section elementor-top-section elementor-element elementor-element-c05b718 elementor-section-boxed elementor-section-height-default elementor-section-height-default\" data-id=\"c05b718\" data-element_type=\"section\" data-settings=\"{&quot;jet_parallax_layout_list&quot;:[],&quot;background_background&quot;:&quot;classic&quot;}\">\n<div class=\"elementor-container elementor-column-gap-default\">\n<div class=\"elementor-column elementor-col-100 elementor-top-column elementor-element elementor-element-b3066e2\" data-id=\"b3066e2\" data-element_type=\"column\">\n<div class=\"elementor-widget-wrap elementor-element-populated\">\n<div class=\"elementor-element elementor-element-b1547b8 elementor-widget elementor-widget-text-editor\" data-id=\"b1547b8\" data-element_type=\"widget\" data-widget_type=\"text-editor.default\">\n<div class=\"elementor-widget-container\">\n<p>le guiaremos hacia la mejor soluci\u00f3n para usted. Desde el proyecto hasta la realizaci\u00f3n, \u00a1ser\u00e1 un trabajo en equipo perfecto!<\/p>\n<h2>Listo en stock<\/h2>\n<p dir=\"ltr\">Si busca un producto est\u00e1ndar\u00a0<strong>Cajas de cajones personalizadas al por mayor<\/strong>\u00a0con logotipo al por mayor, \u00a1eche un vistazo a las soluciones que ya tenemos en stock! Las recibir\u00e1 en menos tiempo; s\u00f3lo est\u00e1n esperando su pedido.<\/p>\n<h2>Tecnolog\u00edas de vanguardia para sus cajas de cajones personalizadas al por mayor<\/h2>\n<p dir=\"ltr\">Cada caja parte de aqu\u00ed, tras el dise\u00f1o t\u00e9cnico y la impresi\u00f3n, fabricamos un troquel para recrear su pedido siempre que lo desee. Sin errores, con total seguridad.<\/p>\n<p dir=\"ltr\">A continuaci\u00f3n pasamos a la producci\u00f3n, cortando el cart\u00f3n en m\u00e1quinas especiales que nos permiten crear ventanas y dise\u00f1os personalizados.<\/p>\n<h2><b>Encargue embalajes personalizables para cajones a precio mayorista a Silver Edge Packaging<\/b><\/h2>\n<p>Cuando busque comprar cajas de cajones personalizadas para su marca, debe visitar el <strong><a href=\"https:\/\/zojopackaging.com\/es\/\">Zojoprint Embalaje<\/a><\/strong>\u00a0para realizar su pedido de acuerdo con sus requisitos espec\u00edficos. Ofrecemos soluciones de embalaje al por mayor con un servicio de env\u00edo gratuito. Por lo tanto, puede pedir f\u00e1cilmente las cajas de embalaje de cajones al por mayor hoy mismo para impulsar sus ventas. Le entregaremos las cajas de embalaje en la puerta de su casa lo antes posible.<\/p>\n<\/div>\n<\/div>\n<\/div>\n<\/div>\n<\/div>\n<\/section>\n<h1><strong>Especificaci\u00f3n<\/strong><\/h1>\n<table style=\"height: 666px;\" width=\"1070\">\n<tbody>\n<tr>\n<td width=\"373\">Dimensiones<\/td>\n<td width=\"373\">Todos los tama\u00f1os y formas personalizados<\/td>\n<\/tr>\n<tr>\n<td width=\"373\">MOQ<\/td>\n<td width=\"373\">500 unidades<\/td>\n<\/tr>\n<tr>\n<td width=\"373\">Tiempo de muestreo<\/td>\n<td width=\"373\">3-5 d\u00edas<\/td>\n<\/tr>\n<tr>\n<td width=\"373\">Proceso por defecto<\/td>\n<td width=\"373\">Troquelado, encolado, rayado, perforaci\u00f3n<\/td>\n<\/tr>\n<tr>\n<td width=\"373\">Impresi\u00f3n<\/td>\n<td width=\"373\">Cmyk, pms, sin impresi\u00f3n<\/td>\n<\/tr>\n<tr>\n<td width=\"373\">Material Opci\u00f3n<\/td>\n<td width=\"373\">Papel cart\u00f3n blanco, papel estucado, papel art\u00edstico, papel kraft, cart\u00f3n marfil, cart\u00f3n d\u00faplex, papel especial, etc.<\/td>\n<\/tr>\n<tr>\n<td width=\"373\">Acabado de superficies<\/td>\n<td width=\"373\">Laminado mate\/brillante, estampado en relieve, gofrado, estampado en caliente, etc.<\/td>\n<\/tr>\n<tr>\n<td width=\"373\">Uso industrial<\/td>\n<td width=\"373\">cosm\u00e9ticos, perfumes, prendas de vestir, joyas, tabaco, alimentos, regalos y productos de consumo diario,<\/td>\n<\/tr>\n<tr>\n<td width=\"373\">Control de calidad<\/td>\n<td width=\"373\">El equipo avanzado y el equipo experimentado del control de calidad comprobar\u00e1n el material, los productos semielaborados y acabados terminantemente en cada paso antes de que<\/td>\n<\/tr>\n<tr>\n<td width=\"373\">Precio<\/td>\n<td width=\"373\">El precio final se adaptar\u00e1 a su producto y a la cantidad que necesite<\/td>\n<\/tr>\n<tr>\n<td width=\"373\">Plazo de entrega<\/td>\n<td width=\"373\">7-14 d\u00edas laborables , rush<\/td>\n<\/tr>\n<tr>\n<td width=\"373\">Papel<\/td>\n<td width=\"373\">De 10pt a 28pt (de 60lb a 400lb) Kraft ecol\u00f3gico, corrugado e-flute, cart\u00f3n bux, cartulina<\/td>\n<\/tr>\n<tr>\n<td width=\"373\">Formato de las ilustraciones<\/td>\n<td width=\"373\">JPG, PDF, AI, CDR, EPS, GIF....<\/td>\n<\/tr>\n<tr>\n<td width=\"373\">Accesorios<\/td>\n<td width=\"373\">Im\u00e1n, cinta, forma EVA , bandeja de pl\u00e1stico, esponja, ventana de PVC\/PET\/PP,...<\/td>\n<\/tr>\n<tr>\n<td width=\"373\">Plazo de pago<\/td>\n<td width=\"373\">T\/T, Western Union, Paypal, 30% de dep\u00f3sito y 70% de saldo antes del env\u00edo.<\/td>\n<\/tr>\n<\/tbody>\n<\/table>\n<div class=\"widget block block-static-block\">\n<div class=\"landing-page-section option-bottom\">\n<div class=\"custom-materials-tabs-content container container-adjustment\">\n<div class=\"custom-materials-tab-content active\">\n<div class=\"widget block block-static-block\">\n<div class=\"options-items\">\n<div class=\"flex-grid-row-option\">\n<div class=\"flex-grid-item-option\">\n<div class=\"material-box\">\n<p>&nbsp;<\/p>\n<\/div>\n<\/div>\n<\/div>\n<\/div>\n<p><!---end of option item--><\/p>\n<\/div>\n<\/div>\n<\/div>\n<\/div>\n<\/div>","protected":false},"excerpt":{"rendered":"<p>1. El dise\u00f1o de la caja de papel del caj\u00f3n y la apertura deslizante hacen que sea f\u00e1cil para los usuarios abrir y cerrar, mejorando la experiencia de unboxing<br \/>\n2. Accesorios como las cintas realzan la belleza y el atractivo visual y potencian el reconocimiento de la marca<br \/>\n3. La combinaci\u00f3n de colores macaron reduce la fatiga visual y crea una atm\u00f3sfera relajante y curativa<\/p>","protected":false},"featured_media":4073,"template":"","meta":[],"product_brand":[],"product_cat":[30,415,31,426],"product_tag":[814,812,813],"class_list":{"0":"post-4069","1":"product","2":"type-product","3":"status-publish","4":"has-post-thumbnail","6":"product_cat-by-industry","7":"product_cat-custom-jewelry-boxes-by-industry","8":"product_cat-paper-box-style","9":"product_cat-paper-drawer-boxes","10":"product_tag-custom-jewelry-box","11":"product_tag-custom-jewelry-rigid-box","12":"product_tag-jewelry-drawer-box","14":"first","15":"instock","16":"shipping-taxable","17":"product-type-grouped"},"_links":{"self":[{"href":"https:\/\/zojopackaging.com\/es\/wp-json\/wp\/v2\/product\/4069","targetHints":{"allow":["GET"]}}],"collection":[{"href":"https:\/\/zojopackaging.com\/es\/wp-json\/wp\/v2\/product"}],"about":[{"href":"https:\/\/zojopackaging.com\/es\/wp-json\/wp\/v2\/types\/product"}],"version-history":[{"count":2,"href":"https:\/\/zojopackaging.com\/es\/wp-json\/wp\/v2\/product\/4069\/revisions"}],"predecessor-version":[{"id":8466,"href":"https:\/\/zojopackaging.com\/es\/wp-json\/wp\/v2\/product\/4069\/revisions\/8466"}],"wp:featuredmedia":[{"embeddable":true,"href":"https:\/\/zojopackaging.com\/es\/wp-json\/wp\/v2\/media\/4073"}],"wp:attachment":[{"href":"https:\/\/zojopackaging.com\/es\/wp-json\/wp\/v2\/media?parent=4069"}],"wp:term":[{"taxonomy":"product_brand","embeddable":true,"href":"https:\/\/zojopackaging.com\/es\/wp-json\/wp\/v2\/product_brand?post=4069"},{"taxonomy":"product_cat","embeddable":true,"href":"https:\/\/zojopackaging.com\/es\/wp-json\/wp\/v2\/product_cat?post=4069"},{"taxonomy":"product_tag","embeddable":true,"href":"https:\/\/zojopackaging.com\/es\/wp-json\/wp\/v2\/product_tag?post=4069"}],"curies":[{"name":"wp","href":"https:\/\/api.w.org\/{rel}","templated":true}]}}