{"id":4077,"date":"2024-03-21T09:06:31","date_gmt":"2024-03-21T01:06:31","guid":{"rendered":"https:\/\/zojopackaging.com\/?post_type=product&#038;p=4077"},"modified":"2025-03-28T15:51:43","modified_gmt":"2025-03-28T07:51:43","slug":"black-drawer-packaging-boxes","status":"publish","type":"product","link":"https:\/\/zojopackaging.com\/es\/product\/black-drawer-packaging-boxes\/","title":{"rendered":"Fabricante de cajas de embalaje de cajones negras de forma \u00fanica personalizadas"},"content":{"rendered":"<h1>Cajas negras de embalaje para cajones<\/h1>\n<p>Las cajas negras de embalaje para cajones ofrecen una soluci\u00f3n de embalaje elegante y estilizada para una gran variedad de productos. Estas cajas presentan un sofisticado color negro que destila lujo y sofisticaci\u00f3n, lo que las hace ideales para productos de gama alta o marcas que buscan hacer una declaraci\u00f3n audaz.<\/p>\n<p>El dise\u00f1o de caj\u00f3n de estas cajas de embalaje permite acceder f\u00e1cilmente al contenido de su interior, proporcionando una soluci\u00f3n de embalaje c\u00f3moda y elegante. El color negro a\u00f1ade un toque de clase y sofisticaci\u00f3n a la presentaci\u00f3n general, lo que hace que estas cajas sean perfectas para productos que requieren una experiencia de envasado de primera calidad.<\/p>\n<p>Fabricadas con materiales de alta calidad, como cart\u00f3n resistente o cartulina de primera calidad, las cajas negras de embalaje para cajones garantizan la durabilidad y la protecci\u00f3n del contenido durante el almacenamiento y el transporte. El acabado liso del exterior negro puede realzarse a\u00fan m\u00e1s con marcas, logotipos o dise\u00f1os personalizados para crear una experiencia de envasado \u00fanica y memorable.<\/p>\n<h1><strong>Especificaci\u00f3n<\/strong><\/h1>\n<table style=\"height: 666px;\" width=\"1070\">\n<tbody>\n<tr>\n<td width=\"373\">Dimensiones<\/td>\n<td width=\"373\">Todos los tama\u00f1os y formas personalizados<\/td>\n<\/tr>\n<tr>\n<td width=\"373\">MOQ<\/td>\n<td width=\"373\">500 unidades<\/td>\n<\/tr>\n<tr>\n<td width=\"373\">Tiempo de muestreo<\/td>\n<td width=\"373\">3-5 d\u00edas<\/td>\n<\/tr>\n<tr>\n<td width=\"373\">Proceso por defecto<\/td>\n<td width=\"373\">Troquelado, encolado, rayado, perforaci\u00f3n<\/td>\n<\/tr>\n<tr>\n<td width=\"373\">Impresi\u00f3n<\/td>\n<td width=\"373\">Cmyk, pms, sin impresi\u00f3n<\/td>\n<\/tr>\n<tr>\n<td width=\"373\">Material Opci\u00f3n<\/td>\n<td width=\"373\">Papel cart\u00f3n blanco, papel estucado, papel art\u00edstico, papel kraft, cart\u00f3n marfil, cart\u00f3n d\u00faplex, papel especial, etc.<\/td>\n<\/tr>\n<tr>\n<td width=\"373\">Acabado de superficies<\/td>\n<td width=\"373\">Laminado mate\/brillante, estampado en relieve, gofrado, estampado en caliente, etc.<\/td>\n<\/tr>\n<tr>\n<td width=\"373\">Uso industrial<\/td>\n<td width=\"373\">cosm\u00e9ticos, perfumes, prendas de vestir, joyas, tabaco, alimentos, regalos y productos de consumo diario,<\/td>\n<\/tr>\n<tr>\n<td width=\"373\">Control de calidad<\/td>\n<td width=\"373\">El equipo avanzado y el equipo experimentado del control de calidad comprobar\u00e1n el material, los productos semielaborados y acabados terminantemente en cada paso antes de que<\/td>\n<\/tr>\n<tr>\n<td width=\"373\">Precio<\/td>\n<td width=\"373\">El precio final se adaptar\u00e1 a su producto y a la cantidad que necesite<\/td>\n<\/tr>\n<tr>\n<td width=\"373\">Plazo de entrega<\/td>\n<td width=\"373\">7-14 d\u00edas laborables , rush<\/td>\n<\/tr>\n<tr>\n<td width=\"373\">Papel<\/td>\n<td width=\"373\">De 10pt a 28pt (de 60lb a 400lb) Kraft ecol\u00f3gico, corrugado e-flute, cart\u00f3n bux, cartulina<\/td>\n<\/tr>\n<tr>\n<td width=\"373\">Formato de las ilustraciones<\/td>\n<td width=\"373\">JPG, PDF, AI, CDR, EPS, GIF....<\/td>\n<\/tr>\n<tr>\n<td width=\"373\">Accesorios<\/td>\n<td width=\"373\">Im\u00e1n, cinta, forma EVA , bandeja de pl\u00e1stico, esponja, ventana de PVC\/PET\/PP,...<\/td>\n<\/tr>\n<tr>\n<td width=\"373\">Plazo de pago<\/td>\n<td width=\"373\">T\/T, Western Union, Paypal, 30% de dep\u00f3sito y 70% de saldo antes del env\u00edo.<\/td>\n<\/tr>\n<\/tbody>\n<\/table>\n<div class=\"widget block block-static-block\">\n<div class=\"landing-page-section option-bottom\">\n<div class=\"custom-materials-tabs-content container container-adjustment\">\n<div class=\"custom-materials-tab-content active\">\n<div class=\"widget block block-static-block\">\n<div class=\"options-items\">\n<div class=\"flex-grid-row-option\">\n<div class=\"flex-grid-item-option\">\n<div class=\"material-box\">\n<p>&nbsp;<\/p>\n<\/div>\n<\/div>\n<\/div>\n<\/div>\n<p><!---end of option item--><\/p>\n<\/div>\n<\/div>\n<\/div>\n<\/div>\n<\/div>","protected":false},"excerpt":{"rendered":"<ul>\n<li>MOQ: 500 piezas<\/li>\n<li>Plazo de entrega:7-14 d\u00edas laborables , Rush<\/li>\n<li>Dimensiones a medida (di\u00e1metro x altura)<\/li>\n<li>Impresi\u00f3n personalizada<\/li>\n<li>Ecol\u00f3gico, reciclable y sin pl\u00e1stico<\/li>\n<li>Precio\uff1aEl precio final se adaptar\u00e1 a su producto y a la cantidad que necesite.<\/li>\n<\/ul>","protected":false},"featured_media":4081,"template":"","meta":[],"product_brand":[],"product_cat":[30,423,31,426],"product_tag":[116,243,230],"class_list":{"0":"post-4077","1":"product","2":"type-product","3":"status-publish","4":"has-post-thumbnail","6":"product_cat-by-industry","7":"product_cat-custom-presentation-boxes-by-industry","8":"product_cat-paper-box-style","9":"product_cat-paper-drawer-boxes","10":"product_tag-black-drawer-packaging-boxes","11":"product_tag-paper-box-manufacturer","12":"product_tag-wholesale-packaging-box","14":"first","15":"instock","16":"shipping-taxable","17":"product-type-grouped"},"_links":{"self":[{"href":"https:\/\/zojopackaging.com\/es\/wp-json\/wp\/v2\/product\/4077","targetHints":{"allow":["GET"]}}],"collection":[{"href":"https:\/\/zojopackaging.com\/es\/wp-json\/wp\/v2\/product"}],"about":[{"href":"https:\/\/zojopackaging.com\/es\/wp-json\/wp\/v2\/types\/product"}],"version-history":[{"count":2,"href":"https:\/\/zojopackaging.com\/es\/wp-json\/wp\/v2\/product\/4077\/revisions"}],"predecessor-version":[{"id":8467,"href":"https:\/\/zojopackaging.com\/es\/wp-json\/wp\/v2\/product\/4077\/revisions\/8467"}],"wp:featuredmedia":[{"embeddable":true,"href":"https:\/\/zojopackaging.com\/es\/wp-json\/wp\/v2\/media\/4081"}],"wp:attachment":[{"href":"https:\/\/zojopackaging.com\/es\/wp-json\/wp\/v2\/media?parent=4077"}],"wp:term":[{"taxonomy":"product_brand","embeddable":true,"href":"https:\/\/zojopackaging.com\/es\/wp-json\/wp\/v2\/product_brand?post=4077"},{"taxonomy":"product_cat","embeddable":true,"href":"https:\/\/zojopackaging.com\/es\/wp-json\/wp\/v2\/product_cat?post=4077"},{"taxonomy":"product_tag","embeddable":true,"href":"https:\/\/zojopackaging.com\/es\/wp-json\/wp\/v2\/product_tag?post=4077"}],"curies":[{"name":"wp","href":"https:\/\/api.w.org\/{rel}","templated":true}]}}