{"id":4084,"date":"2024-03-21T09:35:28","date_gmt":"2024-03-21T01:35:28","guid":{"rendered":"https:\/\/zojopackaging.com\/?post_type=product&#038;p=4084"},"modified":"2025-03-28T10:25:36","modified_gmt":"2025-03-28T02:25:36","slug":"customized-drawer-packaging-boxes","status":"publish","type":"product","link":"https:\/\/zojopackaging.com\/es\/product\/customized-drawer-packaging-boxes\/","title":{"rendered":"Lujo Peque\u00f1as Cajas de Embalaje para Collares de Joyer\u00eda Fabricante"},"content":{"rendered":"<h1>Lujo Peque\u00f1as Cajas de Embalaje para Collares de Joyer\u00eda Fabricante<\/h1>\n<p>El fabricante de cajas de embalaje para collares peque\u00f1os de joyer\u00eda de lujo ofrece una soluci\u00f3n de embalaje a medida y personalizada para una amplia gama de productos. Estas cajas cuentan con un dise\u00f1o \u00fanico caj\u00f3n que permite un f\u00e1cil acceso a los contenidos en el interior, proporcionando una experiencia de embalaje c\u00f3modo y elegante.<\/p>\n<p>Las opciones de personalizaci\u00f3n de estas cajas de embalaje son pr\u00e1cticamente infinitas, lo que permite a las empresas crear una soluci\u00f3n de embalaje que se adapte perfectamente a la identidad de su marca y a los requisitos de sus productos. Desde la elecci\u00f3n de las dimensiones y los materiales hasta la selecci\u00f3n del color, el acabado y las opciones de impresi\u00f3n, todos los aspectos de las cajas de embalaje para cajones pueden personalizarse para crear un dise\u00f1o \u00fanico y llamativo.<\/p>\n<p>Los elementos de marca, como logotipos, gr\u00e1ficos y texto, pueden destacarse en el exterior de la caja para aumentar el reconocimiento de la marca y crear una experiencia memorable para los clientes al abrir la caja. El interior de la caja tambi\u00e9n puede personalizarse con inserciones, separadores o acolchado para mantener los productos en su sitio y a\u00f1adir un toque de calidad a la presentaci\u00f3n.<\/p>\n<p>En general, las cajas de embalaje personalizadas para cajones son una soluci\u00f3n de embalaje vers\u00e1til y eficaz que permite a las empresas mostrar sus productos de forma personalizada e impactante. Tanto si se utilizan para productos de venta al por menor como para regalos o art\u00edculos promocionales, estas cajas dejar\u00e1n una impresi\u00f3n duradera en los clientes y mejorar\u00e1n el valor percibido general de los productos envasados.<\/p>\n<h1><strong>Especificaci\u00f3n<\/strong><\/h1>\n<table style=\"height: 666px;\" width=\"1070\">\n<tbody>\n<tr>\n<td width=\"373\">Dimensiones<\/td>\n<td width=\"373\">Todos los tama\u00f1os y formas personalizados<\/td>\n<\/tr>\n<tr>\n<td width=\"373\">MOQ<\/td>\n<td width=\"373\">500 unidades<\/td>\n<\/tr>\n<tr>\n<td width=\"373\">Tiempo de muestreo<\/td>\n<td width=\"373\">3-5 d\u00edas<\/td>\n<\/tr>\n<tr>\n<td width=\"373\">Proceso por defecto<\/td>\n<td width=\"373\">Troquelado, encolado, rayado, perforaci\u00f3n<\/td>\n<\/tr>\n<tr>\n<td width=\"373\">Impresi\u00f3n<\/td>\n<td width=\"373\">Cmyk, pms, sin impresi\u00f3n<\/td>\n<\/tr>\n<tr>\n<td width=\"373\">Material Opci\u00f3n<\/td>\n<td width=\"373\">Papel cart\u00f3n blanco, papel estucado, papel art\u00edstico, papel kraft, cart\u00f3n marfil, cart\u00f3n d\u00faplex, papel especial, etc.<\/td>\n<\/tr>\n<tr>\n<td width=\"373\">Acabado de superficies<\/td>\n<td width=\"373\">Laminado mate\/brillante, estampado en relieve, gofrado, estampado en caliente, etc.<\/td>\n<\/tr>\n<tr>\n<td width=\"373\">Uso industrial<\/td>\n<td width=\"373\">cosm\u00e9ticos, perfumes, prendas de vestir, joyas, tabaco, alimentos, regalos y productos de consumo diario,<\/td>\n<\/tr>\n<tr>\n<td width=\"373\">Control de calidad<\/td>\n<td width=\"373\">El equipo avanzado y el equipo experimentado del control de calidad comprobar\u00e1n el material, los productos semielaborados y acabados terminantemente en cada paso antes de que<\/td>\n<\/tr>\n<tr>\n<td width=\"373\">Precio<\/td>\n<td width=\"373\">El precio final se adaptar\u00e1 a su producto y a la cantidad que necesite<\/td>\n<\/tr>\n<tr>\n<td width=\"373\">Plazo de entrega<\/td>\n<td width=\"373\">7-14 d\u00edas laborables , rush<\/td>\n<\/tr>\n<tr>\n<td width=\"373\">Papel<\/td>\n<td width=\"373\">De 10pt a 28pt (de 60lb a 400lb) Kraft ecol\u00f3gico, corrugado e-flute, cart\u00f3n bux, cartulina<\/td>\n<\/tr>\n<tr>\n<td width=\"373\">Formato de las ilustraciones<\/td>\n<td width=\"373\">JPG, PDF, AI, CDR, EPS, GIF....<\/td>\n<\/tr>\n<tr>\n<td width=\"373\">Accesorios<\/td>\n<td width=\"373\">Im\u00e1n, cinta, forma EVA , bandeja de pl\u00e1stico, esponja, ventana de PVC\/PET\/PP,...<\/td>\n<\/tr>\n<tr>\n<td width=\"373\">Plazo de pago<\/td>\n<td width=\"373\">T\/T, Western Union, Paypal, 30% de dep\u00f3sito y 70% de saldo antes del env\u00edo.<\/td>\n<\/tr>\n<\/tbody>\n<\/table>\n<div class=\"widget block block-static-block\">\n<div class=\"landing-page-section option-bottom\">\n<div class=\"custom-materials-tabs-content container container-adjustment\">\n<div class=\"custom-materials-tab-content active\">\n<div class=\"widget block block-static-block\">\n<div class=\"options-items\">\n<div class=\"flex-grid-row-option\">\n<div class=\"flex-grid-item-option\">\n<div class=\"material-box\">\n<p>&nbsp;<\/p>\n<\/div>\n<\/div>\n<\/div>\n<\/div>\n<p><!---end of option item--><\/p>\n<\/div>\n<\/div>\n<\/div>\n<\/div>\n<\/div>","protected":false},"excerpt":{"rendered":"<p>1. El dise\u00f1o de la caja de papel del caj\u00f3n y la apertura deslizante hacen que sea f\u00e1cil para los usuarios abrir y cerrar, lo que puede reducir el tiempo de operaci\u00f3n del usuario y mejorar la experiencia de unboxing<br \/>\n2. Varios tama\u00f1os se pueden personalizar de acuerdo a sus productos, adecuados para el envasado de diversas cajas de colgante de joyer\u00eda al por mayor<br \/>\n3. El sistema de colores macaron reduce la fatiga visual y crea una atm\u00f3sfera relajante y curativa<\/p>","protected":false},"featured_media":4090,"template":"","meta":[],"product_brand":[],"product_cat":[30,415,31,426],"product_tag":[743,744,745],"class_list":{"0":"post-4084","1":"product","2":"type-product","3":"status-publish","4":"has-post-thumbnail","6":"product_cat-by-industry","7":"product_cat-custom-jewelry-boxes-by-industry","8":"product_cat-paper-box-style","9":"product_cat-paper-drawer-boxes","10":"product_tag-jewelry-packaging","11":"product_tag-necklace-packaging-boxes","12":"product_tag-small-jewelry-packaging-manufacturer","14":"first","15":"instock","16":"shipping-taxable","17":"product-type-grouped"},"_links":{"self":[{"href":"https:\/\/zojopackaging.com\/es\/wp-json\/wp\/v2\/product\/4084","targetHints":{"allow":["GET"]}}],"collection":[{"href":"https:\/\/zojopackaging.com\/es\/wp-json\/wp\/v2\/product"}],"about":[{"href":"https:\/\/zojopackaging.com\/es\/wp-json\/wp\/v2\/types\/product"}],"version-history":[{"count":2,"href":"https:\/\/zojopackaging.com\/es\/wp-json\/wp\/v2\/product\/4084\/revisions"}],"predecessor-version":[{"id":8435,"href":"https:\/\/zojopackaging.com\/es\/wp-json\/wp\/v2\/product\/4084\/revisions\/8435"}],"wp:featuredmedia":[{"embeddable":true,"href":"https:\/\/zojopackaging.com\/es\/wp-json\/wp\/v2\/media\/4090"}],"wp:attachment":[{"href":"https:\/\/zojopackaging.com\/es\/wp-json\/wp\/v2\/media?parent=4084"}],"wp:term":[{"taxonomy":"product_brand","embeddable":true,"href":"https:\/\/zojopackaging.com\/es\/wp-json\/wp\/v2\/product_brand?post=4084"},{"taxonomy":"product_cat","embeddable":true,"href":"https:\/\/zojopackaging.com\/es\/wp-json\/wp\/v2\/product_cat?post=4084"},{"taxonomy":"product_tag","embeddable":true,"href":"https:\/\/zojopackaging.com\/es\/wp-json\/wp\/v2\/product_tag?post=4084"}],"curies":[{"name":"wp","href":"https:\/\/api.w.org\/{rel}","templated":true}]}}