{"id":4100,"date":"2024-03-21T09:47:45","date_gmt":"2024-03-21T01:47:45","guid":{"rendered":"https:\/\/zojopackaging.com\/?post_type=product&#038;p=4100"},"modified":"2025-03-28T09:45:06","modified_gmt":"2025-03-28T01:45:06","slug":"custom-slide-out-drawer-packaging-box","status":"publish","type":"product","link":"https:\/\/zojopackaging.com\/es\/product\/custom-slide-out-drawer-packaging-box\/","title":{"rendered":"Cajas de Regalo Personalizadas para Carteras al por mayor"},"content":{"rendered":"<h1>Cajas de Regalo Personalizadas para Carteras al por mayor<\/h1>\n<p>Las lujosas cajas de regalo personalizadas al por mayor para embalar carteras son una soluci\u00f3n de embalaje sofisticada y vers\u00e1til que ofrece una experiencia \u00fanica al abrir la caja.<\/p>\n<p>Las opciones de personalizaci\u00f3n de las cajas de regalo de lujo al por mayor son muy amplias, lo que permite a las empresas crear una soluci\u00f3n de envasado a medida que se ajuste a la identidad de su marca y a las especificaciones de sus productos. Desde la elecci\u00f3n de las dimensiones y los materiales hasta la selecci\u00f3n del color, el acabado y las opciones de impresi\u00f3n, todos los aspectos de la caja pueden personalizarse para crear un dise\u00f1o \u00fanico.<\/p>\n<p>Elementos de marca como logotipos, gr\u00e1ficos y texto pueden mostrarse de forma destacada en la funda exterior o en el propio caj\u00f3n, mejorando el reconocimiento de la marca y creando una experiencia memorable para los clientes al abrir la caja. El interior de la caja tambi\u00e9n puede personalizarse con inserciones, separadores o acolchado para mantener los productos en su sitio y a\u00f1adir un toque de calidad a la presentaci\u00f3n.<\/p>\n<p>La caja de embalaje con caj\u00f3n deslizante no s\u00f3lo es visualmente atractiva, sino tambi\u00e9n funcional, ya que ofrece una forma c\u00f3moda y elegante de exponer los productos. Tanto si se utiliza para art\u00edculos de venta al por menor como para regalos o material promocional, esta soluci\u00f3n de envasado dejar\u00e1 una impresi\u00f3n duradera en los clientes y aumentar\u00e1 el valor percibido de los productos que contiene.<\/p>\n<h1><strong>Especificaci\u00f3n<\/strong><\/h1>\n<table style=\"height: 666px;\" width=\"1070\">\n<tbody>\n<tr>\n<td width=\"373\">Dimensiones<\/td>\n<td width=\"373\">Todos los tama\u00f1os y formas personalizados<\/td>\n<\/tr>\n<tr>\n<td width=\"373\">MOQ<\/td>\n<td width=\"373\">500 unidades<\/td>\n<\/tr>\n<tr>\n<td width=\"373\">Tiempo de muestreo<\/td>\n<td width=\"373\">3-5 d\u00edas<\/td>\n<\/tr>\n<tr>\n<td width=\"373\">Proceso por defecto<\/td>\n<td width=\"373\">Troquelado, encolado, rayado, perforaci\u00f3n<\/td>\n<\/tr>\n<tr>\n<td width=\"373\">Impresi\u00f3n<\/td>\n<td width=\"373\">Cmyk, pms, sin impresi\u00f3n<\/td>\n<\/tr>\n<tr>\n<td width=\"373\">Material Opci\u00f3n<\/td>\n<td width=\"373\">Papel cart\u00f3n blanco, papel estucado, papel art\u00edstico, papel kraft, cart\u00f3n marfil, cart\u00f3n d\u00faplex, papel especial, etc.<\/td>\n<\/tr>\n<tr>\n<td width=\"373\">Acabado de superficies<\/td>\n<td width=\"373\">Laminado mate\/brillante, estampado en relieve, gofrado, estampado en caliente, etc.<\/td>\n<\/tr>\n<tr>\n<td width=\"373\">Uso industrial<\/td>\n<td width=\"373\">cosm\u00e9ticos, perfumes, prendas de vestir, joyas, tabaco, alimentos, regalos y productos de consumo diario,<\/td>\n<\/tr>\n<tr>\n<td width=\"373\">Control de calidad<\/td>\n<td width=\"373\">El equipo avanzado y el equipo experimentado del control de calidad comprobar\u00e1n el material, los productos semielaborados y acabados terminantemente en cada paso antes de que<\/td>\n<\/tr>\n<tr>\n<td width=\"373\">Precio<\/td>\n<td width=\"373\">El precio final se adaptar\u00e1 a su producto y a la cantidad que necesite<\/td>\n<\/tr>\n<tr>\n<td width=\"373\">Plazo de entrega<\/td>\n<td width=\"373\">7-14 d\u00edas laborables , rush<\/td>\n<\/tr>\n<tr>\n<td width=\"373\">Papel<\/td>\n<td width=\"373\">De 10pt a 28pt (de 60lb a 400lb) Kraft ecol\u00f3gico, corrugado e-flute, cart\u00f3n bux, cartulina<\/td>\n<\/tr>\n<tr>\n<td width=\"373\">Formato de las ilustraciones<\/td>\n<td width=\"373\">JPG, PDF, AI, CDR, EPS, GIF....<\/td>\n<\/tr>\n<tr>\n<td width=\"373\">Accesorios<\/td>\n<td width=\"373\">Im\u00e1n, cinta, forma EVA , bandeja de pl\u00e1stico, esponja, ventana de PVC\/PET\/PP,...<\/td>\n<\/tr>\n<tr>\n<td width=\"373\">Plazo de pago<\/td>\n<td width=\"373\">T\/T, Western Union, Paypal, 30% de dep\u00f3sito y 70% de saldo antes del env\u00edo.<\/td>\n<\/tr>\n<\/tbody>\n<\/table>\n<div class=\"widget block block-static-block\">\n<div class=\"landing-page-section option-bottom\">\n<div class=\"custom-materials-tabs-content container container-adjustment\">\n<div class=\"custom-materials-tab-content active\">\n<div class=\"widget block block-static-block\">\n<div class=\"options-items\">\n<div class=\"flex-grid-row-option\">\n<div class=\"flex-grid-item-option\">\n<div class=\"material-box\">\n<p>&nbsp;<\/p>\n<\/div>\n<\/div>\n<\/div>\n<\/div>\n<p><!---end of option item--><\/p>\n<\/div>\n<\/div>\n<\/div>\n<\/div>\n<\/div>","protected":false},"excerpt":{"rendered":"<p>1. El dise\u00f1o de la caja y la apertura deslizante hacen que sea f\u00e1cil para los usuarios abrir y cerrar, lo que puede reducir el tiempo de operaci\u00f3n del usuario y mejorar la experiencia unboxing<br \/>\n2. Varios tama\u00f1os se pueden personalizar de acuerdo a su producto, adecuado para el envasado de diversas carteras<br \/>\n3. El sistema de colores macaron reduce la fatiga visual y crea una atm\u00f3sfera relajante y curativa<\/p>","protected":false},"featured_media":4101,"template":"","meta":[],"product_brand":[],"product_cat":[30,413,31,426],"product_tag":[731,730,732],"class_list":{"0":"post-4100","1":"product","2":"type-product","3":"status-publish","4":"has-post-thumbnail","6":"product_cat-by-industry","7":"product_cat-consumer-electronics-boxes","8":"product_cat-paper-box-style","9":"product_cat-paper-drawer-boxes","10":"product_tag-wallet-gift-boxes","11":"product_tag-wallet-packaging","12":"product_tag-wallet-packaging-wholesale","14":"first","15":"instock","16":"shipping-taxable","17":"product-type-grouped"},"_links":{"self":[{"href":"https:\/\/zojopackaging.com\/es\/wp-json\/wp\/v2\/product\/4100","targetHints":{"allow":["GET"]}}],"collection":[{"href":"https:\/\/zojopackaging.com\/es\/wp-json\/wp\/v2\/product"}],"about":[{"href":"https:\/\/zojopackaging.com\/es\/wp-json\/wp\/v2\/types\/product"}],"version-history":[{"count":2,"href":"https:\/\/zojopackaging.com\/es\/wp-json\/wp\/v2\/product\/4100\/revisions"}],"predecessor-version":[{"id":8430,"href":"https:\/\/zojopackaging.com\/es\/wp-json\/wp\/v2\/product\/4100\/revisions\/8430"}],"wp:featuredmedia":[{"embeddable":true,"href":"https:\/\/zojopackaging.com\/es\/wp-json\/wp\/v2\/media\/4101"}],"wp:attachment":[{"href":"https:\/\/zojopackaging.com\/es\/wp-json\/wp\/v2\/media?parent=4100"}],"wp:term":[{"taxonomy":"product_brand","embeddable":true,"href":"https:\/\/zojopackaging.com\/es\/wp-json\/wp\/v2\/product_brand?post=4100"},{"taxonomy":"product_cat","embeddable":true,"href":"https:\/\/zojopackaging.com\/es\/wp-json\/wp\/v2\/product_cat?post=4100"},{"taxonomy":"product_tag","embeddable":true,"href":"https:\/\/zojopackaging.com\/es\/wp-json\/wp\/v2\/product_tag?post=4100"}],"curies":[{"name":"wp","href":"https:\/\/api.w.org\/{rel}","templated":true}]}}