{"id":4107,"date":"2024-03-21T09:52:05","date_gmt":"2024-03-21T01:52:05","guid":{"rendered":"https:\/\/zojopackaging.com\/?post_type=product&#038;p=4107"},"modified":"2025-03-28T10:18:47","modified_gmt":"2025-03-28T02:18:47","slug":"light-blue-drawer-packaging-box","status":"publish","type":"product","link":"https:\/\/zojopackaging.com\/es\/product\/light-blue-drawer-packaging-box\/","title":{"rendered":"Lujo personalizado pulsera anillo pendiente cajas de regalo al por mayor"},"content":{"rendered":"<h1>Lujo personalizado pulsera anillo pendiente cajas de regalo al por mayor<\/h1>\n<p>Las lujosas cajas de regalo personalizadas al por mayor para pulseras, anillos y pendientes son una soluci\u00f3n de envasado elegante y encantadora que desprende sofisticaci\u00f3n y estilo. El color azul claro a\u00f1ade un toque suave y relajante al envase, por lo que es ideal para una variedad de productos como cosm\u00e9ticos, joyas o regalos de lujo.<\/p>\n<p>Fabricada en cart\u00f3n de alta calidad, la caja de embalaje con cajones azul claro ofrece durabilidad y solidez para proteger el contenido durante el almacenamiento y el transporte. El dise\u00f1o del caj\u00f3n permite acceder a los productos de forma c\u00f3moda y elegante, a\u00f1adiendo un toque de lujo a la experiencia de abrir la caja.<\/p>\n<p>El acabado liso de la caja de cart\u00f3n azul claro le confiere un aspecto elegante y de primera calidad, mejorando la presentaci\u00f3n general de los productos envasados. Las opciones de personalizaci\u00f3n permiten imprimir elementos de marca, logotipos y dise\u00f1os en la caja, creando una soluci\u00f3n de envasado personalizada y llamativa.<\/p>\n<p>Tanto si se utiliza para productos minoristas como para ocasiones especiales o art\u00edculos promocionales, la caja de embalaje con caj\u00f3n azul claro cautivar\u00e1 a los clientes por su elegante dise\u00f1o y su atenci\u00f3n al detalle. Esta soluci\u00f3n de envasado no solo protege los productos en su interior, sino que tambi\u00e9n mejora el valor percibido general, lo que la convierte en una opci\u00f3n perfecta para las marcas que buscan causar una impresi\u00f3n duradera.<\/p>\n<h1><strong>Especificaci\u00f3n<\/strong><\/h1>\n<table style=\"height: 666px;\" width=\"1070\">\n<tbody>\n<tr>\n<td width=\"373\">Dimensiones<\/td>\n<td width=\"373\">Todos los tama\u00f1os y formas personalizados<\/td>\n<\/tr>\n<tr>\n<td width=\"373\">MOQ<\/td>\n<td width=\"373\">500 unidades<\/td>\n<\/tr>\n<tr>\n<td width=\"373\">Tiempo de muestreo<\/td>\n<td width=\"373\">3-5 d\u00edas<\/td>\n<\/tr>\n<tr>\n<td width=\"373\">Proceso por defecto<\/td>\n<td width=\"373\">Troquelado, encolado, rayado, perforaci\u00f3n<\/td>\n<\/tr>\n<tr>\n<td width=\"373\">Impresi\u00f3n<\/td>\n<td width=\"373\">Cmyk, pms, sin impresi\u00f3n<\/td>\n<\/tr>\n<tr>\n<td width=\"373\">Material Opci\u00f3n<\/td>\n<td width=\"373\">Papel cart\u00f3n blanco, papel estucado, papel art\u00edstico, papel kraft, cart\u00f3n marfil, cart\u00f3n d\u00faplex, papel especial, etc.<\/td>\n<\/tr>\n<tr>\n<td width=\"373\">Acabado de superficies<\/td>\n<td width=\"373\">Laminado mate\/brillante, estampado en relieve, gofrado, estampado en caliente, etc.<\/td>\n<\/tr>\n<tr>\n<td width=\"373\">Uso industrial<\/td>\n<td width=\"373\">cosm\u00e9ticos, perfumes, prendas de vestir, joyas, tabaco, alimentos, regalos y productos de consumo diario,<\/td>\n<\/tr>\n<tr>\n<td width=\"373\">Control de calidad<\/td>\n<td width=\"373\">El equipo avanzado y el equipo experimentado del control de calidad comprobar\u00e1n el material, los productos semielaborados y acabados terminantemente en cada paso antes de que<\/td>\n<\/tr>\n<tr>\n<td width=\"373\">Precio<\/td>\n<td width=\"373\">El precio final se adaptar\u00e1 a su producto y a la cantidad que necesite<\/td>\n<\/tr>\n<tr>\n<td width=\"373\">Plazo de entrega<\/td>\n<td width=\"373\">7-14 d\u00edas laborables , rush<\/td>\n<\/tr>\n<tr>\n<td width=\"373\">Papel<\/td>\n<td width=\"373\">De 10pt a 28pt (de 60lb a 400lb) Kraft ecol\u00f3gico, corrugado e-flute, cart\u00f3n bux, cartulina<\/td>\n<\/tr>\n<tr>\n<td width=\"373\">Formato de las ilustraciones<\/td>\n<td width=\"373\">JPG, PDF, AI, CDR, EPS, GIF....<\/td>\n<\/tr>\n<tr>\n<td width=\"373\">Accesorios<\/td>\n<td width=\"373\">Im\u00e1n, cinta, forma EVA , bandeja de pl\u00e1stico, esponja, ventana de PVC\/PET\/PP,...<\/td>\n<\/tr>\n<tr>\n<td width=\"373\">Plazo de pago<\/td>\n<td width=\"373\">T\/T, Western Union, Paypal, 30% de dep\u00f3sito y 70% de saldo antes del env\u00edo.<\/td>\n<\/tr>\n<\/tbody>\n<\/table>\n<div class=\"widget block block-static-block\">\n<div class=\"landing-page-section option-bottom\">\n<div class=\"custom-materials-tabs-content container container-adjustment\">\n<div class=\"custom-materials-tab-content active\">\n<div class=\"widget block block-static-block\">\n<div class=\"options-items\">\n<div class=\"flex-grid-row-option\">\n<div class=\"flex-grid-item-option\">\n<div class=\"material-box\">\n<p>&nbsp;<\/p>\n<\/div>\n<\/div>\n<\/div>\n<\/div>\n<p><!---end of option item--><\/p>\n<\/div>\n<\/div>\n<\/div>\n<\/div>\n<\/div>","protected":false},"excerpt":{"rendered":"<p>1. El dise\u00f1o de la caja de papel del caj\u00f3n y la apertura deslizante hacen que sea f\u00e1cil para los usuarios abrir y cerrar, lo que puede reducir el tiempo de operaci\u00f3n del usuario y mejorar la experiencia de unboxing<br \/>\n2. Varios tama\u00f1os se pueden personalizar de acuerdo a sus productos, adecuados para el envasado de diversas cajas de colgante de joyer\u00eda al por mayor<br \/>\n3. El proceso de estampaci\u00f3n en caliente en oro confiere al envase una sensaci\u00f3n de lujo y una presentaci\u00f3n visual de alta calidad.<\/p>","protected":false},"featured_media":4111,"template":"","meta":[],"product_brand":[],"product_cat":[30,415,31,426],"product_tag":[343,742,741],"class_list":{"0":"post-4107","1":"product","2":"type-product","3":"status-publish","4":"has-post-thumbnail","6":"product_cat-by-industry","7":"product_cat-custom-jewelry-boxes-by-industry","8":"product_cat-paper-box-style","9":"product_cat-paper-drawer-boxes","10":"product_tag-custom-bracelet-boxes","11":"product_tag-earring-gift-boxes-wholesale","12":"product_tag-luxury-ring-boxes","14":"first","15":"instock","16":"shipping-taxable","17":"product-type-grouped"},"_links":{"self":[{"href":"https:\/\/zojopackaging.com\/es\/wp-json\/wp\/v2\/product\/4107","targetHints":{"allow":["GET"]}}],"collection":[{"href":"https:\/\/zojopackaging.com\/es\/wp-json\/wp\/v2\/product"}],"about":[{"href":"https:\/\/zojopackaging.com\/es\/wp-json\/wp\/v2\/types\/product"}],"version-history":[{"count":2,"href":"https:\/\/zojopackaging.com\/es\/wp-json\/wp\/v2\/product\/4107\/revisions"}],"predecessor-version":[{"id":8434,"href":"https:\/\/zojopackaging.com\/es\/wp-json\/wp\/v2\/product\/4107\/revisions\/8434"}],"wp:featuredmedia":[{"embeddable":true,"href":"https:\/\/zojopackaging.com\/es\/wp-json\/wp\/v2\/media\/4111"}],"wp:attachment":[{"href":"https:\/\/zojopackaging.com\/es\/wp-json\/wp\/v2\/media?parent=4107"}],"wp:term":[{"taxonomy":"product_brand","embeddable":true,"href":"https:\/\/zojopackaging.com\/es\/wp-json\/wp\/v2\/product_brand?post=4107"},{"taxonomy":"product_cat","embeddable":true,"href":"https:\/\/zojopackaging.com\/es\/wp-json\/wp\/v2\/product_cat?post=4107"},{"taxonomy":"product_tag","embeddable":true,"href":"https:\/\/zojopackaging.com\/es\/wp-json\/wp\/v2\/product_tag?post=4107"}],"curies":[{"name":"wp","href":"https:\/\/api.w.org\/{rel}","templated":true}]}}