{"id":4134,"date":"2024-03-21T10:04:33","date_gmt":"2024-03-21T02:04:33","guid":{"rendered":"https:\/\/zojopackaging.com\/?post_type=product&#038;p=4134"},"modified":"2025-03-28T10:10:46","modified_gmt":"2025-03-28T02:10:46","slug":"underwear-drawer-packaging-box","status":"publish","type":"product","link":"https:\/\/zojopackaging.com\/es\/product\/underwear-drawer-packaging-box\/","title":{"rendered":"Caja de embalaje con caj\u00f3n deslizante para ropa interior femenina"},"content":{"rendered":"<h1>Caja de embalaje con caj\u00f3n deslizante para ropa interior femenina<\/h1>\n<p>La caja de embalaje con caj\u00f3n deslizante para ropa interior femenina es una soluci\u00f3n de embalaje especializada y pr\u00e1ctica dise\u00f1ada espec\u00edficamente para almacenar y presentar ropa interior y lencer\u00eda. Este innovador dise\u00f1o presenta una apertura tipo caj\u00f3n que permite acceder f\u00e1cilmente a las prendas de su interior, lo que facilita a los clientes la recuperaci\u00f3n y el almacenamiento de sus art\u00edculos.<\/p>\n<p>Fabricado con materiales de alta calidad, como cart\u00f3n resistente o cartulina, el caj\u00f3n para ropa interior ofrece protecci\u00f3n y organizaci\u00f3n para las prendas delicadas. El dise\u00f1o del caj\u00f3n garantiza que la ropa interior permanezca bien doblada y segura durante su almacenamiento y transporte, ayudando a mantener su forma y calidad.<\/p>\n<p>El acabado elegante y moderno de la caja de embalaje para cajones de ropa interior le confiere un aspecto elegante y sofisticado, realzando la presentaci\u00f3n general de la ropa interior. Existen opciones de personalizaci\u00f3n para a\u00f1adir elementos de marca, logotipos y dise\u00f1os al exterior de la caja, creando una soluci\u00f3n de embalaje personalizada y atractiva.<\/p>\n<h1><strong>Especificaci\u00f3n<\/strong><\/h1>\n<table style=\"height: 666px;\" width=\"1070\">\n<tbody>\n<tr>\n<td width=\"373\">Dimensiones<\/td>\n<td width=\"373\">Todos los tama\u00f1os y formas personalizados<\/td>\n<\/tr>\n<tr>\n<td width=\"373\">MOQ<\/td>\n<td width=\"373\">500 unidades<\/td>\n<\/tr>\n<tr>\n<td width=\"373\">Tiempo de muestreo<\/td>\n<td width=\"373\">3-5 d\u00edas<\/td>\n<\/tr>\n<tr>\n<td width=\"373\">Proceso por defecto<\/td>\n<td width=\"373\">Troquelado, encolado, rayado, perforaci\u00f3n<\/td>\n<\/tr>\n<tr>\n<td width=\"373\">Impresi\u00f3n<\/td>\n<td width=\"373\">Cmyk, pms, sin impresi\u00f3n<\/td>\n<\/tr>\n<tr>\n<td width=\"373\">Material Opci\u00f3n<\/td>\n<td width=\"373\">Papel cart\u00f3n blanco, papel estucado, papel art\u00edstico, papel kraft, cart\u00f3n marfil, cart\u00f3n d\u00faplex, papel especial, etc.<\/td>\n<\/tr>\n<tr>\n<td width=\"373\">Acabado de superficies<\/td>\n<td width=\"373\">Laminado mate\/brillante, estampado en relieve, gofrado, estampado en caliente, etc.<\/td>\n<\/tr>\n<tr>\n<td width=\"373\">Uso industrial<\/td>\n<td width=\"373\">cosm\u00e9ticos, perfumes, prendas de vestir, joyas, tabaco, alimentos, regalos y productos de consumo diario,<\/td>\n<\/tr>\n<tr>\n<td width=\"373\">Control de calidad<\/td>\n<td width=\"373\">El equipo avanzado y el equipo experimentado del control de calidad comprobar\u00e1n el material, los productos semielaborados y acabados terminantemente en cada paso antes de que<\/td>\n<\/tr>\n<tr>\n<td width=\"373\">Precio<\/td>\n<td width=\"373\">El precio final se adaptar\u00e1 a su producto y a la cantidad que necesite<\/td>\n<\/tr>\n<tr>\n<td width=\"373\">Plazo de entrega<\/td>\n<td width=\"373\">7-14 d\u00edas laborables , rush<\/td>\n<\/tr>\n<tr>\n<td width=\"373\">Papel<\/td>\n<td width=\"373\">De 10pt a 28pt (de 60lb a 400lb) Kraft ecol\u00f3gico, corrugado e-flute, cart\u00f3n bux, cartulina<\/td>\n<\/tr>\n<tr>\n<td width=\"373\">Formato de las ilustraciones<\/td>\n<td width=\"373\">JPG, PDF, AI, CDR, EPS, GIF....<\/td>\n<\/tr>\n<tr>\n<td width=\"373\">Accesorios<\/td>\n<td width=\"373\">Im\u00e1n, cinta, forma EVA , bandeja de pl\u00e1stico, esponja, ventana de PVC\/PET\/PP,...<\/td>\n<\/tr>\n<tr>\n<td width=\"373\">Plazo de pago<\/td>\n<td width=\"373\">T\/T, Western Union, Paypal, 30% de dep\u00f3sito y 70% de saldo antes del env\u00edo.<\/td>\n<\/tr>\n<\/tbody>\n<\/table>\n<div class=\"widget block block-static-block\">\n<div class=\"landing-page-section option-bottom\">\n<div class=\"custom-materials-tabs-content container container-adjustment\">\n<div class=\"custom-materials-tab-content active\">\n<div class=\"widget block block-static-block\">\n<div class=\"options-items\">\n<div class=\"flex-grid-row-option\">\n<div class=\"flex-grid-item-option\">\n<div class=\"material-box\">\n<p>&nbsp;<\/p>\n<\/div>\n<\/div>\n<\/div>\n<\/div>\n<p><!---end of option item--><\/p>\n<\/div>\n<\/div>\n<\/div>\n<\/div>\n<\/div>","protected":false},"excerpt":{"rendered":"<p>1. L\u00e1mina de oro rojo estampada en caliente, que confiere al envase una sensaci\u00f3n de lujo y una presentaci\u00f3n visual de alta calidad.<br \/>\n2. Varios tama\u00f1os se pueden personalizar de acuerdo a su producto, adecuado para el envasado de diversos tipos de prendas de vestir<br \/>\n3. Dise\u00f1o de caja de papel de caj\u00f3n, apertura deslizante hace que sea conveniente para los usuarios abrir y cerrar, lo que puede reducir el tiempo de operaci\u00f3n del usuario y mejorar la experiencia unboxing.<\/p>","protected":false},"featured_media":4140,"template":"","meta":[],"product_brand":[],"product_cat":[30,415,31,426],"product_tag":[738,739,740],"class_list":{"0":"post-4134","1":"product","2":"type-product","3":"status-publish","4":"has-post-thumbnail","6":"product_cat-by-industry","7":"product_cat-custom-jewelry-boxes-by-industry","8":"product_cat-paper-box-style","9":"product_cat-paper-drawer-boxes","10":"product_tag-underwear-packaging-box","11":"product_tag-underwear-sliding-drawer-box","12":"product_tag-women-underwear-packaging","14":"first","15":"instock","16":"shipping-taxable","17":"product-type-grouped"},"_links":{"self":[{"href":"https:\/\/zojopackaging.com\/es\/wp-json\/wp\/v2\/product\/4134","targetHints":{"allow":["GET"]}}],"collection":[{"href":"https:\/\/zojopackaging.com\/es\/wp-json\/wp\/v2\/product"}],"about":[{"href":"https:\/\/zojopackaging.com\/es\/wp-json\/wp\/v2\/types\/product"}],"version-history":[{"count":2,"href":"https:\/\/zojopackaging.com\/es\/wp-json\/wp\/v2\/product\/4134\/revisions"}],"predecessor-version":[{"id":8433,"href":"https:\/\/zojopackaging.com\/es\/wp-json\/wp\/v2\/product\/4134\/revisions\/8433"}],"wp:featuredmedia":[{"embeddable":true,"href":"https:\/\/zojopackaging.com\/es\/wp-json\/wp\/v2\/media\/4140"}],"wp:attachment":[{"href":"https:\/\/zojopackaging.com\/es\/wp-json\/wp\/v2\/media?parent=4134"}],"wp:term":[{"taxonomy":"product_brand","embeddable":true,"href":"https:\/\/zojopackaging.com\/es\/wp-json\/wp\/v2\/product_brand?post=4134"},{"taxonomy":"product_cat","embeddable":true,"href":"https:\/\/zojopackaging.com\/es\/wp-json\/wp\/v2\/product_cat?post=4134"},{"taxonomy":"product_tag","embeddable":true,"href":"https:\/\/zojopackaging.com\/es\/wp-json\/wp\/v2\/product_tag?post=4134"}],"curies":[{"name":"wp","href":"https:\/\/api.w.org\/{rel}","templated":true}]}}