{"id":4141,"date":"2024-03-21T10:08:37","date_gmt":"2024-03-21T02:08:37","guid":{"rendered":"https:\/\/zojopackaging.com\/?post_type=product&#038;p=4141"},"modified":"2025-03-28T09:54:37","modified_gmt":"2025-03-28T01:54:37","slug":"custom-printing-drawer-packaging-box","status":"publish","type":"product","link":"https:\/\/zojopackaging.com\/es\/product\/custom-printing-drawer-packaging-box\/","title":{"rendered":"Anillo de marca personalizada de cart\u00f3n Joyer\u00eda Anklet Cajas al por mayor"},"content":{"rendered":"<h1>Anillo de marca personalizada de cart\u00f3n Joyer\u00eda Anklet Cajas al por mayor<\/h1>\n<p>Las cajas de cart\u00f3n para tobilleras de joyer\u00eda con anillas personalizadas al por mayor son una soluci\u00f3n de embalaje vers\u00e1til y personalizada que ofrece un alto nivel de personalizaci\u00f3n para satisfacer las necesidades de marca exclusivas de las empresas. Este innovador dise\u00f1o presenta una apertura tipo caj\u00f3n para facilitar el acceso al contenido interior, combinada con la posibilidad de mostrar dise\u00f1os personalizados, logotipos y elementos de marca en el exterior de la caja.<\/p>\n<p>Fabricada con materiales de alta calidad, como cart\u00f3n resistente o cartulina, la caja de cajones con impresi\u00f3n personalizada ofrece protecci\u00f3n y atractivo visual para los productos envasados. La opci\u00f3n de impresi\u00f3n personalizada permite a las empresas crear una soluci\u00f3n de envasado totalmente personalizada que refleja su identidad de marca y sus mensajes, lo que la convierte en una poderosa herramienta de marketing para mejorar el reconocimiento de la marca y la captaci\u00f3n de clientes.<\/p>\n<p>El elegante acabado de la caja de embalaje para cajones con impresi\u00f3n personalizada le confiere un aspecto profesional y pulido, elevando la presentaci\u00f3n general de los productos que contiene. Las empresas pueden elegir entre diversas t\u00e9cnicas de impresi\u00f3n, como la impresi\u00f3n offset, la impresi\u00f3n digital o el estampado, para crear dise\u00f1os llamativos y vibrantes que cautiven a los clientes y dejen una impresi\u00f3n duradera.<\/p>\n<h1><strong>Especificaci\u00f3n<\/strong><\/h1>\n<table style=\"height: 666px;\" width=\"1070\">\n<tbody>\n<tr>\n<td width=\"373\">Dimensiones<\/td>\n<td width=\"373\">Todos los tama\u00f1os y formas personalizados<\/td>\n<\/tr>\n<tr>\n<td width=\"373\">MOQ<\/td>\n<td width=\"373\">500 unidades<\/td>\n<\/tr>\n<tr>\n<td width=\"373\">Tiempo de muestreo<\/td>\n<td width=\"373\">3-5 d\u00edas<\/td>\n<\/tr>\n<tr>\n<td width=\"373\">Proceso por defecto<\/td>\n<td width=\"373\">Troquelado, encolado, rayado, perforaci\u00f3n<\/td>\n<\/tr>\n<tr>\n<td width=\"373\">Impresi\u00f3n<\/td>\n<td width=\"373\">Cmyk, pms, sin impresi\u00f3n<\/td>\n<\/tr>\n<tr>\n<td width=\"373\">Material Opci\u00f3n<\/td>\n<td width=\"373\">Papel cart\u00f3n blanco, papel estucado, papel art\u00edstico, papel kraft, cart\u00f3n marfil, cart\u00f3n d\u00faplex, papel especial, etc.<\/td>\n<\/tr>\n<tr>\n<td width=\"373\">Acabado de superficies<\/td>\n<td width=\"373\">Laminado mate\/brillante, estampado en relieve, gofrado, estampado en caliente, etc.<\/td>\n<\/tr>\n<tr>\n<td width=\"373\">Uso industrial<\/td>\n<td width=\"373\">cosm\u00e9ticos, perfumes, prendas de vestir, joyas, tabaco, alimentos, regalos y productos de consumo diario,<\/td>\n<\/tr>\n<tr>\n<td width=\"373\">Control de calidad<\/td>\n<td width=\"373\">El equipo avanzado y el equipo experimentado del control de calidad comprobar\u00e1n el material, los productos semielaborados y acabados terminantemente en cada paso antes de que<\/td>\n<\/tr>\n<tr>\n<td width=\"373\">Precio<\/td>\n<td width=\"373\">El precio final se adaptar\u00e1 a su producto y a la cantidad que necesite<\/td>\n<\/tr>\n<tr>\n<td width=\"373\">Plazo de entrega<\/td>\n<td width=\"373\">7-14 d\u00edas laborables , rush<\/td>\n<\/tr>\n<tr>\n<td width=\"373\">Papel<\/td>\n<td width=\"373\">De 10pt a 28pt (de 60lb a 400lb) Kraft ecol\u00f3gico, corrugado e-flute, cart\u00f3n bux, cartulina<\/td>\n<\/tr>\n<tr>\n<td width=\"373\">Formato de las ilustraciones<\/td>\n<td width=\"373\">JPG, PDF, AI, CDR, EPS, GIF....<\/td>\n<\/tr>\n<tr>\n<td width=\"373\">Accesorios<\/td>\n<td width=\"373\">Im\u00e1n, cinta, forma EVA , bandeja de pl\u00e1stico, esponja, ventana de PVC\/PET\/PP,...<\/td>\n<\/tr>\n<tr>\n<td width=\"373\">Plazo de pago<\/td>\n<td width=\"373\">T\/T, Western Union, Paypal, 30% de dep\u00f3sito y 70% de saldo antes del env\u00edo.<\/td>\n<\/tr>\n<\/tbody>\n<\/table>\n<div class=\"widget block block-static-block\">\n<div class=\"landing-page-section option-bottom\">\n<div class=\"custom-materials-tabs-content container container-adjustment\">\n<div class=\"custom-materials-tab-content active\">\n<div class=\"widget block block-static-block\">\n<div class=\"options-items\">\n<div class=\"flex-grid-row-option\">\n<div class=\"flex-grid-item-option\">\n<div class=\"material-box\">\n<p>&nbsp;<\/p>\n<\/div>\n<\/div>\n<\/div>\n<\/div>\n<p><!---end of option item--><\/p>\n<\/div>\n<\/div>\n<\/div>\n<\/div>\n<\/div>","protected":false},"excerpt":{"rendered":"<p>1. El dise\u00f1o de la caja de papel del caj\u00f3n y la apertura deslizante hacen que sea f\u00e1cil para los usuarios abrir y cerrar, lo que puede reducir el tiempo de operaci\u00f3n del usuario y mejorar la experiencia de unboxing<br \/>\n2. Varios tama\u00f1os se pueden personalizar de acuerdo a sus productos, adecuados para el envasado de diversas tobilleras joyas y anillos<br \/>\n3. El sistema de colores macaron reduce la fatiga visual y crea una atm\u00f3sfera relajante y curativa<\/p>","protected":false},"featured_media":4143,"template":"","meta":[],"product_brand":[],"product_cat":[30,415,31,426],"product_tag":[734,733,575],"class_list":{"0":"post-4141","1":"product","2":"type-product","3":"status-publish","4":"has-post-thumbnail","6":"product_cat-by-industry","7":"product_cat-custom-jewelry-boxes-by-industry","8":"product_cat-paper-box-style","9":"product_cat-paper-drawer-boxes","10":"product_tag-cardboard-jewelry-boxes","11":"product_tag-custom-ring-boxes","12":"product_tag-jewelry-boxes-wholesale","14":"first","15":"instock","16":"shipping-taxable","17":"product-type-grouped"},"_links":{"self":[{"href":"https:\/\/zojopackaging.com\/es\/wp-json\/wp\/v2\/product\/4141","targetHints":{"allow":["GET"]}}],"collection":[{"href":"https:\/\/zojopackaging.com\/es\/wp-json\/wp\/v2\/product"}],"about":[{"href":"https:\/\/zojopackaging.com\/es\/wp-json\/wp\/v2\/types\/product"}],"version-history":[{"count":2,"href":"https:\/\/zojopackaging.com\/es\/wp-json\/wp\/v2\/product\/4141\/revisions"}],"predecessor-version":[{"id":8431,"href":"https:\/\/zojopackaging.com\/es\/wp-json\/wp\/v2\/product\/4141\/revisions\/8431"}],"wp:featuredmedia":[{"embeddable":true,"href":"https:\/\/zojopackaging.com\/es\/wp-json\/wp\/v2\/media\/4143"}],"wp:attachment":[{"href":"https:\/\/zojopackaging.com\/es\/wp-json\/wp\/v2\/media?parent=4141"}],"wp:term":[{"taxonomy":"product_brand","embeddable":true,"href":"https:\/\/zojopackaging.com\/es\/wp-json\/wp\/v2\/product_brand?post=4141"},{"taxonomy":"product_cat","embeddable":true,"href":"https:\/\/zojopackaging.com\/es\/wp-json\/wp\/v2\/product_cat?post=4141"},{"taxonomy":"product_tag","embeddable":true,"href":"https:\/\/zojopackaging.com\/es\/wp-json\/wp\/v2\/product_tag?post=4141"}],"curies":[{"name":"wp","href":"https:\/\/api.w.org\/{rel}","templated":true}]}}