{"id":4163,"date":"2024-03-21T10:32:37","date_gmt":"2024-03-21T02:32:37","guid":{"rendered":"https:\/\/zojopackaging.com\/?post_type=product&#038;p=4163"},"modified":"2025-03-28T00:43:27","modified_gmt":"2025-03-27T16:43:27","slug":"black-chocolate-packaging-box","status":"publish","type":"product","link":"https:\/\/zojopackaging.com\/es\/product\/black-chocolate-packaging-box\/","title":{"rendered":"Cajas de regalo de chocolate gourmet de lujo Fabricantes"},"content":{"rendered":"<h1>Cajas de regalo de chocolate gourmet de lujo<\/h1>\n<p>La caja de chocolate negro es una lujosa y sofisticada soluci\u00f3n de envasado dise\u00f1ada espec\u00edficamente para exponer y proteger productos de chocolate negro de primera calidad. Este dise\u00f1o exclusivo cuenta con una pr\u00e1ctica tapa abatible que se abre suavemente para revelar los deliciosos chocolates de su interior, proporcionando a los clientes una experiencia \u00fanica al abrir la caja.<\/p>\n<p>Fabricada con materiales de alta calidad, como cart\u00f3n negro resistente o cartulina, la caja abatible ofrece una combinaci\u00f3n perfecta de durabilidad y elegancia. El color negro de la caja a\u00f1ade un toque de lujo y sofisticaci\u00f3n, que complementa a la perfecci\u00f3n la naturaleza rica e indulgente del chocolate negro.<\/p>\n<p>El acabado liso y elegante de la caja abatible de chocolate negro le confiere un aspecto de gama alta y exclusivo, realzando la presentaci\u00f3n general de los bombones que contiene. Existen opciones de personalizaci\u00f3n para a\u00f1adir elementos de marca, logotipos y dise\u00f1os al exterior de la caja, lo que permite a las empresas crear una soluci\u00f3n de envasado personalizada y de primera calidad que refleje la calidad de los productos que contiene.<\/p>\n<h1><strong>Especificaci\u00f3n<\/strong><\/h1>\n<table style=\"height: 666px;\" width=\"1070\">\n<tbody>\n<tr>\n<td width=\"373\">Dimensiones<\/td>\n<td width=\"373\">Todos los tama\u00f1os y formas personalizados<\/td>\n<\/tr>\n<tr>\n<td width=\"373\">MOQ<\/td>\n<td width=\"373\">500 unidades<\/td>\n<\/tr>\n<tr>\n<td width=\"373\">Tiempo de muestreo<\/td>\n<td width=\"373\">3-5 d\u00edas<\/td>\n<\/tr>\n<tr>\n<td width=\"373\">Proceso por defecto<\/td>\n<td width=\"373\">Troquelado, encolado, rayado, perforaci\u00f3n<\/td>\n<\/tr>\n<tr>\n<td width=\"373\">Impresi\u00f3n<\/td>\n<td width=\"373\">Cmyk, pms, sin impresi\u00f3n<\/td>\n<\/tr>\n<tr>\n<td width=\"373\">Material Opci\u00f3n<\/td>\n<td width=\"373\">Papel cart\u00f3n blanco, papel estucado, papel art\u00edstico, papel kraft, cart\u00f3n marfil, cart\u00f3n d\u00faplex, papel especial, etc.<\/td>\n<\/tr>\n<tr>\n<td width=\"373\">Acabado de superficies<\/td>\n<td width=\"373\">Laminado mate\/brillante, estampado en relieve, gofrado, estampado en caliente, etc.<\/td>\n<\/tr>\n<tr>\n<td width=\"373\">Uso industrial<\/td>\n<td width=\"373\">cosm\u00e9ticos, perfumes, prendas de vestir, joyas, tabaco, alimentos, regalos y productos de consumo diario,<\/td>\n<\/tr>\n<tr>\n<td width=\"373\">Control de calidad<\/td>\n<td width=\"373\">El equipo avanzado y el equipo experimentado del control de calidad comprobar\u00e1n el material, los productos semielaborados y acabados terminantemente en cada paso antes de que<\/td>\n<\/tr>\n<tr>\n<td width=\"373\">Precio<\/td>\n<td width=\"373\">El precio final se adaptar\u00e1 a su producto y a la cantidad que necesite<\/td>\n<\/tr>\n<tr>\n<td width=\"373\">Plazo de entrega<\/td>\n<td width=\"373\">7-14 d\u00edas laborables , rush<\/td>\n<\/tr>\n<tr>\n<td width=\"373\">Papel<\/td>\n<td width=\"373\">De 10pt a 28pt (de 60lb a 400lb) Kraft ecol\u00f3gico, corrugado e-flute, cart\u00f3n bux, cartulina<\/td>\n<\/tr>\n<tr>\n<td width=\"373\">Formato de las ilustraciones<\/td>\n<td width=\"373\">JPG, PDF, AI, CDR, EPS, GIF....<\/td>\n<\/tr>\n<tr>\n<td width=\"373\">Accesorios<\/td>\n<td width=\"373\">Im\u00e1n, cinta, forma EVA , bandeja de pl\u00e1stico, esponja, ventana de PVC\/PET\/PP,...<\/td>\n<\/tr>\n<tr>\n<td width=\"373\">Plazo de pago<\/td>\n<td width=\"373\">T\/T, Western Union, Paypal, 30% de dep\u00f3sito y 70% de saldo antes del env\u00edo.<\/td>\n<\/tr>\n<\/tbody>\n<\/table>\n<div><\/div>\n<div class=\"widget block block-static-block\">\n<div class=\"landing-page-section option-bottom\">\n<div class=\"custom-materials-tabs-content container container-adjustment\">\n<div class=\"custom-materials-tab-content active\">\n<div class=\"widget block block-static-block\">\n<div class=\"options-items\">\n<div class=\"flex-grid-row-option\">\n<div class=\"flex-grid-item-option\">\n<div class=\"material-box\">\n<div class=\"material-des\">\n<h1><strong>PREGUNTAS FRECUENTES<\/strong><\/h1>\n<p><strong>Ya sea de f\u00e1brica ?<\/strong><\/p>\n<p>S\u00ed, somos f\u00e1brica, somos fabricante profesional para la caja de papel y el bolso de papel.<\/p>\n<p><strong>\u00bfPuede enviarse con un piso?<\/strong><\/p>\n<p>No, est\u00e1 hecha de papel art\u00edstico + cart\u00f3n, por lo que es una caja de papel r\u00edgido.<\/p>\n<p><strong>\u00bfPodemos personalizarlo?<\/strong><\/p>\n<p>S\u00ed, podemos personalizar la caja de papel para usted, para que pueda elegir el tama\u00f1o de la caja, el color de la caja y el logotipo.<\/p>\n<p><strong>\u00bfPodr\u00eda hacerme una muestra?<\/strong><\/p>\n<p>S\u00ed, podemos hacer muestras para usted, y la tarifa de la muestra depende del proceso.<\/p>\n<p><strong>\u00bfC\u00f3mo hacer un pedido?<\/strong><\/p>\n<ol>\n<li>Ind\u00edquenos sus datos<\/li>\n<li>Le hacemos un presupuesto<\/li>\n<li>hacer una muestra<\/li>\n<li>Pagar el dep\u00f3sito<\/li>\n<li>Producci\u00f3n en serie<\/li>\n<li>Pagar balacne<\/li>\n<li>Producto de env\u00edo<\/li>\n<\/ol>\n<p><strong>\u00bfY el archivo de dise\u00f1o?<\/strong><\/p>\n<p>PDF, AI est\u00e1n bien .<\/p>\n<p><strong>De cu\u00e1ntas maneras se puede enviar, \u00bfcu\u00e1l es mejor?<\/strong><\/p>\n<p>Por mar, por expreso, por aire, en funci\u00f3n de cu\u00e1ndo desee recibir su producci\u00f3n y en funci\u00f3n de la cantidad que pida.<\/p>\n<\/div>\n<\/div>\n<\/div>\n<\/div>\n<\/div>\n<\/div>\n<\/div>\n<\/div>\n<\/div>\n<\/div>\n<div class=\"widget block block-static-block\">\n<div class=\"landing-page-section option-bottom\">\n<div class=\"custom-materials-tabs-content container container-adjustment\">\n<div class=\"custom-materials-tab-content active\">\n<div class=\"widget block block-static-block\">\n<div class=\"options-items\">\n<div class=\"flex-grid-row-option\">\n<div class=\"flex-grid-item-option\">\n<div class=\"material-box\">\n<p>&nbsp;<\/p>\n<\/div>\n<\/div>\n<\/div>\n<\/div>\n<p><!---end of option item--><\/p>\n<\/div>\n<\/div>\n<\/div>\n<\/div>\n<\/div>","protected":false},"excerpt":{"rendered":"<ul>\n<li>MOQ: 500 piezas<\/li>\n<li>Plazo de entrega:7-14 d\u00edas laborables , Rush<\/li>\n<li>Dimensiones a medida (di\u00e1metro x altura)<\/li>\n<li>Impresi\u00f3n personalizada<\/li>\n<li>Ecol\u00f3gico, reciclable y sin pl\u00e1stico<\/li>\n<li>Precio\uff1aEl precio final se adaptar\u00e1 a su producto y a la cantidad que necesite.<\/li>\n<\/ul>","protected":false},"featured_media":4169,"template":"","meta":[],"product_brand":[],"product_cat":[30,422,424,31],"product_tag":[729,728,727],"class_list":{"0":"post-4163","1":"product","2":"type-product","3":"status-publish","4":"has-post-thumbnail","6":"product_cat-by-industry","7":"product_cat-custom-gourmet-boxes-by-industry","8":"product_cat-magnetic-closure-boxes","9":"product_cat-paper-box-style","10":"product_tag-chocolate-boxes-manufacturer","11":"product_tag-chocolate-gift-boxes","12":"product_tag-gourmet-gift-boxes","14":"first","15":"instock","16":"shipping-taxable","17":"product-type-grouped"},"_links":{"self":[{"href":"https:\/\/zojopackaging.com\/es\/wp-json\/wp\/v2\/product\/4163","targetHints":{"allow":["GET"]}}],"collection":[{"href":"https:\/\/zojopackaging.com\/es\/wp-json\/wp\/v2\/product"}],"about":[{"href":"https:\/\/zojopackaging.com\/es\/wp-json\/wp\/v2\/types\/product"}],"version-history":[{"count":2,"href":"https:\/\/zojopackaging.com\/es\/wp-json\/wp\/v2\/product\/4163\/revisions"}],"predecessor-version":[{"id":8429,"href":"https:\/\/zojopackaging.com\/es\/wp-json\/wp\/v2\/product\/4163\/revisions\/8429"}],"wp:featuredmedia":[{"embeddable":true,"href":"https:\/\/zojopackaging.com\/es\/wp-json\/wp\/v2\/media\/4169"}],"wp:attachment":[{"href":"https:\/\/zojopackaging.com\/es\/wp-json\/wp\/v2\/media?parent=4163"}],"wp:term":[{"taxonomy":"product_brand","embeddable":true,"href":"https:\/\/zojopackaging.com\/es\/wp-json\/wp\/v2\/product_brand?post=4163"},{"taxonomy":"product_cat","embeddable":true,"href":"https:\/\/zojopackaging.com\/es\/wp-json\/wp\/v2\/product_cat?post=4163"},{"taxonomy":"product_tag","embeddable":true,"href":"https:\/\/zojopackaging.com\/es\/wp-json\/wp\/v2\/product_tag?post=4163"}],"curies":[{"name":"wp","href":"https:\/\/api.w.org\/{rel}","templated":true}]}}