{"id":4170,"date":"2024-03-21T10:37:14","date_gmt":"2024-03-21T02:37:14","guid":{"rendered":"https:\/\/zojopackaging.com\/?post_type=product&#038;p=4170"},"modified":"2025-04-03T12:51:52","modified_gmt":"2025-04-03T04:51:52","slug":"valentines-day-gift-packaging-box","status":"publish","type":"product","link":"https:\/\/zojopackaging.com\/es\/product\/valentines-day-gift-packaging-box\/","title":{"rendered":"Caja magn\u00e9tica personalizada para regalos de San Valent\u00edn"},"content":{"rendered":"<h1>Caja magn\u00e9tica personalizada para regalos de San Valent\u00edn<\/h1>\n<p>La caja de regalo de San Valent\u00edn es una soluci\u00f3n de embalaje rom\u00e1ntica y encantadora dise\u00f1ada para a\u00f1adir un toque especial a los regalos que se intercambian en esta ocasi\u00f3n llena de amor. Este dise\u00f1o \u00fanico presenta un tema encantador y festivo que capta el esp\u00edritu del D\u00eda de San Valent\u00edn, por lo que es la elecci\u00f3n perfecta para empaquetar regalos para los seres queridos.<\/p>\n<p>Fabricada con materiales de alta calidad, como cart\u00f3n o cartulina, la caja de regalo de San Valent\u00edn ofrece tanto durabilidad como atractivo visual. La caja puede adornarse con motivos rom\u00e1nticos, como corazones, rosas o Cupido, para crear un dise\u00f1o caprichoso y encantador que establezca el tono perfecto para la ocasi\u00f3n.<\/p>\n<p>El acabado vibrante y colorido de la caja de regalo de San Valent\u00edn a\u00f1ade un elemento festivo y de celebraci\u00f3n, realzando la presentaci\u00f3n general de los regalos que contiene. Hay opciones de personalizaci\u00f3n disponibles para a\u00f1adir mensajes, nombres o dise\u00f1os personalizados al exterior de la caja, lo que permite a los obsequiadores crear una soluci\u00f3n de embalaje realmente \u00fanica y sentida.<\/p>\n<p>Tanto si se utiliza para presentar bombones, joyas, flores u otros regalos especiales, la caja de regalo de San Valent\u00edn har\u00e1 las delicias de sus destinatarios con su dise\u00f1o atento y rom\u00e1ntico. Esta soluci\u00f3n de envasado no solo a\u00f1ade un extra de encanto y emoci\u00f3n a la experiencia de regalar, sino que tambi\u00e9n sirve como hermoso recuerdo que captura el amor y el afecto compartidos en San Valent\u00edn.<\/p>\n<h1><strong>Especificaci\u00f3n<\/strong><\/h1>\n<table style=\"border-collapse: collapse; width: 759.02pt;\" border=\"0\" width=\"1012\" cellspacing=\"0\" cellpadding=\"0\">\n<tbody>\n<tr style=\"height: 16.50pt;\">\n<td class=\"et3\" style=\"height: 16.50pt; width: 379.50pt;\" width=\"506\" height=\"22\">Dimensiones<\/td>\n<td class=\"et3\" style=\"width: 379.50pt;\" width=\"506\">Todos los tama\u00f1os y formas personalizados<\/td>\n<\/tr>\n<tr style=\"height: 16.50pt;\">\n<td class=\"et3\" style=\"height: 16.50pt;\" height=\"22\">Cantidad m\u00ednima<\/td>\n<td class=\"et3\">50 Cajas ( Opci\u00f3n de muestra r\u00edgida disponible )<\/td>\n<\/tr>\n<tr style=\"height: 16.50pt;\">\n<td class=\"et3\" style=\"height: 16.50pt;\" height=\"22\">Proceso por defecto<\/td>\n<td class=\"et3\">Troquelado, encolado, rayado, perforaci\u00f3n<\/td>\n<\/tr>\n<tr style=\"height: 16.50pt;\">\n<td class=\"et3\" style=\"height: 16.50pt;\" height=\"22\">Impresi\u00f3n<\/td>\n<td class=\"et3\">Cmyk, pms, sin impresi\u00f3n<\/td>\n<\/tr>\n<tr style=\"height: 16.50pt;\">\n<td class=\"et3\" style=\"height: 16.50pt;\" height=\"22\">Material Opci\u00f3n<\/td>\n<td class=\"et3\">Papel cart\u00f3n blanco, papel estucado, papel art\u00edstico, papel kraft, cart\u00f3n marfil, cart\u00f3n d\u00faplex, papel especial, etc.<\/td>\n<\/tr>\n<tr style=\"height: 17.25pt;\">\n<td class=\"et3\" style=\"height: 17.25pt;\" height=\"23\">Acabado de superficies<\/td>\n<td class=\"et4\" style=\"width: 379.50pt;\" width=\"506\">Laminado mate\/brillante, estampado en relieve, gofrado, estampado en caliente, etc.<\/td>\n<\/tr>\n<tr style=\"height: 17.25pt;\">\n<td class=\"et4\" style=\"height: 17.25pt; width: 379.50pt;\" width=\"506\" height=\"23\">Uso industrial<\/td>\n<td class=\"et4\" style=\"width: 379.50pt;\" width=\"506\">cosm\u00e9ticos, perfumes, prendas de vestir, joyas, tabaco, alimentos, regalos y productos de consumo diario,<\/td>\n<\/tr>\n<tr style=\"height: 34.50pt;\">\n<td class=\"et4\" style=\"height: 34.50pt; width: 379.50pt;\" width=\"506\" height=\"46\">Control de calidad<\/td>\n<td class=\"et4\" style=\"width: 379.50pt;\" width=\"506\">El equipo avanzado y el equipo experimentado del control de calidad comprobar\u00e1n el material, los productos semielaborados y acabados terminantemente en cada paso antes de que<\/td>\n<\/tr>\n<tr style=\"height: 34.50pt;\">\n<td class=\"et4\" style=\"height: 34.50pt; width: 379.50pt;\" width=\"506\" height=\"46\">Precio<\/td>\n<td class=\"et4\" style=\"width: 379.50pt;\" width=\"506\">El precio final se adaptar\u00e1 a su producto y a la cantidad que necesite<\/td>\n<\/tr>\n<tr style=\"height: 16.50pt;\">\n<td class=\"et3\" style=\"height: 16.50pt;\" height=\"22\">Plazo de entrega<\/td>\n<td class=\"et3\">10-12 d\u00edas laborables , rush<\/td>\n<\/tr>\n<tr style=\"height: 16.50pt;\">\n<td class=\"et3\" style=\"height: 16.50pt;\" height=\"22\">Papel<\/td>\n<td class=\"et3\">De 10pt a 28pt (de 60lb a 400lb) Kraft ecol\u00f3gico, corrugado e-flute, cart\u00f3n bux, cartulina<\/td>\n<\/tr>\n<tr style=\"height: 16.50pt;\">\n<td class=\"et3\" style=\"height: 16.50pt;\" height=\"22\">Prueba<\/td>\n<td class=\"et3\">Vista plana, maqueta 3d, muestra f\u00edsica (a petici\u00f3n)<\/td>\n<\/tr>\n<\/tbody>\n<\/table>\n<div class=\"widget block block-static-block\">\n<div class=\"landing-page-section option-bottom\">\n<div class=\"custom-materials-tabs-content container container-adjustment\">\n<div class=\"custom-materials-tab-content active\">\n<div class=\"widget block block-static-block\">\n<div class=\"options-items\">\n<div class=\"flex-grid-row-option\">\n<div class=\"flex-grid-item-option\">\n<div class=\"material-box\">\n<div class=\"material-des\">\n<p>&nbsp;<\/p>\n<\/div>\n<p>&nbsp;<\/p>\n<\/div>\n<\/div>\n<\/div>\n<\/div>\n<p><!---end of option item--><\/p>\n<\/div>\n<\/div>\n<\/div>\n<\/div>\n<\/div>","protected":false},"excerpt":{"rendered":"<p>Sus cajas regalo para San Valent\u00edn pueden personalizarse a trav\u00e9s de m\u00faltiples canales: Papel con purpurina, logotipos en relieve, estampaci\u00f3n, inserciones de terciopelo, etc.<\/p>\n<p>Tipo de material: Respetuoso con el medio ambiente, con certificaci\u00f3n FSC\/ISO\/BSCI<br \/>\nTiempo de producci\u00f3n: Muestra 1-3 d\u00edas; A granel 7-9 d\u00edas<br \/>\nTiempo de env\u00edo: Express 3-7 d\u00edas; Aire 12-16 d\u00edas; Barco 25-30 d\u00edas\uff08Diferentes pa\u00edses tienen diferentes tiempos)<\/p>\n<p>Precio:\u00a1P\u00f3ngase en contacto con nosotros!<\/p>","protected":false},"featured_media":4174,"template":"","meta":[],"product_brand":[],"product_cat":[30,423,424,31],"product_tag":[809,810,811],"class_list":{"0":"post-4170","1":"product","2":"type-product","3":"status-publish","4":"has-post-thumbnail","6":"product_cat-by-industry","7":"product_cat-custom-presentation-boxes-by-industry","8":"product_cat-magnetic-closure-boxes","9":"product_cat-paper-box-style","10":"product_tag-custom-valentines-day-gift-box","11":"product_tag-magnetic-box-maker","12":"product_tag-packaging-box-maker","14":"first","15":"instock","16":"shipping-taxable","17":"product-type-grouped"},"_links":{"self":[{"href":"https:\/\/zojopackaging.com\/es\/wp-json\/wp\/v2\/product\/4170","targetHints":{"allow":["GET"]}}],"collection":[{"href":"https:\/\/zojopackaging.com\/es\/wp-json\/wp\/v2\/product"}],"about":[{"href":"https:\/\/zojopackaging.com\/es\/wp-json\/wp\/v2\/types\/product"}],"version-history":[{"count":1,"href":"https:\/\/zojopackaging.com\/es\/wp-json\/wp\/v2\/product\/4170\/revisions"}],"predecessor-version":[{"id":8465,"href":"https:\/\/zojopackaging.com\/es\/wp-json\/wp\/v2\/product\/4170\/revisions\/8465"}],"wp:featuredmedia":[{"embeddable":true,"href":"https:\/\/zojopackaging.com\/es\/wp-json\/wp\/v2\/media\/4174"}],"wp:attachment":[{"href":"https:\/\/zojopackaging.com\/es\/wp-json\/wp\/v2\/media?parent=4170"}],"wp:term":[{"taxonomy":"product_brand","embeddable":true,"href":"https:\/\/zojopackaging.com\/es\/wp-json\/wp\/v2\/product_brand?post=4170"},{"taxonomy":"product_cat","embeddable":true,"href":"https:\/\/zojopackaging.com\/es\/wp-json\/wp\/v2\/product_cat?post=4170"},{"taxonomy":"product_tag","embeddable":true,"href":"https:\/\/zojopackaging.com\/es\/wp-json\/wp\/v2\/product_tag?post=4170"}],"curies":[{"name":"wp","href":"https:\/\/api.w.org\/{rel}","templated":true}]}}