{"id":4241,"date":"2024-03-21T14:06:26","date_gmt":"2024-03-21T06:06:26","guid":{"rendered":"https:\/\/zojopackaging.com\/?post_type=product&#038;p=4241"},"modified":"2025-03-28T14:27:31","modified_gmt":"2025-03-28T06:27:31","slug":"musical-instrument-flip-top-box","status":"publish","type":"product","link":"https:\/\/zojopackaging.com\/es\/product\/musical-instrument-flip-top-box\/","title":{"rendered":"Cajas magn\u00e9ticas a medida para instrumentos musicales Fabricantes"},"content":{"rendered":"<h1>Cajas magn\u00e9ticas a medida para instrumentos musicales Fabricantes<\/h1>\n<p>La caja abatible para instrumentos musicales es una soluci\u00f3n de almacenamiento \u00fanica dise\u00f1ada para guardar y transportar instrumentos musicales de forma segura. Est\u00e1 fabricada con materiales duraderos para ofrecer protecci\u00f3n contra da\u00f1os y garantizar la seguridad de su instrumento durante el viaje. La caja es compacta y ligera, lo que facilita su transporte.<\/p>\n<h1>Especificaciones<\/h1>\n<table style=\"border-collapse: collapse; width: 759.02pt;\" border=\"0\" width=\"1012\" cellspacing=\"0\" cellpadding=\"0\">\n<tbody>\n<tr style=\"height: 16.50pt;\">\n<td class=\"et3\" style=\"height: 16.50pt; width: 379.50pt;\" width=\"506\" height=\"22\">Dimensiones<\/td>\n<td class=\"et3\" style=\"width: 379.50pt;\" width=\"506\">Todos los tama\u00f1os y formas personalizados<\/td>\n<\/tr>\n<tr style=\"height: 16.50pt;\">\n<td class=\"et3\" style=\"height: 16.50pt;\" height=\"22\">Cantidad m\u00ednima<\/td>\n<td class=\"et3\">500 unidades<\/td>\n<\/tr>\n<tr style=\"height: 16.50pt;\">\n<td class=\"et3\" style=\"height: 16.50pt;\" height=\"22\">Proceso por defecto<\/td>\n<td class=\"et3\">Troquelado, encolado, rayado, perforaci\u00f3n<\/td>\n<\/tr>\n<tr style=\"height: 16.50pt;\">\n<td class=\"et3\" style=\"height: 16.50pt;\" height=\"22\">Impresi\u00f3n<\/td>\n<td class=\"et3\">Cmyk, pms, sin impresi\u00f3n<\/td>\n<\/tr>\n<tr style=\"height: 16.50pt;\">\n<td class=\"et3\" style=\"height: 16.50pt;\" height=\"22\">Material Opci\u00f3n<\/td>\n<td class=\"et3\">Papel cart\u00f3n blanco, papel estucado, papel art\u00edstico, papel kraft, cart\u00f3n marfil, cart\u00f3n d\u00faplex, papel especial, etc.<\/td>\n<\/tr>\n<tr style=\"height: 17.25pt;\">\n<td class=\"et3\" style=\"height: 17.25pt;\" height=\"23\">Acabado de superficies<\/td>\n<td class=\"et4\" style=\"width: 379.50pt;\" width=\"506\">Laminado mate\/brillante, estampado en relieve, gofrado, estampado en caliente, etc.<\/td>\n<\/tr>\n<tr style=\"height: 17.25pt;\">\n<td class=\"et4\" style=\"height: 17.25pt; width: 379.50pt;\" width=\"506\" height=\"23\">Uso industrial<\/td>\n<td class=\"et4\" style=\"width: 379.50pt;\" width=\"506\">cosm\u00e9ticos, perfumes, prendas de vestir, joyas, tabaco, alimentos, regalos y productos de consumo diario,<\/td>\n<\/tr>\n<tr style=\"height: 34.50pt;\">\n<td class=\"et4\" style=\"height: 34.50pt; width: 379.50pt;\" width=\"506\" height=\"46\">Control de calidad<\/td>\n<td class=\"et4\" style=\"width: 379.50pt;\" width=\"506\">El equipo avanzado y el equipo experimentado del control de calidad comprobar\u00e1n el material, los productos semielaborados y acabados terminantemente en cada paso antes de que<\/td>\n<\/tr>\n<tr style=\"height: 34.50pt;\">\n<td class=\"et4\" style=\"height: 34.50pt; width: 379.50pt;\" width=\"506\" height=\"46\">Precio<\/td>\n<td class=\"et4\" style=\"width: 379.50pt;\" width=\"506\">El precio final se adaptar\u00e1 a su producto y a la cantidad que necesite<\/td>\n<\/tr>\n<tr style=\"height: 16.50pt;\">\n<td class=\"et3\" style=\"height: 16.50pt;\" height=\"22\">Plazo de entrega<\/td>\n<td class=\"et3\">7-14 d\u00edas laborables , rush<\/td>\n<\/tr>\n<tr style=\"height: 16.50pt;\">\n<td class=\"et3\" style=\"height: 16.50pt;\" height=\"22\">Papel<\/td>\n<td class=\"et3\">De 10pt a 28pt (de 60lb a 400lb) Kraft ecol\u00f3gico, corrugado e-flute, cart\u00f3n bux, cartulina<\/td>\n<\/tr>\n<tr style=\"height: 16.50pt;\">\n<td class=\"et3\" style=\"height: 16.50pt;\" height=\"22\">Prueba<\/td>\n<td class=\"et3\">Vista plana, maqueta 3d, muestra f\u00edsica (a petici\u00f3n)<\/td>\n<\/tr>\n<\/tbody>\n<\/table>\n<div class=\"widget block block-static-block\">\n<div class=\"landing-page-section option-bottom\">\n<div class=\"custom-materials-tabs-content container container-adjustment\">\n<div class=\"custom-materials-tab-content active\">\n<div class=\"widget block block-static-block\">\n<div class=\"options-items\">\n<div class=\"flex-grid-row-option\">\n<div class=\"flex-grid-item-option\">\n<div class=\"material-box\">\n<p>&nbsp;<\/p>\n<\/div>\n<\/div>\n<\/div>\n<\/div>\n<p><!---end of option item--><\/p>\n<\/div>\n<\/div>\n<\/div>\n<\/div>\n<\/div>","protected":false},"excerpt":{"rendered":"<p>\u00a1Como una f\u00e1brica profesional de cajas de regalo, ZOJO Print crear y fabricar cajas de regalo de calidad, personalizado con su propio dise\u00f1o de la caja para los clientes, Pregunte en l\u00ednea!<\/p>\n<p>Tipo de material: Respetuoso con el medio ambiente, con certificaci\u00f3n FSC\/ISO\/BSCI<br \/>\nTiempo de producci\u00f3n: Muestra 1-3 d\u00edas; A granel 7-9 d\u00edas<br \/>\nTiempo de env\u00edo: Express 3-7 d\u00edas; Aire 12-16 d\u00edas; Barco 25-30 d\u00edas\uff08Diferentes pa\u00edses tienen diferentes tiempos)<\/p>\n<p>Precio:\u00a1P\u00f3ngase en contacto con nosotros!<\/p>","protected":false},"featured_media":4245,"template":"","meta":[],"product_brand":[],"product_cat":[30,423,424,31],"product_tag":[799,797,798],"class_list":{"0":"post-4241","1":"product","2":"type-product","3":"status-publish","4":"has-post-thumbnail","6":"product_cat-by-industry","7":"product_cat-custom-presentation-boxes-by-industry","8":"product_cat-magnetic-closure-boxes","9":"product_cat-paper-box-style","10":"product_tag-custom-boxes-manufacturer","11":"product_tag-custom-musical-instrument-boxes","12":"product_tag-magnetic-gift-boxes-manufacturer","14":"first","15":"instock","16":"shipping-taxable","17":"product-type-grouped"},"_links":{"self":[{"href":"https:\/\/zojopackaging.com\/es\/wp-json\/wp\/v2\/product\/4241","targetHints":{"allow":["GET"]}}],"collection":[{"href":"https:\/\/zojopackaging.com\/es\/wp-json\/wp\/v2\/product"}],"about":[{"href":"https:\/\/zojopackaging.com\/es\/wp-json\/wp\/v2\/types\/product"}],"version-history":[{"count":2,"href":"https:\/\/zojopackaging.com\/es\/wp-json\/wp\/v2\/product\/4241\/revisions"}],"predecessor-version":[{"id":8460,"href":"https:\/\/zojopackaging.com\/es\/wp-json\/wp\/v2\/product\/4241\/revisions\/8460"}],"wp:featuredmedia":[{"embeddable":true,"href":"https:\/\/zojopackaging.com\/es\/wp-json\/wp\/v2\/media\/4245"}],"wp:attachment":[{"href":"https:\/\/zojopackaging.com\/es\/wp-json\/wp\/v2\/media?parent=4241"}],"wp:term":[{"taxonomy":"product_brand","embeddable":true,"href":"https:\/\/zojopackaging.com\/es\/wp-json\/wp\/v2\/product_brand?post=4241"},{"taxonomy":"product_cat","embeddable":true,"href":"https:\/\/zojopackaging.com\/es\/wp-json\/wp\/v2\/product_cat?post=4241"},{"taxonomy":"product_tag","embeddable":true,"href":"https:\/\/zojopackaging.com\/es\/wp-json\/wp\/v2\/product_tag?post=4241"}],"curies":[{"name":"wp","href":"https:\/\/api.w.org\/{rel}","templated":true}]}}