{"id":4285,"date":"2024-03-21T15:54:56","date_gmt":"2024-03-21T07:54:56","guid":{"rendered":"https:\/\/zojopackaging.com\/?post_type=product&#038;p=4285"},"modified":"2025-03-28T14:13:09","modified_gmt":"2025-03-28T06:13:09","slug":"portable-electronic-cigarette-box","status":"publish","type":"product","link":"https:\/\/zojopackaging.com\/es\/product\/portable-electronic-cigarette-box\/","title":{"rendered":"Caja de tapa y base de bol\u00edgrafo Vape personalizada al por mayor en China"},"content":{"rendered":"<h1>Caja de tapa y base de bol\u00edgrafo Vape personalizada al por mayor en China<\/h1>\n<p>El Electronic Cigarette Box es un dispositivo port\u00e1til y pr\u00e1ctico dise\u00f1ado para los entusiastas del vapeo.<\/p>\n<ul>\n<li>Bater\u00eda: La caja del cigarrillo electr\u00f3nico funciona con una bater\u00eda recargable que proporciona la energ\u00eda necesaria para calentar el e-l\u00edquido y producir vapor.<\/li>\n<li>Dep\u00f3sito: El tanque, tambi\u00e9n conocido como atomizador o clearomizer, es donde se almacena el e-l\u00edquido. Contiene una bobina que se calienta cuando se activa, convirtiendo el e-l\u00edquido en vapor.<\/li>\n<li>Panel de control: Muchas cajas de cigarrillos electr\u00f3nicos cuentan con un panel de control con botones para ajustar la potencia, la temperatura y el flujo de aire para personalizar la experiencia de vapeo.<\/li>\n<li>Pantalla: Algunos modelos vienen con una pantalla OLED o LED que muestra informaci\u00f3n importante como la duraci\u00f3n de la bater\u00eda, el vataje, la resistencia y el recuento de caladas.<\/li>\n<li>Funciones de seguridad: Las cajas de cigarrillos electr\u00f3nicos a menudo tienen caracter\u00edsticas de seguridad incorporadas como protecci\u00f3n contra cortocircuitos, protecci\u00f3n contra sobrecalentamiento y advertencia de bater\u00eda baja para garantizar un uso seguro.<\/li>\n<li>Opciones de personalizaci\u00f3n: Los usuarios a menudo pueden personalizar su experiencia vaping ajustando la configuraci\u00f3n como el vataje, la temperatura y el flujo de aire para adaptarse a sus preferencias.<\/li>\n<li>Dise\u00f1o: Las cajas de cigarrillos electr\u00f3nicos vienen en varios dise\u00f1os, tama\u00f1os y colores para atender a diferentes gustos y estilos.<\/li>\n<\/ul>\n<h1><strong>Especificaci\u00f3n<\/strong><\/h1>\n<div class=\"widget block block-static-block\">\n<div class=\"landing-page-section option-bottom\">\n<div class=\"custom-materials-tabs-content container container-adjustment\">\n<div class=\"custom-materials-tab-content active\">\n<div class=\"widget block block-static-block\">\n<div class=\"options-items\">\n<div class=\"flex-grid-row-option\">\n<div class=\"flex-grid-item-option\">\n<div class=\"material-box\">\n<div class=\"material-des\">\n<table width=\"1070\">\n<tbody>\n<tr>\n<td width=\"373\">Dimensiones<\/td>\n<td width=\"373\">Todos los tama\u00f1os y formas personalizados<\/td>\n<\/tr>\n<tr>\n<td width=\"373\">MOQ<\/td>\n<td width=\"373\">500 unidades<\/td>\n<\/tr>\n<tr>\n<td width=\"373\">Tiempo de muestreo<\/td>\n<td width=\"373\">\u00a03-5 d\u00edas<\/td>\n<\/tr>\n<tr>\n<td width=\"373\">Proceso por defecto<\/td>\n<td width=\"373\">Troquelado, encolado, rayado, perforaci\u00f3n<\/td>\n<\/tr>\n<tr>\n<td width=\"373\">Impresi\u00f3n<\/td>\n<td width=\"373\">Cmyk, pms, sin impresi\u00f3n<\/td>\n<\/tr>\n<tr>\n<td width=\"373\">Material Opci\u00f3n<\/td>\n<td width=\"373\">Papel cart\u00f3n blanco, papel estucado, papel art\u00edstico, papel kraft, cart\u00f3n marfil, cart\u00f3n d\u00faplex, papel especial, etc.<\/td>\n<\/tr>\n<tr>\n<td width=\"373\">Acabado de superficies<\/td>\n<td width=\"373\">Laminado mate\/brillante, estampado en relieve, gofrado, estampado en caliente, etc.<\/td>\n<\/tr>\n<tr>\n<td width=\"373\">Uso industrial<\/td>\n<td width=\"373\">cosm\u00e9ticos, perfumes, prendas de vestir, joyas, tabaco, alimentos, regalos y productos de consumo diario,<\/td>\n<\/tr>\n<tr>\n<td width=\"373\">Control de calidad<\/td>\n<td width=\"373\">El equipo avanzado y el equipo experimentado del control de calidad comprobar\u00e1n el material, los productos semielaborados y acabados terminantemente en cada paso antes de que<\/td>\n<\/tr>\n<tr>\n<td width=\"373\">Precio<\/td>\n<td width=\"373\">El precio final se adaptar\u00e1 a su producto y a la cantidad que necesite<\/td>\n<\/tr>\n<tr>\n<td width=\"373\">Plazo de entrega<\/td>\n<td width=\"373\">7-14 d\u00edas laborables , rush<\/td>\n<\/tr>\n<tr>\n<td width=\"373\">Papel<\/td>\n<td width=\"373\">De 10pt a 28pt (de 60lb a 400lb) Kraft ecol\u00f3gico, corrugado e-flute, cart\u00f3n bux, cartulina<\/td>\n<\/tr>\n<tr>\n<td width=\"373\">Formato de las ilustraciones<\/td>\n<td width=\"373\">JPG, PDF, AI, CDR, EPS, GIF....<\/td>\n<\/tr>\n<tr>\n<td width=\"373\">Accesorios<\/td>\n<td width=\"373\">Im\u00e1n, cinta, forma EVA , bandeja de pl\u00e1stico, esponja, ventana de PVC\/PET\/PP,...<\/td>\n<\/tr>\n<tr>\n<td width=\"373\">Plazo de pago<\/td>\n<td width=\"373\">T\/T, Western Union, Paypal, 30% de dep\u00f3sito y 70% de saldo antes del env\u00edo.<\/td>\n<\/tr>\n<\/tbody>\n<\/table>\n<\/div>\n<\/div>\n<\/div>\n<\/div>\n<\/div>\n<\/div>\n<\/div>\n<\/div>\n<\/div>\n<\/div>\n<h1><strong style=\"font-size: 16px;\">BUSCAR LA EXPERIENCIA DE UN PROFESIONAL PARA DISE\u00d1AR LAS CAJAS PERSONALIZADAS<\/strong><\/h1>\n<div class=\"widget block block-static-block\">\n<div class=\"landing-page-section option-bottom\">\n<div class=\"custom-materials-tabs-content container container-adjustment\">\n<div class=\"custom-materials-tab-content active\">\n<div class=\"widget block block-static-block\">\n<div class=\"options-items\">\n<div class=\"flex-grid-row-option\">\n<div class=\"flex-grid-item-option\">\n<div class=\"material-box\">\n<div class=\"material-des\">\n<p>Custom Packaging cuenta con un equipo de expertos dise\u00f1adores que le ayudar\u00e1n a crear el mejor\u00a0<strong>Cajas de cierre personalizadas<\/strong>\u00a0seg\u00fan sus necesidades. Nuestros dise\u00f1adores le ayudar\u00e1n a elegir el mejor material, forma, tama\u00f1o y color para dise\u00f1ar la caja personalizada que desee. Adem\u00e1s, tambi\u00e9n puede solicitar la orientaci\u00f3n de nuestros profesionales sin que le cobren dinero extra. El proceso de fabricaci\u00f3n de las cajas de cierre a medida no se iniciar\u00e1 a menos que sea aprobado por los clientes. Nuestros dise\u00f1adores proporcionar\u00e1n muestras gratuitas de las cajas con los dise\u00f1os finales antes del proceso de producci\u00f3n para que los clientes sepan lo que van a obtener.<\/p>\n<h2><strong>FACILITAMOS A LOS CLIENTES CADA PASO<\/strong><\/h2>\n<p>Nuestro equipo en The Custom Packaging est\u00e1 aqu\u00ed para facilitar a nuestros clientes cada paso. Nos aseguramos de ofrecer nuestros mejores servicios de personalizaci\u00f3n a precios al por mayor a nuestros clientes. P\u00f3ngase en contacto con nosotros a trav\u00e9s de un correo electr\u00f3nico o ll\u00e1menos para obtener sus \u00f3rdenes hechas de nosotros. Nos comprometemos a satisfacer todas las necesidades de embalaje de nuestros valiosos clientes.<\/p>\n<\/div>\n<p>&nbsp;<\/p>\n<\/div>\n<\/div>\n<\/div>\n<\/div>\n<p><!---end of option item--><\/p>\n<\/div>\n<\/div>\n<\/div>\n<\/div>\n<\/div>","protected":false},"excerpt":{"rendered":"<p>Un envase cl\u00e1sico de caja r\u00edgida para bol\u00edgrafo vapeador. Personalizado con el dise\u00f1o privado del cliente en la caja.<\/p>\n<p>Tipo de material: Respetuoso con el medio ambiente, con certificaci\u00f3n FSC\/ISO\/BSCI<br \/>\nTiempo de producci\u00f3n: Muestra 1-3 d\u00edas; A granel 7-9 d\u00edas<br \/>\nTiempo de env\u00edo: Express 3-7 d\u00edas; Aire 12-16 d\u00edas; Barco 25-30 d\u00edas\uff08Diferentes pa\u00edses tienen diferentes tiempos)<\/p>\n<p>Precio:\u00a1P\u00f3ngase en contacto con nosotros!<\/p>\n<p>&nbsp;<\/p>","protected":false},"featured_media":4288,"template":"","meta":[],"product_brand":[],"product_cat":[30,420,425,31],"product_tag":[791,789,790],"class_list":{"0":"post-4285","1":"product","2":"type-product","3":"status-publish","4":"has-post-thumbnail","6":"product_cat-by-industry","7":"product_cat-custom-cannabis-boxes","8":"product_cat-lid-and-base-gift-box","9":"product_cat-paper-box-style","10":"product_tag-box-wholesale-in-china","11":"product_tag-custom-vape-pen-box","12":"product_tag-vape-pen-box-wholesale","14":"first","15":"instock","16":"shipping-taxable","17":"product-type-grouped"},"_links":{"self":[{"href":"https:\/\/zojopackaging.com\/es\/wp-json\/wp\/v2\/product\/4285","targetHints":{"allow":["GET"]}}],"collection":[{"href":"https:\/\/zojopackaging.com\/es\/wp-json\/wp\/v2\/product"}],"about":[{"href":"https:\/\/zojopackaging.com\/es\/wp-json\/wp\/v2\/types\/product"}],"version-history":[{"count":2,"href":"https:\/\/zojopackaging.com\/es\/wp-json\/wp\/v2\/product\/4285\/revisions"}],"predecessor-version":[{"id":8457,"href":"https:\/\/zojopackaging.com\/es\/wp-json\/wp\/v2\/product\/4285\/revisions\/8457"}],"wp:featuredmedia":[{"embeddable":true,"href":"https:\/\/zojopackaging.com\/es\/wp-json\/wp\/v2\/media\/4288"}],"wp:attachment":[{"href":"https:\/\/zojopackaging.com\/es\/wp-json\/wp\/v2\/media?parent=4285"}],"wp:term":[{"taxonomy":"product_brand","embeddable":true,"href":"https:\/\/zojopackaging.com\/es\/wp-json\/wp\/v2\/product_brand?post=4285"},{"taxonomy":"product_cat","embeddable":true,"href":"https:\/\/zojopackaging.com\/es\/wp-json\/wp\/v2\/product_cat?post=4285"},{"taxonomy":"product_tag","embeddable":true,"href":"https:\/\/zojopackaging.com\/es\/wp-json\/wp\/v2\/product_tag?post=4285"}],"curies":[{"name":"wp","href":"https:\/\/api.w.org\/{rel}","templated":true}]}}