{"id":4344,"date":"2024-03-21T16:57:26","date_gmt":"2024-03-21T08:57:26","guid":{"rendered":"https:\/\/zojopackaging.com\/?post_type=product&#038;p=4344"},"modified":"2025-03-28T13:18:15","modified_gmt":"2025-03-28T05:18:15","slug":"beauty-gift-packaging-box","status":"publish","type":"product","link":"https:\/\/zojopackaging.com\/es\/product\/beauty-gift-packaging-box\/","title":{"rendered":"Cajas de embalaje para productos cosm\u00e9ticos al por mayor"},"content":{"rendered":"<h1 class=\"self-content-pre-ca33f6\">Cajas de embalaje para productos cosm\u00e9ticos al por mayor<\/h1>\n<p>Las cajas de embalaje personalizadas para productos cosm\u00e9ticos al por mayor son un para\u00edso de indulgencia y elegancia, dise\u00f1adas para realzar el encanto de sus preciados regalos. Su exterior es una sinfon\u00eda de materiales exquisitos, meticulosamente elaborados para crear una experiencia visual cautivadora.<\/p>\n<p>La caja puede estar adornada con delicados motivos, lujosos acabados o detalles en relieve, que a\u00f1aden un toque de sofisticaci\u00f3n y refinamiento. Sirve de lienzo, permitiendo que brille la belleza del contenido.<\/p>\n<p>En el interior, el envase ofrece un refugio seguro para los productos de belleza cuidadosamente seleccionados. Cada art\u00edculo se guarda c\u00f3modamente, protegido de posibles da\u00f1os durante el transporte. El interior suele estar forrado con materiales suaves que crean una sensaci\u00f3n de opulencia.<\/p>\n<p>La Beauty Gift Packaging Box no es s\u00f3lo apariencia; es una declaraci\u00f3n de calidad. Muestra la atenci\u00f3n y el cuidado invertidos en la selecci\u00f3n de los regalos perfectos para esa persona especial. Ya contenga productos esenciales para el cuidado de la piel, maquillaje o fragancias, este envase eleva la experiencia del regalo a nuevas cotas.<\/p>\n<p>Con su encanto y seducci\u00f3n, la Beauty Gift Packaging Box se convierte en una deliciosa sorpresa que evoca emociones de alegr\u00eda y emoci\u00f3n al abrirla.<\/p>\n<h1><strong>Especificaci\u00f3n<\/strong><\/h1>\n<table style=\"border-collapse: collapse; width: 759.02pt;\" border=\"0\" width=\"1012\" cellspacing=\"0\" cellpadding=\"0\">\n<tbody>\n<tr style=\"height: 16.50pt;\">\n<td class=\"et3\" style=\"height: 16.50pt; width: 379.50pt;\" width=\"506\" height=\"22\">Dimensiones<\/td>\n<td class=\"et3\" style=\"width: 379.50pt;\" width=\"506\">Todos los tama\u00f1os y formas personalizados<\/td>\n<\/tr>\n<tr style=\"height: 16.50pt;\">\n<td class=\"et3\" style=\"height: 16.50pt;\" height=\"22\">Cantidad m\u00ednima<\/td>\n<td class=\"et3\">500 unidades<\/td>\n<\/tr>\n<tr style=\"height: 16.50pt;\">\n<td class=\"et3\" style=\"height: 16.50pt;\" height=\"22\">Proceso por defecto<\/td>\n<td class=\"et3\">Troquelado, encolado, rayado, perforaci\u00f3n<\/td>\n<\/tr>\n<tr style=\"height: 16.50pt;\">\n<td class=\"et3\" style=\"height: 16.50pt;\" height=\"22\">Impresi\u00f3n<\/td>\n<td class=\"et3\">Cmyk, pms, sin impresi\u00f3n<\/td>\n<\/tr>\n<tr style=\"height: 16.50pt;\">\n<td class=\"et3\" style=\"height: 16.50pt;\" height=\"22\">Material Opci\u00f3n<\/td>\n<td class=\"et3\">Papel cart\u00f3n blanco, papel estucado, papel art\u00edstico, papel kraft, cart\u00f3n marfil, cart\u00f3n d\u00faplex, papel especial, etc.<\/td>\n<\/tr>\n<tr style=\"height: 17.25pt;\">\n<td class=\"et3\" style=\"height: 17.25pt;\" height=\"23\">Acabado de superficies<\/td>\n<td class=\"et4\" style=\"width: 379.50pt;\" width=\"506\">Laminado mate\/brillante, estampado en relieve, gofrado, estampado en caliente, etc.<\/td>\n<\/tr>\n<tr style=\"height: 17.25pt;\">\n<td class=\"et4\" style=\"height: 17.25pt; width: 379.50pt;\" width=\"506\" height=\"23\">Uso industrial<\/td>\n<td class=\"et4\" style=\"width: 379.50pt;\" width=\"506\">cosm\u00e9ticos, perfumes, prendas de vestir, joyas, tabaco, alimentos, regalos y productos de consumo diario,<\/td>\n<\/tr>\n<tr style=\"height: 34.50pt;\">\n<td class=\"et4\" style=\"height: 34.50pt; width: 379.50pt;\" width=\"506\" height=\"46\">Control de calidad<\/td>\n<td class=\"et4\" style=\"width: 379.50pt;\" width=\"506\">El equipo avanzado y el equipo experimentado del control de calidad comprobar\u00e1n el material, los productos semielaborados y acabados terminantemente en cada paso antes de que<\/td>\n<\/tr>\n<tr style=\"height: 34.50pt;\">\n<td class=\"et4\" style=\"height: 34.50pt; width: 379.50pt;\" width=\"506\" height=\"46\">Precio<\/td>\n<td class=\"et4\" style=\"width: 379.50pt;\" width=\"506\">El precio final se adaptar\u00e1 a su producto y a la cantidad que necesite<\/td>\n<\/tr>\n<tr style=\"height: 16.50pt;\">\n<td class=\"et3\" style=\"height: 16.50pt;\" height=\"22\">Plazo de entrega<\/td>\n<td class=\"et3\">7-14 d\u00edas laborables , rush<\/td>\n<\/tr>\n<tr style=\"height: 16.50pt;\">\n<td class=\"et3\" style=\"height: 16.50pt;\" height=\"22\">Papel<\/td>\n<td class=\"et3\">De 10pt a 28pt (de 60lb a 400lb) Kraft ecol\u00f3gico, corrugado e-flute, cart\u00f3n bux, cartulina<\/td>\n<\/tr>\n<tr style=\"height: 16.50pt;\">\n<td class=\"et3\" style=\"height: 16.50pt;\" height=\"22\">Prueba<\/td>\n<td class=\"et3\">Vista plana, maqueta 3d, muestra f\u00edsica (a petici\u00f3n)<\/td>\n<\/tr>\n<\/tbody>\n<\/table>\n<div class=\"widget block block-static-block\">\n<div class=\"landing-page-section option-bottom\">\n<div class=\"custom-materials-tabs-content container container-adjustment\">\n<div class=\"custom-materials-tab-content active\">\n<div class=\"widget block block-static-block\">\n<div class=\"options-items\">\n<div class=\"flex-grid-row-option\">\n<div class=\"flex-grid-item-option\">\n<div class=\"material-box\">\n<p>&nbsp;<\/p>\n<\/div>\n<\/div>\n<\/div>\n<\/div>\n<p><!---end of option item--><\/p>\n<\/div>\n<\/div>\n<\/div>\n<\/div>\n<\/div>","protected":false},"excerpt":{"rendered":"<p>1. El tipo de caja con tapa y base adopta la estructura de tapa superior e inferior, que es conveniente para tomar y ahorra h\u00e1bitos de los consumidores<br \/>\n2. El papel estucado C2S de 157 g y el cart\u00f3n r\u00edgido de 1200 g son materiales respetuosos con el medio ambiente y el desarrollo sostenible.<br \/>\n3. Varios tama\u00f1os se pueden personalizar de acuerdo a sus productos, adecuados para diversos cosm\u00e9ticos y envases de productos de cuidado de la piel<\/p>","protected":false},"featured_media":4347,"template":"","meta":[],"product_brand":[],"product_cat":[30,390,425,31],"product_tag":[776,777,775],"class_list":{"0":"post-4344","1":"product","2":"type-product","3":"status-publish","4":"has-post-thumbnail","6":"product_cat-by-industry","7":"product_cat-custom-cosmetics-boxes","8":"product_cat-lid-and-base-gift-box","9":"product_cat-paper-box-style","10":"product_tag-beauty-packaging-boxes","11":"product_tag-cosmetic-boxes-wholesale","12":"product_tag-custom-cosmetic-packaging","14":"first","15":"instock","16":"shipping-taxable","17":"product-type-grouped"},"_links":{"self":[{"href":"https:\/\/zojopackaging.com\/es\/wp-json\/wp\/v2\/product\/4344","targetHints":{"allow":["GET"]}}],"collection":[{"href":"https:\/\/zojopackaging.com\/es\/wp-json\/wp\/v2\/product"}],"about":[{"href":"https:\/\/zojopackaging.com\/es\/wp-json\/wp\/v2\/types\/product"}],"version-history":[{"count":2,"href":"https:\/\/zojopackaging.com\/es\/wp-json\/wp\/v2\/product\/4344\/revisions"}],"predecessor-version":[{"id":8451,"href":"https:\/\/zojopackaging.com\/es\/wp-json\/wp\/v2\/product\/4344\/revisions\/8451"}],"wp:featuredmedia":[{"embeddable":true,"href":"https:\/\/zojopackaging.com\/es\/wp-json\/wp\/v2\/media\/4347"}],"wp:attachment":[{"href":"https:\/\/zojopackaging.com\/es\/wp-json\/wp\/v2\/media?parent=4344"}],"wp:term":[{"taxonomy":"product_brand","embeddable":true,"href":"https:\/\/zojopackaging.com\/es\/wp-json\/wp\/v2\/product_brand?post=4344"},{"taxonomy":"product_cat","embeddable":true,"href":"https:\/\/zojopackaging.com\/es\/wp-json\/wp\/v2\/product_cat?post=4344"},{"taxonomy":"product_tag","embeddable":true,"href":"https:\/\/zojopackaging.com\/es\/wp-json\/wp\/v2\/product_tag?post=4344"}],"curies":[{"name":"wp","href":"https:\/\/api.w.org\/{rel}","templated":true}]}}