{"id":4358,"date":"2024-03-21T17:12:19","date_gmt":"2024-03-21T09:12:19","guid":{"rendered":"https:\/\/zojopackaging.com\/?post_type=product&#038;p=4358"},"modified":"2025-03-28T12:01:32","modified_gmt":"2025-03-28T04:01:32","slug":"puzzle-toy-packaging-box","status":"publish","type":"product","link":"https:\/\/zojopackaging.com\/es\/product\/puzzle-toy-packaging-box\/","title":{"rendered":"Personalizaci\u00f3n Caja de embalaje r\u00edgida de juguete Fabricantes"},"content":{"rendered":"<div class=\"ast-row single-product-specifications\">\n<div class=\"ast-container\">\n<div class=\"ast-col-xs-12\">\n<div class=\"single-product-specification-wrapper\">\n<h1><strong>Especificaci\u00f3n<\/strong><\/h1>\n<table style=\"border-collapse: collapse; width: 759.02pt;\" border=\"0\" width=\"1012\" cellspacing=\"0\" cellpadding=\"0\">\n<tbody>\n<tr style=\"height: 16.50pt;\">\n<td class=\"et3\" style=\"height: 16.50pt; width: 379.50pt;\" width=\"506\" height=\"22\">Dimensiones<\/td>\n<td class=\"et3\" style=\"width: 379.50pt;\" width=\"506\">Todos los tama\u00f1os y formas personalizados<\/td>\n<\/tr>\n<tr style=\"height: 16.50pt;\">\n<td class=\"et3\" style=\"height: 16.50pt;\" height=\"22\">Cantidad m\u00ednima<\/td>\n<td class=\"et3\">500 unidades<\/td>\n<\/tr>\n<tr style=\"height: 16.50pt;\">\n<td class=\"et3\" style=\"height: 16.50pt;\" height=\"22\">Proceso por defecto<\/td>\n<td class=\"et3\">Troquelado, encolado, rayado, perforaci\u00f3n<\/td>\n<\/tr>\n<tr style=\"height: 16.50pt;\">\n<td class=\"et3\" style=\"height: 16.50pt;\" height=\"22\">Impresi\u00f3n<\/td>\n<td class=\"et3\">Cmyk, pms, sin impresi\u00f3n<\/td>\n<\/tr>\n<tr style=\"height: 16.50pt;\">\n<td class=\"et3\" style=\"height: 16.50pt;\" height=\"22\">Material Opci\u00f3n<\/td>\n<td class=\"et3\">Papel cart\u00f3n blanco, papel estucado, papel art\u00edstico, papel kraft, cart\u00f3n marfil, cart\u00f3n d\u00faplex, papel especial, etc.<\/td>\n<\/tr>\n<tr style=\"height: 17.25pt;\">\n<td class=\"et3\" style=\"height: 17.25pt;\" height=\"23\">Acabado de superficies<\/td>\n<td class=\"et4\" style=\"width: 379.50pt;\" width=\"506\">Laminado mate\/brillante, estampado en relieve, gofrado, estampado en caliente, etc.<\/td>\n<\/tr>\n<tr style=\"height: 17.25pt;\">\n<td class=\"et4\" style=\"height: 17.25pt; width: 379.50pt;\" width=\"506\" height=\"23\">Uso industrial<\/td>\n<td class=\"et4\" style=\"width: 379.50pt;\" width=\"506\">cosm\u00e9ticos, perfumes, prendas de vestir, joyas, tabaco, alimentos, regalos y productos de consumo diario,<\/td>\n<\/tr>\n<tr style=\"height: 34.50pt;\">\n<td class=\"et4\" style=\"height: 34.50pt; width: 379.50pt;\" width=\"506\" height=\"46\">Control de calidad<\/td>\n<td class=\"et4\" style=\"width: 379.50pt;\" width=\"506\">El equipo avanzado y el equipo experimentado del control de calidad comprobar\u00e1n el material, los productos semielaborados y acabados terminantemente en cada paso antes de que<\/td>\n<\/tr>\n<tr style=\"height: 34.50pt;\">\n<td class=\"et4\" style=\"height: 34.50pt; width: 379.50pt;\" width=\"506\" height=\"46\">Precio<\/td>\n<td class=\"et4\" style=\"width: 379.50pt;\" width=\"506\">El precio final se adaptar\u00e1 a su producto y a la cantidad que necesite<\/td>\n<\/tr>\n<tr style=\"height: 16.50pt;\">\n<td class=\"et3\" style=\"height: 16.50pt;\" height=\"22\">Plazo de entrega<\/td>\n<td class=\"et3\">7-14 d\u00edas laborables , rush<\/td>\n<\/tr>\n<tr style=\"height: 16.50pt;\">\n<td class=\"et3\" style=\"height: 16.50pt;\" height=\"22\">Papel<\/td>\n<td class=\"et3\">De 250GSM a 350GSM - 10pt a 28pt (60lb a 400lb), Silk Card\/Art Card, Cart\u00f3n, Corrugado e\/c\/b flute, Kraft Card, Bux Board y PVC\/Pl\u00e1stico y Esmerilado de 300 a 760 micras<\/td>\n<\/tr>\n<tr style=\"height: 16.50pt;\">\n<td class=\"et3\" style=\"height: 16.50pt;\" height=\"22\">Prueba<\/td>\n<td class=\"et3\">Vista plana, maqueta 3d, muestra f\u00edsica (a petici\u00f3n)<\/td>\n<\/tr>\n<\/tbody>\n<\/table>\n<\/div>\n<\/div>\n<\/div>\n<\/div>\n<div class=\"ast-row single-product-description\">\n<div class=\"ast-container\">\n<div class=\"ast-col-xs-12\">\n<h2>Celebrando la dulzura: Con los juguetes de puzzle personalizados Cajas de embalaje Magia:<\/h2>\n<p>En el delicioso mundo de la confiter\u00eda, donde la dulzura es la protagonista,\u00a0<strong>Zojoprint Caja de embalaje<\/strong>\u00a0presenta cajas de embalaje especializadas en juguetes de puzzle dise\u00f1adas para conservar, presentar y realzar el encanto de estas deliciosas creaciones. Fabricamos incre\u00edbles cajas para tartas que tienen un aspecto asombroso y mantienen sus tartas seguras. Nuestra principal preocupaci\u00f3n es fabricar las cajas para tartas de modo que los clientes se sientan atra\u00eddos a morderlas y saborear su exquisitez. No importa lo grande o peque\u00f1o que sea su negocio, trabajamos con ambos tipos de empresas. En todo\u00a0<strong>Reino Unido y Europa<\/strong>, \"Zojoprint Packaging Box\" es una fuente fiable para crear cajas para pasteles de marca. En particular, para las peque\u00f1as empresas, creemos en la producci\u00f3n de cajas de primera calidad a precios razonables. Nuestros talentosos dise\u00f1adores producen cajas para tartas que complementan a la perfecci\u00f3n el aspecto general de su marca. Independientemente de la cantidad que necesite, podemos crear las cajas en cualquier cantidad. Disponemos de maquinaria sofisticada en cuatro continentes. Si a\u00fan no tiene un dise\u00f1o para su caja, \u00e9sta es la mejor opci\u00f3n que tenemos. Sin cobrarle m\u00e1s, nuestro personal de dise\u00f1o est\u00e1 a su disposici\u00f3n para ayudarle. Aqu\u00ed en<\/p>\n<h3>Cajas de embalaje para juguetes de puzzle personalizadas con requisitos a medida disponibles en <strong>Zojoprint Caja de embalaje<\/strong><\/h3>\n<p>\"Zojoprint Packaging Box\" puede ayudarle a convertir sus cajas para tartas en cajas realmente bonitas.  Para sus cajas \u00fanicas, ofrecemos la mayor fuente en el Reino Unido. Adem\u00e1s de asegurarnos de que sus cajas sean resistentes, tambi\u00e9n nos aseguramos de que tengan un aspecto fant\u00e1stico. Nos preocupamos por el medio ambiente y utilizamos materiales como cart\u00f3n, kraft\/craft, corrugado y cartulina de seda. Estos materiales mejoran la salud del planeta. Le ofrecemos una gran selecci\u00f3n de colores impresionantes para elegir a la hora de dise\u00f1ar sus cajas. Para que sus Cake Boxes sean \u00fanicas, a\u00f1ada elementos adicionales como impresi\u00f3n de texturas, UV localizado, l\u00e1minas de oro y plata, gofrado y debossing. Lo mejor es que el plastificado brillante o mate est\u00e1 incluido sin coste adicional, lo que mejorar\u00e1 el aspecto de sus cajas. Nuestro equipo le ayudar\u00e1 con un trabajo de dise\u00f1o gratuito si a\u00fan no tiene listo su dise\u00f1o. Si gastas m\u00e1s de 200 \u00a3, te las entregaremos gratis en cualquier punto del Reino Unido. Tu marca brillar\u00e1 a\u00fan m\u00e1s de lo que hab\u00edas imaginado gracias a nuestros envases ultramodernos. El\u00edjanos para dotar a su marca del envase m\u00e1s exclusivo y sin esfuerzo que destaque entre la competencia.<\/p>\n<h4>Proveedor mayorista de cajas de embalaje de marca Puzzle Toys en el Reino Unido y Europa<\/h4>\n<p>Zojoprint Packaging Box se ha establecido como el proveedor mayorista m\u00e1s fiable de cajas de embalaje a medida para juguetes de Puzzle. Hemos suministrado cientos y miles de cajas de marca Puzzle Toys a miles de clientes en el Reino Unido y Europa. Por lo tanto, si necesita cajas de Puzzle Toys con su propio logotipo y mensaje personalizado, p\u00f3ngase en contacto con nosotros hoy mismo y le ofreceremos un precio inigualable. Comparta sus necesidades de cajas con nosotros y obtenga un presupuesto gratuito sin compromiso.<\/p>\n<\/div>\n<\/div>\n<\/div>\n<div class=\"widget block block-static-block\">\n<div class=\"landing-page-section option-bottom\">\n<div class=\"custom-materials-tabs-content container container-adjustment\">\n<div class=\"custom-materials-tab-content active\">\n<div class=\"widget block block-static-block\">\n<p><!---end of option item--><\/p>\n<\/div>\n<\/div>\n<\/div>\n<\/div>\n<\/div>","protected":false},"excerpt":{"rendered":"<p>Explore Puzzle Box en ZOJO Print.  16 a\u00f1os de experiencia confiable fabricante de China. \u00a1Contacte con nosotros para m\u00e1s detalles!<\/p>\n<p>Personalizaci\u00f3n: Puede personalizar tama\u00f1o\/impresi\u00f3n\/material\/acabado\/forma etc.<br \/>\nTipo de material: Respetuoso con el medio ambiente, con certificaci\u00f3n FSC\/ISO\/BSCI<br \/>\nTiempo de producci\u00f3n: Muestra 1-3 d\u00edas; A granel 7-9 d\u00edas<\/p>","protected":false},"featured_media":4363,"template":"","meta":[],"product_brand":[],"product_cat":[30,423,425,31],"product_tag":[768,769,770],"class_list":{"0":"post-4358","1":"product","2":"type-product","3":"status-publish","4":"has-post-thumbnail","6":"product_cat-by-industry","7":"product_cat-custom-presentation-boxes-by-industry","8":"product_cat-lid-and-base-gift-box","9":"product_cat-paper-box-style","10":"product_tag-customization-rigid-box","11":"product_tag-packaging-box-manufacturers","12":"product_tag-puzzle-toy-box","14":"first","15":"instock","16":"shipping-taxable","17":"product-type-grouped"},"_links":{"self":[{"href":"https:\/\/zojopackaging.com\/es\/wp-json\/wp\/v2\/product\/4358","targetHints":{"allow":["GET"]}}],"collection":[{"href":"https:\/\/zojopackaging.com\/es\/wp-json\/wp\/v2\/product"}],"about":[{"href":"https:\/\/zojopackaging.com\/es\/wp-json\/wp\/v2\/types\/product"}],"version-history":[{"count":2,"href":"https:\/\/zojopackaging.com\/es\/wp-json\/wp\/v2\/product\/4358\/revisions"}],"predecessor-version":[{"id":8448,"href":"https:\/\/zojopackaging.com\/es\/wp-json\/wp\/v2\/product\/4358\/revisions\/8448"}],"wp:featuredmedia":[{"embeddable":true,"href":"https:\/\/zojopackaging.com\/es\/wp-json\/wp\/v2\/media\/4363"}],"wp:attachment":[{"href":"https:\/\/zojopackaging.com\/es\/wp-json\/wp\/v2\/media?parent=4358"}],"wp:term":[{"taxonomy":"product_brand","embeddable":true,"href":"https:\/\/zojopackaging.com\/es\/wp-json\/wp\/v2\/product_brand?post=4358"},{"taxonomy":"product_cat","embeddable":true,"href":"https:\/\/zojopackaging.com\/es\/wp-json\/wp\/v2\/product_cat?post=4358"},{"taxonomy":"product_tag","embeddable":true,"href":"https:\/\/zojopackaging.com\/es\/wp-json\/wp\/v2\/product_tag?post=4358"}],"curies":[{"name":"wp","href":"https:\/\/api.w.org\/{rel}","templated":true}]}}