{"id":4422,"date":"2024-03-22T14:26:55","date_gmt":"2024-03-22T06:26:55","guid":{"rendered":"https:\/\/zojopackaging.com\/?post_type=product&#038;p=4422"},"modified":"2025-03-28T11:37:33","modified_gmt":"2025-03-28T03:37:33","slug":"customized-water-cup-lid-box","status":"publish","type":"product","link":"https:\/\/zojopackaging.com\/es\/product\/customized-water-cup-lid-box\/","title":{"rendered":"Juego de cajas de regalo para tazas de caf\u00e9 con impresi\u00f3n personalizada al por mayor"},"content":{"rendered":"<h1 class=\"self-content-pre-ca33f6\">Juego de cajas de regalo para tazas de caf\u00e9 con impresi\u00f3n personalizada al por mayor<\/h1>\n<p>La taza de caf\u00e9 impresa personalizada embalaje cajas de regalo conjunto al por mayor<\/p>\n<ul>\n<li>Opciones de personalizaci\u00f3n: Esta caja ofrece la flexibilidad de personalizarla seg\u00fan sus requisitos espec\u00edficos. Puede a\u00f1adir el logotipo de su marca, dise\u00f1os personalizados o cualquier otro elemento que desee, lo que permite obtener un aspecto \u00fanico y a medida.<\/li>\n<li>Construcci\u00f3n duradera: Fabricada con materiales de alta calidad, la caja garantiza durabilidad y protecci\u00f3n para las tapas de sus vasos de agua. Puede soportar la manipulaci\u00f3n y el almacenamiento, manteniendo las tapas a salvo de da\u00f1os.<\/li>\n<li>Ajuste preciso: La Caja para Tapas de Vasos de Agua Personalizada est\u00e1 dise\u00f1ada para proporcionar un ajuste perfecto para sus tapas, asegurando una colocaci\u00f3n ajustada y segura. Esto evita que las tapas se muevan o se rayen durante el transporte.<\/li>\n<li>Protecci\u00f3n y organizaci\u00f3n: La caja ayuda a mantener las tapas de los vasos de agua organizadas y protegidas. Evita el polvo, la suciedad y los ara\u00f1azos, garantizando que las tapas se mantengan en perfectas condiciones.<\/li>\n<li>Comodidad: La caja est\u00e1 dise\u00f1ada para facilitar su uso. Puede tener una tapa abatible o extra\u00edble para acceder r\u00e1pidamente a las tapas del interior. Adem\u00e1s, puede ser apilable para un almacenamiento eficiente.<\/li>\n<li>Presentaci\u00f3n lista para regalo: Con su naturaleza personalizable, la caja a\u00f1ade un toque extra de elegancia y consideraci\u00f3n, haci\u00e9ndola adecuada para regalar o mejorar la experiencia general del cliente.Tanto si eres una empresa que busca empaquetar sus tapas de vasos de agua profesionalmente como si eres un particular que busca una soluci\u00f3n de almacenamiento personalizada, la Caja Personalizada para Tapas de Vasos de Agua ofrece estilo, protecci\u00f3n y comodidad. Le permite mostrar su marca o estilo personal mientras mantiene sus tapas seguras y organizadas.<\/li>\n<\/ul>\n<h1><strong>Especificaci\u00f3n<\/strong><\/h1>\n<table style=\"height: 666px;\" width=\"1070\">\n<tbody>\n<tr>\n<td width=\"373\">Dimensiones<\/td>\n<td width=\"373\">Todos los tama\u00f1os y formas personalizados<\/td>\n<\/tr>\n<tr>\n<td width=\"373\">MOQ<\/td>\n<td width=\"373\">500 unidades<\/td>\n<\/tr>\n<tr>\n<td width=\"373\">Tiempo de muestreo<\/td>\n<td width=\"373\">3-5 d\u00edas<\/td>\n<\/tr>\n<tr>\n<td width=\"373\">Proceso por defecto<\/td>\n<td width=\"373\">Troquelado, encolado, rayado, perforaci\u00f3n<\/td>\n<\/tr>\n<tr>\n<td width=\"373\">Impresi\u00f3n<\/td>\n<td width=\"373\">Cmyk, pms, sin impresi\u00f3n<\/td>\n<\/tr>\n<tr>\n<td width=\"373\">Material Opci\u00f3n<\/td>\n<td width=\"373\">Papel cart\u00f3n blanco, papel estucado, papel art\u00edstico, papel kraft, cart\u00f3n marfil, cart\u00f3n d\u00faplex, papel especial, etc.<\/td>\n<\/tr>\n<tr>\n<td width=\"373\">Acabado de superficies<\/td>\n<td width=\"373\">Laminado mate\/brillante, estampado en relieve, gofrado, estampado en caliente, etc.<\/td>\n<\/tr>\n<tr>\n<td width=\"373\">Uso industrial<\/td>\n<td width=\"373\">cosm\u00e9ticos, perfumes, prendas de vestir, joyas, tabaco, alimentos, regalos y productos de consumo diario,<\/td>\n<\/tr>\n<tr>\n<td width=\"373\">Control de calidad<\/td>\n<td width=\"373\">El equipo avanzado y el equipo experimentado del control de calidad comprobar\u00e1n el material, los productos semielaborados y acabados terminantemente en cada paso antes de que<\/td>\n<\/tr>\n<tr>\n<td width=\"373\">Precio<\/td>\n<td width=\"373\">El precio final se adaptar\u00e1 a su producto y a la cantidad que necesite<\/td>\n<\/tr>\n<tr>\n<td width=\"373\">Plazo de entrega<\/td>\n<td width=\"373\">7-14 d\u00edas laborables , rush<\/td>\n<\/tr>\n<tr>\n<td width=\"373\">Papel<\/td>\n<td width=\"373\">De 10pt a 28pt (de 60lb a 400lb) Kraft ecol\u00f3gico, corrugado e-flute, cart\u00f3n bux, cartulina<\/td>\n<\/tr>\n<tr>\n<td width=\"373\">Formato de las ilustraciones<\/td>\n<td width=\"373\">JPG, PDF, AI, CDR, EPS, GIF....<\/td>\n<\/tr>\n<tr>\n<td width=\"373\">Accesorios<\/td>\n<td width=\"373\">Im\u00e1n, cinta, forma EVA , bandeja de pl\u00e1stico, esponja, ventana de PVC\/PET\/PP,...<\/td>\n<\/tr>\n<tr>\n<td width=\"373\">Plazo de pago<\/td>\n<td width=\"373\">T\/T, Western Union, Paypal, 30% de dep\u00f3sito y 70% de saldo antes del env\u00edo.<\/td>\n<\/tr>\n<\/tbody>\n<\/table>\n<div><\/div>\n<div class=\"widget block block-static-block\">\n<div class=\"landing-page-section option-bottom\">\n<div class=\"custom-materials-tabs-content container container-adjustment\">\n<div class=\"custom-materials-tab-content active\">\n<div class=\"widget block block-static-block\">\n<div class=\"options-items\">\n<div class=\"flex-grid-row-option\">\n<div class=\"flex-grid-item-option\">\n<div class=\"material-box\">\n<div class=\"material-des\">\n<h1><strong>PREGUNTAS FRECUENTES<\/strong><\/h1>\n<p><strong>Ya sea de f\u00e1brica ?<\/strong><\/p>\n<p>S\u00ed, somos f\u00e1brica, somos fabricante profesional para la caja de papel y el bolso de papel.<\/p>\n<p><strong>\u00bfPuede enviarse con un piso?<\/strong><\/p>\n<p>No, est\u00e1 hecha de papel art\u00edstico + cart\u00f3n, por lo que es una caja de papel r\u00edgido.<\/p>\n<p><strong>\u00bfPodemos personalizarlo?<\/strong><\/p>\n<p>S\u00ed, podemos personalizar la caja de papel para usted, para que pueda elegir el tama\u00f1o de la caja, el color de la caja y el logotipo.<\/p>\n<p><strong>\u00bfPodr\u00eda hacerme una muestra?<\/strong><\/p>\n<p>S\u00ed, podemos hacer muestras para usted, y la tarifa de la muestra depende del proceso.<\/p>\n<p><strong>\u00bfC\u00f3mo hacer un pedido?<\/strong><\/p>\n<ol>\n<li>Ind\u00edquenos sus datos<\/li>\n<li>Le hacemos un presupuesto<\/li>\n<li>hacer una muestra<\/li>\n<li>Pagar el dep\u00f3sito<\/li>\n<li>Producci\u00f3n en serie<\/li>\n<li>Pagar balacne<\/li>\n<li>Producto de env\u00edo<\/li>\n<\/ol>\n<p><strong>\u00bfY el archivo de dise\u00f1o?<\/strong><\/p>\n<p>PDF, AI est\u00e1n bien .<\/p>\n<p><strong>De cu\u00e1ntas maneras se puede enviar, \u00bfcu\u00e1l es mejor?<\/strong><\/p>\n<p>Por mar, por expreso, por aire, en funci\u00f3n de cu\u00e1ndo desee recibir su producci\u00f3n y en funci\u00f3n de la cantidad que pida.<\/p>\n<\/div>\n<\/div>\n<\/div>\n<\/div>\n<\/div>\n<\/div>\n<\/div>\n<\/div>\n<\/div>\n<\/div>\n<div class=\"widget block block-static-block\">\n<div class=\"landing-page-section option-bottom\">\n<div class=\"custom-materials-tabs-content container container-adjustment\">\n<div class=\"custom-materials-tab-content active\">\n<div class=\"widget block block-static-block\">\n<div class=\"options-items\">\n<div class=\"flex-grid-row-option\">\n<div class=\"flex-grid-item-option\">\n<div class=\"material-box\">\n<p>&nbsp;<\/p>\n<\/div>\n<\/div>\n<\/div>\n<\/div>\n<p><!---end of option item--><\/p>\n<\/div>\n<\/div>\n<\/div>\n<\/div>\n<\/div>","protected":false},"excerpt":{"rendered":"<p>1. El tipo de caja con tapa y base adopta la estructura de tapa superior e inferior, que es conveniente para tomar y ahorra h\u00e1bitos de los consumidores<br \/>\n2. La estampaci\u00f3n en caliente confiere al envase una sensaci\u00f3n de lujo y una presentaci\u00f3n visual de alta calidad<br \/>\n3. El material especial del papel es sencillo pero no carente de lujo<\/p>","protected":false},"featured_media":4426,"template":"","meta":[],"product_brand":[],"product_cat":[30,423,425,31],"product_tag":[760,762,761],"class_list":{"0":"post-4422","1":"product","2":"type-product","3":"status-publish","4":"has-post-thumbnail","6":"product_cat-by-industry","7":"product_cat-custom-presentation-boxes-by-industry","8":"product_cat-lid-and-base-gift-box","9":"product_cat-paper-box-style","10":"product_tag-custom-coffee-mug-packaging","11":"product_tag-mug-boxes-set-wholesale","12":"product_tag-mug-packaging-gift-boxes","14":"first","15":"instock","16":"shipping-taxable","17":"product-type-grouped"},"_links":{"self":[{"href":"https:\/\/zojopackaging.com\/es\/wp-json\/wp\/v2\/product\/4422","targetHints":{"allow":["GET"]}}],"collection":[{"href":"https:\/\/zojopackaging.com\/es\/wp-json\/wp\/v2\/product"}],"about":[{"href":"https:\/\/zojopackaging.com\/es\/wp-json\/wp\/v2\/types\/product"}],"version-history":[{"count":1,"href":"https:\/\/zojopackaging.com\/es\/wp-json\/wp\/v2\/product\/4422\/revisions"}],"predecessor-version":[{"id":8445,"href":"https:\/\/zojopackaging.com\/es\/wp-json\/wp\/v2\/product\/4422\/revisions\/8445"}],"wp:featuredmedia":[{"embeddable":true,"href":"https:\/\/zojopackaging.com\/es\/wp-json\/wp\/v2\/media\/4426"}],"wp:attachment":[{"href":"https:\/\/zojopackaging.com\/es\/wp-json\/wp\/v2\/media?parent=4422"}],"wp:term":[{"taxonomy":"product_brand","embeddable":true,"href":"https:\/\/zojopackaging.com\/es\/wp-json\/wp\/v2\/product_brand?post=4422"},{"taxonomy":"product_cat","embeddable":true,"href":"https:\/\/zojopackaging.com\/es\/wp-json\/wp\/v2\/product_cat?post=4422"},{"taxonomy":"product_tag","embeddable":true,"href":"https:\/\/zojopackaging.com\/es\/wp-json\/wp\/v2\/product_tag?post=4422"}],"curies":[{"name":"wp","href":"https:\/\/api.w.org\/{rel}","templated":true}]}}