{"id":4436,"date":"2024-03-22T14:37:29","date_gmt":"2024-03-22T06:37:29","guid":{"rendered":"https:\/\/zojopackaging.com\/?post_type=product&#038;p=4436"},"modified":"2025-03-28T12:04:32","modified_gmt":"2025-03-28T04:04:32","slug":"custom-cardboard-rigid-gift-boxes","status":"publish","type":"product","link":"https:\/\/zojopackaging.com\/es\/product\/custom-cardboard-rigid-gift-boxes\/","title":{"rendered":"Cajas de regalo r\u00edgidas de souvenir personalizadas Creador de dise\u00f1os de marca"},"content":{"rendered":"<h1 class=\"self-content-pre-ca33f6\">Cajas de regalo r\u00edgidas de souvenir personalizadas Creador de dise\u00f1os de marca<\/h1>\n<p>Las cajas r\u00edgidas para ropa deben complementar a la perfecci\u00f3n sus productos. Por lo tanto, deben estar decoradas con llamativas impresiones personalizadas que muestren sus productos y lleven su marca al siguiente nivel. Si est\u00e1 buscando este tipo de cajas r\u00edgidas para ropa, no busque m\u00e1s all\u00e1 de Zojoprint.<\/p>\n<p>Le ayudamos a dise\u00f1ar un <a href=\"https:\/\/zojopackaging.com\/es\/categoria-producto\/lid-and-base-boxes\/\"><strong>caja r\u00edgida<\/strong> <\/a>para la venta al por mayor y al por menor que no se parezca a nada que sus clientes hayan visto antes. Lo conseguimos con la ayuda de materiales de envasado r\u00edgidos de alta calidad. Nuestra combinaci\u00f3n de t\u00e9cnicas de impresi\u00f3n estelares y modelos de color de est\u00e1ndar mundial le ayudan a decorar el envase como mejor le parezca. Adem\u00e1s, puede personalizar el envase con nuestros modernos complementos y capas de acabado. No se preocupe. Ofrecemos opciones de creaci\u00f3n de prototipos para asegurarnos de que no ha pasado nada por alto.<\/p>\n<div class=\"reviw-title\">\n<h1>Especificaci\u00f3n<\/h1>\n<\/div>\n<div class=\"tab-content\">\n<div id=\"specifications\" class=\"tab-pane active show\" role=\"tabpanel\">\n<article>\n<div class=\"col-md-12 category-hd\">\n<div id=\"Specifications\">\n<table class=\"table table-striped\">\n<tbody>\n<tr>\n<td>Dimensiones<\/td>\n<td>Todos los tama\u00f1os y formas personalizados<\/td>\n<\/tr>\n<tr>\n<td>Impresi\u00f3n<\/td>\n<td>CMYK, PMS, Sin impresi\u00f3n<\/td>\n<\/tr>\n<tr>\n<td>Papel<\/td>\n<td>De 10pt a 28pt (de 60lb a 400lb) Kraft ecol\u00f3gico, cart\u00f3n ondulado con acanalado en E, cart\u00f3n Bux, cartulina<\/td>\n<\/tr>\n<tr>\n<td>Cantidades<\/td>\n<td>500 &#8211; 500,000<\/td>\n<\/tr>\n<tr>\n<td>Revestimiento<\/td>\n<td>Brillo, mate, UV directo<\/td>\n<\/tr>\n<tr>\n<td>Proceso por defecto<\/td>\n<td>Troquelado, encolado, ranurado, perforaci\u00f3n<\/td>\n<\/tr>\n<tr>\n<td>Opciones<\/td>\n<td>Recorte de ventana personalizado, l\u00e1mina dorada\/plateada, relieve, tinta en relieve, l\u00e1mina de PVC.<\/td>\n<\/tr>\n<tr>\n<td>Prueba<\/td>\n<td>Vista plana, maqueta 3D, muestra f\u00edsica (a petici\u00f3n)<\/td>\n<\/tr>\n<tr>\n<td>Tiempo de respuesta<\/td>\n<td>7-14 d\u00edas laborables, Rush<\/td>\n<\/tr>\n<\/tbody>\n<\/table>\n<div class=\"material-des\">\n<h1><strong>PREGUNTAS FRECUENTES<\/strong><\/h1>\n<p><strong>Ya sea de f\u00e1brica ?<\/strong><\/p>\n<p>S\u00ed, somos f\u00e1brica, somos fabricante profesional para la caja de papel y el bolso de papel.<\/p>\n<p><strong>\u00bfPuede enviarse con un piso?<\/strong><\/p>\n<p>No, est\u00e1 hecha de papel art\u00edstico + cart\u00f3n, por lo que es una caja de papel r\u00edgido.<\/p>\n<p><strong>\u00bfPodemos personalizarlo?<\/strong><\/p>\n<p>S\u00ed, podemos personalizar la caja de papel para usted, para que pueda elegir el tama\u00f1o de la caja, el color de la caja y el logotipo.<\/p>\n<p><strong>\u00bfPodr\u00eda hacerme una muestra?<\/strong><\/p>\n<p>S\u00ed, podemos hacer muestras para usted, y la tarifa de la muestra depende del proceso.<\/p>\n<p><strong>\u00bfC\u00f3mo hacer un pedido?<\/strong><\/p>\n<ol>\n<li>Ind\u00edquenos sus datos<\/li>\n<li>Le hacemos un presupuesto<\/li>\n<li>hacer una muestra<\/li>\n<li>Pagar el dep\u00f3sito<\/li>\n<li>Producci\u00f3n en serie<\/li>\n<li>Pagar balacne<\/li>\n<li>Producto de env\u00edo<\/li>\n<\/ol>\n<p>&nbsp;<\/p>\n<p><strong>\u00bfY el archivo de dise\u00f1o?<\/strong><\/p>\n<p>PDF, AI est\u00e1n bien .<\/p>\n<p><strong>De cu\u00e1ntas maneras se puede enviar, \u00bfcu\u00e1l es mejor?<\/strong><\/p>\n<p>Por mar, por expreso, por aire, en funci\u00f3n de cu\u00e1ndo desee recibir su producci\u00f3n y en funci\u00f3n de la cantidad que pida.<\/p>\n<\/div>\n<p>&nbsp;<\/p>\n<\/div>\n<\/div>\n<\/article>\n<\/div>\n<\/div>\n<div class=\"widget block block-static-block\">\n<div class=\"landing-page-section option-bottom\">\n<div class=\"custom-materials-tabs-content container container-adjustment\">\n<div class=\"custom-materials-tab-content active\">\n<div class=\"widget block block-static-block\">\n<div class=\"options-items\">\n<div class=\"flex-grid-row-option\">\n<div class=\"flex-grid-item-option\">\n<div class=\"material-box\">\n<p>&nbsp;<\/p>\n<\/div>\n<\/div>\n<\/div>\n<\/div>\n<p><!---end of option item--><\/p>\n<\/div>\n<\/div>\n<\/div>\n<\/div>\n<\/div>","protected":false},"excerpt":{"rendered":"<p>Puede poner su logotipo, dise\u00f1o o mensaje para que sus cajas de embalaje para juguetes sean m\u00e1s personalizadas y distintivas. \u00a1M\u00e1s de 5.000 marcas grandes y peque\u00f1as nos adoran!<\/p>\n<p>Tipo de material: Respetuoso con el medio ambiente, con certificaci\u00f3n FSC\/ISO\/BSCI<br \/>\nTiempo de producci\u00f3n: Muestra 1-3 d\u00edas; A granel 7-9 d\u00edas<\/p>","protected":false},"featured_media":4438,"template":"","meta":[],"product_brand":[],"product_cat":[30,423,425,31],"product_tag":[767,771,766],"class_list":{"0":"post-4436","1":"product","2":"type-product","3":"status-publish","4":"has-post-thumbnail","6":"product_cat-by-industry","7":"product_cat-custom-presentation-boxes-by-industry","8":"product_cat-lid-and-base-gift-box","9":"product_cat-paper-box-style","10":"product_tag-boxes-brand-design-maker","11":"product_tag-custom-souvenir-box","12":"product_tag-gift-boxes-brand-design","14":"first","15":"instock","16":"shipping-taxable","17":"product-type-grouped"},"_links":{"self":[{"href":"https:\/\/zojopackaging.com\/es\/wp-json\/wp\/v2\/product\/4436","targetHints":{"allow":["GET"]}}],"collection":[{"href":"https:\/\/zojopackaging.com\/es\/wp-json\/wp\/v2\/product"}],"about":[{"href":"https:\/\/zojopackaging.com\/es\/wp-json\/wp\/v2\/types\/product"}],"version-history":[{"count":3,"href":"https:\/\/zojopackaging.com\/es\/wp-json\/wp\/v2\/product\/4436\/revisions"}],"predecessor-version":[{"id":8449,"href":"https:\/\/zojopackaging.com\/es\/wp-json\/wp\/v2\/product\/4436\/revisions\/8449"}],"wp:featuredmedia":[{"embeddable":true,"href":"https:\/\/zojopackaging.com\/es\/wp-json\/wp\/v2\/media\/4438"}],"wp:attachment":[{"href":"https:\/\/zojopackaging.com\/es\/wp-json\/wp\/v2\/media?parent=4436"}],"wp:term":[{"taxonomy":"product_brand","embeddable":true,"href":"https:\/\/zojopackaging.com\/es\/wp-json\/wp\/v2\/product_brand?post=4436"},{"taxonomy":"product_cat","embeddable":true,"href":"https:\/\/zojopackaging.com\/es\/wp-json\/wp\/v2\/product_cat?post=4436"},{"taxonomy":"product_tag","embeddable":true,"href":"https:\/\/zojopackaging.com\/es\/wp-json\/wp\/v2\/product_tag?post=4436"}],"curies":[{"name":"wp","href":"https:\/\/api.w.org\/{rel}","templated":true}]}}