{"id":4533,"date":"2024-03-22T16:30:33","date_gmt":"2024-03-22T08:30:33","guid":{"rendered":"https:\/\/zojopackaging.com\/?post_type=product&#038;p=4533"},"modified":"2025-03-27T21:29:29","modified_gmt":"2025-03-27T13:29:29","slug":"tableware-gift-packaging-box","status":"publish","type":"product","link":"https:\/\/zojopackaging.com\/es\/product\/tableware-gift-packaging-box\/","title":{"rendered":"Custom 3 capas de alimentos deslizante Organizador Caja de f\u00e1brica en China"},"content":{"rendered":"<h1 class=\"self-content-pre-ca33f6\">Custom 3 capas de alimentos deslizante Organizador Caja de f\u00e1brica en China<\/h1>\n<p>La Caja de Embalaje para Regalos de Vajilla es un recipiente de bonito dise\u00f1o creado para presentar y proteger con elegancia art\u00edculos de vajilla como platos, cuencos, utensilios y cristaler\u00eda. Estas cajas de embalaje se crean meticulosamente para mejorar la experiencia de regalar y garantizar que los art\u00edculos de vajilla se muestren de forma sofisticada y atractiva.<\/p>\n<p>El dise\u00f1o de la caja de regalo para vajilla suele ser estilizado y lujoso, y refleja la calidad y elegancia de la vajilla que contiene. La caja puede presentar motivos decorativos, acabados elegantes y elementos de marca de primera calidad para crear una sensaci\u00f3n de lujo y sofisticaci\u00f3n.<\/p>\n<p>Fabricada con materiales de alta calidad, la Caja de Embalaje para Regalos de Vajilla ofrece durabilidad y protecci\u00f3n para las delicadas piezas de vajilla que contiene. La caja est\u00e1 dise\u00f1ada para proteger la vajilla de posibles da\u00f1os durante el transporte y la manipulaci\u00f3n, garantizando que llegue en perfectas condiciones al destinatario.<\/p>\n<p>Adem\u00e1s, la caja de embalaje puede incluir inserciones personalizadas, compartimentos o acolchado para sujetar firmemente los art\u00edculos de vajilla y evitar que se desplacen o se da\u00f1en. Esto ayuda a mantener la integridad de la vajilla y garantiza una presentaci\u00f3n atractiva cuando se abre la caja.<\/p>\n<h1><strong>Especificaci\u00f3n<\/strong><\/h1>\n<div class=\"widget block block-static-block\">\n<div class=\"landing-page-section option-bottom\">\n<div class=\"custom-materials-tabs-content container container-adjustment\">\n<div class=\"custom-materials-tab-content active\">\n<div class=\"widget block block-static-block\">\n<div class=\"options-items\">\n<div class=\"flex-grid-row-option\">\n<div class=\"flex-grid-item-option\">\n<div class=\"material-box\">\n<div class=\"material-des\">\n<table style=\"border-collapse: collapse; width: 759.02pt;\" border=\"0\" width=\"1012\" cellspacing=\"0\" cellpadding=\"0\">\n<tbody>\n<tr style=\"height: 16.50pt;\">\n<td class=\"et3\" style=\"height: 16.50pt; width: 379.50pt;\" width=\"506\" height=\"22\">Dimensiones<\/td>\n<td class=\"et3\" style=\"width: 379.50pt;\" width=\"506\">Todos los tama\u00f1os y formas personalizados<\/td>\n<\/tr>\n<tr style=\"height: 16.50pt;\">\n<td class=\"et3\" style=\"height: 16.50pt;\" height=\"22\">Cantidad m\u00ednima<\/td>\n<td class=\"et3\">500 unidades<\/td>\n<\/tr>\n<tr style=\"height: 16.50pt;\">\n<td class=\"et3\" style=\"height: 16.50pt;\" height=\"22\">Proceso por defecto<\/td>\n<td class=\"et3\">Troquelado, encolado, rayado, perforaci\u00f3n<\/td>\n<\/tr>\n<tr style=\"height: 16.50pt;\">\n<td class=\"et3\" style=\"height: 16.50pt;\" height=\"22\">Impresi\u00f3n<\/td>\n<td class=\"et3\">Cmyk, pms, sin impresi\u00f3n<\/td>\n<\/tr>\n<tr style=\"height: 16.50pt;\">\n<td class=\"et3\" style=\"height: 16.50pt;\" height=\"22\">Material Opci\u00f3n<\/td>\n<td class=\"et3\">Papel cart\u00f3n blanco, papel estucado, papel art\u00edstico, papel kraft, cart\u00f3n marfil, cart\u00f3n d\u00faplex, papel especial, etc.<\/td>\n<\/tr>\n<tr style=\"height: 17.25pt;\">\n<td class=\"et3\" style=\"height: 17.25pt;\" height=\"23\">Acabado de superficies<\/td>\n<td class=\"et4\" style=\"width: 379.50pt;\" width=\"506\">Laminado mate\/brillante, estampado en relieve, gofrado, estampado en caliente, etc.<\/td>\n<\/tr>\n<tr style=\"height: 17.25pt;\">\n<td class=\"et4\" style=\"height: 17.25pt; width: 379.50pt;\" width=\"506\" height=\"23\">Uso industrial<\/td>\n<td class=\"et4\" style=\"width: 379.50pt;\" width=\"506\">cosm\u00e9ticos, perfumes, prendas de vestir, joyas, tabaco, alimentos, regalos y productos de consumo diario,<\/td>\n<\/tr>\n<tr style=\"height: 34.50pt;\">\n<td class=\"et4\" style=\"height: 34.50pt; width: 379.50pt;\" width=\"506\" height=\"46\">Control de calidad<\/td>\n<td class=\"et4\" style=\"width: 379.50pt;\" width=\"506\">El equipo avanzado y el equipo experimentado del control de calidad comprobar\u00e1n el material, los productos semielaborados y acabados terminantemente en cada paso antes de que<\/td>\n<\/tr>\n<tr style=\"height: 34.50pt;\">\n<td class=\"et4\" style=\"height: 34.50pt; width: 379.50pt;\" width=\"506\" height=\"46\">Precio<\/td>\n<td class=\"et4\" style=\"width: 379.50pt;\" width=\"506\">El precio final se adaptar\u00e1 a su producto y a la cantidad que necesite<\/td>\n<\/tr>\n<tr style=\"height: 16.50pt;\">\n<td class=\"et3\" style=\"height: 16.50pt;\" height=\"22\">Plazo de entrega<\/td>\n<td class=\"et3\">7-14 d\u00edas laborables , rush<\/td>\n<\/tr>\n<tr style=\"height: 16.50pt;\">\n<td class=\"et3\" style=\"height: 16.50pt;\" height=\"22\">Papel<\/td>\n<td class=\"et3\">De 10pt a 28pt (de 60lb a 400lb) Kraft ecol\u00f3gico, corrugado e-flute, cart\u00f3n bux, cartulina<\/td>\n<\/tr>\n<tr style=\"height: 16.50pt;\">\n<td class=\"et3\" style=\"height: 16.50pt;\" height=\"22\">Prueba<\/td>\n<td class=\"et3\">Vista plana, maqueta 3d, muestra f\u00edsica (a petici\u00f3n)<\/td>\n<\/tr>\n<\/tbody>\n<\/table>\n<\/div>\n<\/div>\n<\/div>\n<\/div>\n<\/div>\n<\/div>\n<\/div>\n<\/div>\n<\/div>\n<\/div>\n<div class=\"widget block block-static-block\">\n<div class=\"landing-page-section option-bottom\">\n<div class=\"custom-materials-tabs-content container container-adjustment\">\n<div class=\"custom-materials-tab-content active\">\n<div class=\"widget block block-static-block\">\n<div class=\"options-items\">\n<div class=\"flex-grid-row-option\">\n<div class=\"flex-grid-item-option\">\n<div class=\"material-box\">\n<p>&nbsp;<\/p>\n<\/div>\n<\/div>\n<\/div>\n<\/div>\n<p><!---end of option item--><\/p>\n<\/div>\n<\/div>\n<\/div>\n<\/div>\n<\/div>","protected":false},"excerpt":{"rendered":"<ul>\n<li>Estructura de caja de 3 capas, puede embalar sus conjuntos de productos. 16 a\u00f1os de experiencia en la personalizaci\u00f3n de cajas le ayudar\u00e1n a hacer realidad sus ideas.<\/li>\n<li>MOQ: 500 piezas<\/li>\n<li>Plazo de entrega:7-14 d\u00edas laborables , Rush<\/li>\n<li>Dimensiones a medida (di\u00e1metro x altura)<\/li>\n<li>Impresi\u00f3n personalizada<\/li>\n<li>Ecol\u00f3gico, reciclable y sin pl\u00e1stico<\/li>\n<li>Precio\uff1aEl precio final se adaptar\u00e1 a su producto y a la cantidad que necesite.<\/li>\n<\/ul>","protected":false},"featured_media":4538,"template":"","meta":[],"product_brand":[],"product_cat":[30,422,428,31],"product_tag":[720,722,721],"class_list":{"0":"post-4533","1":"product","2":"type-product","3":"status-publish","4":"has-post-thumbnail","6":"product_cat-by-industry","7":"product_cat-custom-gourmet-boxes-by-industry","8":"product_cat-irregular-shaped-gift-boxes","9":"product_cat-paper-box-style","10":"product_tag-3-layers-slider-box","11":"product_tag-box-factory-in-china","12":"product_tag-food-slider-ognizer-box","14":"first","15":"instock","16":"shipping-taxable","17":"product-type-grouped"},"_links":{"self":[{"href":"https:\/\/zojopackaging.com\/es\/wp-json\/wp\/v2\/product\/4533","targetHints":{"allow":["GET"]}}],"collection":[{"href":"https:\/\/zojopackaging.com\/es\/wp-json\/wp\/v2\/product"}],"about":[{"href":"https:\/\/zojopackaging.com\/es\/wp-json\/wp\/v2\/types\/product"}],"version-history":[{"count":2,"href":"https:\/\/zojopackaging.com\/es\/wp-json\/wp\/v2\/product\/4533\/revisions"}],"predecessor-version":[{"id":8426,"href":"https:\/\/zojopackaging.com\/es\/wp-json\/wp\/v2\/product\/4533\/revisions\/8426"}],"wp:featuredmedia":[{"embeddable":true,"href":"https:\/\/zojopackaging.com\/es\/wp-json\/wp\/v2\/media\/4538"}],"wp:attachment":[{"href":"https:\/\/zojopackaging.com\/es\/wp-json\/wp\/v2\/media?parent=4533"}],"wp:term":[{"taxonomy":"product_brand","embeddable":true,"href":"https:\/\/zojopackaging.com\/es\/wp-json\/wp\/v2\/product_brand?post=4533"},{"taxonomy":"product_cat","embeddable":true,"href":"https:\/\/zojopackaging.com\/es\/wp-json\/wp\/v2\/product_cat?post=4533"},{"taxonomy":"product_tag","embeddable":true,"href":"https:\/\/zojopackaging.com\/es\/wp-json\/wp\/v2\/product_tag?post=4533"}],"curies":[{"name":"wp","href":"https:\/\/api.w.org\/{rel}","templated":true}]}}