{"id":4544,"date":"2024-03-22T16:47:04","date_gmt":"2024-03-22T08:47:04","guid":{"rendered":"https:\/\/zojopackaging.com\/?post_type=product&#038;p=4544"},"modified":"2025-03-24T17:01:42","modified_gmt":"2025-03-24T09:01:42","slug":"custom-printing-gift-packaging-box","status":"publish","type":"product","link":"https:\/\/zojopackaging.com\/es\/product\/custom-printing-gift-packaging-box\/","title":{"rendered":"Elegantes Cajas para Collares con Ventana al por mayor"},"content":{"rendered":"<h1 class=\"self-content-pre-ca33f6\">Elegantes Cajas para Collares con Ventana al por mayor<\/h1>\n<p>La caja de embalaje para regalo con impresi\u00f3n personalizada es un envase vers\u00e1til y personalizado dise\u00f1ado para mejorar la presentaci\u00f3n y protecci\u00f3n de diversos art\u00edculos de regalo. Estas cajas de embalaje se fabrican de forma exclusiva para satisfacer las necesidades y preferencias espec\u00edficas de los clientes, lo que permite incorporar dise\u00f1os personalizados, elementos de marca y mensajes en el embalaje.<\/p>\n<p>El dise\u00f1o de la caja de embalaje para regalo con impresi\u00f3n personalizada es totalmente personalizable, lo que da a los clientes la libertad de elegir el tama\u00f1o, la forma, el color, los gr\u00e1ficos y el texto que mejor representen el regalo y el destinatario previstos. Ya sea para ocasiones especiales como cumplea\u00f1os, bodas, vacaciones o eventos corporativos, la impresi\u00f3n personalizada permite dar un toque verdaderamente \u00fanico y personalizado al envase.<\/p>\n<p>Fabricada con materiales de alta calidad, la caja de embalaje para regalo con impresi\u00f3n personalizada ofrece durabilidad y protecci\u00f3n para los art\u00edculos de regalo que contiene. Su robusta construcci\u00f3n garantiza la protecci\u00f3n del contenido durante el transporte y la manipulaci\u00f3n, manteniendo su estado impecable hasta el momento de la entrega al destinatario.<\/p>\n<p>Adem\u00e1s, la caja de embalaje puede personalizarse con inserciones, compartimentos o acolchados a medida para sujetar firmemente los art\u00edculos de regalo y evitar que se desplacen o se da\u00f1en. Esto garantiza que el regalo tenga una bonita presentaci\u00f3n cuando se abra la caja, lo que aumenta la emoci\u00f3n y la alegr\u00eda de recibir un regalo personalizado.<\/p>\n<h1><strong>Especificaci\u00f3n<\/strong><\/h1>\n<div class=\"widget block block-static-block\">\n<div class=\"landing-page-section option-bottom\">\n<div class=\"custom-materials-tabs-content container container-adjustment\">\n<div class=\"custom-materials-tab-content active\">\n<div class=\"widget block block-static-block\">\n<div class=\"options-items\">\n<div class=\"flex-grid-row-option\">\n<div class=\"flex-grid-item-option\">\n<div class=\"material-box\">\n<div class=\"material-des\">\n<table style=\"border-collapse: collapse; width: 759.02pt;\" border=\"0\" width=\"1012\" cellspacing=\"0\" cellpadding=\"0\">\n<tbody>\n<tr style=\"height: 16.50pt;\">\n<td class=\"et3\" style=\"height: 16.50pt; width: 379.50pt;\" width=\"506\" height=\"22\">Dimensiones<\/td>\n<td class=\"et3\" style=\"width: 379.50pt;\" width=\"506\">Todos los tama\u00f1os y formas personalizados<\/td>\n<\/tr>\n<tr style=\"height: 16.50pt;\">\n<td class=\"et3\" style=\"height: 16.50pt;\" height=\"22\">Cantidad m\u00ednima<\/td>\n<td class=\"et3\">500 unidades<\/td>\n<\/tr>\n<tr style=\"height: 16.50pt;\">\n<td class=\"et3\" style=\"height: 16.50pt;\" height=\"22\">Proceso por defecto<\/td>\n<td class=\"et3\">Troquelado, encolado, rayado, perforaci\u00f3n<\/td>\n<\/tr>\n<tr style=\"height: 16.50pt;\">\n<td class=\"et3\" style=\"height: 16.50pt;\" height=\"22\">Impresi\u00f3n<\/td>\n<td class=\"et3\">Cmyk, pms, sin impresi\u00f3n<\/td>\n<\/tr>\n<tr style=\"height: 16.50pt;\">\n<td class=\"et3\" style=\"height: 16.50pt;\" height=\"22\">Material Opci\u00f3n<\/td>\n<td class=\"et3\">Papel cart\u00f3n blanco, papel estucado, papel art\u00edstico, papel kraft, cart\u00f3n marfil, cart\u00f3n d\u00faplex, papel especial, etc.<\/td>\n<\/tr>\n<tr style=\"height: 17.25pt;\">\n<td class=\"et3\" style=\"height: 17.25pt;\" height=\"23\">Acabado de superficies<\/td>\n<td class=\"et4\" style=\"width: 379.50pt;\" width=\"506\">Laminado mate\/brillante, estampado en relieve, gofrado, estampado en caliente, etc.<\/td>\n<\/tr>\n<tr style=\"height: 17.25pt;\">\n<td class=\"et4\" style=\"height: 17.25pt; width: 379.50pt;\" width=\"506\" height=\"23\">Uso industrial<\/td>\n<td class=\"et4\" style=\"width: 379.50pt;\" width=\"506\">cosm\u00e9ticos, perfumes, prendas de vestir, joyas, tabaco, alimentos, regalos y productos de consumo diario,<\/td>\n<\/tr>\n<tr style=\"height: 34.50pt;\">\n<td class=\"et4\" style=\"height: 34.50pt; width: 379.50pt;\" width=\"506\" height=\"46\">Control de calidad<\/td>\n<td class=\"et4\" style=\"width: 379.50pt;\" width=\"506\">El equipo avanzado y el equipo experimentado del control de calidad comprobar\u00e1n el material, los productos semielaborados y acabados terminantemente en cada paso antes de que<\/td>\n<\/tr>\n<tr style=\"height: 34.50pt;\">\n<td class=\"et4\" style=\"height: 34.50pt; width: 379.50pt;\" width=\"506\" height=\"46\">Precio<\/td>\n<td class=\"et4\" style=\"width: 379.50pt;\" width=\"506\">El precio final se adaptar\u00e1 a su producto y a la cantidad que necesite<\/td>\n<\/tr>\n<tr style=\"height: 16.50pt;\">\n<td class=\"et3\" style=\"height: 16.50pt;\" height=\"22\">Plazo de entrega<\/td>\n<td class=\"et3\">7-14 d\u00edas laborables , rush<\/td>\n<\/tr>\n<tr style=\"height: 16.50pt;\">\n<td class=\"et3\" style=\"height: 16.50pt;\" height=\"22\">Papel<\/td>\n<td class=\"et3\">De 10pt a 28pt (de 60lb a 400lb) Kraft ecol\u00f3gico, corrugado e-flute, cart\u00f3n bux, cartulina<\/td>\n<\/tr>\n<tr style=\"height: 16.50pt;\">\n<td class=\"et3\" style=\"height: 16.50pt;\" height=\"22\">Prueba<\/td>\n<td class=\"et3\">Vista plana, maqueta 3d, muestra f\u00edsica (a petici\u00f3n)<\/td>\n<\/tr>\n<\/tbody>\n<\/table>\n<\/div>\n<\/div>\n<\/div>\n<\/div>\n<\/div>\n<\/div>\n<\/div>\n<\/div>\n<\/div>\n<\/div>\n<div class=\"widget block block-static-block\">\n<div class=\"landing-page-section option-bottom\">\n<div class=\"custom-materials-tabs-content container container-adjustment\">\n<div class=\"custom-materials-tab-content active\">\n<div class=\"widget block block-static-block\">\n<div class=\"options-items\">\n<div class=\"flex-grid-row-option\">\n<div class=\"flex-grid-item-option\">\n<div class=\"material-box\">\n<p>&nbsp;<\/p>\n<\/div>\n<\/div>\n<\/div>\n<\/div>\n<p><!---end of option item--><\/p>\n<\/div>\n<\/div>\n<\/div>\n<\/div>\n<\/div>","protected":false},"excerpt":{"rendered":"<p>Exhiba sus joyas con estilo gracias a las cajas para collares con ventana, que presentan un acabado mate y detalles en l\u00e1mina de plata. Los tama\u00f1os personalizables, los insertos cortados con precisi\u00f3n y la impresi\u00f3n con colores exactos garantizan que sus dise\u00f1os brillen. calidad superior a escala. La combinaci\u00f3n perfecta de lujo y funcionalidad.<\/p>","protected":false},"featured_media":4552,"template":"","meta":[],"product_brand":[],"product_cat":[30,415,425,31],"product_tag":[577,575,576],"class_list":{"0":"post-4544","1":"product","2":"type-product","3":"status-publish","4":"has-post-thumbnail","6":"product_cat-by-industry","7":"product_cat-custom-jewelry-boxes-by-industry","8":"product_cat-lid-and-base-gift-box","9":"product_cat-paper-box-style","10":"product_tag-custom-jewelry-necklace-boxes","11":"product_tag-jewelry-boxes-wholesale","12":"product_tag-necklace-boxes-wholesale","14":"first","15":"instock","16":"shipping-taxable","17":"product-type-grouped"},"_links":{"self":[{"href":"https:\/\/zojopackaging.com\/es\/wp-json\/wp\/v2\/product\/4544","targetHints":{"allow":["GET"]}}],"collection":[{"href":"https:\/\/zojopackaging.com\/es\/wp-json\/wp\/v2\/product"}],"about":[{"href":"https:\/\/zojopackaging.com\/es\/wp-json\/wp\/v2\/types\/product"}],"version-history":[{"count":2,"href":"https:\/\/zojopackaging.com\/es\/wp-json\/wp\/v2\/product\/4544\/revisions"}],"predecessor-version":[{"id":8110,"href":"https:\/\/zojopackaging.com\/es\/wp-json\/wp\/v2\/product\/4544\/revisions\/8110"}],"wp:featuredmedia":[{"embeddable":true,"href":"https:\/\/zojopackaging.com\/es\/wp-json\/wp\/v2\/media\/4552"}],"wp:attachment":[{"href":"https:\/\/zojopackaging.com\/es\/wp-json\/wp\/v2\/media?parent=4544"}],"wp:term":[{"taxonomy":"product_brand","embeddable":true,"href":"https:\/\/zojopackaging.com\/es\/wp-json\/wp\/v2\/product_brand?post=4544"},{"taxonomy":"product_cat","embeddable":true,"href":"https:\/\/zojopackaging.com\/es\/wp-json\/wp\/v2\/product_cat?post=4544"},{"taxonomy":"product_tag","embeddable":true,"href":"https:\/\/zojopackaging.com\/es\/wp-json\/wp\/v2\/product_tag?post=4544"}],"curies":[{"name":"wp","href":"https:\/\/api.w.org\/{rel}","templated":true}]}}