{"id":4627,"date":"2024-03-25T09:39:25","date_gmt":"2024-03-25T01:39:25","guid":{"rendered":"https:\/\/zojopackaging.com\/?post_type=product&#038;p=4627"},"modified":"2025-04-03T17:08:40","modified_gmt":"2025-04-03T09:08:40","slug":"3d-packaging-gift-boxes","status":"publish","type":"product","link":"https:\/\/zojopackaging.com\/es\/product\/3d-packaging-gift-boxes\/","title":{"rendered":"Personalizado 3D Pop Up Festival Caja de regalo de cumplea\u00f1os Almac\u00e9n"},"content":{"rendered":"<h1 class=\"self-content-pre-ca33f6\">Personalizado 3D Pop Up Festival Caja de regalo de cumplea\u00f1os Almac\u00e9n<\/h1>\n<p>Las cajas de regalo 3D Packaging son soluciones de envasado innovadoras y visualmente impactantes que a\u00f1aden una dimensi\u00f3n \u00fanica a la entrega de regalos.<\/p>\n<p>Entre las principales caracter\u00edsticas de las cajas de regalo 3D Packaging se incluyen:<\/p>\n<ul>\n<li>Dise\u00f1os intrincados y detallados que crean sensaci\u00f3n de profundidad y perspectiva.<\/li>\n<li>Opciones personalizables para adaptar el efecto 3D a diferentes temas u ocasiones<\/li>\n<li>Construcci\u00f3n duradera para proteger el contenido y garantizar una entrega segura<\/li>\n<li>Formas y tama\u00f1os vers\u00e1tiles para acomodar diversos art\u00edculos de regalo<\/li>\n<li>Ideal para regalar una amplia gama de productos, como bombones, peque\u00f1os artilugios, accesorios, etc.<\/li>\n<\/ul>\n<p>Tanto si desea a\u00f1adir un toque de creatividad al embalaje de sus regalos como causar una impresi\u00f3n duradera con ellos, las cajas de regalo de 3D Packaging son la elecci\u00f3n perfecta para crear una experiencia de regalo memorable y visualmente atractiva.<\/p>\n<h1><strong>Especificaci\u00f3n<\/strong><\/h1>\n<div class=\"widget block block-static-block\">\n<div class=\"landing-page-section option-bottom\">\n<div class=\"custom-materials-tabs-content container container-adjustment\">\n<div class=\"custom-materials-tab-content active\">\n<div class=\"widget block block-static-block\">\n<div class=\"options-items\">\n<div class=\"flex-grid-row-option\">\n<div class=\"flex-grid-item-option\">\n<div class=\"material-box\">\n<div class=\"material-des\">\n<table style=\"border-collapse: collapse; width: 759.02pt;\" border=\"0\" width=\"1012\" cellspacing=\"0\" cellpadding=\"0\">\n<tbody>\n<tr style=\"height: 16.50pt;\">\n<td class=\"et3\" style=\"height: 16.50pt; width: 379.50pt;\" width=\"506\" height=\"22\">Dimensiones<\/td>\n<td class=\"et3\" style=\"width: 379.50pt;\" width=\"506\">Todos los tama\u00f1os y formas personalizados<\/td>\n<\/tr>\n<tr style=\"height: 16.50pt;\">\n<td class=\"et3\" style=\"height: 16.50pt;\" height=\"22\">Cantidad m\u00ednima<\/td>\n<td class=\"et3\">500 unidades<\/td>\n<\/tr>\n<tr style=\"height: 16.50pt;\">\n<td class=\"et3\" style=\"height: 16.50pt;\" height=\"22\">Proceso por defecto<\/td>\n<td class=\"et3\">Troquelado, encolado, rayado, perforaci\u00f3n<\/td>\n<\/tr>\n<tr style=\"height: 16.50pt;\">\n<td class=\"et3\" style=\"height: 16.50pt;\" height=\"22\">Impresi\u00f3n<\/td>\n<td class=\"et3\">Cmyk, pms, sin impresi\u00f3n<\/td>\n<\/tr>\n<tr style=\"height: 16.50pt;\">\n<td class=\"et3\" style=\"height: 16.50pt;\" height=\"22\">Material Opci\u00f3n<\/td>\n<td class=\"et3\">Papel cart\u00f3n blanco, papel estucado, papel art\u00edstico, papel kraft, cart\u00f3n marfil, cart\u00f3n d\u00faplex, papel especial, etc.<\/td>\n<\/tr>\n<tr style=\"height: 17.25pt;\">\n<td class=\"et3\" style=\"height: 17.25pt;\" height=\"23\">Acabado de superficies<\/td>\n<td class=\"et4\" style=\"width: 379.50pt;\" width=\"506\">Laminado mate\/brillante, estampado en relieve, gofrado, estampado en caliente, etc.<\/td>\n<\/tr>\n<tr style=\"height: 17.25pt;\">\n<td class=\"et4\" style=\"height: 17.25pt; width: 379.50pt;\" width=\"506\" height=\"23\">Uso industrial<\/td>\n<td class=\"et4\" style=\"width: 379.50pt;\" width=\"506\">cosm\u00e9ticos, perfumes, prendas de vestir, joyas, tabaco, alimentos, regalos y productos de consumo diario,<\/td>\n<\/tr>\n<tr style=\"height: 34.50pt;\">\n<td class=\"et4\" style=\"height: 34.50pt; width: 379.50pt;\" width=\"506\" height=\"46\">Control de calidad<\/td>\n<td class=\"et4\" style=\"width: 379.50pt;\" width=\"506\">El equipo avanzado y el equipo experimentado del control de calidad comprobar\u00e1n el material, los productos semielaborados y acabados terminantemente en cada paso antes de que<\/td>\n<\/tr>\n<tr style=\"height: 34.50pt;\">\n<td class=\"et4\" style=\"height: 34.50pt; width: 379.50pt;\" width=\"506\" height=\"46\">Precio<\/td>\n<td class=\"et4\" style=\"width: 379.50pt;\" width=\"506\">El precio final se adaptar\u00e1 a su producto y a la cantidad que necesite<\/td>\n<\/tr>\n<tr style=\"height: 16.50pt;\">\n<td class=\"et3\" style=\"height: 16.50pt;\" height=\"22\">Plazo de entrega<\/td>\n<td class=\"et3\">7-14 d\u00edas laborables , rush<\/td>\n<\/tr>\n<tr style=\"height: 16.50pt;\">\n<td class=\"et3\" style=\"height: 16.50pt;\" height=\"22\">Papel<\/td>\n<td class=\"et3\">De 10pt a 28pt (de 60lb a 400lb) Kraft ecol\u00f3gico, corrugado e-flute, cart\u00f3n bux, cartulina<\/td>\n<\/tr>\n<tr style=\"height: 16.50pt;\">\n<td class=\"et3\" style=\"height: 16.50pt;\" height=\"22\">Prueba<\/td>\n<td class=\"et3\">Vista plana, maqueta 3d, muestra f\u00edsica (a petici\u00f3n)<\/td>\n<\/tr>\n<\/tbody>\n<\/table>\n<\/div>\n<\/div>\n<\/div>\n<\/div>\n<\/div>\n<\/div>\n<\/div>\n<\/div>\n<\/div>\n<\/div>\n<div class=\"widget block block-static-block\">\n<div class=\"landing-page-section option-bottom\">\n<div class=\"custom-materials-tabs-content container container-adjustment\">\n<div class=\"custom-materials-tab-content active\">\n<div class=\"widget block block-static-block\">\n<div class=\"options-items\">\n<div class=\"flex-grid-row-option\">\n<div class=\"flex-grid-item-option\">\n<div class=\"material-box\">\n<p>&nbsp;<\/p>\n<\/div>\n<\/div>\n<\/div>\n<\/div>\n<p><!---end of option item--><\/p>\n<\/div>\n<\/div>\n<\/div>\n<\/div>\n<\/div>","protected":false},"excerpt":{"rendered":"<p>\u00bfDesea personalizar una soluci\u00f3n de caja de regalo para festivales \u00fanica y fant\u00e1stica? Podemos hacerlo con su idea con nuestros 16 a\u00f1os experieces.<\/p>\n<p>-Tipo de material: Ecol\u00f3gico, con certificaci\u00f3n FSC,ISO,BSCI<br \/>\n-Personalizaci\u00f3n: Puede personalizar tama\u00f1o\/impresi\u00f3n\/material\/acabado\/forma etc.<br \/>\n-Tiempo de producci\u00f3n: Muestra 1-3 d\u00edas; A granel 7-9 d\u00edas Tiempo de env\u00edo: Express 3-7 d\u00edas; Aire 12-16 d\u00edas; Barco 25-30 d\u00edas\uff08Diferentes pa\u00edses tienen diferentes tiempos)<br \/>\n-Precio: P\u00f3ngase en contacto con nosotros para enviar una consulta<\/p>","protected":false},"featured_media":4633,"template":"","meta":[],"product_brand":[],"product_cat":[30,423,424,31],"product_tag":[619,620,621],"class_list":{"0":"post-4627","1":"product","2":"type-product","3":"status-publish","4":"has-post-thumbnail","6":"product_cat-by-industry","7":"product_cat-custom-presentation-boxes-by-industry","8":"product_cat-magnetic-closure-boxes","9":"product_cat-paper-box-style","10":"product_tag-3d-pop-up-box","11":"product_tag-festival-gift-box","12":"product_tag-pop-up-box","14":"first","15":"instock","16":"shipping-taxable","17":"product-type-grouped"},"_links":{"self":[{"href":"https:\/\/zojopackaging.com\/es\/wp-json\/wp\/v2\/product\/4627","targetHints":{"allow":["GET"]}}],"collection":[{"href":"https:\/\/zojopackaging.com\/es\/wp-json\/wp\/v2\/product"}],"about":[{"href":"https:\/\/zojopackaging.com\/es\/wp-json\/wp\/v2\/types\/product"}],"version-history":[{"count":2,"href":"https:\/\/zojopackaging.com\/es\/wp-json\/wp\/v2\/product\/4627\/revisions"}],"predecessor-version":[{"id":8219,"href":"https:\/\/zojopackaging.com\/es\/wp-json\/wp\/v2\/product\/4627\/revisions\/8219"}],"wp:featuredmedia":[{"embeddable":true,"href":"https:\/\/zojopackaging.com\/es\/wp-json\/wp\/v2\/media\/4633"}],"wp:attachment":[{"href":"https:\/\/zojopackaging.com\/es\/wp-json\/wp\/v2\/media?parent=4627"}],"wp:term":[{"taxonomy":"product_brand","embeddable":true,"href":"https:\/\/zojopackaging.com\/es\/wp-json\/wp\/v2\/product_brand?post=4627"},{"taxonomy":"product_cat","embeddable":true,"href":"https:\/\/zojopackaging.com\/es\/wp-json\/wp\/v2\/product_cat?post=4627"},{"taxonomy":"product_tag","embeddable":true,"href":"https:\/\/zojopackaging.com\/es\/wp-json\/wp\/v2\/product_tag?post=4627"}],"curies":[{"name":"wp","href":"https:\/\/api.w.org\/{rel}","templated":true}]}}