{"id":4666,"date":"2024-03-25T10:39:37","date_gmt":"2024-03-25T02:39:37","guid":{"rendered":"https:\/\/zojopackaging.com\/?post_type=product&#038;p=4666"},"modified":"2025-03-25T14:54:16","modified_gmt":"2025-03-25T06:54:16","slug":"custom-luxury-paper-packaging-bag","status":"publish","type":"product","link":"https:\/\/zojopackaging.com\/es\/product\/custom-luxury-paper-packaging-bag\/","title":{"rendered":"Marca r\u00edgida de lujo mango caja de regalo OEM Cajas Fabricantes"},"content":{"rendered":"<h1 class=\"auto-hide-last-sibling-br paragraph-u1TS5p paragraph-element br-paragraph-space\">Custom r\u00edgido de lujo mango caja de regalo OEM Cajas Fabricantes<\/h1>\n<div class=\"auto-hide-last-sibling-br paragraph-u1TS5p paragraph-element br-paragraph-space\">\u00bfBusca bolsas de papel impresas de lujo para su tienda o para una ocasi\u00f3n especial? Entonces elija nuestras lujosas bolsas de papel personalizadas. Las bolsas de papel de lujo son la cr\u00e8me de la cr\u00e8me de las bolsas de papel y pueden confeccionarse seg\u00fan sus deseos. Piense en el tama\u00f1o, el material, los lazos o asas, una elegante cinta de cierre y las posibilidades de impresi\u00f3n con acabados de lujo. \u00bfPrefiere imprimir bolsas de papel de lujo ecol\u00f3gicas? Entonces las bolsas de papel de lujo fabricadas con papel ecol\u00f3gico (por ejemplo, papel reciclado o papel certificado FSC\u00ae) son una buena opci\u00f3n. Vea a continuaci\u00f3n todas las opciones de las bolsas de papel de lujo.<\/div>\n<div>\n<h1><strong>Especificaci\u00f3n<\/strong><\/h1>\n<table style=\"border-collapse: collapse; width: 759.02pt;\" border=\"0\" width=\"1012\" cellspacing=\"0\" cellpadding=\"0\">\n<tbody>\n<tr style=\"height: 16.50pt;\">\n<td class=\"et3\" style=\"height: 16.50pt; width: 379.50pt;\" width=\"506\" height=\"22\">Dimensiones<\/td>\n<td class=\"et3\" style=\"width: 379.50pt;\" width=\"506\">Todos los tama\u00f1os y formas personalizados<\/td>\n<\/tr>\n<tr style=\"height: 16.50pt;\">\n<td class=\"et3\" style=\"height: 16.50pt;\" height=\"22\">Cantidad m\u00ednima<\/td>\n<td class=\"et3\">500 unidades<\/td>\n<\/tr>\n<tr style=\"height: 16.50pt;\">\n<td class=\"et3\" style=\"height: 16.50pt;\" height=\"22\">Proceso por defecto<\/td>\n<td class=\"et3\">Troquelado, encolado, rayado, perforaci\u00f3n<\/td>\n<\/tr>\n<tr style=\"height: 16.50pt;\">\n<td class=\"et3\" style=\"height: 16.50pt;\" height=\"22\">Impresi\u00f3n<\/td>\n<td class=\"et3\">Cmyk, pms, sin impresi\u00f3n<\/td>\n<\/tr>\n<tr style=\"height: 16.50pt;\">\n<td class=\"et3\" style=\"height: 16.50pt;\" height=\"22\">Material Opci\u00f3n<\/td>\n<td class=\"et3\">Papel cart\u00f3n blanco, papel estucado, papel art\u00edstico, papel kraft, cart\u00f3n marfil, cart\u00f3n d\u00faplex, papel especial, etc.<\/td>\n<\/tr>\n<tr style=\"height: 17.25pt;\">\n<td class=\"et3\" style=\"height: 17.25pt;\" height=\"23\">Acabado de superficies<\/td>\n<td class=\"et4\" style=\"width: 379.50pt;\" width=\"506\">Laminado mate\/brillante, estampado en relieve, gofrado, estampado en caliente, etc.<\/td>\n<\/tr>\n<tr style=\"height: 17.25pt;\">\n<td class=\"et4\" style=\"height: 17.25pt; width: 379.50pt;\" width=\"506\" height=\"23\">Uso industrial<\/td>\n<td class=\"et4\" style=\"width: 379.50pt;\" width=\"506\">cosm\u00e9ticos, perfumes, prendas de vestir, joyas, tabaco, alimentos, regalos y productos de consumo diario,<\/td>\n<\/tr>\n<tr style=\"height: 34.50pt;\">\n<td class=\"et4\" style=\"height: 34.50pt; width: 379.50pt;\" width=\"506\" height=\"46\">Control de calidad<\/td>\n<td class=\"et4\" style=\"width: 379.50pt;\" width=\"506\">El equipo avanzado y el equipo experimentado del control de calidad comprobar\u00e1n el material, los productos semielaborados y acabados terminantemente en cada paso antes de que<\/td>\n<\/tr>\n<tr style=\"height: 34.50pt;\">\n<td class=\"et4\" style=\"height: 34.50pt; width: 379.50pt;\" width=\"506\" height=\"46\">Precio<\/td>\n<td class=\"et4\" style=\"width: 379.50pt;\" width=\"506\">El precio final se adaptar\u00e1 a su producto y a la cantidad que necesite<\/td>\n<\/tr>\n<tr style=\"height: 16.50pt;\">\n<td class=\"et3\" style=\"height: 16.50pt;\" height=\"22\">Plazo de entrega<\/td>\n<td class=\"et3\">7-14 d\u00edas laborables , rush<\/td>\n<\/tr>\n<tr style=\"height: 16.50pt;\">\n<td class=\"et3\" style=\"height: 16.50pt;\" height=\"22\">Papel<\/td>\n<td class=\"et3\">De 10pt a 28pt (de 60lb a 400lb) Kraft ecol\u00f3gico, corrugado e-flute, cart\u00f3n bux, cartulina<\/td>\n<\/tr>\n<tr style=\"height: 16.50pt;\">\n<td class=\"et3\" style=\"height: 16.50pt;\" height=\"22\">Prueba<\/td>\n<td class=\"et3\">Vista plana, maqueta 3d, muestra f\u00edsica (a petici\u00f3n)<\/td>\n<\/tr>\n<\/tbody>\n<\/table>\n<\/div>\n<h2 class=\"auto-hide-last-sibling-br paragraph-u1TS5p paragraph-element br-paragraph-space\">Caracter\u00edsticas principales<\/h2>\n<ol class=\"auto-hide-last-sibling-br\">\n<li>Materiales de primera calidad: Fabricadas con papel de la mejor calidad, nuestras bolsas de lujo ofrecen una experiencia t\u00e1ctil y visual que destila opulencia. Elija entre una selecci\u00f3n de papeles de alta calidad, incluidas opciones con textura, en relieve o revestidas, para crear un aspecto y un tacto distintivos.<\/li>\n<li>Detalles minuciosos: Cada aspecto de estas bolsas est\u00e1 meticulosamente dise\u00f1ado, desde las costuras precisas hasta los delicados adornos y detalles. Se pueden emplear t\u00e9cnicas de grabado en relieve, estampado y eliminaci\u00f3n de relieve para a\u00f1adir profundidad y textura al logotipo o a los elementos de dise\u00f1o de su marca.<\/li>\n<li>Formas y tama\u00f1os personalizados: Adapte las bolsas a sus requisitos espec\u00edficos, garantizando un ajuste perfecto para sus productos. Tanto si necesita una forma rectangular elegante como una forma personalizada \u00fanica, nuestras capacidades de fabricaci\u00f3n permiten posibilidades ilimitadas.<\/li>\n<li>Mejora del interior: Mime sus productos con un suntuoso interior. Las opciones incluyen suaves forros de tela, cintas de raso o compartimentos personalizados para ofrecer una mayor protecci\u00f3n y un toque lujoso.<\/li>\n<li>Opciones de marca: Haga una declaraci\u00f3n audaz con la colocaci\u00f3n prominente de la marca. Nuestras avanzadas tecnolog\u00edas de impresi\u00f3n garantizan que su logotipo, los colores de su marca y sus mensajes se muestren con precisi\u00f3n y claridad, creando una impresi\u00f3n duradera en sus clientes.<\/li>\n<li>Durabilidad y resistencia: A pesar de su aspecto lujoso, nuestras bolsas est\u00e1n dise\u00f1adas para ser duraderas y funcionales. Sus asas reforzadas y su robusta construcci\u00f3n garantizan que puedan soportar el peso de sus productos sin perder su elegancia.<\/li>\n<\/ol>\n<h2 class=\"auto-hide-last-sibling-br paragraph-u1TS5p paragraph-element br-paragraph-space\">Proceso de pedido<\/h2>\n<div class=\"auto-hide-last-sibling-br paragraph-u1TS5p paragraph-element br-paragraph-space\">Nuestro equipo de expertos est\u00e1 a su disposici\u00f3n para guiarle en el proceso de personalizaci\u00f3n. Desde las conversaciones iniciales sobre el concepto hasta la producci\u00f3n final, trabajamos estrechamente con usted para hacer realidad su visi\u00f3n. Ofrecemos muestras y prototipos para su revisi\u00f3n y aprobaci\u00f3n, garantizando que el producto final supere sus expectativas.<\/div>\n<h2 class=\"auto-hide-last-sibling-br paragraph-u1TS5p paragraph-element br-paragraph-space\">Plazo de entrega<\/h2>\n<div class=\"auto-hide-last-sibling-br paragraph-u1TS5p paragraph-element br-paragraph-space\">Somos conscientes de la importancia de una entrega puntual para satisfacer las necesidades de su empresa. Nuestros eficientes sistemas de producci\u00f3n y log\u00edstica garantizan que sus bolsas de embalaje de papel de lujo personalizadas se entreguen en el plazo acordado, lo que le permite integrarlas perfectamente en sus operaciones.<\/div>\n<div class=\"widget block block-static-block\">\n<div class=\"landing-page-section option-bottom\">\n<div class=\"custom-materials-tabs-content container container-adjustment\">\n<div class=\"custom-materials-tab-content active\">\n<div class=\"widget block block-static-block\">\n<div class=\"options-items\">\n<div class=\"flex-grid-row-option\">\n<div class=\"flex-grid-item-option\">\n<div class=\"material-box\">\n<p>&nbsp;<\/p>\n<\/div>\n<\/div>\n<\/div>\n<\/div>\n<p><!---end of option item--><\/p>\n<\/div>\n<\/div>\n<\/div>\n<\/div>\n<\/div>","protected":false},"excerpt":{"rendered":"<p>-Su Caja ser\u00e1: R\u00edgida, de lujo, de gama alta, de marca<br \/>\n-Tipo de material: Ecol\u00f3gico, con certificaci\u00f3n FSC,ISO,BSCI<br \/>\n-Personalizaci\u00f3n: Puede personalizar tama\u00f1o\/impresi\u00f3n\/material\/acabado\/forma etc.<br \/>\n-Tiempo de producci\u00f3n: Muestra 1-3 d\u00edas; A granel 7-9 d\u00edas Tiempo de env\u00edo: Express 3-7 d\u00edas; Aire 12-16 d\u00edas; Barco 25-30 d\u00edas\uff08Diferentes pa\u00edses tienen diferentes tiempos)<br \/>\n-Precio: P\u00f3ngase en contacto con nosotros para enviar una consulta<\/p>","protected":false},"featured_media":4669,"template":"","meta":[],"product_brand":[],"product_cat":[30,414,390,424,31],"product_tag":[615,280,613,614],"class_list":{"0":"post-4666","1":"product","2":"type-product","3":"status-publish","4":"has-post-thumbnail","6":"product_cat-by-industry","7":"product_cat-custom-apparel-boxes","8":"product_cat-custom-cosmetics-boxes","9":"product_cat-magnetic-closure-boxes","10":"product_cat-paper-box-style","11":"product_tag-brand-box","12":"product_tag-custom-rigid-boxes","13":"product_tag-handle-gift-box","14":"product_tag-oem-boxes-manufacturers","16":"first","17":"instock","18":"shipping-taxable","19":"product-type-grouped"},"_links":{"self":[{"href":"https:\/\/zojopackaging.com\/es\/wp-json\/wp\/v2\/product\/4666","targetHints":{"allow":["GET"]}}],"collection":[{"href":"https:\/\/zojopackaging.com\/es\/wp-json\/wp\/v2\/product"}],"about":[{"href":"https:\/\/zojopackaging.com\/es\/wp-json\/wp\/v2\/types\/product"}],"version-history":[{"count":2,"href":"https:\/\/zojopackaging.com\/es\/wp-json\/wp\/v2\/product\/4666\/revisions"}],"predecessor-version":[{"id":8213,"href":"https:\/\/zojopackaging.com\/es\/wp-json\/wp\/v2\/product\/4666\/revisions\/8213"}],"wp:featuredmedia":[{"embeddable":true,"href":"https:\/\/zojopackaging.com\/es\/wp-json\/wp\/v2\/media\/4669"}],"wp:attachment":[{"href":"https:\/\/zojopackaging.com\/es\/wp-json\/wp\/v2\/media?parent=4666"}],"wp:term":[{"taxonomy":"product_brand","embeddable":true,"href":"https:\/\/zojopackaging.com\/es\/wp-json\/wp\/v2\/product_brand?post=4666"},{"taxonomy":"product_cat","embeddable":true,"href":"https:\/\/zojopackaging.com\/es\/wp-json\/wp\/v2\/product_cat?post=4666"},{"taxonomy":"product_tag","embeddable":true,"href":"https:\/\/zojopackaging.com\/es\/wp-json\/wp\/v2\/product_tag?post=4666"}],"curies":[{"name":"wp","href":"https:\/\/api.w.org\/{rel}","templated":true}]}}