{"id":4694,"date":"2024-03-25T11:21:56","date_gmt":"2024-03-25T03:21:56","guid":{"rendered":"https:\/\/zojopackaging.com\/?post_type=product&#038;p=4694"},"modified":"2025-03-25T14:43:52","modified_gmt":"2025-03-25T06:43:52","slug":"earphone-speaker-mailing-packaging-box","status":"publish","type":"product","link":"https:\/\/zojopackaging.com\/es\/product\/earphone-speaker-mailing-packaging-box\/","title":{"rendered":"Personalizaci\u00f3n Altavoz Corrugado Mailer Box Proveedor"},"content":{"rendered":"<h1 class=\"self-content-pre-ca33f6\">Personalizaci\u00f3n Altavoz Corrugado Mailer Box Proveedor<\/h1>\n<p>La caja de embalaje para env\u00edo de auriculares y altavoces es una soluci\u00f3n de embalaje vers\u00e1til y segura dise\u00f1ada espec\u00edficamente para el env\u00edo de auriculares y altavoces.<\/p>\n<p><strong>Entre las principales caracter\u00edsticas de la caja de embalaje para env\u00edo de auriculares con altavoz se incluyen:<\/strong><\/p>\n<ul>\n<li>Construcci\u00f3n robusta con acolchado protector para evitar da\u00f1os durante el transporte<\/li>\n<li>Opciones personalizables de tama\u00f1o, dise\u00f1o y marca para adaptarse a la est\u00e9tica de su empresa.<\/li>\n<li>Ideal para embalar y enviar auriculares, cascos, altavoces y otros accesorios de audio<\/li>\n<li>Mecanismos de cierre seguros para mantener los art\u00edculos en su sitio y protegerlos de elementos externos<\/li>\n<li>Dise\u00f1o ligero para minimizar los gastos de env\u00edo y ofrecer al mismo tiempo una protecci\u00f3n adecuada<\/li>\n<\/ul>\n<h1><strong>Especificaci\u00f3n<\/strong><\/h1>\n<table style=\"border-collapse: collapse; width: 759.02pt;\" border=\"0\" width=\"1012\" cellspacing=\"0\" cellpadding=\"0\">\n<tbody>\n<tr style=\"height: 16.50pt;\">\n<td class=\"et3\" style=\"height: 16.50pt; width: 379.50pt;\" width=\"506\" height=\"22\">Dimensiones<\/td>\n<td class=\"et3\" style=\"width: 379.50pt;\" width=\"506\">Todos los tama\u00f1os y formas personalizados<\/td>\n<\/tr>\n<tr style=\"height: 16.50pt;\">\n<td class=\"et3\" style=\"height: 16.50pt;\" height=\"22\">Cantidad m\u00ednima<\/td>\n<td class=\"et3\">500 unidades<\/td>\n<\/tr>\n<tr style=\"height: 16.50pt;\">\n<td class=\"et3\" style=\"height: 16.50pt;\" height=\"22\">Proceso por defecto<\/td>\n<td class=\"et3\">Troquelado, encolado, rayado, perforaci\u00f3n<\/td>\n<\/tr>\n<tr style=\"height: 16.50pt;\">\n<td class=\"et3\" style=\"height: 16.50pt;\" height=\"22\">Impresi\u00f3n<\/td>\n<td class=\"et3\">Cmyk, pms, sin impresi\u00f3n<\/td>\n<\/tr>\n<tr style=\"height: 16.50pt;\">\n<td class=\"et3\" style=\"height: 16.50pt;\" height=\"22\">Material Opci\u00f3n<\/td>\n<td class=\"et3\">Papel cart\u00f3n blanco, papel estucado, papel art\u00edstico, papel kraft, cart\u00f3n marfil, cart\u00f3n d\u00faplex, papel especial, etc.<\/td>\n<\/tr>\n<tr style=\"height: 17.25pt;\">\n<td class=\"et3\" style=\"height: 17.25pt;\" height=\"23\">Acabado de superficies<\/td>\n<td class=\"et4\" style=\"width: 379.50pt;\" width=\"506\">Laminado mate\/brillante, estampado en relieve, gofrado, estampado en caliente, etc.<\/td>\n<\/tr>\n<tr style=\"height: 17.25pt;\">\n<td class=\"et4\" style=\"height: 17.25pt; width: 379.50pt;\" width=\"506\" height=\"23\">Uso industrial<\/td>\n<td class=\"et4\" style=\"width: 379.50pt;\" width=\"506\">cosm\u00e9ticos, perfumes, prendas de vestir, joyas, tabaco, alimentos, regalos y productos de consumo diario,<\/td>\n<\/tr>\n<tr style=\"height: 34.50pt;\">\n<td class=\"et4\" style=\"height: 34.50pt; width: 379.50pt;\" width=\"506\" height=\"46\">Control de calidad<\/td>\n<td class=\"et4\" style=\"width: 379.50pt;\" width=\"506\">El equipo avanzado y el equipo experimentado del control de calidad comprobar\u00e1n el material, los productos semielaborados y acabados terminantemente en cada paso antes de que<\/td>\n<\/tr>\n<tr style=\"height: 34.50pt;\">\n<td class=\"et4\" style=\"height: 34.50pt; width: 379.50pt;\" width=\"506\" height=\"46\">Precio<\/td>\n<td class=\"et4\" style=\"width: 379.50pt;\" width=\"506\">El precio final se adaptar\u00e1 a su producto y a la cantidad que necesite<\/td>\n<\/tr>\n<tr style=\"height: 16.50pt;\">\n<td class=\"et3\" style=\"height: 16.50pt;\" height=\"22\">Plazo de entrega<\/td>\n<td class=\"et3\">10-12 d\u00edas laborables , rush<\/td>\n<\/tr>\n<tr style=\"height: 16.50pt;\">\n<td class=\"et3\" style=\"height: 16.50pt;\" height=\"22\">Papel<\/td>\n<td class=\"et3\">De 10pt a 28pt (de 60lb a 400lb) Kraft ecol\u00f3gico, corrugado e-flute, cart\u00f3n bux, cartulina<\/td>\n<\/tr>\n<tr style=\"height: 16.50pt;\">\n<td class=\"et3\" style=\"height: 16.50pt;\" height=\"22\">Prueba<\/td>\n<td class=\"et3\">Vista plana, maqueta 3d, muestra f\u00edsica (a petici\u00f3n)<\/td>\n<\/tr>\n<\/tbody>\n<\/table>\n<div class=\"widget block block-static-block\">\n<div class=\"landing-page-section option-bottom\">\n<div class=\"custom-materials-tabs-content container container-adjustment\">\n<div class=\"custom-materials-tab-content active\">\n<div class=\"widget block block-static-block\">\n<div class=\"options-items\">\n<div class=\"flex-grid-row-option\">\n<div class=\"flex-grid-item-option\">\n<div class=\"material-box\">\n<div class=\"material-des\">\n<p>&nbsp;<\/p>\n<\/div>\n<p>&nbsp;<\/p>\n<\/div>\n<\/div>\n<\/div>\n<\/div>\n<p><!---end of option item--><\/p>\n<\/div>\n<\/div>\n<\/div>\n<\/div>\n<\/div>","protected":false},"excerpt":{"rendered":"<p>-Su Mailer Box ser\u00e1: R\u00edgido, nave plana para ahorrar la tarifa de env\u00edo, impresi\u00f3n clara, impermeable, paquete aseado<br \/>\n-Tipo de material: Ecol\u00f3gico, con certificaci\u00f3n FSC,ISO,BSCI<br \/>\n-Personalizaci\u00f3n: Puede personalizar tama\u00f1o\/impresi\u00f3n\/material\/acabado\/forma etc.<br \/>\n-Tiempo de producci\u00f3n: Muestra 1-3 d\u00edas; A granel 7-9 d\u00edas Tiempo de env\u00edo: Express 3-7 d\u00edas; Aire 12-16 d\u00edas; Barco 25-30 d\u00edas\uff08Diferentes pa\u00edses tienen diferentes tiempos)<br \/>\n-Precio: P\u00f3ngase en contacto con nosotros para enviar una consulta<\/p>","protected":false},"featured_media":4698,"template":"","meta":[],"product_brand":[],"product_cat":[30,413,31,433],"product_tag":[604,602,603,290],"class_list":{"0":"post-4694","1":"product","2":"type-product","3":"status-publish","4":"has-post-thumbnail","6":"product_cat-by-industry","7":"product_cat-consumer-electronics-boxes","8":"product_cat-paper-box-style","9":"product_cat-shipping-mailer-boxes","10":"product_tag-customization-box","11":"product_tag-loudspeaker-box","12":"product_tag-mailer-box-supplier","13":"product_tag-mailing-packaging-box","15":"first","16":"instock","17":"shipping-taxable","18":"product-type-grouped"},"_links":{"self":[{"href":"https:\/\/zojopackaging.com\/es\/wp-json\/wp\/v2\/product\/4694","targetHints":{"allow":["GET"]}}],"collection":[{"href":"https:\/\/zojopackaging.com\/es\/wp-json\/wp\/v2\/product"}],"about":[{"href":"https:\/\/zojopackaging.com\/es\/wp-json\/wp\/v2\/types\/product"}],"version-history":[{"count":2,"href":"https:\/\/zojopackaging.com\/es\/wp-json\/wp\/v2\/product\/4694\/revisions"}],"predecessor-version":[{"id":8207,"href":"https:\/\/zojopackaging.com\/es\/wp-json\/wp\/v2\/product\/4694\/revisions\/8207"}],"wp:featuredmedia":[{"embeddable":true,"href":"https:\/\/zojopackaging.com\/es\/wp-json\/wp\/v2\/media\/4698"}],"wp:attachment":[{"href":"https:\/\/zojopackaging.com\/es\/wp-json\/wp\/v2\/media?parent=4694"}],"wp:term":[{"taxonomy":"product_brand","embeddable":true,"href":"https:\/\/zojopackaging.com\/es\/wp-json\/wp\/v2\/product_brand?post=4694"},{"taxonomy":"product_cat","embeddable":true,"href":"https:\/\/zojopackaging.com\/es\/wp-json\/wp\/v2\/product_cat?post=4694"},{"taxonomy":"product_tag","embeddable":true,"href":"https:\/\/zojopackaging.com\/es\/wp-json\/wp\/v2\/product_tag?post=4694"}],"curies":[{"name":"wp","href":"https:\/\/api.w.org\/{rel}","templated":true}]}}