{"id":5697,"date":"2024-05-10T11:01:37","date_gmt":"2024-05-10T03:01:37","guid":{"rendered":"https:\/\/zojopackaging.com\/?post_type=product&#038;p=5697"},"modified":"2025-03-24T11:53:28","modified_gmt":"2025-03-24T03:53:28","slug":"custom-pizza-packaging-box","status":"publish","type":"product","link":"https:\/\/zojopackaging.com\/es\/product\/custom-pizza-packaging-box\/","title":{"rendered":"China Cajas de Pizza Kraft Personalizadas al por Mayor"},"content":{"rendered":"<h1>China Cajas de Pizza Kraft Personalizadas al por Mayor<\/h1>\n<p><strong>Envases ecol\u00f3gicos a medida para alimentos<\/strong><\/p>\n<div class=\"auto-hide-last-sibling-br paragraph-ae1685 br-paragraph-space\" data-sider-select-id=\"3048e002-9888-4134-9a86-1328e88ae0c7\">\n<p>Descubra nuestra excepcional gama de cajas personalizadas para envasado de alimentos, dise\u00f1adas espec\u00edficamente para satisfacer las diversas necesidades de su empresa. Nuestras cajas personalizadas son una mezcla perfecta de funcionalidad y creatividad.<br \/>\nEstas cajas de embalaje se fabrican prestando una atenci\u00f3n meticulosa a los detalles, lo que garantiza una calidad y durabilidad superiores. Fabricadas a medida seg\u00fan sus especificaciones exactas, se adaptan perfectamente a sus productos alimentarios y ofrecen una protecci\u00f3n y una presentaci\u00f3n \u00f3ptimas.<\/p>\n<p>Con una amplia gama de opciones personalizables, puede personalizar el dise\u00f1o, el color, el tama\u00f1o y la impresi\u00f3n de las cajas para alinearlas con la identidad de su marca. Tanto si necesita un envase elegante, moderno o \u00fanico, tenemos la soluci\u00f3n para usted.<\/p>\n<p>En ZOJO Print, ofrecemos una amplia gama de opciones de envases alimentarios personalizados que satisfacen las necesidades de diferentes empresas. Nuestros productos est\u00e1n fabricados con materiales de alta calidad y pueden personalizarse para adaptarse a sus necesidades. Por lo tanto, si necesita envases para su restaurante, cami\u00f3n de comida o negocio de catering, lo tenemos cubierto.<\/p>\n<p><strong>Gama de envases alimentarios personalizados<\/strong><br \/>\nZOJO Print ofrece una amplia gama de opciones de envases alimentarios personalizados para sus productos. Todos ellos est\u00e1n fabricados con cart\u00f3n Delipac\u00a9 apto para alimentos (excepto los Doypacks) y pueden personalizarse con sus gr\u00e1ficos. A continuaci\u00f3n le ofrecemos un breve resumen, pero puede encontrar informaci\u00f3n completa en las p\u00e1ginas separadas.<\/p>\n<ul>\n<li>Envases para alimentos: disponibles en cuatro formatos, son ideales para alimentos como palomitas y patatas fritas gracias a su forma y son resistentes al aceite y la grasa.<\/li>\n<li>Cajas para alimentos con tapa abatible: si necesita proteger sus productos, la tapa f\u00e1cil de usar de estas cajas las hace ideales para todo tipo de art\u00edculos, especialmente comida callejera y para llevar<\/li>\n<li>Cajas Deluxe para alimentos: ofrecen un aspecto sofisticado gracias a su interesante forma y llamativos cierres. Elija entre el cierre de cinta o de asa y varios tama\u00f1os.<\/li>\n<li>Cajas para s\u00e1ndwiches: estas cajas est\u00e1n dise\u00f1adas para contener s\u00e1ndwiches, cruasanes y otros productos de panader\u00eda, protegi\u00e9ndolos y manteniendo calientes los alimentos. Su forma alargada evita que los alimentos se aplasten.<\/li>\n<li>Doypacks: bolsas autoportantes en cuatro materiales a elegir para proteger y conservar los productos alimentarios. Laminado, cremallera y orificio para colgar opcionales.<\/li>\n<\/ul>\n<p><strong>Envases alimentarios personalizados de cart\u00f3n<\/strong><br \/>\nNuestros envases personalizados para alimentos est\u00e1n fabricados con un cart\u00f3n especial llamado Delipac\u00a9, con una serie de caracter\u00edsticas que lo diferencian de otros materiales:<\/p>\n<ul>\n<li>Tiene un revestimiento a base de agua que lo hace extremadamente resistente al aceite y la grasa.<\/li>\n<li>Se puede meter en el congelador o en el microondas sin problemas<\/li>\n<li>Proporciona a los alimentos un buen aislamiento t\u00e9rmico<\/li>\n<li>Es resistente a la migraci\u00f3n de tinta<\/li>\n<\/ul>\n<p>Adem\u00e1s, utilizamos tintas de baja migraci\u00f3n en nuestras impresoras al personalizar los envases alimentarios impresos, para evitar cualquier posibilidad de que los alimentos se contaminen. Estos componentes tambi\u00e9n han sido probados en laboratorio para garantizar su seguridad.<\/p>\n<p><strong>Envases ecol\u00f3gicos a medida para alimentos<\/strong><\/p>\n<p>Nuestros envases personalizados para alimentos son una soluci\u00f3n ecol\u00f3gica para su empresa alimentaria. Hoy en d\u00eda, la sostenibilidad y las opciones ecol\u00f3gicas son cada vez m\u00e1s importantes y los clientes se fijan en ellas a la hora de decidir a qu\u00e9 empresas comprar. Por ello, nuestros envases ecol\u00f3gicos para alimentos pueden aportar un valor a\u00f1adido a su negocio. Tiene las siguientes propiedades<\/p>\n<ul>\n<li>Biodegradable<\/li>\n<li>Compostable<\/li>\n<li>Reciclable<\/li>\n<\/ul>\n<p><strong>Encargar envases alimentarios personalizados<\/strong><\/p>\n<p>Encargar envases personalizados para alimentos a ZOJO Print es muy f\u00e1cil. S\u00f3lo tienes que elegir el estilo de producto que m\u00e1s te guste y dirigirte a la p\u00e1gina correspondiente. All\u00ed encontrar\u00e1 un formulario de pedido paso a paso que le guiar\u00e1 por el proceso. Seleccione las opciones de personalizaci\u00f3n que prefiera, como tama\u00f1o, material, etc., y se mostrar\u00e1 autom\u00e1ticamente un presupuesto gratuito.<\/p>\n<p>Elija entre una gama de precios y opciones de entrega que se adapten a sus necesidades y env\u00edenos su dise\u00f1o. Si tienes alg\u00fan problema o pregunta, no dudes en ponerte en contacto con nosotros.<\/p>\n<\/div>\n<h1><strong>Especificaci\u00f3n<\/strong><\/h1>\n<div class=\"widget block block-static-block\">\n<div class=\"landing-page-section option-bottom\">\n<div class=\"custom-materials-tabs-content container container-adjustment\">\n<div class=\"custom-materials-tab-content active\">\n<div class=\"widget block block-static-block\">\n<div class=\"options-items\">\n<div class=\"flex-grid-row-option\">\n<div class=\"flex-grid-item-option\">\n<div class=\"material-box\">\n<div class=\"material-des\">\n<table style=\"height: 666px;\" width=\"1070\">\n<tbody>\n<tr>\n<td width=\"373\">Dimensiones<\/td>\n<td width=\"373\">Todos los tama\u00f1os y formas personalizados<\/td>\n<\/tr>\n<tr>\n<td width=\"373\">MOQ<\/td>\n<td width=\"373\">500 unidades<\/td>\n<\/tr>\n<tr>\n<td width=\"373\">Tiempo de muestreo<\/td>\n<td width=\"373\">3-5 d\u00edas<\/td>\n<\/tr>\n<tr>\n<td width=\"373\">Proceso por defecto<\/td>\n<td width=\"373\">Troquelado, encolado, rayado, perforaci\u00f3n<\/td>\n<\/tr>\n<tr>\n<td width=\"373\">Impresi\u00f3n<\/td>\n<td width=\"373\">Cmyk, pms, sin impresi\u00f3n<\/td>\n<\/tr>\n<tr>\n<td width=\"373\">Material Opci\u00f3n<\/td>\n<td width=\"373\">Papel cart\u00f3n blanco, papel estucado, papel art\u00edstico, papel kraft, cart\u00f3n marfil, cart\u00f3n d\u00faplex, papel especial, etc.<\/td>\n<\/tr>\n<tr>\n<td width=\"373\">Acabado de superficies<\/td>\n<td width=\"373\">Laminado mate\/brillante, estampado en relieve, gofrado, estampado en caliente, etc.<\/td>\n<\/tr>\n<tr>\n<td width=\"373\">Uso industrial<\/td>\n<td width=\"373\">cosm\u00e9ticos, perfumes, prendas de vestir, joyas, tabaco, alimentos, regalos y productos de consumo diario,<\/td>\n<\/tr>\n<tr>\n<td width=\"373\">Control de calidad<\/td>\n<td width=\"373\">El equipo avanzado y el equipo experimentado del control de calidad comprobar\u00e1n el material, los productos semielaborados y acabados terminantemente en cada paso antes de que<\/td>\n<\/tr>\n<tr>\n<td width=\"373\">Precio<\/td>\n<td width=\"373\">El precio final se adaptar\u00e1 a su producto y a la cantidad que necesite<\/td>\n<\/tr>\n<tr>\n<td width=\"373\">Plazo de entrega<\/td>\n<td width=\"373\">7-14 d\u00edas laborables , rush<\/td>\n<\/tr>\n<tr>\n<td width=\"373\">Papel<\/td>\n<td width=\"373\">De 10pt a 28pt (de 60lb a 400lb) Kraft ecol\u00f3gico, corrugado e-flute, cart\u00f3n bux, cartulina<\/td>\n<\/tr>\n<tr>\n<td width=\"373\">Formato de las ilustraciones<\/td>\n<td width=\"373\">JPG, PDF, AI, CDR, EPS, GIF....<\/td>\n<\/tr>\n<tr>\n<td width=\"373\">Accesorios<\/td>\n<td width=\"373\">Im\u00e1n, cinta, forma EVA , bandeja de pl\u00e1stico, esponja, ventana de PVC\/PET\/PP,...<\/td>\n<\/tr>\n<tr>\n<td width=\"373\">Plazo de pago<\/td>\n<td width=\"373\">T\/T, Western Union, Paypal, 30% de dep\u00f3sito y 70% de saldo antes del env\u00edo.<\/td>\n<\/tr>\n<\/tbody>\n<\/table>\n<\/div>\n<p>&nbsp;<\/p>\n<\/div>\n<\/div>\n<\/div>\n<\/div>\n<p><!---end of option item--><\/p>\n<\/div>\n<\/div>\n<\/div>\n<\/div>\n<\/div>","protected":false},"excerpt":{"rendered":"<p>Cajas plegables de papel kraft para pizza suministradas directamente por f\u00e1bricas chinas, admiten personalizaci\u00f3n ilimitada de tama\u00f1o, dise\u00f1o de envasado de calidad alimentaria, transporte c\u00f3modo y ahorro de espacio.<\/p>","protected":false},"featured_media":6705,"template":"","meta":[],"product_brand":[],"product_cat":[30,422,31,433],"product_tag":[532,533,531],"class_list":{"0":"post-5697","1":"product","2":"type-product","3":"status-publish","4":"has-post-thumbnail","6":"product_cat-by-industry","7":"product_cat-custom-gourmet-boxes-by-industry","8":"product_cat-paper-box-style","9":"product_cat-shipping-mailer-boxes","10":"product_tag-kraft-pizza-boxes","11":"product_tag-pizza-boxes-wholesale","12":"product_tag-premium-pizza-boxes","14":"first","15":"instock","16":"shipping-taxable","17":"product-type-grouped"},"_links":{"self":[{"href":"https:\/\/zojopackaging.com\/es\/wp-json\/wp\/v2\/product\/5697","targetHints":{"allow":["GET"]}}],"collection":[{"href":"https:\/\/zojopackaging.com\/es\/wp-json\/wp\/v2\/product"}],"about":[{"href":"https:\/\/zojopackaging.com\/es\/wp-json\/wp\/v2\/types\/product"}],"version-history":[{"count":3,"href":"https:\/\/zojopackaging.com\/es\/wp-json\/wp\/v2\/product\/5697\/revisions"}],"predecessor-version":[{"id":8093,"href":"https:\/\/zojopackaging.com\/es\/wp-json\/wp\/v2\/product\/5697\/revisions\/8093"}],"wp:featuredmedia":[{"embeddable":true,"href":"https:\/\/zojopackaging.com\/es\/wp-json\/wp\/v2\/media\/6705"}],"wp:attachment":[{"href":"https:\/\/zojopackaging.com\/es\/wp-json\/wp\/v2\/media?parent=5697"}],"wp:term":[{"taxonomy":"product_brand","embeddable":true,"href":"https:\/\/zojopackaging.com\/es\/wp-json\/wp\/v2\/product_brand?post=5697"},{"taxonomy":"product_cat","embeddable":true,"href":"https:\/\/zojopackaging.com\/es\/wp-json\/wp\/v2\/product_cat?post=5697"},{"taxonomy":"product_tag","embeddable":true,"href":"https:\/\/zojopackaging.com\/es\/wp-json\/wp\/v2\/product_tag?post=5697"}],"curies":[{"name":"wp","href":"https:\/\/api.w.org\/{rel}","templated":true}]}}