{"id":5971,"date":"2024-06-18T09:26:16","date_gmt":"2024-06-18T01:26:16","guid":{"rendered":"https:\/\/zojopackaging.com\/?post_type=product&#038;p=5971"},"modified":"2025-03-24T12:09:12","modified_gmt":"2025-03-24T04:09:12","slug":"custom-cylinder-cr-vape-cartridge-box","status":"publish","type":"product","link":"https:\/\/zojopackaging.com\/es\/product\/custom-cylinder-cr-vape-cartridge-box\/","title":{"rendered":"Custom Ni\u00f1o Resistente Vape Cartucho Caja Tubo de Papel F\u00e1brica"},"content":{"rendered":"<h1>Custom Ni\u00f1o Resistente Vape Cartucho Caja Tubo de Papel F\u00e1brica<\/h1>\n<p>Custom Packaging ofrece a sus clientes una soluci\u00f3n perfecta de envasado de cigarrillos electr\u00f3nicos al precio m\u00e1s razonable.<\/p>\n<p><strong>EL MEJOR MATERIAL DE ENVASADO<\/strong><br \/>\nLos consumidores de cigarrillos electr\u00f3nicos quieren tener los mejores cigarrillos electr\u00f3nicos en calidad y lo que primero notan al comprar cigarrillos electr\u00f3nicos, es definitivamente la presentaci\u00f3n. Y el envase de un cigarrillo electr\u00f3nico es su presentaci\u00f3n, ya sea para que el producto resulte atractivo o para que pase desapercibido. Todo depende de la marca o de la empresa, de c\u00f3mo hacen que la presentaci\u00f3n de su producto resulte agradable a sus consumidores y compradores. Es decir, la calidad del e-cig y la calidad de su embalaje son igualmente importantes para el cliente y como minorista debe centrarse en ello. En este sentido, nuestra empresa ofrece servicios fiables a todos los fabricantes y vendedores de cigarrillos electr\u00f3nicos. Utilizamos el mejor material de embalaje en la producci\u00f3n de cajas para cigarrillos electr\u00f3nicos.<\/p>\n<p><strong>DISE\u00d1OS A MEDIDA<\/strong><br \/>\nLo que hace que el envase de un producto sea m\u00e1s agradable y llamativo es el dise\u00f1o y las impresiones que lleva. Y aqu\u00ed le vamos a ofrecer una serie de dise\u00f1os y opciones de impresi\u00f3n. Nuestra empresa cuenta con expertos que pueden elaborar un dise\u00f1o de envase incre\u00edble para usted, solicite nuestra asistencia gratuita para el dise\u00f1o o cu\u00e9ntenos sus propias ideas. Crearemos el mejor envase a medida que haya imaginado. Le ayudamos a que sus cigarrillos electr\u00f3nicos destaquen en el mercado. Haga de las cajas personalizadas para cigarrillos electr\u00f3nicos una marca y gane m\u00e1s. Ofrecemos t\u00e9cnicas de impresi\u00f3n CMYK y PMS, elija la que desee. Obtenga estas cajas en cualquier tama\u00f1o o forma impresas con sus impresiones deseadas. Aqu\u00ed obtendr\u00e1 un surtido de dise\u00f1os a medida, elija el que desee o cu\u00e9ntenos su imaginaci\u00f3n.<\/p>\n<p><strong>LLAMATIVAS OPCIONES ADICIONALES<\/strong><br \/>\nEl embalaje personalizado es uno de sus tipos en la ciudad. Es debido a nuestros servicios de primera calidad que estamos anudados con un mont\u00f3n de clientes durante muchos a\u00f1os. Como ofrecemos un paquete de opciones personalizadas a nuestros queridos clientes por lo que prefieren tomar nuestros servicios una y otra vez. Si usted est\u00e1 en busca de envases e-cigarrillo, entonces este es el lugar adecuado que ha aterrizado. Adem\u00e1s de ofrecer dise\u00f1os e impresiones personalizados, nuestra empresa tambi\u00e9n ofrece a sus clientes opciones adicionales \u00fanicas y llamativas. Disponemos de laminado brillante o mate, l\u00e1minas plateadas u doradas, UV localizado o revestimiento acuoso para hacer m\u00e1s atractivas sus cajas para cigarrillos electr\u00f3nicos. Los troquelados o las ventanas le dar\u00e1n a sus cajas para cigarrillos electr\u00f3nicos un aspecto llamativo. Puede escribir el nombre de su marca de cigarrillos electr\u00f3nicos de forma exclusiva en las cajas, lo que realzar\u00e1 el encanto de sus cigarrillos electr\u00f3nicos.<\/p>\n<p>P\u00f3ngase en contacto con nosotros por correo electr\u00f3nico\u00a0<span style=\"color: #ff0000;\"><strong>info@zojoprint.com<\/strong><\/span>\u00a0o\u00a0<span style=\"color: #ff0000;\"><strong>vickio@zojopackaging.com<\/strong>\u00a0<\/span>o puede llamarnos a nuestro n\u00famero de tel\u00e9fono indicado en cualquier momento, nuestro servicio de atenci\u00f3n al cliente est\u00e1 disponible las 24 horas. Tambi\u00e9n puede obtener una respuesta instant\u00e1nea de su consulta a trav\u00e9s de nuestro servicio de chat en vivo.<\/p>\n<h1><strong>Especificaci\u00f3n<\/strong><\/h1>\n<table width=\"1153\">\n<tbody>\n<tr>\n<td width=\"373\">Dimensiones<\/td>\n<td width=\"373\">Todos los tama\u00f1os y formas personalizados<\/td>\n<\/tr>\n<tr>\n<td width=\"373\">Impresi\u00f3n<\/td>\n<td width=\"373\">CMYK, PMS, Sin impresi\u00f3n<\/td>\n<\/tr>\n<tr>\n<td width=\"373\">Papel<\/td>\n<td width=\"373\">De 10pt a 28pt (de 60lb a 400lb) Kraft ecol\u00f3gico, cart\u00f3n ondulado con acanalado en E, cart\u00f3n Bux, cartulina<\/td>\n<\/tr>\n<tr>\n<td width=\"373\">Cantidades<\/td>\n<td width=\"373\">500- 500,000<\/td>\n<\/tr>\n<tr>\n<td width=\"373\">Revestimiento<\/td>\n<td width=\"373\">Brillo, mate, UV directo<\/td>\n<\/tr>\n<tr>\n<td width=\"373\">Proceso por defecto<\/td>\n<td width=\"373\">Troquelado, encolado, ranurado, perforaci\u00f3n<\/td>\n<\/tr>\n<tr>\n<td width=\"373\">Opciones<\/td>\n<td width=\"373\">Recorte de ventana personalizado, l\u00e1mina dorada\/plateada, relieve, tinta en relieve, l\u00e1mina de PVC.<\/td>\n<\/tr>\n<tr>\n<td width=\"373\">Prueba<\/td>\n<td width=\"373\">Vista plana, maqueta 3D, muestra f\u00edsica (a petici\u00f3n)<\/td>\n<\/tr>\n<tr>\n<td width=\"373\">Tiempo de respuesta<\/td>\n<td width=\"373\">7-14 d\u00edas laborables , Rush<\/td>\n<\/tr>\n<tr>\n<td width=\"373\">MOQ<\/td>\n<td width=\"373\">500<\/td>\n<\/tr>\n<tr>\n<td width=\"373\">Tiempo de muestreo<\/td>\n<td width=\"373\">3-5 d\u00edas<\/td>\n<\/tr>\n<tr>\n<td width=\"373\">Plazo de pago<\/td>\n<td width=\"373\">T\/T, Western Union, Paypal, 30% de dep\u00f3sito y 70% de saldo antes del env\u00edo.<\/td>\n<\/tr>\n<\/tbody>\n<\/table>\n<p><img fetchpriority=\"high\" decoding=\"async\" class=\"alignnone wp-image-5947\" src=\"https:\/\/zojopackaging.com\/wp-content\/uploads\/2024\/06\/\u5706\u7b52\u8be6\u60c5\u9875_01-300x123.jpg\" alt=\"\" width=\"1362\" height=\"558\" title=\"\" srcset=\"https:\/\/zojopackaging.com\/wp-content\/uploads\/2024\/06\/\u5706\u7b52\u8be6\u60c5\u9875_01-300x123.jpg 300w, https:\/\/zojopackaging.com\/wp-content\/uploads\/2024\/06\/\u5706\u7b52\u8be6\u60c5\u9875_01-600x246.jpg 600w, https:\/\/zojopackaging.com\/wp-content\/uploads\/2024\/06\/\u5706\u7b52\u8be6\u60c5\u9875_01.jpg 750w\" sizes=\"(max-width: 1362px) 100vw, 1362px\" \/> \u00a0<img decoding=\"async\" class=\"alignnone wp-image-5949\" src=\"https:\/\/zojopackaging.com\/wp-content\/uploads\/2024\/06\/\u5706\u7b52\u8be6\u60c5\u9875_03-298x300.jpg\" alt=\"\" width=\"1367\" height=\"1377\" title=\"\" srcset=\"https:\/\/zojopackaging.com\/wp-content\/uploads\/2024\/06\/\u5706\u7b52\u8be6\u60c5\u9875_03-298x300.jpg 298w, https:\/\/zojopackaging.com\/wp-content\/uploads\/2024\/06\/\u5706\u7b52\u8be6\u60c5\u9875_03-80x80.jpg 80w, https:\/\/zojopackaging.com\/wp-content\/uploads\/2024\/06\/\u5706\u7b52\u8be6\u60c5\u9875_03-600x604.jpg 600w, https:\/\/zojopackaging.com\/wp-content\/uploads\/2024\/06\/\u5706\u7b52\u8be6\u60c5\u9875_03-100x100.jpg 100w, https:\/\/zojopackaging.com\/wp-content\/uploads\/2024\/06\/\u5706\u7b52\u8be6\u60c5\u9875_03.jpg 750w\" sizes=\"(max-width: 1367px) 100vw, 1367px\" \/> \u00a0<img decoding=\"async\" class=\"alignnone wp-image-5951\" src=\"https:\/\/zojopackaging.com\/wp-content\/uploads\/2024\/06\/\u5706\u7b52\u8be6\u60c5\u9875_05-218x300.jpg\" alt=\"\" width=\"1351\" height=\"1859\" title=\"\" srcset=\"https:\/\/zojopackaging.com\/wp-content\/uploads\/2024\/06\/\u5706\u7b52\u8be6\u60c5\u9875_05-218x300.jpg 218w, https:\/\/zojopackaging.com\/wp-content\/uploads\/2024\/06\/\u5706\u7b52\u8be6\u60c5\u9875_05-600x827.jpg 600w\" sizes=\"(max-width: 1351px) 100vw, 1351px\" \/> <img loading=\"lazy\" decoding=\"async\" class=\"alignnone wp-image-5952\" src=\"https:\/\/zojopackaging.com\/wp-content\/uploads\/2024\/06\/\u5706\u7b52\u8be6\u60c5\u9875_06-207x300.jpg\" alt=\"\" width=\"1356\" height=\"1965\" title=\"\" srcset=\"https:\/\/zojopackaging.com\/wp-content\/uploads\/2024\/06\/\u5706\u7b52\u8be6\u60c5\u9875_06-207x300.jpg 207w, https:\/\/zojopackaging.com\/wp-content\/uploads\/2024\/06\/\u5706\u7b52\u8be6\u60c5\u9875_06-600x868.jpg 600w\" sizes=\"(max-width: 1356px) 100vw, 1356px\" \/> <img loading=\"lazy\" decoding=\"async\" class=\"alignnone wp-image-5953\" src=\"https:\/\/zojopackaging.com\/wp-content\/uploads\/2024\/06\/\u5706\u7b52\u8be6\u60c5\u9875_07-151x300.jpg\" alt=\"\" width=\"1361\" height=\"2703\" title=\"\" srcset=\"https:\/\/zojopackaging.com\/wp-content\/uploads\/2024\/06\/\u5706\u7b52\u8be6\u60c5\u9875_07-151x300.jpg 151w, https:\/\/zojopackaging.com\/wp-content\/uploads\/2024\/06\/\u5706\u7b52\u8be6\u60c5\u9875_07-518x1030.jpg 518w, https:\/\/zojopackaging.com\/wp-content\/uploads\/2024\/06\/\u5706\u7b52\u8be6\u60c5\u9875_07-600x1193.jpg 600w, https:\/\/zojopackaging.com\/wp-content\/uploads\/2024\/06\/\u5706\u7b52\u8be6\u60c5\u9875_07.jpg 750w\" sizes=\"(max-width: 1361px) 100vw, 1361px\" \/> <img loading=\"lazy\" decoding=\"async\" class=\"alignnone wp-image-5954\" src=\"https:\/\/zojopackaging.com\/wp-content\/uploads\/2024\/06\/\u5706\u7b52\u8be6\u60c5\u9875_08-182x300.jpg\" alt=\"\" width=\"1358\" height=\"2238\" title=\"\" srcset=\"https:\/\/zojopackaging.com\/wp-content\/uploads\/2024\/06\/\u5706\u7b52\u8be6\u60c5\u9875_08-182x300.jpg 182w, https:\/\/zojopackaging.com\/wp-content\/uploads\/2024\/06\/\u5706\u7b52\u8be6\u60c5\u9875_08-625x1030.jpg 625w, https:\/\/zojopackaging.com\/wp-content\/uploads\/2024\/06\/\u5706\u7b52\u8be6\u60c5\u9875_08-600x989.jpg 600w, https:\/\/zojopackaging.com\/wp-content\/uploads\/2024\/06\/\u5706\u7b52\u8be6\u60c5\u9875_08.jpg 750w\" sizes=\"(max-width: 1358px) 100vw, 1358px\" \/> \u00a0<img loading=\"lazy\" decoding=\"async\" class=\"alignnone wp-image-5956\" src=\"https:\/\/zojopackaging.com\/wp-content\/uploads\/2024\/06\/\u5706\u7b52\u8be6\u60c5\u9875_10-300x284.jpg\" alt=\"\" width=\"1429\" height=\"1353\" title=\"\" srcset=\"https:\/\/zojopackaging.com\/wp-content\/uploads\/2024\/06\/\u5706\u7b52\u8be6\u60c5\u9875_10-300x284.jpg 300w, https:\/\/zojopackaging.com\/wp-content\/uploads\/2024\/06\/\u5706\u7b52\u8be6\u60c5\u9875_10-600x567.jpg 600w, https:\/\/zojopackaging.com\/wp-content\/uploads\/2024\/06\/\u5706\u7b52\u8be6\u60c5\u9875_10.jpg 750w\" sizes=\"(max-width: 1429px) 100vw, 1429px\" \/> <img loading=\"lazy\" decoding=\"async\" class=\"alignnone wp-image-5957\" src=\"https:\/\/zojopackaging.com\/wp-content\/uploads\/2024\/06\/\u5706\u7b52\u8be6\u60c5\u9875_11-133x300.jpg\" alt=\"\" width=\"1359\" height=\"3065\" title=\"\" srcset=\"https:\/\/zojopackaging.com\/wp-content\/uploads\/2024\/06\/\u5706\u7b52\u8be6\u60c5\u9875_11-133x300.jpg 133w, https:\/\/zojopackaging.com\/wp-content\/uploads\/2024\/06\/\u5706\u7b52\u8be6\u60c5\u9875_11-457x1030.jpg 457w\" sizes=\"(max-width: 1359px) 100vw, 1359px\" \/><\/p>","protected":false},"excerpt":{"rendered":"<p>La caja del tubo de papel cil\u00edndrico del cartucho del vape apoya la personalizaci\u00f3n ilimitada del tama\u00f1o y es flexible adaptarse. Utiliza papel r\u00edgido de 1200GSM + papel art\u00edstico de 157GSM, que es fuerte y resistente a la presi\u00f3n. Producido directamente en la f\u00e1brica de origen en China, tiene un dise\u00f1o incorporado a prueba de ni\u00f1os, teniendo en cuenta la seguridad y el rendimiento de alto costo.<\/p>","protected":false},"featured_media":5980,"template":"","meta":[],"product_brand":[],"product_cat":[30,431,420,31],"product_tag":[535,534,536],"class_list":{"0":"post-5971","1":"product","2":"type-product","3":"status-publish","4":"has-post-thumbnail","6":"product_cat-by-industry","7":"product_cat-child-resistant-packaging","8":"product_cat-custom-cannabis-boxes","9":"product_cat-paper-box-style","10":"product_tag-child-resistant-vape-cartridge-box","11":"product_tag-vape-cartridge-box","12":"product_tag-vape-cartridge-box-factory","14":"first","15":"instock","16":"shipping-taxable","17":"product-type-simple"},"_links":{"self":[{"href":"https:\/\/zojopackaging.com\/es\/wp-json\/wp\/v2\/product\/5971","targetHints":{"allow":["GET"]}}],"collection":[{"href":"https:\/\/zojopackaging.com\/es\/wp-json\/wp\/v2\/product"}],"about":[{"href":"https:\/\/zojopackaging.com\/es\/wp-json\/wp\/v2\/types\/product"}],"version-history":[{"count":2,"href":"https:\/\/zojopackaging.com\/es\/wp-json\/wp\/v2\/product\/5971\/revisions"}],"predecessor-version":[{"id":8094,"href":"https:\/\/zojopackaging.com\/es\/wp-json\/wp\/v2\/product\/5971\/revisions\/8094"}],"wp:featuredmedia":[{"embeddable":true,"href":"https:\/\/zojopackaging.com\/es\/wp-json\/wp\/v2\/media\/5980"}],"wp:attachment":[{"href":"https:\/\/zojopackaging.com\/es\/wp-json\/wp\/v2\/media?parent=5971"}],"wp:term":[{"taxonomy":"product_brand","embeddable":true,"href":"https:\/\/zojopackaging.com\/es\/wp-json\/wp\/v2\/product_brand?post=5971"},{"taxonomy":"product_cat","embeddable":true,"href":"https:\/\/zojopackaging.com\/es\/wp-json\/wp\/v2\/product_cat?post=5971"},{"taxonomy":"product_tag","embeddable":true,"href":"https:\/\/zojopackaging.com\/es\/wp-json\/wp\/v2\/product_tag?post=5971"}],"curies":[{"name":"wp","href":"https:\/\/api.w.org\/{rel}","templated":true}]}}