{"id":6279,"date":"2024-06-27T15:38:52","date_gmt":"2024-06-27T07:38:52","guid":{"rendered":"https:\/\/zojopackaging.com\/?post_type=product&#038;p=6279"},"modified":"2025-03-27T20:55:02","modified_gmt":"2025-03-27T12:55:02","slug":"luxury-lid-and-base-box","status":"publish","type":"product","link":"https:\/\/zojopackaging.com\/es\/product\/luxury-lid-and-base-box\/","title":{"rendered":"Caja r\u00edgida de alta calidad para el embalaje de relojes inteligentes de f\u00e1brica en China"},"content":{"rendered":"<h1 id=\"customized-lid-and-base-box-an-excellent-packaging-tailored-for-your-products\" class=\"header-_3c730 auto-hide-last-sibling-br\">Premium Smart Watch Embalaje Caja R\u00edgida forma China F\u00e1brica<\/h1>\n<div class=\"auto-hide-last-sibling-br paragraph-ae1685 br-paragraph-space\">En esta era de b\u00fasqueda de la calidad y la individualidad, un envase excepcional puede hacer que sus productos destaquen entre numerosos competidores. Nos enorgullece recomendarle la caja con tapa y base personalizadas, que es una excelente soluci\u00f3n de envasado que integra artesan\u00eda exquisita, dise\u00f1o innovador y personalizaci\u00f3n personalizada.<\/div>\n<div>\n<h1><strong>Especificaci\u00f3n<\/strong><\/h1>\n<table style=\"height: 683px;\" width=\"999\">\n<tbody>\n<tr>\n<td width=\"373\">Dimensiones<\/td>\n<td width=\"373\">Todos los tama\u00f1os y formas personalizados<\/td>\n<\/tr>\n<tr>\n<td width=\"373\">MOQ<\/td>\n<td width=\"373\">500 unidades<\/td>\n<\/tr>\n<tr>\n<td width=\"373\">Tiempo de muestreo<\/td>\n<td width=\"373\">\u00a03-5 d\u00edas<\/td>\n<\/tr>\n<tr>\n<td width=\"373\">Proceso por defecto<\/td>\n<td width=\"373\">Troquelado, encolado, rayado, perforaci\u00f3n<\/td>\n<\/tr>\n<tr>\n<td width=\"373\">Impresi\u00f3n<\/td>\n<td width=\"373\">Cmyk, pms, sin impresi\u00f3n<\/td>\n<\/tr>\n<tr>\n<td width=\"373\">Material Opci\u00f3n<\/td>\n<td width=\"373\">Papel cart\u00f3n blanco, papel estucado, papel art\u00edstico, papel kraft, cart\u00f3n marfil, cart\u00f3n d\u00faplex, papel especial, etc.<\/td>\n<\/tr>\n<tr>\n<td width=\"373\">Acabado de superficies<\/td>\n<td width=\"373\">Laminado mate\/brillante, estampado en relieve, gofrado, estampado en caliente, etc.<\/td>\n<\/tr>\n<tr>\n<td width=\"373\">Uso industrial<\/td>\n<td width=\"373\">cosm\u00e9ticos, perfumes, prendas de vestir, joyas, tabaco, alimentos, regalos y productos de consumo diario,<\/td>\n<\/tr>\n<tr>\n<td width=\"373\">Control de calidad<\/td>\n<td width=\"373\">El equipo avanzado y el equipo experimentado del control de calidad comprobar\u00e1n el material, los productos semielaborados y acabados terminantemente en cada paso antes de que<\/td>\n<\/tr>\n<tr>\n<td width=\"373\">Precio<\/td>\n<td width=\"373\">El precio final se adaptar\u00e1 a su producto y a la cantidad que necesite<\/td>\n<\/tr>\n<tr>\n<td width=\"373\">Plazo de entrega<\/td>\n<td width=\"373\">7-14 d\u00edas laborables , rush<\/td>\n<\/tr>\n<tr>\n<td width=\"373\">Papel<\/td>\n<td width=\"373\">De 10pt a 28pt (de 60lb a 400lb) Kraft ecol\u00f3gico, corrugado e-flute, cart\u00f3n bux, cartulina<\/td>\n<\/tr>\n<tr>\n<td width=\"373\">Formato de las ilustraciones<\/td>\n<td width=\"373\">JPG, PDF, AI, CDR, EPS, GIF....<\/td>\n<\/tr>\n<tr>\n<td width=\"373\">Accesorios<\/td>\n<td width=\"373\">Im\u00e1n, cinta, forma EVA , bandeja de pl\u00e1stico, esponja, ventana de PVC\/PET\/PP,...<\/td>\n<\/tr>\n<tr>\n<td width=\"373\">Plazo de pago<\/td>\n<td width=\"373\">T\/T, Western Union, Paypal, 30% de dep\u00f3sito y 70% de saldo antes del env\u00edo.<\/td>\n<\/tr>\n<\/tbody>\n<\/table>\n<\/div>\n<h2 id=\"exquisite-craftsmanship\" class=\"header-_3c730 auto-hide-last-sibling-br\">Artesan\u00eda exquisita<\/h2>\n<ol class=\"auto-hide-last-sibling-br\">\n<li>Seleccionamos materiales de alta calidad, como cartones de gran resistencia, papeles ondulados ecol\u00f3gicos y lujosos papeles art\u00edsticos, para garantizar que la caja tenga una excelente durabilidad y textura.<\/li>\n<li>Adoptamos t\u00e9cnicas de impresi\u00f3n avanzadas. Tanto si se trata de una exquisita impresi\u00f3n en color, un realista gofrado o un magn\u00edfico estampado en oro\/plata, todo puede a\u00f1adir un encanto \u00fanico a su caja.<\/li>\n<li>Las precisas t\u00e9cnicas de troquelado y plegado hacen que los bordes de la tapa y la base de la caja sean n\u00edtidos y lisos, y que la apertura y el cierre sean suaves, mostrando una delicadeza sin igual.<\/li>\n<\/ol>\n<h2 id=\"innovative-design\" class=\"header-_3c730 auto-hide-last-sibling-br\">Dise\u00f1o innovador<\/h2>\n<ol class=\"auto-hide-last-sibling-br\">\n<li>Nuestro equipo de dise\u00f1o profesional crear\u00e1 para usted un dise\u00f1o \u00fanico de tapa y caja base basado en las caracter\u00edsticas de su producto y la imagen de su marca.<\/li>\n<li>Desde la forma y el tama\u00f1o de la caja hasta la estructura interna, todo se planifica cuidadosamente para garantizar que pueda alojar perfectamente su producto y ofrecer el mejor efecto expositivo.<\/li>\n<li>Los innovadores m\u00e9todos de apertura y cierre y las estructuras ocultas aportan a los usuarios una experiencia de uso sorprendente y aumentan el valor a\u00f1adido del producto.<\/li>\n<\/ol>\n<h2 id=\"personalized-customization\" class=\"header-_3c730 auto-hide-last-sibling-br\">Personalizaci\u00f3n<\/h2>\n<ol class=\"auto-hide-last-sibling-br\">\n<li>Puede elegir libremente elementos como el color, el estampado y el texto de la caja, e integrar perfectamente en ella el logotipo de su marca, informaci\u00f3n sobre el producto o elementos personalizados.<\/li>\n<li>Tambi\u00e9n ofrecemos diversas opciones de material y tratamiento de la superficie, como mate, brillante y esmerilado, para que su caja muestre un estilo distintivo.<\/li>\n<li>Tanto si se trata de un peque\u00f1o lote de personalizaci\u00f3n como de una demanda de producci\u00f3n en masa a gran escala, podemos satisfacer sus necesidades y ofrecerle servicios de personalizaci\u00f3n flexibles.<\/li>\n<\/ol>\n<h2 id=\"wide-application\" class=\"header-_3c730 auto-hide-last-sibling-br\">Amplia aplicaci\u00f3n<\/h2>\n<div class=\"auto-hide-last-sibling-br paragraph-ae1685 br-paragraph-space\">La caja de tapa y base personalizada es adecuada para m\u00faltiples industrias y productos, como:<\/div>\n<ol class=\"auto-hide-last-sibling-br\">\n<li>Joyer\u00eda: Proporcione un embalaje seguro y magn\u00edfico para las joyas preciosas para resaltar su noble calidad.<\/li>\n<li>Productos electr\u00f3nicos: Proteja eficazmente los productos electr\u00f3nicos a la vez que muestra un sentido de la tecnolog\u00eda y la moda.<\/li>\n<li>Cosm\u00e9ticos: Mejorar la calidad de los cosm\u00e9ticos y atraer la atenci\u00f3n de los consumidores.<\/li>\n<li>Regalos: Como un embalaje de regalo cuidadosamente preparado, transmita su profundo afecto.<\/li>\n<\/ol>\n<h2 id=\"quality-service\" class=\"header-_3c730 auto-hide-last-sibling-br\">Servicio de calidad<\/h2>\n<ol class=\"auto-hide-last-sibling-br\">\n<li>Desde la consulta y el dise\u00f1o hasta la producci\u00f3n y la entrega, le ofrecemos un servicio integral para garantizar que todo el proceso de personalizaci\u00f3n se desarrolle sin problemas ni preocupaciones.<\/li>\n<li>Nuestro estricto sistema de control de calidad garantiza que cada caja con tapa y base cumpla las normas de alta calidad.<\/li>\n<li>Prometemos entregas puntuales para garantizar que sus productos puedan lanzarse al mercado a tiempo y aprovechar la oportunidad del mercado.<\/li>\n<\/ol>\n<div class=\"auto-hide-last-sibling-br paragraph-ae1685 br-paragraph-space\">Elija nuestra caja con tapa y base personalizadas, que es como elegir vestir sus productos con un magn\u00edfico abrigo, atraer m\u00e1s la atenci\u00f3n de los consumidores y aumentar el valor de la marca.<\/div>\n<div class=\"widget block block-static-block\">\n<div class=\"landing-page-section option-bottom\">\n<div class=\"custom-materials-tabs-content container container-adjustment\">\n<div class=\"custom-materials-tab-content active\">\n<div class=\"widget block block-static-block\">\n<p><!---end of option item--><\/p>\n<\/div>\n<\/div>\n<\/div>\n<\/div>\n<\/div>","protected":false},"excerpt":{"rendered":"<p>Las cajas de tapa y base personalizadas para relojes inteligentes admiten un dise\u00f1o personalizado de tama\u00f1o completo y una estructura de revestimiento que se ajusta con precisi\u00f3n a las caracter\u00edsticas del producto. El proceso de laminaci\u00f3n mate de la f\u00e1brica china se combina con la tecnolog\u00eda de impresi\u00f3n de alta definici\u00f3n en cinco colores para garantizar una desviaci\u00f3n cero del color y crear soluciones de envasado de productos electr\u00f3nicos de consumo de alto nivel.<\/p>","protected":false},"featured_media":6282,"template":"","meta":[],"product_brand":[],"product_cat":[30,413,425,31],"product_tag":[543,545,544],"class_list":{"0":"post-6279","1":"product","2":"type-product","3":"status-publish","4":"has-post-thumbnail","6":"product_cat-by-industry","7":"product_cat-consumer-electronics-boxes","8":"product_cat-lid-and-base-gift-box","9":"product_cat-paper-box-style","10":"product_tag-premium-smart-watch-packaging","11":"product_tag-smart-watch-box-factory","12":"product_tag-smart-watch-packaging","14":"first","15":"instock","16":"shipping-taxable","17":"product-type-grouped"},"_links":{"self":[{"href":"https:\/\/zojopackaging.com\/es\/wp-json\/wp\/v2\/product\/6279","targetHints":{"allow":["GET"]}}],"collection":[{"href":"https:\/\/zojopackaging.com\/es\/wp-json\/wp\/v2\/product"}],"about":[{"href":"https:\/\/zojopackaging.com\/es\/wp-json\/wp\/v2\/types\/product"}],"version-history":[{"count":2,"href":"https:\/\/zojopackaging.com\/es\/wp-json\/wp\/v2\/product\/6279\/revisions"}],"predecessor-version":[{"id":8097,"href":"https:\/\/zojopackaging.com\/es\/wp-json\/wp\/v2\/product\/6279\/revisions\/8097"}],"wp:featuredmedia":[{"embeddable":true,"href":"https:\/\/zojopackaging.com\/es\/wp-json\/wp\/v2\/media\/6282"}],"wp:attachment":[{"href":"https:\/\/zojopackaging.com\/es\/wp-json\/wp\/v2\/media?parent=6279"}],"wp:term":[{"taxonomy":"product_brand","embeddable":true,"href":"https:\/\/zojopackaging.com\/es\/wp-json\/wp\/v2\/product_brand?post=6279"},{"taxonomy":"product_cat","embeddable":true,"href":"https:\/\/zojopackaging.com\/es\/wp-json\/wp\/v2\/product_cat?post=6279"},{"taxonomy":"product_tag","embeddable":true,"href":"https:\/\/zojopackaging.com\/es\/wp-json\/wp\/v2\/product_tag?post=6279"}],"curies":[{"name":"wp","href":"https:\/\/api.w.org\/{rel}","templated":true}]}}