{"id":6768,"date":"2024-07-17T09:22:23","date_gmt":"2024-07-17T01:22:23","guid":{"rendered":"https:\/\/zojopackaging.com\/?post_type=product&#038;p=6768"},"modified":"2025-03-24T11:40:30","modified_gmt":"2025-03-24T03:40:30","slug":"custom-round-shaped-rigid-boxes","status":"publish","type":"product","link":"https:\/\/zojopackaging.com\/es\/product\/custom-round-shaped-rigid-boxes\/","title":{"rendered":"Tubos de papel para perfumes redondos, elegantes y personalizados Suministros"},"content":{"rendered":"<h1>Tubos de papel para perfumes redondos, elegantes y personalizados Suministros<\/h1>\n<h2><strong>Productos<\/strong><\/h2>\n<p>Presentamos nuestras elegantes y muy funcionales cajas r\u00edgidas redondas a medida, dise\u00f1adas para satisfacer sus diversas necesidades de envasado. Esta exclusiva soluci\u00f3n de envasado combina estilo y durabilidad para garantizar que sus productos se presentan y protegen de la mejor manera posible.<\/p>\n<h2>Caracter\u00edsticas principales<\/h2>\n<p>Dise\u00f1o llamativo: El elegante color negro y la forma redonda confieren a la caja un aspecto moderno y sofisticado, que la hace destacar en las estanter\u00edas.<br \/>\nMateriales de primera calidad: Fabricado con cart\u00f3n o cartulina de alta calidad, lo que garantiza su resistencia y robustez para salvaguardar su contenido.<br \/>\nTama\u00f1o personalizable: Disponible en una gama de di\u00e1metros y alturas para adaptarse a las distintas dimensiones de los productos.<br \/>\nCierre seguro: Opciones de tapas herm\u00e9ticas o tapones de rosca para evitar que el contenido se derrame o se da\u00f1e.<br \/>\nSuperficie imprimible: Ideal para la impresi\u00f3n personalizada del logotipo de su marca, informaci\u00f3n del producto o cualquier dise\u00f1o de su elecci\u00f3n para una m\u00e1xima visibilidad de la marca.<\/p>\n<h2>Aplicaciones<\/h2>\n<p>Esta caja de embalaje redonda negra es perfecta para una amplia gama de productos como cosm\u00e9ticos, velas, peque\u00f1os regalos, confiter\u00eda y bienes de consumo de primera calidad.<br \/>\nVentajas:<br \/>\nMejora la imagen de marca: El dise\u00f1o distintivo ayuda a su marca a causar una impresi\u00f3n duradera en los clientes.<br \/>\nProteja sus productos: La robusta construcci\u00f3n ofrece una excelente protecci\u00f3n durante el almacenamiento y el transporte.<br \/>\nUso vers\u00e1til: Adecuado tanto para necesidades de envasado al por menor como al por mayor.<br \/>\nRentable: Proporciona una soluci\u00f3n de envasado econ\u00f3mica sin comprometer la calidad.<\/p>\n<h2>Informaci\u00f3n para pedidos<\/h2>\n<table style=\"border-collapse: collapse; width: 681.77pt;\" border=\"0\" width=\"909\" cellspacing=\"0\" cellpadding=\"0\">\n<tbody>\n<tr style=\"height: 15.75pt;\">\n<td class=\"et3\" style=\"height: 15.75pt; width: 306.75pt;\" width=\"409\" height=\"21\">MOQ<\/td>\n<td class=\"et3\" style=\"width: 375.00pt;\" width=\"500\">500 - 500.000 unidades<\/td>\n<\/tr>\n<tr style=\"height: 31.50pt;\">\n<td class=\"et3\" style=\"height: 31.50pt; width: 306.75pt;\" width=\"409\" height=\"42\">Colores<\/td>\n<td class=\"et3\" style=\"width: 375.00pt;\" width=\"500\">Blanco\/ Marr\u00f3n Kraft, CMYK, PMS, Colores especiales (plata metalizada, oro metalizado),<\/td>\n<\/tr>\n<tr style=\"height: 16.50pt;\">\n<td class=\"et4\" style=\"height: 16.50pt;\" height=\"22\">Impresi\u00f3n<\/td>\n<td class=\"et5\">Impresi\u00f3n CMYK<\/td>\n<\/tr>\n<tr style=\"height: 16.50pt;\">\n<td class=\"et5\" style=\"height: 16.50pt;\" height=\"22\">Dimensi\u00f3n<\/td>\n<td class=\"et5\">L + A &lt;= 20 pulgadas; H &lt;= 26 pulgadas<\/td>\n<\/tr>\n<tr style=\"height: 16.50pt;\">\n<td class=\"et4\" style=\"height: 16.50pt;\" height=\"22\">Certificaci\u00f3n<\/td>\n<td class=\"et5\">SGS, IOS9001<\/td>\n<\/tr>\n<tr style=\"height: 16.50pt;\">\n<td class=\"et4\" style=\"height: 16.50pt;\" height=\"22\">Estructura<\/td>\n<td class=\"et5\">3pcs telescopio tubo de papel<\/td>\n<\/tr>\n<tr style=\"height: 16.50pt;\">\n<td class=\"et4\" style=\"height: 16.50pt;\" height=\"22\">Servicio<\/td>\n<td class=\"et5\">OEM\/ODM<\/td>\n<\/tr>\n<tr style=\"height: 31.50pt;\">\n<td class=\"et3\" style=\"height: 31.50pt; width: 306.75pt;\" width=\"409\" height=\"42\">Papel<\/td>\n<td class=\"et3\" style=\"width: 375.00pt;\" width=\"500\">Cartulina blanca de 12pt a 24pt, SBS de 18pt a 24pt, Kraft de 18pt a 24pt, Cartulina ondulada.<\/td>\n<\/tr>\n<tr style=\"height: 15.75pt;\">\n<td class=\"et3\" style=\"height: 15.75pt; width: 306.75pt;\" width=\"409\" height=\"21\">Acabado<\/td>\n<td class=\"et3\" style=\"width: 375.00pt;\" width=\"500\">AQ brillante (predeterminado), UV brillante, UV mate<\/td>\n<\/tr>\n<tr style=\"height: 15.75pt;\">\n<td class=\"et3\" style=\"height: 15.75pt; width: 306.75pt;\" width=\"409\" height=\"21\">Prueba<\/td>\n<td class=\"et3\" style=\"width: 375.00pt;\" width=\"500\">Prueba digital (archivo listo para impresi\u00f3n) confirmada por el cliente.<\/td>\n<\/tr>\n<tr style=\"height: 31.50pt;\">\n<td class=\"et3\" style=\"height: 31.50pt; width: 306.75pt;\" width=\"409\" height=\"42\">Turnaround<\/td>\n<td class=\"et3\" style=\"width: 375.00pt;\" width=\"500\">7-14 d\u00edas laborables para imprimir y enviar, despu\u00e9s de la aprobaci\u00f3n final(Env\u00edo GRATUITO)<\/td>\n<\/tr>\n<tr style=\"height: 31.50pt;\">\n<td class=\"et7\" style=\"height: 31.50pt; width: 306.75pt;\" width=\"409\" height=\"42\">Plazo de pago<\/td>\n<td class=\"et7\" style=\"width: 375.00pt;\" width=\"500\">T\/T, Western Union, Paypal, 30% de dep\u00f3sito y 70% de saldo antes del env\u00edo.<\/td>\n<\/tr>\n<\/tbody>\n<\/table>","protected":false},"excerpt":{"rendered":"<p>Proveedor de cajas de embalaje de perfume, personalizaci\u00f3n ilimitada para adaptarse al tama\u00f1o del producto, esta caja est\u00e1 hecha de cart\u00f3n gris de 1200 GSM y papel recubierto de 157 GSM, el proceso de estampaci\u00f3n en caliente puede mejorar el impacto visual, el material de papel especial tiene una sensaci\u00f3n visual y t\u00e1ctil \u00fanica, y mejora el grado del producto.<\/p>","protected":false},"featured_media":6773,"template":"","meta":[],"product_brand":[],"product_cat":[417,429],"product_tag":[530,528,529],"class_list":{"0":"post-6768","1":"product","2":"type-product","3":"status-publish","4":"has-post-thumbnail","6":"product_cat-custom-perfume-boxes-by-industry","7":"product_cat-paper-tube-boxes","8":"product_tag-custom-paper-tubes","9":"product_tag-cylinder-perfume-paper-tubes","10":"product_tag-perfume-paper-tubes-supplies","12":"first","13":"instock","14":"shipping-taxable","15":"product-type-simple"},"_links":{"self":[{"href":"https:\/\/zojopackaging.com\/es\/wp-json\/wp\/v2\/product\/6768","targetHints":{"allow":["GET"]}}],"collection":[{"href":"https:\/\/zojopackaging.com\/es\/wp-json\/wp\/v2\/product"}],"about":[{"href":"https:\/\/zojopackaging.com\/es\/wp-json\/wp\/v2\/types\/product"}],"version-history":[{"count":2,"href":"https:\/\/zojopackaging.com\/es\/wp-json\/wp\/v2\/product\/6768\/revisions"}],"predecessor-version":[{"id":8091,"href":"https:\/\/zojopackaging.com\/es\/wp-json\/wp\/v2\/product\/6768\/revisions\/8091"}],"wp:featuredmedia":[{"embeddable":true,"href":"https:\/\/zojopackaging.com\/es\/wp-json\/wp\/v2\/media\/6773"}],"wp:attachment":[{"href":"https:\/\/zojopackaging.com\/es\/wp-json\/wp\/v2\/media?parent=6768"}],"wp:term":[{"taxonomy":"product_brand","embeddable":true,"href":"https:\/\/zojopackaging.com\/es\/wp-json\/wp\/v2\/product_brand?post=6768"},{"taxonomy":"product_cat","embeddable":true,"href":"https:\/\/zojopackaging.com\/es\/wp-json\/wp\/v2\/product_cat?post=6768"},{"taxonomy":"product_tag","embeddable":true,"href":"https:\/\/zojopackaging.com\/es\/wp-json\/wp\/v2\/product_tag?post=6768"}],"curies":[{"name":"wp","href":"https:\/\/api.w.org\/{rel}","templated":true}]}}