{"id":6780,"date":"2024-07-17T10:03:51","date_gmt":"2024-07-17T02:03:51","guid":{"rendered":"https:\/\/zojopackaging.com\/?post_type=product&#038;p=6780"},"modified":"2025-03-24T11:23:21","modified_gmt":"2025-03-24T03:23:21","slug":"custom-round-wine-cardboard-box","status":"publish","type":"product","link":"https:\/\/zojopackaging.com\/es\/product\/custom-round-wine-cardboard-box\/","title":{"rendered":"Custom Premium Vino Bebidas Espirituosas Tubo Embalaje Cajas F\u00e1brica"},"content":{"rendered":"<h1>Custom Premium Vino Bebidas Espirituosas Tubo Embalaje Cajas F\u00e1brica<\/h1>\n<div class=\"auto-hide-last-sibling-br paragraph-u1TS5p paragraph-element br-paragraph-space\">Nuestra caja redonda de cart\u00f3n personalizada para vino es una soluci\u00f3n de embalaje a medida dise\u00f1ada para cumplir las exigentes normas de la industria vin\u00edcola. Fabricadas con precisi\u00f3n y atenci\u00f3n al detalle, estas cajas son la elecci\u00f3n perfecta para presentar y proteger sus vinos de primera calidad.<\/div>\n<div>\n<h2 class=\"yikes-custom-woo-tab-title yikes-custom-woo-tab-title-specifications\">Especificaciones<\/h2>\n<\/div>\n<div>\n<table style=\"border-collapse: collapse; width: 681.77pt;\" border=\"0\" width=\"909\" cellspacing=\"0\" cellpadding=\"0\">\n<tbody>\n<tr style=\"height: 15.75pt;\">\n<td class=\"et3\" style=\"height: 15.75pt; width: 306.75pt;\" width=\"409\" height=\"21\">MOQ<\/td>\n<td class=\"et3\" style=\"width: 375.00pt;\" width=\"500\">500 - 500.000 unidades<\/td>\n<\/tr>\n<tr style=\"height: 31.50pt;\">\n<td class=\"et3\" style=\"height: 31.50pt; width: 306.75pt;\" width=\"409\" height=\"42\">Colores<\/td>\n<td class=\"et3\" style=\"width: 375.00pt;\" width=\"500\">Blanco\/ Marr\u00f3n Kraft, CMYK, PMS, Colores especiales (plata metalizada, oro metalizado),<\/td>\n<\/tr>\n<tr style=\"height: 16.50pt;\">\n<td class=\"et4\" style=\"height: 16.50pt;\" height=\"22\">Impresi\u00f3n<\/td>\n<td class=\"et5\">Impresi\u00f3n CMYK<\/td>\n<\/tr>\n<tr style=\"height: 16.50pt;\">\n<td class=\"et5\" style=\"height: 16.50pt;\" height=\"22\">Dimensi\u00f3n<\/td>\n<td class=\"et5\">L + A &lt;= 20 pulgadas; H &lt;= 26 pulgadas<\/td>\n<\/tr>\n<tr style=\"height: 16.50pt;\">\n<td class=\"et4\" style=\"height: 16.50pt;\" height=\"22\">Certificaci\u00f3n<\/td>\n<td class=\"et5\">SGS, IOS9001<\/td>\n<\/tr>\n<tr style=\"height: 16.50pt;\">\n<td class=\"et4\" style=\"height: 16.50pt;\" height=\"22\">Estructura<\/td>\n<td class=\"et5\">3pcs telescopio tubo de papel<\/td>\n<\/tr>\n<tr style=\"height: 16.50pt;\">\n<td class=\"et4\" style=\"height: 16.50pt;\" height=\"22\">Servicio<\/td>\n<td class=\"et5\">OEM\/ODM<\/td>\n<\/tr>\n<tr style=\"height: 31.50pt;\">\n<td class=\"et3\" style=\"height: 31.50pt; width: 306.75pt;\" width=\"409\" height=\"42\">Papel<\/td>\n<td class=\"et3\" style=\"width: 375.00pt;\" width=\"500\">Cartulina blanca de 12pt a 24pt, SBS de 18pt a 24pt, Kraft de 18pt a 24pt, Cartulina ondulada.<\/td>\n<\/tr>\n<tr style=\"height: 15.75pt;\">\n<td class=\"et3\" style=\"height: 15.75pt; width: 306.75pt;\" width=\"409\" height=\"21\">Acabado<\/td>\n<td class=\"et3\" style=\"width: 375.00pt;\" width=\"500\">AQ brillante (predeterminado), UV brillante, UV mate<\/td>\n<\/tr>\n<tr style=\"height: 15.75pt;\">\n<td class=\"et3\" style=\"height: 15.75pt; width: 306.75pt;\" width=\"409\" height=\"21\">Prueba<\/td>\n<td class=\"et3\" style=\"width: 375.00pt;\" width=\"500\">Prueba digital (archivo listo para impresi\u00f3n) confirmada por el cliente.<\/td>\n<\/tr>\n<tr style=\"height: 31.50pt;\">\n<td class=\"et3\" style=\"height: 31.50pt; width: 306.75pt;\" width=\"409\" height=\"42\">Turnaround<\/td>\n<td class=\"et3\" style=\"width: 375.00pt;\" width=\"500\">7-14 d\u00edas laborables para imprimir y enviar, despu\u00e9s de la aprobaci\u00f3n final(Env\u00edo GRATUITO)<\/td>\n<\/tr>\n<tr style=\"height: 31.50pt;\">\n<td class=\"et7\" style=\"height: 31.50pt; width: 306.75pt;\" width=\"409\" height=\"42\">Plazo de pago<\/td>\n<td class=\"et7\" style=\"width: 375.00pt;\" width=\"500\">T\/T, Western Union, Paypal, 30% de dep\u00f3sito y 70% de saldo antes del env\u00edo.<\/td>\n<\/tr>\n<\/tbody>\n<\/table>\n<\/div>\n<h2 class=\"auto-hide-last-sibling-br paragraph-u1TS5p paragraph-element br-paragraph-space\">Caracter\u00edsticas principales<\/h2>\n<ol class=\"auto-hide-last-sibling-br\">\n<li>Dise\u00f1o circular: La forma redonda ofrece una est\u00e9tica \u00fanica y elegante, diferenciando su vino en la estanter\u00eda.<\/li>\n<li>Dimensiones personalizables: Adapta el tama\u00f1o de la caja para dar cabida a diversas formas y tama\u00f1os de botella, garantizando un ajuste ce\u00f1ido y seguro.<\/li>\n<li>Cart\u00f3n de alta calidad: Fabricado con cart\u00f3n resistente y duradero que proporciona una excelente protecci\u00f3n contra impactos y presiones externas.<\/li>\n<li>Opciones de impresi\u00f3n y marca: Imprima el logotipo de su marca, los detalles del vino o cualquier dise\u00f1o personalizado con impresi\u00f3n de alta resoluci\u00f3n para una m\u00e1xima visibilidad de la marca y atractivo del producto.<\/li>\n<li>Acolchado interior: El suave acolchado interior protege la botella de ara\u00f1azos y da\u00f1os durante el transporte.<\/li>\n<li>Resistencia a la humedad: Se pueden a\u00f1adir revestimientos o laminados especiales para ofrecer resistencia contra la humedad, garantizando la integridad de la caja y del vino.<\/li>\n<\/ol>\n<h2 class=\"auto-hide-last-sibling-br paragraph-u1TS5p paragraph-element br-paragraph-space\">Proceso de producci\u00f3n<\/h2>\n<div class=\"auto-hide-last-sibling-br paragraph-u1TS5p paragraph-element br-paragraph-space\">Nuestras modernas instalaciones de fabricaci\u00f3n nos permiten gestionar grandes pedidos manteniendo un estricto control de calidad. Desde la concepci\u00f3n del dise\u00f1o hasta la producci\u00f3n final, nuestro equipo colabora estrechamente con usted para garantizar que todos los aspectos de la caja de cart\u00f3n redonda personalizada para vino cumplan sus expectativas.<\/div>\n<h2 class=\"auto-hide-last-sibling-br paragraph-u1TS5p paragraph-element br-paragraph-space\">Pedidos y entrega<\/h2>\n<div class=\"auto-hide-last-sibling-br paragraph-u1TS5p paragraph-element br-paragraph-space\">Se aplican cantidades m\u00ednimas de pedido para garantizar la rentabilidad. Ofrecemos plazos de entrega flexibles y servicios de entrega fiables para que reciba sus cajas lo antes posible.<\/div>\n<div class=\"auto-hide-last-sibling-br paragraph-u1TS5p paragraph-element br-paragraph-space\">Invierta en nuestra Caja de Cart\u00f3n Redonda Personalizada para Vinos para exhibir sus vinos con estilo y salvaguardar su calidad. P\u00f3ngase en contacto con nosotros hoy mismo para hablar de sus requisitos espec\u00edficos y dar el primer paso hacia la excelencia en el envasado.<\/div>","protected":false},"excerpt":{"rendered":"<p>Esta caja de embalaje de tubo de papel para licores de vino tinto adopta una estructura compuesta de doble cara de cart\u00f3n gris de 1200GSM + papel estucado de 157GSM, y el material de base ha superado la certificaci\u00f3n medioambiental FSC.<\/p>","protected":false},"featured_media":6786,"template":"","meta":[],"product_brand":[],"product_cat":[419,429],"product_tag":[526,527,525],"class_list":{"0":"post-6780","1":"product","2":"type-product","3":"status-publish","4":"has-post-thumbnail","6":"product_cat-custom-wines-spirits-boxes","7":"product_cat-paper-tube-boxes","8":"product_tag-custom-tube-packaging-boxes","9":"product_tag-tube-packaging-factory","10":"product_tag-wine-spirits-tube-packaging","12":"first","13":"instock","14":"shipping-taxable","15":"product-type-simple"},"_links":{"self":[{"href":"https:\/\/zojopackaging.com\/es\/wp-json\/wp\/v2\/product\/6780","targetHints":{"allow":["GET"]}}],"collection":[{"href":"https:\/\/zojopackaging.com\/es\/wp-json\/wp\/v2\/product"}],"about":[{"href":"https:\/\/zojopackaging.com\/es\/wp-json\/wp\/v2\/types\/product"}],"version-history":[{"count":2,"href":"https:\/\/zojopackaging.com\/es\/wp-json\/wp\/v2\/product\/6780\/revisions"}],"predecessor-version":[{"id":8089,"href":"https:\/\/zojopackaging.com\/es\/wp-json\/wp\/v2\/product\/6780\/revisions\/8089"}],"wp:featuredmedia":[{"embeddable":true,"href":"https:\/\/zojopackaging.com\/es\/wp-json\/wp\/v2\/media\/6786"}],"wp:attachment":[{"href":"https:\/\/zojopackaging.com\/es\/wp-json\/wp\/v2\/media?parent=6780"}],"wp:term":[{"taxonomy":"product_brand","embeddable":true,"href":"https:\/\/zojopackaging.com\/es\/wp-json\/wp\/v2\/product_brand?post=6780"},{"taxonomy":"product_cat","embeddable":true,"href":"https:\/\/zojopackaging.com\/es\/wp-json\/wp\/v2\/product_cat?post=6780"},{"taxonomy":"product_tag","embeddable":true,"href":"https:\/\/zojopackaging.com\/es\/wp-json\/wp\/v2\/product_tag?post=6780"}],"curies":[{"name":"wp","href":"https:\/\/api.w.org\/{rel}","templated":true}]}}