{"id":6793,"date":"2024-07-17T10:24:49","date_gmt":"2024-07-17T02:24:49","guid":{"rendered":"https:\/\/zojopackaging.com\/?post_type=product&#038;p=6793"},"modified":"2025-03-24T10:18:40","modified_gmt":"2025-03-24T02:18:40","slug":"custom-chocolate-packaging-gift-box","status":"publish","type":"product","link":"https:\/\/zojopackaging.com\/es\/product\/custom-chocolate-packaging-gift-box\/","title":{"rendered":"Envasado de chocolate en tubo de papel reciclable personalizado al por mayor"},"content":{"rendered":"<h1>Envasado de chocolate en tubo de papel reciclable personalizado al por mayor<\/h1>\n<div class=\"auto-hide-last-sibling-br paragraph-u1TS5p paragraph-element br-paragraph-space\">Nuestras cajas de regalo personalizadas para envasar chocolate se elaboran con precisi\u00f3n y atenci\u00f3n al detalle para ofrecer una soluci\u00f3n elegante y funcional a sus necesidades de confiter\u00eda.<\/div>\n<div>\n<table style=\"border-collapse: collapse; width: 681.77pt;\" border=\"0\" width=\"909\" cellspacing=\"0\" cellpadding=\"0\">\n<tbody>\n<tr style=\"height: 15.75pt;\">\n<td class=\"et3\" style=\"height: 15.75pt; width: 306.75pt;\" width=\"409\" height=\"21\">MOQ<\/td>\n<td class=\"et3\" style=\"width: 375.00pt;\" width=\"500\">500 - 500.000 unidades<\/td>\n<\/tr>\n<tr style=\"height: 31.50pt;\">\n<td class=\"et3\" style=\"height: 31.50pt; width: 306.75pt;\" width=\"409\" height=\"42\">Colores<\/td>\n<td class=\"et3\" style=\"width: 375.00pt;\" width=\"500\">Blanco\/ Marr\u00f3n Kraft, CMYK, PMS, Colores especiales (plata metalizada, oro metalizado),<\/td>\n<\/tr>\n<tr style=\"height: 16.50pt;\">\n<td class=\"et4\" style=\"height: 16.50pt;\" height=\"22\">Impresi\u00f3n<\/td>\n<td class=\"et5\">Impresi\u00f3n CMYK<\/td>\n<\/tr>\n<tr style=\"height: 16.50pt;\">\n<td class=\"et5\" style=\"height: 16.50pt;\" height=\"22\">Dimensi\u00f3n<\/td>\n<td class=\"et5\">L + A &lt;= 20 pulgadas; H &lt;= 26 pulgadas<\/td>\n<\/tr>\n<tr style=\"height: 16.50pt;\">\n<td class=\"et4\" style=\"height: 16.50pt;\" height=\"22\">Certificaci\u00f3n<\/td>\n<td class=\"et5\">SGS, IOS9001<\/td>\n<\/tr>\n<tr style=\"height: 16.50pt;\">\n<td class=\"et4\" style=\"height: 16.50pt;\" height=\"22\">Estructura<\/td>\n<td class=\"et5\">3pcs telescopio tubo de papel<\/td>\n<\/tr>\n<tr style=\"height: 16.50pt;\">\n<td class=\"et4\" style=\"height: 16.50pt;\" height=\"22\">Servicio<\/td>\n<td class=\"et5\">OEM\/ODM<\/td>\n<\/tr>\n<tr style=\"height: 31.50pt;\">\n<td class=\"et3\" style=\"height: 31.50pt; width: 306.75pt;\" width=\"409\" height=\"42\">Papel<\/td>\n<td class=\"et3\" style=\"width: 375.00pt;\" width=\"500\">Cartulina blanca de 12pt a 24pt, SBS de 18pt a 24pt, Kraft de 18pt a 24pt, Cartulina ondulada.<\/td>\n<\/tr>\n<tr style=\"height: 15.75pt;\">\n<td class=\"et3\" style=\"height: 15.75pt; width: 306.75pt;\" width=\"409\" height=\"21\">Acabado<\/td>\n<td class=\"et3\" style=\"width: 375.00pt;\" width=\"500\">AQ brillante (predeterminado), UV brillante, UV mate<\/td>\n<\/tr>\n<tr style=\"height: 15.75pt;\">\n<td class=\"et3\" style=\"height: 15.75pt; width: 306.75pt;\" width=\"409\" height=\"21\">Prueba<\/td>\n<td class=\"et3\" style=\"width: 375.00pt;\" width=\"500\">Prueba digital (archivo listo para impresi\u00f3n) confirmada por el cliente.<\/td>\n<\/tr>\n<tr style=\"height: 31.50pt;\">\n<td class=\"et3\" style=\"height: 31.50pt; width: 306.75pt;\" width=\"409\" height=\"42\">Turnaround<\/td>\n<td class=\"et3\" style=\"width: 375.00pt;\" width=\"500\">7-14 d\u00edas laborables para imprimir y enviar, despu\u00e9s de la aprobaci\u00f3n final(Env\u00edo GRATUITO)<\/td>\n<\/tr>\n<tr style=\"height: 31.50pt;\">\n<td class=\"et7\" style=\"height: 31.50pt; width: 306.75pt;\" width=\"409\" height=\"42\">Plazo de pago<\/td>\n<td class=\"et7\" style=\"width: 375.00pt;\" width=\"500\">T\/T, Western Union, Paypal, 30% de dep\u00f3sito y 70% de saldo antes del env\u00edo.<\/td>\n<\/tr>\n<\/tbody>\n<\/table>\n<\/div>\n<h2 class=\"auto-hide-last-sibling-br paragraph-u1TS5p paragraph-element br-paragraph-space\">Caracter\u00edsticas principales<\/h2>\n<ol class=\"auto-hide-last-sibling-br\">\n<li>Dise\u00f1os a medida: Colabore estrechamente con nuestro equipo de dise\u00f1o para crear una caja \u00fanica y llamativa que refleje la personalidad de su marca y la esencia de sus ofertas de chocolate. Puede elegir entre una gran variedad de formas, tama\u00f1os y estilos para exhibir a la perfecci\u00f3n sus bombones.<\/li>\n<li>Materiales de alta calidad: Utilizamos papel de primera calidad que no s\u00f3lo es resistente, sino que tambi\u00e9n proporciona un tacto lujoso. El material garantiza la protecci\u00f3n y frescura de sus bombones, manteniendo su calidad.<\/li>\n<li>Opciones de impresi\u00f3n: Elija entre t\u00e9cnicas de impresi\u00f3n avanzadas como la impresi\u00f3n offset, la impresi\u00f3n digital o el gofrado para a\u00f1adir detalles intrincados, colores vibrantes y un acabado t\u00e1ctil a sus envases.<\/li>\n<li>Mejoras interiores: Personaliza el interior de la caja con inserciones, separadores o forro de papel de aluminio para mantener los bombones bien sujetos y a\u00f1adir un toque extra de sofisticaci\u00f3n.<\/li>\n<li>Recortes de ventana: Opci\u00f3n de incluir una ventana transparente para ofrecer a los clientes un anticipo de los deliciosos bombones del interior, incit\u00e1ndoles a realizar la compra.<\/li>\n<li>Oportunidades de marca: Muestre de forma destacada el logotipo de su marca, el eslogan y la informaci\u00f3n sobre el producto para aumentar la notoriedad y el reconocimiento de la marca.<\/li>\n<\/ol>\n<h2 class=\"auto-hide-last-sibling-br paragraph-u1TS5p paragraph-element br-paragraph-space\">Ventajas para su empresa<\/h2>\n<ol class=\"auto-hide-last-sibling-br\">\n<li>Diferenciaci\u00f3n de marca: Dest\u00e1quese de la competencia con un envase distintivo que capte la atenci\u00f3n del consumidor y deje una impresi\u00f3n duradera.<\/li>\n<li>Mayor atractivo para el cliente: Un envase atractivo aumenta el valor percibido de sus bombones, haci\u00e9ndolos m\u00e1s atractivos para los clientes y aumentando las ventas.<\/li>\n<li>Protecci\u00f3n y conservaci\u00f3n: El material y el dise\u00f1o de alta calidad garantizan que los bombones permanezcan en perfectas condiciones, manteniendo su sabor y textura.<\/li>\n<li>Herramienta de marketing: El envase sirve como una poderosa herramienta de marketing, comunicando el mensaje y los valores de su marca a los clientes potenciales.<\/li>\n<\/ol>\n<h2 class=\"auto-hide-last-sibling-br paragraph-u1TS5p paragraph-element br-paragraph-space\">Proceso de pedido<\/h2>\n<div class=\"auto-hide-last-sibling-br paragraph-u1TS5p paragraph-element br-paragraph-space\">Nuestro equipo especializado est\u00e1 a su disposici\u00f3n para guiarle a trav\u00e9s de un proceso de pedido sencillo y sin complicaciones. Desde el concepto inicial hasta la producci\u00f3n final, colaboramos con usted en cada paso para garantizar que el envase cumpla sus expectativas.<\/div>\n<h2 class=\"auto-hide-last-sibling-br paragraph-u1TS5p paragraph-element br-paragraph-space\">Plazos de entrega<\/h2>\n<div class=\"auto-hide-last-sibling-br paragraph-u1TS5p paragraph-element br-paragraph-space\">Somos conscientes de la importancia de una entrega puntual. Nuestros eficientes sistemas de producci\u00f3n y log\u00edstica garantizan que sus cajas de papel para envasado de chocolate personalizadas se entreguen a tiempo, lo que le permite cumplir los plazos de su negocio.<br \/>\n<a href=\"https:\/\/zojopackaging.com\/es\/contact-us\/\"><strong>P\u00f3ngase en contacto con nosotros<\/strong><\/a> hoy mismo para empezar a crear el envase perfecto para sus dulces.<\/div>","protected":false},"excerpt":{"rendered":"<p>Esta caja de embalaje para galletas de chocolate apta para uso alimentario utiliza cart\u00f3n gris apto para uso alimentario de 1200GSM + papel estucado art\u00edstico de 157GSM, y es un sustrato respetuoso con el medio ambiente con certificaci\u00f3n FSC para garantizar la seguridad alimentaria. El tipo de caja admite la personalizaci\u00f3n ilimitada de la deformaci\u00f3n del tama\u00f1o, y se proporcionan muestras gratuitas para que compruebe la calidad.<\/p>","protected":false},"featured_media":6794,"template":"","meta":[],"product_brand":[],"product_cat":[422,429],"product_tag":[522,523,524],"class_list":{"0":"post-6793","1":"product","2":"type-product","3":"status-publish","4":"has-post-thumbnail","6":"product_cat-custom-gourmet-boxes-by-industry","7":"product_cat-paper-tube-boxes","8":"product_tag-chocolate-paper-tube","9":"product_tag-custom-chocolate-paper-tube","10":"product_tag-paper-tube-wholesale","12":"first","13":"instock","14":"shipping-taxable","15":"product-type-simple"},"_links":{"self":[{"href":"https:\/\/zojopackaging.com\/es\/wp-json\/wp\/v2\/product\/6793","targetHints":{"allow":["GET"]}}],"collection":[{"href":"https:\/\/zojopackaging.com\/es\/wp-json\/wp\/v2\/product"}],"about":[{"href":"https:\/\/zojopackaging.com\/es\/wp-json\/wp\/v2\/types\/product"}],"version-history":[{"count":2,"href":"https:\/\/zojopackaging.com\/es\/wp-json\/wp\/v2\/product\/6793\/revisions"}],"predecessor-version":[{"id":8088,"href":"https:\/\/zojopackaging.com\/es\/wp-json\/wp\/v2\/product\/6793\/revisions\/8088"}],"wp:featuredmedia":[{"embeddable":true,"href":"https:\/\/zojopackaging.com\/es\/wp-json\/wp\/v2\/media\/6794"}],"wp:attachment":[{"href":"https:\/\/zojopackaging.com\/es\/wp-json\/wp\/v2\/media?parent=6793"}],"wp:term":[{"taxonomy":"product_brand","embeddable":true,"href":"https:\/\/zojopackaging.com\/es\/wp-json\/wp\/v2\/product_brand?post=6793"},{"taxonomy":"product_cat","embeddable":true,"href":"https:\/\/zojopackaging.com\/es\/wp-json\/wp\/v2\/product_cat?post=6793"},{"taxonomy":"product_tag","embeddable":true,"href":"https:\/\/zojopackaging.com\/es\/wp-json\/wp\/v2\/product_tag?post=6793"}],"curies":[{"name":"wp","href":"https:\/\/api.w.org\/{rel}","templated":true}]}}