{"id":6800,"date":"2024-07-17T10:36:39","date_gmt":"2024-07-17T02:36:39","guid":{"rendered":"https:\/\/zojopackaging.com\/?post_type=product&#038;p=6800"},"modified":"2025-03-24T10:05:41","modified_gmt":"2025-03-24T02:05:41","slug":"custom-paper-tube-paper-box","status":"publish","type":"product","link":"https:\/\/zojopackaging.com\/es\/product\/custom-paper-tube-paper-box\/","title":{"rendered":"Tubos de papel para perfumes redondos sostenibles personalizados Factory"},"content":{"rendered":"<h1>Tubos de papel para perfumes redondos sostenibles personalizados Factory<\/h1>\n<div class=\"auto-hide-last-sibling-br paragraph-u1TS5p paragraph-element br-paragraph-space\">\n<div class=\"auto-hide-last-sibling-br paragraph-u1TS5p paragraph-element br-paragraph-space\">\n<div class=\"elementor-element elementor-element-052609b elementor-widget elementor-widget-heading\" data-id=\"052609b\" data-element_type=\"widget\" data-widget_type=\"heading.default\">\n<div class=\"elementor-widget-container\">\n<h2 class=\"elementor-heading-title elementor-size-default\">Una soluci\u00f3n integral de envasado<\/h2>\n<\/div>\n<\/div>\n<div class=\"elementor-element elementor-element-ad86f67 elementor-widget elementor-widget-text-editor\" data-id=\"ad86f67\" data-element_type=\"widget\" data-widget_type=\"text-editor.default\">\n<div class=\"elementor-widget-container\">\n<p>El envase forma parte de su marca: las cajas de cart\u00f3n son mucho m\u00e1s que su aspecto, podemos elaborar una soluci\u00f3n de envasado sostenible para narrar su producto y revelar la historia de su marca. Creamos las soluciones de envasado m\u00e1s innovadoras y de mayor calidad.<\/p>\n<\/div>\n<\/div>\n<\/div>\n<table style=\"border-collapse: collapse; width: 681.77pt;\" border=\"0\" width=\"909\" cellspacing=\"0\" cellpadding=\"0\">\n<tbody>\n<tr style=\"height: 15.75pt;\">\n<td class=\"et3\" style=\"height: 15.75pt; width: 306.75pt;\" width=\"409\" height=\"21\">MOQ<\/td>\n<td class=\"et3\" style=\"width: 375.00pt;\" width=\"500\">500 - 500.000 unidades<\/td>\n<\/tr>\n<tr style=\"height: 31.50pt;\">\n<td class=\"et3\" style=\"height: 31.50pt; width: 306.75pt;\" width=\"409\" height=\"42\">Colores<\/td>\n<td class=\"et3\" style=\"width: 375.00pt;\" width=\"500\">Blanco\/ Marr\u00f3n Kraft, CMYK, PMS, Colores especiales (plata metalizada, oro metalizado),<\/td>\n<\/tr>\n<tr style=\"height: 16.50pt;\">\n<td class=\"et4\" style=\"height: 16.50pt;\" height=\"22\">Impresi\u00f3n<\/td>\n<td class=\"et5\">Impresi\u00f3n CMYK<\/td>\n<\/tr>\n<tr style=\"height: 16.50pt;\">\n<td class=\"et5\" style=\"height: 16.50pt;\" height=\"22\">Dimensi\u00f3n<\/td>\n<td class=\"et5\">L + A &lt;= 20 pulgadas; H &lt;= 26 pulgadas<\/td>\n<\/tr>\n<tr style=\"height: 16.50pt;\">\n<td class=\"et4\" style=\"height: 16.50pt;\" height=\"22\">Certificaci\u00f3n<\/td>\n<td class=\"et5\">SGS, IOS9001<\/td>\n<\/tr>\n<tr style=\"height: 16.50pt;\">\n<td class=\"et4\" style=\"height: 16.50pt;\" height=\"22\">Estructura<\/td>\n<td class=\"et5\">3pcs telescopio tubo de papel<\/td>\n<\/tr>\n<tr style=\"height: 16.50pt;\">\n<td class=\"et4\" style=\"height: 16.50pt;\" height=\"22\">Servicio<\/td>\n<td class=\"et5\">OEM\/ODM<\/td>\n<\/tr>\n<tr style=\"height: 31.50pt;\">\n<td class=\"et3\" style=\"height: 31.50pt; width: 306.75pt;\" width=\"409\" height=\"42\">Papel<\/td>\n<td class=\"et3\" style=\"width: 375.00pt;\" width=\"500\">Cartulina blanca de 12pt a 24pt, SBS de 18pt a 24pt, Kraft de 18pt a 24pt, Cartulina ondulada.<\/td>\n<\/tr>\n<tr style=\"height: 15.75pt;\">\n<td class=\"et3\" style=\"height: 15.75pt; width: 306.75pt;\" width=\"409\" height=\"21\">Acabado<\/td>\n<td class=\"et3\" style=\"width: 375.00pt;\" width=\"500\">AQ brillante (predeterminado), UV brillante, UV mate<\/td>\n<\/tr>\n<tr style=\"height: 15.75pt;\">\n<td class=\"et3\" style=\"height: 15.75pt; width: 306.75pt;\" width=\"409\" height=\"21\">Prueba<\/td>\n<td class=\"et3\" style=\"width: 375.00pt;\" width=\"500\">Prueba digital (archivo listo para impresi\u00f3n) confirmada por el cliente.<\/td>\n<\/tr>\n<tr style=\"height: 31.50pt;\">\n<td class=\"et3\" style=\"height: 31.50pt; width: 306.75pt;\" width=\"409\" height=\"42\">Turnaround<\/td>\n<td class=\"et3\" style=\"width: 375.00pt;\" width=\"500\">7-14 d\u00edas laborables para imprimir y enviar, despu\u00e9s de la aprobaci\u00f3n final(Env\u00edo GRATUITO)<\/td>\n<\/tr>\n<tr style=\"height: 31.50pt;\">\n<td class=\"et7\" style=\"height: 31.50pt; width: 306.75pt;\" width=\"409\" height=\"42\">Plazo de pago<\/td>\n<td class=\"et7\" style=\"width: 375.00pt;\" width=\"500\">T\/T, Western Union, Paypal, 30% de dep\u00f3sito y 70% de saldo antes del env\u00edo.<\/td>\n<\/tr>\n<\/tbody>\n<\/table>\n<h2 class=\"auto-hide-last-sibling-br paragraph-u1TS5p paragraph-element br-paragraph-space\">Caracter\u00edsticas principales<\/h2>\n<ol class=\"auto-hide-last-sibling-br\">\n<li>Opciones de personalizaci\u00f3n: Usted tiene el control total sobre el tama\u00f1o, la forma y las dimensiones de la caja de tubo de papel para garantizar un ajuste perfecto para sus productos. Elija entre una amplia gama de colores, dise\u00f1os y acabados para crear un envase \u00fanico y visualmente atractivo.<\/li>\n<li>Materiales de alta calidad: Utilizamos papel de primera calidad que es duradero y respetuoso con el medio ambiente. El material proporciona una excelente resistencia y protecci\u00f3n, garantizando que sus productos lleguen en perfectas condiciones.<\/li>\n<li>Integridad estructural: El dise\u00f1o del tubo de papel ofrece una estabilidad y un soporte superiores, evitando da\u00f1os durante la manipulaci\u00f3n y el transporte.<\/li>\n<li>Oportunidades de marca: Muestre el logotipo de su marca, el eslogan y la informaci\u00f3n del producto a trav\u00e9s de la impresi\u00f3n o el estampado de alta calidad, aumentando la visibilidad y el reconocimiento de la marca.<\/li>\n<li>Aplicaciones vers\u00e1tiles: Adecuado para una diversa gama de productos como cosm\u00e9ticos, regalos, art\u00edculos de papeler\u00eda y mucho m\u00e1s.<\/li>\n<li>Reciclables y sostenibles: Fabricadas con materiales reciclables, nuestras cajas de papel tubular personalizadas son una opci\u00f3n respetuosa con el medio ambiente que se alinea con los valores de su marca.<\/li>\n<\/ol>\n<h2 class=\"auto-hide-last-sibling-br paragraph-u1TS5p paragraph-element br-paragraph-space\">Proceso de pedido<\/h2>\n<div class=\"auto-hide-last-sibling-br paragraph-u1TS5p paragraph-element br-paragraph-space\">Nuestro equipo de expertos trabajar\u00e1 estrechamente con usted durante todo el proceso de pedido. Desde los conceptos de dise\u00f1o iniciales hasta la producci\u00f3n final, nos aseguramos de que cada detalle cumpla sus expectativas. Tambi\u00e9n proporcionamos muestras para su revisi\u00f3n y aprobaci\u00f3n antes de la producci\u00f3n en serie.<\/div>\n<h2 class=\"auto-hide-last-sibling-br paragraph-u1TS5p paragraph-element br-paragraph-space\">Plazos de entrega<\/h2>\n<div class=\"auto-hide-last-sibling-br paragraph-u1TS5p paragraph-element br-paragraph-space\">Somos conscientes de la importancia de una entrega puntual. Nuestros socios log\u00edsticos de confianza garantizan que sus cajas de papel tubular personalizadas se entreguen en la puerta de su casa en el plazo acordado, lo que le permite cumplir sus plazos comerciales sin problemas.<\/div>\n<div><\/div>\n<div class=\"auto-hide-last-sibling-br paragraph-u1TS5p paragraph-element br-paragraph-space\">Elija nuestra caja de papel con tubo de papel personalizada para elevar su embalaje y causar una impresi\u00f3n duradera en sus clientes. <strong><a href=\"https:\/\/zojopackaging.com\/es\/contact-us\/\">P\u00f3ngase en contacto con nosotros<\/a><\/strong> para empezar a crear la soluci\u00f3n de envasado perfecta para su empresa.<\/div>\n<\/div>","protected":false},"excerpt":{"rendered":"<p>Esta caja de embalaje cil\u00edndrica para perfume utiliza cart\u00f3n gris de 1200GSM + papel estucado art\u00edstico de 157GSM, y utiliza papel ecol\u00f3gico con certificaci\u00f3n FSC para conseguir un embalaje sostenible. Admite una personalizaci\u00f3n ilimitada del tipo de caja, el tama\u00f1o, la impresi\u00f3n de la superficie, etc. para adaptarse a sus productos y marcas.<\/p>","protected":false},"featured_media":6804,"template":"","meta":[],"product_brand":[],"product_cat":[417,429],"product_tag":[520,521,519],"class_list":{"0":"post-6800","1":"product","2":"type-product","3":"status-publish","4":"has-post-thumbnail","6":"product_cat-custom-perfume-boxes-by-industry","7":"product_cat-paper-tube-boxes","8":"product_tag-custom-fragranc-paper-tubes","9":"product_tag-perfume-paper-tubes","10":"product_tag-perfume-paper-tubes-factory","12":"first","13":"instock","14":"shipping-taxable","15":"product-type-simple"},"_links":{"self":[{"href":"https:\/\/zojopackaging.com\/es\/wp-json\/wp\/v2\/product\/6800","targetHints":{"allow":["GET"]}}],"collection":[{"href":"https:\/\/zojopackaging.com\/es\/wp-json\/wp\/v2\/product"}],"about":[{"href":"https:\/\/zojopackaging.com\/es\/wp-json\/wp\/v2\/types\/product"}],"version-history":[{"count":2,"href":"https:\/\/zojopackaging.com\/es\/wp-json\/wp\/v2\/product\/6800\/revisions"}],"predecessor-version":[{"id":8087,"href":"https:\/\/zojopackaging.com\/es\/wp-json\/wp\/v2\/product\/6800\/revisions\/8087"}],"wp:featuredmedia":[{"embeddable":true,"href":"https:\/\/zojopackaging.com\/es\/wp-json\/wp\/v2\/media\/6804"}],"wp:attachment":[{"href":"https:\/\/zojopackaging.com\/es\/wp-json\/wp\/v2\/media?parent=6800"}],"wp:term":[{"taxonomy":"product_brand","embeddable":true,"href":"https:\/\/zojopackaging.com\/es\/wp-json\/wp\/v2\/product_brand?post=6800"},{"taxonomy":"product_cat","embeddable":true,"href":"https:\/\/zojopackaging.com\/es\/wp-json\/wp\/v2\/product_cat?post=6800"},{"taxonomy":"product_tag","embeddable":true,"href":"https:\/\/zojopackaging.com\/es\/wp-json\/wp\/v2\/product_tag?post=6800"}],"curies":[{"name":"wp","href":"https:\/\/api.w.org\/{rel}","templated":true}]}}