{"id":6811,"date":"2024-07-17T13:41:36","date_gmt":"2024-07-17T05:41:36","guid":{"rendered":"https:\/\/zojopackaging.com\/?post_type=product&#038;p=6811"},"modified":"2025-03-24T09:49:41","modified_gmt":"2025-03-24T01:49:41","slug":"customized-printed-paper-gift-bags","status":"publish","type":"product","link":"https:\/\/zojopackaging.com\/es\/product\/customized-printed-paper-gift-bags\/","title":{"rendered":"Bolsas de la compra de papel plegables personalizadas de lujo Fabricante"},"content":{"rendered":"<h1 class=\"auto-hide-last-sibling-br paragraph-u1TS5p paragraph-element br-paragraph-space\">Bolsas de papel personalizadas para regalo<\/h1>\n<div class=\"auto-hide-last-sibling-br paragraph-u1TS5p paragraph-element br-paragraph-space\">Nuestras bolsas de papel impresas personalizadas son la elecci\u00f3n perfecta para a\u00f1adir un toque personalizado y memorable a su experiencia de regalo.<\/div>\n<h2 class=\"auto-hide-last-sibling-br paragraph-u1TS5p paragraph-element br-paragraph-space\">Caracter\u00edsticas principales<\/h2>\n<ol class=\"auto-hide-last-sibling-br\">\n<li>Dise\u00f1os a medida: Colabore estrechamente con nuestro experto equipo de dise\u00f1o para crear una bolsa \u00fanica que encaje con el tema de su marca o evento. Puede elegir entre una amplia gama de colores, dise\u00f1os y gr\u00e1ficos para que sus bolsas de regalo sean realmente \u00fanicas.<\/li>\n<li>Materiales de alta calidad: Utilizamos papel de primera calidad que no s\u00f3lo es resistente, sino que tambi\u00e9n da una sensaci\u00f3n de lujo. El papel se selecciona para garantizar su durabilidad y un acabado suave.<\/li>\n<li>Impresi\u00f3n de precisi\u00f3n: Nuestra avanzada tecnolog\u00eda de impresi\u00f3n permite obtener impresiones n\u00edtidas, vibrantes y duraderas. Ya se trate de un logotipo detallado, un dise\u00f1o complejo o un mensaje sincero, garantizamos la m\u00e1xima calidad de reproducci\u00f3n.<\/li>\n<li>Opciones de asas: Seleccione entre varios estilos de asas como cinta de raso, cuerda de papel trenzada o asas de papel planas para mayor comodidad y estilo.<\/li>\n<li>Personalizaci\u00f3n del tama\u00f1o: Disponible en multitud de tama\u00f1os para adaptarse a diferentes art\u00edculos de regalo, desde peque\u00f1as baratijas hasta regalos m\u00e1s grandes.<\/li>\n<li>Opciones de interior: Mejore la presentaci\u00f3n a\u00f1adiendo papel de seda o un forro especial al interior de la bolsa.<\/li>\n<\/ol>\n<h2 class=\"auto-hide-last-sibling-br paragraph-u1TS5p paragraph-element br-paragraph-space\">Proceso de pedido<\/h2>\n<div class=\"auto-hide-last-sibling-br paragraph-u1TS5p paragraph-element br-paragraph-space\">Nuestro proceso de pedido es sencillo y directo. S\u00f3lo tiene que compartir con nosotros sus ideas de dise\u00f1o y requisitos, y le proporcionaremos un presupuesto detallado y una maqueta. Una vez aprobado, nuestro eficiente equipo de producci\u00f3n garantizar\u00e1 la entrega puntual de su pedido.<\/div>\n<h2 class=\"auto-hide-last-sibling-br paragraph-u1TS5p paragraph-element br-paragraph-space\">Plazos de entrega<\/h2>\n<div class=\"auto-hide-last-sibling-br paragraph-u1TS5p paragraph-element br-paragraph-space\">Somos conscientes de la importancia de cumplir sus plazos. Ofrecemos servicios de entrega fiables y proporcionamos estimaciones claras de los plazos de entrega en funci\u00f3n del tama\u00f1o y la complejidad de su pedido.<\/div>\n<div class=\"auto-hide-last-sibling-br paragraph-u1TS5p paragraph-element br-paragraph-space\">Invierta en nuestras bolsas de papel impresas personalizadas para que sus regalos destaquen y dejen una impresi\u00f3n duradera. <strong><a href=\"https:\/\/zojopackaging.com\/es\/contact-us\/\">P\u00f3ngase en contacto con nosotros<\/a><\/strong> para empezar a crear la soluci\u00f3n de bolsa de regalo perfecta para las necesidades de su empresa.<\/div>\n<div>\n<h2 class=\"yikes-custom-woo-tab-title yikes-custom-woo-tab-title-specifications\">Especificaciones<\/h2>\n<table class=\"table table-striped\">\n<tbody>\n<tr>\n<td>Estilo caja<\/td>\n<td>Remate invertido<\/td>\n<\/tr>\n<tr>\n<td>Caracter\u00edsticas principales<\/td>\n<td>Cierre superior de fricci\u00f3n<\/td>\n<\/tr>\n<tr>\n<td>Dimensi\u00f3n<\/td>\n<td>L + A &lt;= 20 pulgadas; H &lt;= 26 pulgadas<\/td>\n<\/tr>\n<tr>\n<td>Cantidades<\/td>\n<td>500 &#8211; 500,000<\/td>\n<\/tr>\n<tr>\n<td>Papel<\/td>\n<td>Cartulina blanca de 12pt a 24pt, SBS de 18pt a 24pt, Kraft de 18pt a 24pt, Cartulina ondulada.<\/td>\n<\/tr>\n<tr>\n<td>Colores<\/td>\n<td>Blanco\/ Marr\u00f3n Kraft, CMYK, PMS, Colores especiales (plata metalizada, oro metalizado),<\/td>\n<\/tr>\n<tr>\n<td>Acabado<\/td>\n<td>AQ brillante (predeterminado), UV brillante, UV mate<\/td>\n<\/tr>\n<tr>\n<td>Carga de archivos<\/td>\n<td>L\u00ednea de troquelado y dise\u00f1o en capas separadas<\/p>\n<p>Muestra PMS anotada si procede<\/td>\n<\/tr>\n<tr>\n<td>Prueba<\/td>\n<td>Prueba digital (archivo listo para impresi\u00f3n) confirmada por el cliente.<\/td>\n<\/tr>\n<tr>\n<td>Turnaround<\/td>\n<td>7-14 d\u00edas laborables para imprimir y enviar, despu\u00e9s de la aprobaci\u00f3n final(Env\u00edo GRATUITO)<\/td>\n<\/tr>\n<tr>\n<td>Env\u00edo<\/td>\n<td>Paquete plano<\/td>\n<\/tr>\n<\/tbody>\n<\/table>\n<\/div>","protected":false},"excerpt":{"rendered":"<p>Esta bolsa de papel plegable de color negro utiliza un proceso de laminaci\u00f3n mate para crear una superficie discreta y resistente a los ara\u00f1azos, combinado con un proceso de estampaci\u00f3n en caliente dorado para presentar el exclusivo dise\u00f1o de la marca, y se combina con una cuerda de asa\/cinta desmontable; el dise\u00f1o plegable puede ahorrar 50% de espacio de almacenamiento y transporte.<\/p>","protected":false},"featured_media":6817,"template":"","meta":[],"product_brand":[],"product_cat":[30,413,432,31],"product_tag":[518,516,517],"class_list":{"0":"post-6811","1":"product","2":"type-product","3":"status-publish","4":"has-post-thumbnail","6":"product_cat-by-industry","7":"product_cat-consumer-electronics-boxes","8":"product_cat-pape-gift-bags","9":"product_cat-paper-box-style","10":"product_tag-custom-paper-bags","11":"product_tag-foldable-paper-shopping-bags","12":"product_tag-paper-shopping-bags-manufacturer","14":"first","15":"instock","16":"shipping-taxable","17":"product-type-simple"},"_links":{"self":[{"href":"https:\/\/zojopackaging.com\/es\/wp-json\/wp\/v2\/product\/6811","targetHints":{"allow":["GET"]}}],"collection":[{"href":"https:\/\/zojopackaging.com\/es\/wp-json\/wp\/v2\/product"}],"about":[{"href":"https:\/\/zojopackaging.com\/es\/wp-json\/wp\/v2\/types\/product"}],"version-history":[{"count":2,"href":"https:\/\/zojopackaging.com\/es\/wp-json\/wp\/v2\/product\/6811\/revisions"}],"predecessor-version":[{"id":8086,"href":"https:\/\/zojopackaging.com\/es\/wp-json\/wp\/v2\/product\/6811\/revisions\/8086"}],"wp:featuredmedia":[{"embeddable":true,"href":"https:\/\/zojopackaging.com\/es\/wp-json\/wp\/v2\/media\/6817"}],"wp:attachment":[{"href":"https:\/\/zojopackaging.com\/es\/wp-json\/wp\/v2\/media?parent=6811"}],"wp:term":[{"taxonomy":"product_brand","embeddable":true,"href":"https:\/\/zojopackaging.com\/es\/wp-json\/wp\/v2\/product_brand?post=6811"},{"taxonomy":"product_cat","embeddable":true,"href":"https:\/\/zojopackaging.com\/es\/wp-json\/wp\/v2\/product_cat?post=6811"},{"taxonomy":"product_tag","embeddable":true,"href":"https:\/\/zojopackaging.com\/es\/wp-json\/wp\/v2\/product_tag?post=6811"}],"curies":[{"name":"wp","href":"https:\/\/api.w.org\/{rel}","templated":true}]}}