{"id":6823,"date":"2024-07-17T13:56:32","date_gmt":"2024-07-17T05:56:32","guid":{"rendered":"https:\/\/zojopackaging.com\/?post_type=product&#038;p=6823"},"modified":"2025-03-24T00:27:48","modified_gmt":"2025-03-23T16:27:48","slug":"custom-printed-paper-gift-bags","status":"publish","type":"product","link":"https:\/\/zojopackaging.com\/es\/product\/custom-printed-paper-gift-bags\/","title":{"rendered":"Proveedor Bolsas de papel de lujo personalizadas para perfumes Fabricantes"},"content":{"rendered":"<h1 class=\"auto-hide-last-sibling-br paragraph-u1TS5p paragraph-element br-paragraph-space\">Bolsas de papel personalizadas<\/h1>\n<div class=\"auto-hide-last-sibling-br paragraph-u1TS5p paragraph-element br-paragraph-space\">\n<div class=\"auto-hide-last-sibling-br paragraph-u1TS5p paragraph-element br-paragraph-space\">\n<p>Nuestras bolsas de papel impresas personalizadas ofrecen una soluci\u00f3n de envasado a medida que combina estilo, funcionalidad y promoci\u00f3n de la marca.<\/p>\n<p>\u00bfNecesita un producto de envasado personalizado con un estilo o tama\u00f1o exclusivos? \u00bfNecesita un gran volumen? Tenemos todo un departamento dedicado a localizar y desarrollar productos \u00fanicos que cumplan exactamente sus requisitos de envasado m\u00e1s exigentes.<\/p>\n<\/div>\n<h2 class=\"auto-hide-last-sibling-br paragraph-u1TS5p paragraph-element br-paragraph-space\">Proceso de pedido<\/h2>\n<div class=\"auto-hide-last-sibling-br paragraph-u1TS5p paragraph-element br-paragraph-space\">Nuestro experimentado equipo le guiar\u00e1 a trav\u00e9s de un proceso de pedido sencillo y sin complicaciones. Empezamos por conocer sus necesidades espec\u00edficas y sus preferencias de dise\u00f1o. Puede proporcionarnos su propio dise\u00f1o o colaborar con nuestros expertos en dise\u00f1o internos para crear un concepto que se ajuste a su visi\u00f3n. Una vez aprobado el dise\u00f1o, nuestra eficiente planta de producci\u00f3n se encargar\u00e1 de la entrega puntual de su pedido, con estrictas medidas de control de calidad para garantizar los m\u00e1s altos est\u00e1ndares.<\/div>\n<h2 class=\"yikes-custom-woo-tab-title yikes-custom-woo-tab-title-specifications\">Especificaciones<\/h2>\n<table class=\"table table-striped\">\n<tbody>\n<tr>\n<td>Estilo caja<\/td>\n<td>Remate invertido<\/td>\n<\/tr>\n<tr>\n<td>Caracter\u00edsticas principales<\/td>\n<td>Cierre superior de fricci\u00f3n<\/td>\n<\/tr>\n<tr>\n<td>Dimensi\u00f3n<\/td>\n<td>L + A &lt;= 20 pulgadas; H &lt;= 26 pulgadas<\/td>\n<\/tr>\n<tr>\n<td>Cantidades<\/td>\n<td>500 &#8211; 500,000<\/td>\n<\/tr>\n<tr>\n<td>Papel<\/td>\n<td>Cartulina blanca de 12pt a 24pt, SBS de 18pt a 24pt, Kraft de 18pt a 24pt, Cartulina ondulada.<\/td>\n<\/tr>\n<tr>\n<td>Colores<\/td>\n<td>Blanco\/ Marr\u00f3n Kraft, CMYK, PMS, Colores especiales (plata metalizada, oro metalizado),<\/td>\n<\/tr>\n<tr>\n<td>Acabado<\/td>\n<td>AQ brillante (predeterminado), UV brillante, UV mate<\/td>\n<\/tr>\n<tr>\n<td>Carga de archivos<\/td>\n<td>L\u00ednea de troquelado y dise\u00f1o en capas separadas<\/p>\n<p>Muestra PMS anotada si procede<\/td>\n<\/tr>\n<tr>\n<td>Prueba<\/td>\n<td>Prueba digital (archivo listo para impresi\u00f3n) confirmada por el cliente.<\/td>\n<\/tr>\n<tr>\n<td>Turnaround<\/td>\n<td>7-14 d\u00edas laborables para imprimir y enviar, despu\u00e9s de la aprobaci\u00f3n final(Env\u00edo GRATUITO)<\/td>\n<\/tr>\n<tr>\n<td>Env\u00edo<\/td>\n<td>Paquete plano<\/td>\n<\/tr>\n<\/tbody>\n<\/table>\n<\/div>","protected":false},"excerpt":{"rendered":"<p>Esta bolsa de regalo de papel blanco para el envasado de perfumes utiliza un laminado de pel\u00edcula mate para crear una textura mate, y se cierra con una cinta de seda\/sat\u00e9n del mismo color, resaltando el exquisito tono del producto de la fragancia con una est\u00e9tica minimalista.<\/p>","protected":false},"featured_media":6824,"template":"","meta":[],"product_brand":[],"product_cat":[30,417,432,31],"product_tag":[514,285,515],"class_list":{"0":"post-6823","1":"product","2":"type-product","3":"status-publish","4":"has-post-thumbnail","6":"product_cat-by-industry","7":"product_cat-custom-perfume-boxes-by-industry","8":"product_cat-pape-gift-bags","9":"product_cat-paper-box-style","10":"product_tag-custom-perfume-paper-gift-bags","11":"product_tag-paper-gift-bags","12":"product_tag-paper-gift-bags-manufacturers","14":"first","15":"instock","16":"shipping-taxable","17":"product-type-simple"},"_links":{"self":[{"href":"https:\/\/zojopackaging.com\/es\/wp-json\/wp\/v2\/product\/6823","targetHints":{"allow":["GET"]}}],"collection":[{"href":"https:\/\/zojopackaging.com\/es\/wp-json\/wp\/v2\/product"}],"about":[{"href":"https:\/\/zojopackaging.com\/es\/wp-json\/wp\/v2\/types\/product"}],"version-history":[{"count":2,"href":"https:\/\/zojopackaging.com\/es\/wp-json\/wp\/v2\/product\/6823\/revisions"}],"predecessor-version":[{"id":8084,"href":"https:\/\/zojopackaging.com\/es\/wp-json\/wp\/v2\/product\/6823\/revisions\/8084"}],"wp:featuredmedia":[{"embeddable":true,"href":"https:\/\/zojopackaging.com\/es\/wp-json\/wp\/v2\/media\/6824"}],"wp:attachment":[{"href":"https:\/\/zojopackaging.com\/es\/wp-json\/wp\/v2\/media?parent=6823"}],"wp:term":[{"taxonomy":"product_brand","embeddable":true,"href":"https:\/\/zojopackaging.com\/es\/wp-json\/wp\/v2\/product_brand?post=6823"},{"taxonomy":"product_cat","embeddable":true,"href":"https:\/\/zojopackaging.com\/es\/wp-json\/wp\/v2\/product_cat?post=6823"},{"taxonomy":"product_tag","embeddable":true,"href":"https:\/\/zojopackaging.com\/es\/wp-json\/wp\/v2\/product_tag?post=6823"}],"curies":[{"name":"wp","href":"https:\/\/api.w.org\/{rel}","templated":true}]}}