{"id":6831,"date":"2024-07-17T14:18:58","date_gmt":"2024-07-17T06:18:58","guid":{"rendered":"https:\/\/zojopackaging.com\/?post_type=product&#038;p=6831"},"modified":"2025-03-24T00:14:27","modified_gmt":"2025-03-23T16:14:27","slug":"custom-paper-bags","status":"publish","type":"product","link":"https:\/\/zojopackaging.com\/es\/product\/custom-paper-bags\/","title":{"rendered":"Regalo de lujo personalizado ropa de papel de regalo bolsas de f\u00e1brica"},"content":{"rendered":"<h1 class=\"base Category_tile title\">Regalo de lujo personalizado ropa de papel de regalo bolsas de f\u00e1brica<\/h1>\n<div class=\"auto-hide-last-sibling-br paragraph-u1TS5p paragraph-element br-paragraph-space\">\n<div class=\"auto-hide-last-sibling-br paragraph-u1TS5p paragraph-element br-paragraph-space\">\n<p>Tanto si est\u00e1 planeando un evento promocional como si necesita soluciones para el uso diario de su empresa, hay varias formas en las que las bolsas de papel personalizadas pueden serle \u00fatiles.<\/p>\n<h1>\u00bfPor qu\u00e9 comprar bolsas de papel personalizadas?<\/h1>\n<p>Las bolsas de papel personalizadas pueden utilizarse de varias formas, en funci\u00f3n de las necesidades de su empresa.<\/p>\n<ul>\n<li>Ferias comerciales y otros actos promocionales o de venta<\/li>\n<li>Cuando regale art\u00edculos promocionales<\/li>\n<li>Conferencias y seminarios empresariales<\/li>\n<li>Para entregar art\u00edculos directamente fuera de la oficina<\/li>\n<\/ul>\n<p>Las bolsas de papel son art\u00edculos que su empresa puede utilizar de diversas formas, y son excelentes para aumentar la notoriedad de su marca. Adem\u00e1s, sus destinatarios se sentir\u00e1n m\u00e1s fieles a su marca porque creer\u00e1n que usted hace un esfuerzo adicional. Dir\u00edjase a su p\u00fablico de la forma correcta cuando haga un esfuerzo adicional proporcionando bolsas de papel personalizadas.<\/p>\n<h1>Diferentes variedades disponibles<\/h1>\n<p>Tienes diferentes opciones disponibles cuando buscas la bolsa de papel perfecta para representar a tu empresa. Algunas opciones por las que puede optar son:<\/p>\n<ul>\n<li>Bolsas de papel kraft: Estas bolsas est\u00e1n hechas de papel reciclado 100% y son una gran alternativa a las bolsas de papel convencionales. Puede encontrarlas en una gran variedad de colores y tama\u00f1os. Son ideales para una gran variedad de prop\u00f3sitos.<\/li>\n<li>Bolsas de papel brillante: Estas bolsas de papel tienen un acabado brillante. Se pueden reciclar m\u00e1s, lo que es estupendo para buscar opciones ecol\u00f3gicas. Estas bolsas tambi\u00e9n son m\u00e1s resistentes al desgaste normal que las bolsas de papel normales.<\/li>\n<li>Eurobolsas laminadas: Estas variantes laminadas son ideales cuando se busca a\u00f1adir un elemento de lujo a las bolsas de papel tradicionales. Est\u00e1n disponibles en varios colores y pueden plasmar exactamente la imagen que su empresa quiere mostrar.<\/li>\n<\/ul>\n<h2>Personal\u00edcelo a\u00fan m\u00e1s<\/h2>\n<p>Lo mejor de estas bolsas de papel es que puedes personalizarlas seg\u00fan las necesidades de tu negocio. Dependiendo de la variante de bolsa de papel que elijas, encontrar\u00e1s diferentes opciones de personalizaci\u00f3n:<\/p>\n<ul>\n<li>Serigraf\u00eda<\/li>\n<li>Sello<\/li>\n<\/ul>\n<h2>Proceso de pedido<\/h2>\n<p>Nuestro equipo colaborar\u00e1 estrechamente con usted durante todo el proceso de pedido. Empezamos por comprender la visi\u00f3n y los requisitos de su marca, y le ofrecemos sugerencias de dise\u00f1o y maquetas. Una vez aprobado el dise\u00f1o, nuestra eficiente planta de producci\u00f3n fabricar\u00e1 r\u00e1pidamente las bolsas y nuestros fiables transportistas garantizar\u00e1n una entrega r\u00e1pida.<\/p>\n<h2>Plazos de entrega<\/h2>\n<p>Somos conscientes de la importancia de una entrega puntual para satisfacer las necesidades de su empresa. En funci\u00f3n de la cantidad de su pedido y de la complejidad de la personalizaci\u00f3n, le proporcionaremos un plazo de entrega estimado y le mantendremos informado durante todo el proceso de producci\u00f3n y env\u00edo.<\/p>\n<p>P\u00f3ngase en contacto con nosotros hoy mismo para empezar a crear el envase perfecto para su empresa.<\/p>\n<\/div>\n<\/div>","protected":false},"excerpt":{"rendered":"<p>Esta bolsa de papel para embalaje de ropa de gama alta utiliza tecnolog\u00eda de estampaci\u00f3n en caliente para presentar el logotipo o el dibujo de la marca, y se combina con un asa de cuerda retorcida duradera, incorporando ligeros detalles de lujo a su sencillo dise\u00f1o.<\/p>","protected":false},"featured_media":6832,"template":"","meta":[],"product_brand":[],"product_cat":[30,414,432,31],"product_tag":[511,512,513],"class_list":{"0":"post-6831","1":"product","2":"type-product","3":"status-publish","4":"has-post-thumbnail","6":"product_cat-by-industry","7":"product_cat-custom-apparel-boxes","8":"product_cat-pape-gift-bags","9":"product_cat-paper-box-style","10":"product_tag-apparel-paper-gift-bags","11":"product_tag-garment-paper-gift-bags","12":"product_tag-paper-gift-bags-factory","14":"first","15":"instock","16":"shipping-taxable","17":"product-type-simple"},"_links":{"self":[{"href":"https:\/\/zojopackaging.com\/es\/wp-json\/wp\/v2\/product\/6831","targetHints":{"allow":["GET"]}}],"collection":[{"href":"https:\/\/zojopackaging.com\/es\/wp-json\/wp\/v2\/product"}],"about":[{"href":"https:\/\/zojopackaging.com\/es\/wp-json\/wp\/v2\/types\/product"}],"version-history":[{"count":2,"href":"https:\/\/zojopackaging.com\/es\/wp-json\/wp\/v2\/product\/6831\/revisions"}],"predecessor-version":[{"id":8083,"href":"https:\/\/zojopackaging.com\/es\/wp-json\/wp\/v2\/product\/6831\/revisions\/8083"}],"wp:featuredmedia":[{"embeddable":true,"href":"https:\/\/zojopackaging.com\/es\/wp-json\/wp\/v2\/media\/6832"}],"wp:attachment":[{"href":"https:\/\/zojopackaging.com\/es\/wp-json\/wp\/v2\/media?parent=6831"}],"wp:term":[{"taxonomy":"product_brand","embeddable":true,"href":"https:\/\/zojopackaging.com\/es\/wp-json\/wp\/v2\/product_brand?post=6831"},{"taxonomy":"product_cat","embeddable":true,"href":"https:\/\/zojopackaging.com\/es\/wp-json\/wp\/v2\/product_cat?post=6831"},{"taxonomy":"product_tag","embeddable":true,"href":"https:\/\/zojopackaging.com\/es\/wp-json\/wp\/v2\/product_tag?post=6831"}],"curies":[{"name":"wp","href":"https:\/\/api.w.org\/{rel}","templated":true}]}}