{"id":6838,"date":"2024-07-17T14:36:28","date_gmt":"2024-07-17T06:36:28","guid":{"rendered":"https:\/\/zojopackaging.com\/?post_type=product&#038;p=6838"},"modified":"2025-03-24T00:00:20","modified_gmt":"2025-03-23T16:00:20","slug":"custom-luxury-paper-shopping-bags","status":"publish","type":"product","link":"https:\/\/zojopackaging.com\/es\/product\/custom-luxury-paper-shopping-bags\/","title":{"rendered":"Dise\u00f1o personalizado ecol\u00f3gico Joyer\u00eda Bolsas de papel de regalo al por mayor"},"content":{"rendered":"<h1 class=\"base Category_tile title\">Bolsas de la compra de papel de lujo personalizadas<\/h1>\n<h2 style=\"font-weight: 500;\"><strong>Impresi\u00f3n a granel atractiva, precisa y barata<\/strong><\/h2>\n<p style=\"font-weight: 400;\">Cuando se trata de imprimir nuestras bolsas de la compra de calidad superior, My Box Packaging hace uso de las t\u00e9cnicas m\u00e1s avanzadas de impresi\u00f3n Offset, Serigraf\u00eda y Digital para proporcionar dise\u00f1os atractivos y precisos de color, incluyendo nombres de marcas y logotipos con un dise\u00f1o \u00fanico y pegadizo. Tambi\u00e9n utilizamos tintas de alta calidad y larga duraci\u00f3n que proporcionan un alto contraste y dise\u00f1os impresos n\u00edtidos y detallados, y la eficiencia de nuestros canales de negocio ofrecen la impresi\u00f3n de bolsas de la compra a granel m\u00e1s barata de la industria. Nuestros expertos en impresi\u00f3n tambi\u00e9n ofrecen ayuda gratuita en el dise\u00f1o, y cuando se confirme, tambi\u00e9n proporcionamos plantillas gratuitas asegur\u00e1ndose de que obtiene s\u00f3lo los dise\u00f1os impresos que desea para sus productos bolsas de la compra.<\/p>\n<h3 style=\"font-weight: 500;\"><strong>Personalizaciones de alta calidad y opciones de revestimiento de superficies de lujo<\/strong><\/h3>\n<p style=\"font-weight: 400;\">Cuando se trata de proporcionar a sus clientes minoristas la experiencia de compra m\u00e1s lujosa, usted quiere que todo tenga el aspecto y el tacto adecuados. El lujoso servicio de impresi\u00f3n de bolsas de la compra de My Box Packaging le ofrece precisamente eso. Personalice sus bolsas de la compra con estampaci\u00f3n en cualquier color brillante que necesite, impresi\u00f3n en relieve para marcar la diferencia, gofrado o eliminaci\u00f3n del relieve para conseguir un aspecto \u00fanico y una impresi\u00f3n multicolor precisa del logotipo, el nombre de la marca o el dise\u00f1o para complementar sus productos minoristas de la forma m\u00e1s eficaz. Adem\u00e1s, ofrecemos muchas opciones de acabado de revestimiento de superficies, como brillante, mate, UV localizado o de tacto suave. Proporcione a sus clientes los complementos de despedida que necesitan para desarrollar una imagen positiva de su marca y sus productos, impulsando sus ventas a largo plazo.<\/p>\n<h2>Proceso de pedido<\/h2>\n<p>Nuestro equipo de expertos le guiar\u00e1 a lo largo del proceso de pedido. Empezamos por conocer los requisitos de su marca y sus preferencias de dise\u00f1o. A continuaci\u00f3n, le proporcionamos maquetas y muestras detalladas para su aprobaci\u00f3n antes de pasar a la producci\u00f3n.<\/p>\n<h2 class=\"yikes-custom-woo-tab-title yikes-custom-woo-tab-title-specifications\">Especificaciones<\/h2>\n<table class=\"table table-striped\">\n<tbody>\n<tr>\n<td>Estilo caja<\/td>\n<td>Remate invertido<\/td>\n<\/tr>\n<tr>\n<td>Caracter\u00edsticas principales<\/td>\n<td>Cierre superior de fricci\u00f3n<\/td>\n<\/tr>\n<tr>\n<td>Dimensi\u00f3n<\/td>\n<td>L + A &lt;= 20 pulgadas; H &lt;= 26 pulgadas<\/td>\n<\/tr>\n<tr>\n<td>Cantidades<\/td>\n<td>500 &#8211; 500,000<\/td>\n<\/tr>\n<tr>\n<td>Papel<\/td>\n<td>Cartulina blanca de 12pt a 24pt, SBS de 18pt a 24pt, Kraft de 18pt a 24pt, Cartulina ondulada.<\/td>\n<\/tr>\n<tr>\n<td>Colores<\/td>\n<td>Blanco\/ Marr\u00f3n Kraft, CMYK, PMS, Colores especiales (plata metalizada, oro metalizado),<\/td>\n<\/tr>\n<tr>\n<td>Acabado<\/td>\n<td>AQ brillante (predeterminado), UV brillante, UV mate<\/td>\n<\/tr>\n<tr>\n<td>Carga de archivos<\/td>\n<td>L\u00ednea de troquelado y dise\u00f1o en capas separadas<\/p>\n<p>Muestra PMS anotada si procede<\/td>\n<\/tr>\n<tr>\n<td>Prueba<\/td>\n<td>Prueba digital (archivo listo para impresi\u00f3n) confirmada por el cliente.<\/td>\n<\/tr>\n<tr>\n<td>Turnaround<\/td>\n<td>7-14 d\u00edas laborables para imprimir y enviar, despu\u00e9s de la aprobaci\u00f3n final(Env\u00edo GRATUITO)<\/td>\n<\/tr>\n<tr>\n<td>Env\u00edo<\/td>\n<td>Paquete plano<\/td>\n<\/tr>\n<\/tbody>\n<\/table>\n<div class=\"auto-hide-last-sibling-br paragraph-u1TS5p paragraph-element br-paragraph-space\">\n<div class=\"auto-hide-last-sibling-br paragraph-u1TS5p paragraph-element br-paragraph-space\">\n<p>&nbsp;<\/p>\n<\/div>\n<\/div>","protected":false},"excerpt":{"rendered":"<p>Esta bolsa de papel de regalo para joyer\u00eda utiliza bolsas de papel de alta calidad con un exquisito dise\u00f1o de cinta, combinado con artesan\u00eda en relieve para crear patrones tridimensionales, resaltando la textura ligera de lujo. Admite servicios de personalizaci\u00f3n ilimitados, y puede ajustar con flexibilidad el tama\u00f1o, el patr\u00f3n de relieve, el color de la cinta y la estructura del envase, adapt\u00e1ndose perfectamente a diferentes productos de joyer\u00eda, como anillos y collares.<\/p>","protected":false},"featured_media":6840,"template":"","meta":[],"product_brand":[],"product_cat":[30,415,432,31],"product_tag":[509,508,510],"class_list":{"0":"post-6838","1":"product","2":"type-product","3":"status-publish","4":"has-post-thumbnail","6":"product_cat-by-industry","7":"product_cat-custom-jewelry-boxes-by-industry","8":"product_cat-pape-gift-bags","9":"product_cat-paper-box-style","10":"product_tag-custom-paper-gift-bags","11":"product_tag-jewelry-paper-gift-bags","12":"product_tag-paper-gift-bags-wholesale","14":"first","15":"instock","16":"shipping-taxable","17":"product-type-simple"},"_links":{"self":[{"href":"https:\/\/zojopackaging.com\/es\/wp-json\/wp\/v2\/product\/6838","targetHints":{"allow":["GET"]}}],"collection":[{"href":"https:\/\/zojopackaging.com\/es\/wp-json\/wp\/v2\/product"}],"about":[{"href":"https:\/\/zojopackaging.com\/es\/wp-json\/wp\/v2\/types\/product"}],"version-history":[{"count":2,"href":"https:\/\/zojopackaging.com\/es\/wp-json\/wp\/v2\/product\/6838\/revisions"}],"predecessor-version":[{"id":8081,"href":"https:\/\/zojopackaging.com\/es\/wp-json\/wp\/v2\/product\/6838\/revisions\/8081"}],"wp:featuredmedia":[{"embeddable":true,"href":"https:\/\/zojopackaging.com\/es\/wp-json\/wp\/v2\/media\/6840"}],"wp:attachment":[{"href":"https:\/\/zojopackaging.com\/es\/wp-json\/wp\/v2\/media?parent=6838"}],"wp:term":[{"taxonomy":"product_brand","embeddable":true,"href":"https:\/\/zojopackaging.com\/es\/wp-json\/wp\/v2\/product_brand?post=6838"},{"taxonomy":"product_cat","embeddable":true,"href":"https:\/\/zojopackaging.com\/es\/wp-json\/wp\/v2\/product_cat?post=6838"},{"taxonomy":"product_tag","embeddable":true,"href":"https:\/\/zojopackaging.com\/es\/wp-json\/wp\/v2\/product_tag?post=6838"}],"curies":[{"name":"wp","href":"https:\/\/api.w.org\/{rel}","templated":true}]}}