{"id":6845,"date":"2024-07-17T14:51:40","date_gmt":"2024-07-17T06:51:40","guid":{"rendered":"https:\/\/zojopackaging.com\/?post_type=product&#038;p=6845"},"modified":"2025-03-23T23:44:03","modified_gmt":"2025-03-23T15:44:03","slug":"wholesale-customized-paper-bag","status":"publish","type":"product","link":"https:\/\/zojopackaging.com\/es\/product\/wholesale-customized-paper-bag\/","title":{"rendered":"Bolsas promocionales de papel de alta calidad para cosm\u00e9ticos al por mayor"},"content":{"rendered":"<h1>Bolsas promocionales de papel de alta calidad para cosm\u00e9ticos al por mayor<\/h1>\n<p>Nuestras bolsas promocionales al por mayor de papel de alta calidad para cosm\u00e9ticos de regalo son la opci\u00f3n ideal para las empresas que buscan soluciones de embalaje al por mayor de alta calidad, rentables y personalizadas.<\/p>\n<p>Fabricadas con papel de primera calidad, son lo suficientemente resistentes como para sujetar una gran variedad de objetos sin perder su forma ni su integridad.<\/p>\n<p>Puede elegir entre una amplia gama de tama\u00f1os, formas y estilos para garantizar un ajuste perfecto de sus productos.<\/p>\n<h2>Proceso de pedido<\/h2>\n<p>Comprendemos las necesidades espec\u00edficas de las empresas y nos esforzamos por que el proceso sea fluido y eficaz. Facil\u00edtenos los detalles de su personalizaci\u00f3n, la cantidad que necesita y el plazo de entrega que prefiere, y nosotros nos encargaremos del resto.<\/p>\n<h2>Plazo de entrega<\/h2>\n<p>Hemos establecido alianzas log\u00edsticas fiables para garantizar una entrega r\u00e1pida y segura de sus bolsas de papel personalizadas al por mayor. Dependiendo del tama\u00f1o de su pedido y de la complejidad de la producci\u00f3n, le proporcionaremos un plazo de entrega exacto y le mantendremos informado del progreso de su env\u00edo.<\/p>\n<table width=\"1153\">\n<tbody>\n<tr>\n<td width=\"373\">Dimensiones<\/td>\n<td width=\"373\">Todos los tama\u00f1os y formas personalizados<\/td>\n<\/tr>\n<tr>\n<td width=\"373\">Impresi\u00f3n<\/td>\n<td width=\"373\">CMYK, PMS, Sin impresi\u00f3n<\/td>\n<\/tr>\n<tr>\n<td width=\"373\">Papel<\/td>\n<td width=\"373\">De 10pt a 28pt (de 60lb a 400lb) Kraft ecol\u00f3gico, cart\u00f3n ondulado con acanalado en E, cart\u00f3n Bux, cartulina<\/td>\n<\/tr>\n<tr>\n<td width=\"373\">Cantidades<\/td>\n<td width=\"373\">500- 500,000<\/td>\n<\/tr>\n<tr>\n<td width=\"373\">Revestimiento<\/td>\n<td width=\"373\">Brillo, mate, UV directo<\/td>\n<\/tr>\n<tr>\n<td width=\"373\">Proceso por defecto<\/td>\n<td width=\"373\">Troquelado, encolado, ranurado, perforaci\u00f3n<\/td>\n<\/tr>\n<tr>\n<td width=\"373\">Opciones<\/td>\n<td width=\"373\">Recorte de ventana personalizado, l\u00e1mina dorada\/plateada, relieve, tinta en relieve, l\u00e1mina de PVC.<\/td>\n<\/tr>\n<tr>\n<td width=\"373\">Prueba<\/td>\n<td width=\"373\">Vista plana, maqueta 3D, muestra f\u00edsica (a petici\u00f3n)<\/td>\n<\/tr>\n<tr>\n<td width=\"373\">Tiempo de respuesta<\/td>\n<td width=\"373\">7-14 d\u00edas laborables , Rush<\/td>\n<\/tr>\n<tr>\n<td width=\"373\">MOQ<\/td>\n<td width=\"373\">500<\/td>\n<\/tr>\n<tr>\n<td width=\"373\">Tiempo de muestreo<\/td>\n<td width=\"373\">3-5 d\u00edas<\/td>\n<\/tr>\n<tr>\n<td width=\"373\">Plazo de pago<\/td>\n<td width=\"373\">T\/T, Western Union, Paypal, 30% de dep\u00f3sito y 70% de saldo antes del env\u00edo.<\/td>\n<\/tr>\n<\/tbody>\n<\/table>\n<p>Elija nuestras bolsas de papel personalizadas al por mayor para destacar en el mercado y racionalizar sus necesidades de embalaje. P\u00f3ngase en contacto con nosotros hoy mismo para iniciar una colaboraci\u00f3n fruct\u00edfera.<\/p>\n<div class=\"auto-hide-last-sibling-br paragraph-u1TS5p paragraph-element br-paragraph-space\">\n<div class=\"auto-hide-last-sibling-br paragraph-u1TS5p paragraph-element br-paragraph-space\">\n<p>&nbsp;<\/p>\n<\/div>\n<\/div>","protected":false},"excerpt":{"rendered":"<p>Bolsas de Regalo de Papel de Lujo Bolsas de Compras al por mayor con asa de cuerda y logotipo estampado en caliente de oro<\/p>","protected":false},"featured_media":6858,"template":"","meta":[],"product_brand":[],"product_cat":[30,390,432,31],"product_tag":[505,506,507],"class_list":{"0":"post-6845","1":"product","2":"type-product","3":"status-publish","4":"has-post-thumbnail","6":"product_cat-by-industry","7":"product_cat-custom-cosmetics-boxes","8":"product_cat-pape-gift-bags","9":"product_cat-paper-box-style","10":"product_tag-cosmetics-gift-bags-wholesale","11":"product_tag-high-quality-gift-bags","12":"product_tag-promotional-gift-bags","14":"first","15":"instock","16":"shipping-taxable","17":"product-type-simple"},"_links":{"self":[{"href":"https:\/\/zojopackaging.com\/es\/wp-json\/wp\/v2\/product\/6845","targetHints":{"allow":["GET"]}}],"collection":[{"href":"https:\/\/zojopackaging.com\/es\/wp-json\/wp\/v2\/product"}],"about":[{"href":"https:\/\/zojopackaging.com\/es\/wp-json\/wp\/v2\/types\/product"}],"version-history":[{"count":2,"href":"https:\/\/zojopackaging.com\/es\/wp-json\/wp\/v2\/product\/6845\/revisions"}],"predecessor-version":[{"id":8080,"href":"https:\/\/zojopackaging.com\/es\/wp-json\/wp\/v2\/product\/6845\/revisions\/8080"}],"wp:featuredmedia":[{"embeddable":true,"href":"https:\/\/zojopackaging.com\/es\/wp-json\/wp\/v2\/media\/6858"}],"wp:attachment":[{"href":"https:\/\/zojopackaging.com\/es\/wp-json\/wp\/v2\/media?parent=6845"}],"wp:term":[{"taxonomy":"product_brand","embeddable":true,"href":"https:\/\/zojopackaging.com\/es\/wp-json\/wp\/v2\/product_brand?post=6845"},{"taxonomy":"product_cat","embeddable":true,"href":"https:\/\/zojopackaging.com\/es\/wp-json\/wp\/v2\/product_cat?post=6845"},{"taxonomy":"product_tag","embeddable":true,"href":"https:\/\/zojopackaging.com\/es\/wp-json\/wp\/v2\/product_tag?post=6845"}],"curies":[{"name":"wp","href":"https:\/\/api.w.org\/{rel}","templated":true}]}}