{"id":7033,"date":"2024-07-23T09:36:54","date_gmt":"2024-07-23T01:36:54","guid":{"rendered":"https:\/\/zojopackaging.com\/?post_type=product&#038;p=7033"},"modified":"2025-03-23T18:54:14","modified_gmt":"2025-03-23T10:54:14","slug":"wholesale-perfume-magnetic-boxes","status":"publish","type":"product","link":"https:\/\/zojopackaging.com\/es\/product\/wholesale-perfume-magnetic-boxes\/","title":{"rendered":"Cajas de lujo para perfumes al por mayor"},"content":{"rendered":"<h1>Cajas de lujo para perfumes al por mayor<\/h1>\n<ul>\n<li>\u00a1Zojoprint Packagings es capaz de construir CUALQUIER cosa para su embalaje! \u00a1Muestra gratis!<\/li>\n<li>100% material de papel reciclado para caja de regalo de papel de lujo<\/li>\n<li>Zojoprint Packaging cuenta con una f\u00e1brica de 5000 metros cuadrados. Capacidad de producci\u00f3n:25000 piezas por semana.<\/li>\n<li>Entrega r\u00e1pida.<\/li>\n<li>Dise\u00f1o gratuito, muestra gratuita.<\/li>\n<li>Capacidad de dise\u00f1o de envases grande y fuerte para ahorrar costes para usted.<\/li>\n<\/ul>\n<h1><strong>Especificaci\u00f3n<\/strong><\/h1>\n<table border=\"1\" cellspacing=\"1\" cellpadding=\"1\">\n<tbody>\n<tr>\n<td>Opciones de material<\/td>\n<td>Cart\u00f3n gris de 1,5-3 mm, papel art\u00edstico de 128 g\/m\u00b2-157 g\/m\u00b2, papel de cartulina blanca de 210 g\/m\u00b2-400 g\/m\u00b2 o personalizado seg\u00fan sus necesidades.<\/td>\n<\/tr>\n<tr>\n<td>Muestra<\/td>\n<td>S\u00ed<\/td>\n<\/tr>\n<tr>\n<td>Opciones de accesorios<\/td>\n<td>Ventana de PVC\/PET, cinta, im\u00e1n O seg\u00fan su pedido<\/td>\n<\/tr>\n<tr>\n<td>Color<\/td>\n<td>Dorado\/Rojo\/Negro\/Rosa....\/Personalizado<\/td>\n<\/tr>\n<tr>\n<td>OEM Y ODM<\/td>\n<td>Disponible<\/td>\n<\/tr>\n<tr>\n<td>Logotipos y acabado de superficies<\/td>\n<td>Serigraf\u00eda, estampaci\u00f3n en caliente, pintura en color, pintura con pincel, laminaci\u00f3n mate\/brillo, etc.<\/td>\n<\/tr>\n<tr>\n<td>Utilizaci\u00f3n<\/td>\n<td>Perfume, cuidado de la piel, cuidado de la salud personal, embalaje de regalo, etc.<\/td>\n<\/tr>\n<tr>\n<td>Impresi\u00f3n<\/td>\n<td>Impresi\u00f3n offset a todo color CMYK, cualquier color PMS<\/td>\n<\/tr>\n<tr>\n<td>Precio aproximado<\/td>\n<td>Negociaci\u00f3n<\/td>\n<\/tr>\n<tr>\n<td><strong>MOQ<\/strong><\/td>\n<td>500 unidades<\/td>\n<\/tr>\n<tr>\n<td>Plazo de pago<\/td>\n<td>30%deposit by T\/T Before Production,70% Balance Before Shipment<\/td>\n<\/tr>\n<tr>\n<td>Env\u00edo<\/td>\n<td>por v\u00eda mar\u00edtima o a\u00e9rea express como DHL, UPS, Aramex, TNT, FedEx...<\/td>\n<\/tr>\n<tr>\n<td>Tiempo de muestreo<\/td>\n<td>7-14 d\u00edas laborables si desea personalizar su logotipo,3 d\u00edas laborables para nuestras muestras existentes para referencia<\/td>\n<\/tr>\n<tr>\n<td>Tiempo de producci\u00f3n<\/td>\n<td>20 d\u00edas laborables<\/td>\n<\/tr>\n<tr>\n<td>\u00a0Embalaje<\/td>\n<td>Cart\u00f3n de exportaci\u00f3n est\u00e1ndar o seg\u00fan las indicaciones del cliente<\/td>\n<\/tr>\n<\/tbody>\n<\/table>\n<h2>Personalizaci\u00f3n de cajas de envasado de perfumes Pasos<\/h2>\n<p>En Zojoprint Packaging, somos especialistas en cajas personalizadas para el envasado de perfumes. Le ayudamos con el dise\u00f1o, la selecci\u00f3n de estilos de cajas, la elecci\u00f3n de materiales, la elaboraci\u00f3n y la creaci\u00f3n de muestras. Adem\u00e1s, ayudamos a gestionar el proceso de fabricaci\u00f3n hasta el env\u00edo.<\/p>\n<h3>Paso 1: Elija el tipo de caja que mejor se adapte a sus necesidades<\/h3>\n<p>Seleccionar los estilos de caja adecuados es crucial para garantizar que su envase satisfaga sus necesidades espec\u00edficas y muestre sus productos de forma eficaz. En Zojoprint Packaging, ofrecemos una amplia gama de estilos de cajas, desde dise\u00f1os elegantes y modernos hasta opciones cl\u00e1sicas y elegantes. Tanto si prefiere un aspecto sencillo y minimalista como un estilo m\u00e1s intrincado y decorativo, tenemos el estilo de caja perfecto para complementar su marca y mejorar la presentaci\u00f3n de sus productos. Nuestro equipo se dedica a ayudarle a encontrar el estilo de caja ideal que no s\u00f3lo refleje la identidad de su marca, sino que tambi\u00e9n ofrezca una funcionalidad pr\u00e1ctica para sus necesidades de envasado.<\/p>\n<p><img fetchpriority=\"high\" decoding=\"async\" class=\"alignnone wp-image-3830 lazyloaded\" src=\"https:\/\/packsolo.com\/wp-content\/uploads\/2024\/04\/boxes-styles.jpg\" alt=\"estilos de cajas personalizadas\" width=\"1000\" height=\"1527\" data-src=\"https:\/\/packsolo.com\/wp-content\/uploads\/2024\/04\/boxes-styles.jpg\" data- title=\"\"><\/p>\n<h3><\/h3>\n<h3>Paso 2: Elija la artesan\u00eda que prefiera para personalizar su envase<\/h3>\n<p>La selecci\u00f3n de sus artesan\u00edas preferidas es un paso importante en la personalizaci\u00f3n de su envase para alinearse con la identidad de su marca y atraer a su p\u00fablico objetivo. En Zojoprint Packaging, ofrecemos una gran variedad de opciones de artesan\u00eda para a\u00f1adir elementos \u00fanicos y llamativos a sus envases. Tanto si est\u00e1 interesado en el gofrado, el estampado, el UV directo u otras t\u00e9cnicas especializadas, contamos con la experiencia y las capacidades necesarias para hacer realidad su visi\u00f3n. Nuestro equipo trabajar\u00e1 estrechamente con usted para comprender sus necesidades y recomendarle las mejores opciones de artesan\u00eda para lograr el aspecto y la sensaci\u00f3n deseados para su envase. Desde a\u00f1adir un toque de lujo con el estampado hasta crear textura y profundidad con el gofrado, nuestras artesan\u00edas mejoran la est\u00e9tica general y el atractivo de sus envases personalizados.<\/p>\n<p><img decoding=\"async\" class=\"alignnone wp-image-3827 lazyloaded\" src=\"https:\/\/packsolo.com\/wp-content\/uploads\/2024\/04\/logo-effect.jpg\" alt=\"cajas personalizadas artesan\u00eda\" width=\"1000\" height=\"529\" data-src=\"https:\/\/packsolo.com\/wp-content\/uploads\/2024\/04\/logo-effect.jpg\" data- title=\"\"><\/p>\n<h3><\/h3>\n<h3>Paso 3: Elija el material de papel adecuado para su embalaje personalizado<\/h3>\n<p>Elegir el material de papel adecuado es esencial para crear envases personalizados que no s\u00f3lo tengan un aspecto atractivo, sino que tambi\u00e9n ofrezcan durabilidad y funcionalidad. En Zojoprint Packaging, ofrecemos una amplia gama de materiales de papel para satisfacer sus necesidades y preferencias espec\u00edficas. Tanto si busca opciones respetuosas con el medio ambiente, como el papel reciclado, como si busca acabados de lujo con papeles especiales, tenemos todo lo que necesita. Nuestros expertos pueden guiarle en la selecci\u00f3n del material de papel ideal que se adapte a la imagen de su marca, mejore la presentaci\u00f3n de sus productos y se ajuste a su presupuesto. Con nuestro compromiso con la calidad y la sostenibilidad, puede confiar en que le ofreceremos soluciones de embalaje que causar\u00e1n una impresi\u00f3n duradera y minimizar\u00e1n el impacto medioambiental.<\/p>\n<p><img decoding=\"async\" class=\"alignnone wp-image-3828 lazyloaded\" src=\"https:\/\/packsolo.com\/wp-content\/uploads\/2024\/04\/paper-material.jpg\" alt=\"material para cajas personalizadas\" width=\"1000\" height=\"654\" data-src=\"https:\/\/packsolo.com\/wp-content\/uploads\/2024\/04\/paper-material.jpg\" data- title=\"\"><\/p>\n<h3><\/h3>\n<h3>Paso 4: Dise\u00f1o y producci\u00f3n de sus envases personalizados<\/h3>\n<p>En la fase de dise\u00f1o y producci\u00f3n de sus envases personalizados con Zojoprint Packaging, nuestro equipo colabora estrechamente con usted para dar vida a su visi\u00f3n. Empezamos traduciendo sus ideas y requisitos en dise\u00f1os innovadores que capten la esencia de su marca y producto. Nuestros dise\u00f1adores aprovechan su experiencia para crear soluciones de envasado visualmente atractivas y funcionales adaptadas a sus especificaciones.<\/p>\n<p>Una vez finalizado el dise\u00f1o, nuestro equipo de producci\u00f3n entra en acci\u00f3n, utilizando tecnolog\u00eda punta y materiales de alta calidad para fabricar sus envases personalizados con precisi\u00f3n y atenci\u00f3n al detalle. Tanto si necesita una impresi\u00f3n intrincada, un relieve o acabados especiales, nos aseguramos de que cada aspecto de su envase refleje la calidad y profesionalidad de su marca.<\/p>\n<p>A lo largo del proceso de dise\u00f1o y producci\u00f3n, nuestro objetivo es superar sus expectativas y ofrecer un envase que no s\u00f3lo muestre sus productos de forma atractiva, sino que tambi\u00e9n mejore la imagen de su marca y la experiencia del cliente.<\/p>\n<p><img loading=\"lazy\" decoding=\"async\" class=\"alignnone wp-image-3829 lazyloaded\" src=\"https:\/\/packsolo.com\/wp-content\/uploads\/2024\/04\/design-production.jpg\" alt=\"proceso de cajas personalizadas\" width=\"1000\" height=\"659\" data-src=\"https:\/\/packsolo.com\/wp-content\/uploads\/2024\/04\/design-production.jpg\" data- title=\"\"><\/p>\n<h1>Por qu\u00e9 elegir Zojoprint Packaging<\/h1>\n<p>Elegir Zojoprint Packaging para sus necesidades de embalaje personalizado ofrece numerosas ventajas.<\/p>\n<p><img loading=\"lazy\" decoding=\"async\" class=\"alignnone wp-image-3837 lazyloaded\" src=\"https:\/\/packsolo.com\/wp-content\/uploads\/2024\/04\/packsolo-factory-1500x800-2.jpg\" alt=\"F\u00e1brica PackSolo\" width=\"1000\" height=\"533\" data-src=\"https:\/\/packsolo.com\/wp-content\/uploads\/2024\/04\/packsolo-factory-1500x800-2.jpg\" data- title=\"\"><\/p>\n<p><img loading=\"lazy\" decoding=\"async\" class=\"alignnone wp-image-3854 lazyloaded\" src=\"https:\/\/packsolo.com\/wp-content\/uploads\/2024\/04\/why-packsolo01.jpg\" alt=\"Por qu\u00e9 elegir PackSolo\" width=\"1000\" height=\"333\" data-src=\"https:\/\/packsolo.com\/wp-content\/uploads\/2024\/04\/why-packsolo01.jpg\" data- title=\"\"><\/p>\n<h3><\/h3>\n<h3>Capacidad de producci\u00f3n de la f\u00e1brica<\/h3>\n<p>Nuestra f\u00e1brica cuenta con una capacidad de producci\u00f3n excepcional, equipada con tecnolog\u00eda punta y personal cualificado para fabricar con eficacia soluciones de envasado personalizadas de alta calidad que cumplan sus especificaciones y superen las normas del sector.<\/p>\n<p><img loading=\"lazy\" decoding=\"async\" class=\"alignnone wp-image-3844 lazyloaded\" src=\"https:\/\/packsolo.com\/wp-content\/uploads\/2024\/04\/factory-product-ability.jpg\" alt=\"capacidad de producci\u00f3n de la f\u00e1brica\" width=\"1000\" height=\"763\" data-src=\"https:\/\/packsolo.com\/wp-content\/uploads\/2024\/04\/factory-product-ability.jpg\" data- title=\"\"><\/p>\n<h3>Nuestras certificaciones<\/h3>\n<p>Zojoprint Packaging se enorgullece de sus certificaciones, que garantizan que nuestras soluciones de envasado cumplen los m\u00e1s altos est\u00e1ndares de calidad, sostenibilidad y seguridad. Contamos con la certificaci\u00f3n ISO 9001 para la gesti\u00f3n de la calidad, FSC para el abastecimiento sostenible, etc. Estas certificaciones reflejan nuestro compromiso con la excelencia y garantizan a nuestros clientes que est\u00e1n recibiendo soluciones de envasado de primera calidad que son responsables con el medio ambiente y se adhieren a las mejores pr\u00e1cticas de la industria.<\/p>\n<p><img loading=\"lazy\" decoding=\"async\" class=\"alignnone wp-image-7289\" src=\"https:\/\/zojopackaging.com\/wp-content\/uploads\/2024\/07\/Zojoprint-Packaging-Box.jpg\" alt=\"Zojoprint Caja de embalaje\" width=\"1057\" height=\"408\" title=\"\" srcset=\"https:\/\/zojopackaging.com\/wp-content\/uploads\/2024\/07\/Zojoprint-Packaging-Box.jpg 1500w, https:\/\/zojopackaging.com\/wp-content\/uploads\/2024\/07\/Zojoprint-Packaging-Box-300x116.jpg 300w, https:\/\/zojopackaging.com\/wp-content\/uploads\/2024\/07\/Zojoprint-Packaging-Box-1030x398.jpg 1030w, https:\/\/zojopackaging.com\/wp-content\/uploads\/2024\/07\/Zojoprint-Packaging-Box-768x296.jpg 768w, https:\/\/zojopackaging.com\/wp-content\/uploads\/2024\/07\/Zojoprint-Packaging-Box-600x232.jpg 600w\" sizes=\"(max-width: 1057px) 100vw, 1057px\" \/><\/p>\n<h3>Nuestro socio<\/h3>\n<p>Zojoprint Packaging se enorgullece de colaborar con marcas l\u00edderes como Lidl, Walmart y Disneyland. Estas asociaciones demuestran nuestra capacidad para ofrecer soluciones de envasado de primera categor\u00eda en las que conf\u00edan empresas de renombre de los sectores minorista y del entretenimiento. Nuestra colaboraci\u00f3n con estos estimados socios refleja nuestro compromiso de ofrecer envases de alta calidad, innovadores y personalizados que satisfagan las diversas necesidades de las empresas de diversos sectores.<\/p>\n<p><img loading=\"lazy\" decoding=\"async\" class=\"alignnone wp-image-3846 lazyloaded\" src=\"https:\/\/packsolo.com\/wp-content\/uploads\/2024\/04\/cooperate-brand.jpg\" alt=\"Socio\" width=\"1000\" height=\"333\" data-src=\"https:\/\/packsolo.com\/wp-content\/uploads\/2024\/04\/cooperate-brand.jpg\" data- title=\"\"><\/p>\n<h3><\/h3>\n<h3>Env\u00edos a todo el mundo<\/h3>\n<p>Zojoprint Packaging realiza env\u00edos a todo el mundo, garantizando una entrega r\u00e1pida y fiable de sus pedidos de embalajes personalizados a cualquier destino.<\/p>\n<p><img loading=\"lazy\" decoding=\"async\" class=\"alignnone wp-image-3838 lazyloaded\" src=\"https:\/\/packsolo.com\/wp-content\/uploads\/2024\/04\/ship-to-world.jpg\" alt=\"Enviar al mundo\" width=\"1000\" height=\"740\" data-src=\"https:\/\/packsolo.com\/wp-content\/uploads\/2024\/04\/ship-to-world.jpg\" data- title=\"\"><\/p>\n<h3>Proceso de pedido<\/h3>\n<p>Cons\u00faltenos los detalles del embalaje, reciba un presupuesto en 24 horas, conf\u00edrmelo con un dep\u00f3sito, apruebe la muestra y proceda a la producci\u00f3n y entrega.<\/p>\n<p><img loading=\"lazy\" decoding=\"async\" class=\"alignnone wp-image-3847 lazyloaded\" src=\"https:\/\/packsolo.com\/wp-content\/uploads\/2024\/04\/order-process.jpg\" alt=\"proceso de pedido\" width=\"1000\" height=\"512\" data-src=\"https:\/\/packsolo.com\/wp-content\/uploads\/2024\/04\/order-process.jpg\" data- title=\"\"><\/p>\n<h1>PREGUNTAS FRECUENTES<\/h1>\n<p>1. P: \u00bfSon ustedes fabricantes o comerciantes?<br \/>\nA: Somos un 13+ a\u00f1os que imprimen la manufactura del embalaje en Shenzhen, China<\/p>\n<p>2. P: \u00bfC\u00f3mo puedo obtener las muestras?<br \/>\nR: Si necesita algunas muestras para probar, debe pagar el flete de transporte de las muestras y nuestro costo de la muestra, mientras que el costo de la muestra puede ser reembolsable despu\u00e9s de realizar el pedido. Adem\u00e1s, puede ser gratis si es f\u00e1cil de producir.<\/p>\n<p>3. P: \u00bfEn cu\u00e1nto tiempo recibir\u00e9 la muestra de la caja de embalaje de cosm\u00e9ticos?<br \/>\nR: Las muestras estar\u00e1n listas para su entrega en 3-7 d\u00edas. Las muestras ser\u00e1n enviadas v\u00eda expreso y llegan en 3-5 d\u00edas.<\/p>\n<p>4. P: \u00bfPodemos imprimir nuestro logotipo o nombre de empresa en sus productos o envases?<br \/>\nR: Por supuesto, su logotipo se puede colocar en sus productos mediante estampaci\u00f3n en caliente, impresi\u00f3n, gofrado, recubrimiento UV, serigraf\u00eda o pegatina.<\/p>\n<p>5. P: \u00bfC\u00f3mo hacer un pedido?<\/p>\n<p>R: Por favor, env\u00edenos su orden de compra por Email, o puede pedirnos que le enviemos una factura Performa de su pedido. Necesitamos conocer la siguiente informaci\u00f3n para su pedido.<\/p>\n<p>1) Informaci\u00f3n sobre el producto, especificaciones (tama\u00f1o, material, requisitos tecnol\u00f3gicos y de embalaje, etc.).<br \/>\n2) Plazo de entrega<br \/>\n3) Informaci\u00f3n de env\u00edo: nombre de la empresa, direcci\u00f3n, n\u00famero de tel\u00e9fono y fax, puerto mar\u00edtimo de destino.<br \/>\n4) Datos de contacto del transitario, si lo hay en China.<\/p>\n<div class=\"widget block block-static-block\">\n<div class=\"landing-page-section option-bottom\">\n<div class=\"custom-materials-tabs-content container container-adjustment\">\n<div class=\"custom-materials-tab-content active\">\n<div class=\"widget block block-static-block\">\n<div class=\"options-items\">\n<div class=\"flex-grid-row-option\">\n<div class=\"flex-grid-item-option\">\n<div class=\"material-box\">\n<p>&nbsp;<\/p>\n<\/div>\n<\/div>\n<\/div>\n<\/div>\n<p><!---end of option item--><\/p>\n<\/div>\n<\/div>\n<\/div>\n<\/div>\n<\/div>","protected":false},"excerpt":{"rendered":"<p>Cajas de Perfume Personalizadas de Lujo al por Mayor. Materiales ecol\u00f3gicos, estructuras r\u00edgidas y dise\u00f1os de cierre magn\u00e9tico. Entrega r\u00e1pida. Eleve su marca.<\/p>","protected":false},"featured_media":7038,"template":"","meta":[],"product_brand":[],"product_cat":[30,417,424,31],"product_tag":[498,500,499],"class_list":{"0":"post-7033","1":"product","2":"type-product","3":"status-publish","4":"has-post-thumbnail","6":"product_cat-by-industry","7":"product_cat-custom-perfume-boxes-by-industry","8":"product_cat-magnetic-closure-boxes","9":"product_cat-paper-box-style","10":"product_tag-custom-perfume-packaging","11":"product_tag-perfume-packaging-boxes-wholesale","12":"product_tag-premium-perfume-packaging","14":"first","15":"instock","16":"shipping-taxable","17":"product-type-grouped"},"_links":{"self":[{"href":"https:\/\/zojopackaging.com\/es\/wp-json\/wp\/v2\/product\/7033","targetHints":{"allow":["GET"]}}],"collection":[{"href":"https:\/\/zojopackaging.com\/es\/wp-json\/wp\/v2\/product"}],"about":[{"href":"https:\/\/zojopackaging.com\/es\/wp-json\/wp\/v2\/types\/product"}],"version-history":[{"count":3,"href":"https:\/\/zojopackaging.com\/es\/wp-json\/wp\/v2\/product\/7033\/revisions"}],"predecessor-version":[{"id":8075,"href":"https:\/\/zojopackaging.com\/es\/wp-json\/wp\/v2\/product\/7033\/revisions\/8075"}],"wp:featuredmedia":[{"embeddable":true,"href":"https:\/\/zojopackaging.com\/es\/wp-json\/wp\/v2\/media\/7038"}],"wp:attachment":[{"href":"https:\/\/zojopackaging.com\/es\/wp-json\/wp\/v2\/media?parent=7033"}],"wp:term":[{"taxonomy":"product_brand","embeddable":true,"href":"https:\/\/zojopackaging.com\/es\/wp-json\/wp\/v2\/product_brand?post=7033"},{"taxonomy":"product_cat","embeddable":true,"href":"https:\/\/zojopackaging.com\/es\/wp-json\/wp\/v2\/product_cat?post=7033"},{"taxonomy":"product_tag","embeddable":true,"href":"https:\/\/zojopackaging.com\/es\/wp-json\/wp\/v2\/product_tag?post=7033"}],"curies":[{"name":"wp","href":"https:\/\/api.w.org\/{rel}","templated":true}]}}