{"id":7184,"date":"2024-08-07T10:51:09","date_gmt":"2024-08-07T02:51:09","guid":{"rendered":"https:\/\/zojopackaging.com\/?post_type=product&#038;p=7184"},"modified":"2025-03-23T18:35:48","modified_gmt":"2025-03-23T10:35:48","slug":"custom-pizza-boxes","status":"publish","type":"product","link":"https:\/\/zojopackaging.com\/es\/product\/custom-pizza-boxes\/","title":{"rendered":"Suministros al por mayor de cajas de pizza impresas personalizadas de primera calidad"},"content":{"rendered":"<h1>Suministros al por mayor de cajas de pizza impresas personalizadas de primera calidad<\/h1>\n<p>Somos un fabricante a medida con a\u00f1os de experiencia y un compromiso con la calidad. Nuestras instalaciones de \u00faltima generaci\u00f3n y nuestros avanzados procesos de fabricaci\u00f3n garantizan que cada caja para pizza que producimos cumpla los est\u00e1ndares m\u00e1s exigentes.<\/p>\n<p>Nuestro equipo de profesionales cualificados colabora estrechamente con usted durante todo el proceso. Desde el concepto de dise\u00f1o inicial hasta la producci\u00f3n final, prestamos atenci\u00f3n a cada detalle para garantizar que las cajas de pizza no solo protejan sus pizzas, sino que tambi\u00e9n realcen su imagen de marca.<\/p>\n<p>Ofrecemos una amplia gama de materiales y opciones de impresi\u00f3n para crear cajas de pizza funcionales y visualmente atractivas. Puede elegir entre materiales ecol\u00f3gicos para mostrar su compromiso con el medio ambiente o seleccionar revestimientos especiales para una mayor durabilidad.<\/p>\n<p>Con nuestra eficaz cadena de suministro y nuestros fiables servicios de entrega, puede contar con nosotros para que su empresa funcione sin problemas.<\/p>\n<h1><strong>Especificaci\u00f3n<\/strong><\/h1>\n<div class=\"widget block block-static-block\">\n<div class=\"landing-page-section option-bottom\">\n<div class=\"custom-materials-tabs-content container container-adjustment\">\n<div class=\"custom-materials-tab-content active\">\n<div class=\"widget block block-static-block\">\n<div class=\"options-items\">\n<div class=\"flex-grid-row-option\">\n<div class=\"flex-grid-item-option\">\n<div class=\"material-box\">\n<div class=\"material-des\">\n<table width=\"1070\">\n<tbody>\n<tr>\n<td width=\"373\">Dimensiones<\/td>\n<td width=\"373\">Todos los tama\u00f1os y formas personalizados<\/td>\n<\/tr>\n<tr>\n<td width=\"373\">MOQ<\/td>\n<td width=\"373\">500 unidades<\/td>\n<\/tr>\n<tr>\n<td width=\"373\">Tiempo de muestreo<\/td>\n<td width=\"373\">\u00a03-5 d\u00edas<\/td>\n<\/tr>\n<tr>\n<td width=\"373\">Proceso por defecto<\/td>\n<td width=\"373\">Troquelado, encolado, rayado, perforaci\u00f3n<\/td>\n<\/tr>\n<tr>\n<td width=\"373\">Impresi\u00f3n<\/td>\n<td width=\"373\">Cmyk, pms, sin impresi\u00f3n<\/td>\n<\/tr>\n<tr>\n<td width=\"373\">Material Opci\u00f3n<\/td>\n<td width=\"373\">Papel cart\u00f3n blanco, papel estucado, papel art\u00edstico, papel kraft, cart\u00f3n marfil, cart\u00f3n d\u00faplex, papel especial, etc.<\/td>\n<\/tr>\n<tr>\n<td width=\"373\">Acabado de superficies<\/td>\n<td width=\"373\">Laminado mate\/brillante, estampado en relieve, gofrado, estampado en caliente, etc.<\/td>\n<\/tr>\n<tr>\n<td width=\"373\">Uso industrial<\/td>\n<td width=\"373\">cosm\u00e9ticos, perfumes, prendas de vestir, joyas, tabaco, alimentos, regalos y productos de consumo diario,<\/td>\n<\/tr>\n<tr>\n<td width=\"373\">Control de calidad<\/td>\n<td width=\"373\">El equipo avanzado y el equipo experimentado del control de calidad comprobar\u00e1n el material, los productos semielaborados y acabados terminantemente en cada paso antes de que<\/td>\n<\/tr>\n<tr>\n<td width=\"373\">Precio<\/td>\n<td width=\"373\">El precio final se adaptar\u00e1 a su producto y a la cantidad que necesite<\/td>\n<\/tr>\n<tr>\n<td width=\"373\">Plazo de entrega<\/td>\n<td width=\"373\">7-14 d\u00edas laborables , rush<\/td>\n<\/tr>\n<tr>\n<td width=\"373\">Papel<\/td>\n<td width=\"373\">De 10pt a 28pt (de 60lb a 400lb) Kraft ecol\u00f3gico, corrugado e-flute, cart\u00f3n bux, cartulina<\/td>\n<\/tr>\n<tr>\n<td width=\"373\">Formato de las ilustraciones<\/td>\n<td width=\"373\">JPG, PDF, AI, CDR, EPS, GIF....<\/td>\n<\/tr>\n<tr>\n<td width=\"373\">Accesorios<\/td>\n<td width=\"373\">Im\u00e1n, cinta, forma EVA , bandeja de pl\u00e1stico, esponja, ventana de PVC\/PET\/PP,...<\/td>\n<\/tr>\n<tr>\n<td width=\"373\">Plazo de pago<\/td>\n<td width=\"373\">T\/T, Western Union, Paypal, 30% de dep\u00f3sito y 70% de saldo antes del env\u00edo.<\/td>\n<\/tr>\n<\/tbody>\n<\/table>\n<\/div>\n<\/div>\n<\/div>\n<\/div>\n<\/div>\n<\/div>\n<\/div>\n<\/div>\n<\/div>\n<\/div>","protected":false},"excerpt":{"rendered":"<p>Venta al por mayor de cajas de pizza impresas personalizadas. M\u00e1xima calidad, materiales duraderos y la mejor impresi\u00f3n. M\u00ednimos disponibles. \u00a1Dise\u00f1e su caja perfecta hoy mismo!<\/p>","protected":false},"featured_media":7181,"template":"","meta":[],"product_brand":[],"product_cat":[30,422,430],"product_tag":[496,495,497],"class_list":{"0":"post-7184","1":"product","2":"type-product","3":"status-publish","4":"has-post-thumbnail","6":"product_cat-by-industry","7":"product_cat-custom-gourmet-boxes-by-industry","8":"product_cat-folding-cartons","9":"product_tag-custom-printed-pizza-box","10":"product_tag-pizza-box-wholesale","11":"product_tag-top-quality-pizza-box","13":"first","14":"instock","15":"shipping-taxable","16":"product-type-simple"},"_links":{"self":[{"href":"https:\/\/zojopackaging.com\/es\/wp-json\/wp\/v2\/product\/7184","targetHints":{"allow":["GET"]}}],"collection":[{"href":"https:\/\/zojopackaging.com\/es\/wp-json\/wp\/v2\/product"}],"about":[{"href":"https:\/\/zojopackaging.com\/es\/wp-json\/wp\/v2\/types\/product"}],"version-history":[{"count":2,"href":"https:\/\/zojopackaging.com\/es\/wp-json\/wp\/v2\/product\/7184\/revisions"}],"predecessor-version":[{"id":8073,"href":"https:\/\/zojopackaging.com\/es\/wp-json\/wp\/v2\/product\/7184\/revisions\/8073"}],"wp:featuredmedia":[{"embeddable":true,"href":"https:\/\/zojopackaging.com\/es\/wp-json\/wp\/v2\/media\/7181"}],"wp:attachment":[{"href":"https:\/\/zojopackaging.com\/es\/wp-json\/wp\/v2\/media?parent=7184"}],"wp:term":[{"taxonomy":"product_brand","embeddable":true,"href":"https:\/\/zojopackaging.com\/es\/wp-json\/wp\/v2\/product_brand?post=7184"},{"taxonomy":"product_cat","embeddable":true,"href":"https:\/\/zojopackaging.com\/es\/wp-json\/wp\/v2\/product_cat?post=7184"},{"taxonomy":"product_tag","embeddable":true,"href":"https:\/\/zojopackaging.com\/es\/wp-json\/wp\/v2\/product_tag?post=7184"}],"curies":[{"name":"wp","href":"https:\/\/api.w.org\/{rel}","templated":true}]}}