{"id":7195,"date":"2024-08-09T09:08:27","date_gmt":"2024-08-09T01:08:27","guid":{"rendered":"https:\/\/zojopackaging.com\/?post_type=product&#038;p=7195"},"modified":"2025-03-23T18:24:33","modified_gmt":"2025-03-23T10:24:33","slug":"custom-premium-rose-gift-box","status":"publish","type":"product","link":"https:\/\/zojopackaging.com\/es\/product\/custom-premium-rose-gift-box\/","title":{"rendered":"Lujo Personalizado Flor Joyer\u00eda Regalo Caja de embalaje al por mayor"},"content":{"rendered":"<h2 dir=\"ltr\">Cajas de regalo pr\u00e1cticas: el envasado de regalos llevado al siguiente nivel<\/h2>\n<p dir=\"ltr\">En nuestras cajas de embalaje, nos especializamos en proporcionar al por mayor cajas de regalo personalizadas convenientes a precios baratos al por mayor. Tenemos una diversa colecci\u00f3n de cajas de regalo personalizado incluyendo cajas de panader\u00eda, cajas de CDB, y muchos m\u00e1s. Usted tiene el lujo de elegir entre una incre\u00edble variedad de cajas de embalaje de calidad. Nos aseguramos de que usted crea una impresi\u00f3n con sus regalos a sus clientes y seres queridos. Podemos crear cajas de regalo perfectamente personalizadas que se adapten a sus necesidades. Explore nuestra colecci\u00f3n de c\u00f3modas cajas de regalo y elija el estilo, dise\u00f1o y color que desee.<\/p>\n<h2 dir=\"ltr\">Estilos exclusivos de pr\u00e1cticos envases para regalo en nuestras cajas de embalaje<\/h2>\n<p dir=\"ltr\">En Zojoprint Packaging Boxes tenemos una magn\u00edfica colecci\u00f3n de cajas de regalo personalizadas. Navegue para comprobar nuestra selecci\u00f3n, y nunca termina. Tenemos una exclusiva gama de pr\u00e1cticas cajas de regalo con tapa, cajas de regalo personalizadas con ventana, y muchas m\u00e1s. Y lo que es m\u00e1s importante, nunca nos faltan ideas. Hable con nuestros expertos y determine sus requisitos para que le propongan cajas de embalaje para regalo personalizables.<\/p>\n<h2 dir=\"ltr\">Cajas de regalo ecol\u00f3gicas, duraderas y personalizadas.<\/h2>\n<p dir=\"ltr\">Nuestros pr\u00e1cticos envases de regalo personalizados son muy respetuosos con el medio ambiente. Utilizamos materiales de primera calidad para\u00a0<a href=\"https:\/\/www.instantcustomboxes.com\/custom-gift-boxes\/\" target=\"_blank\" rel=\"noopener\"><strong>cajas regalo personalizadas<\/strong><\/a>\u00a0para garantizar su durabilidad. Adem\u00e1s, para mantener sus art\u00edculos seguros y bien embalados, creamos cajas de embalaje respetuosas con el medio ambiente. Y sin renunciar a la calidad.<\/p>\n<h2 dir=\"ltr\">Asistencia gratuita en dise\u00f1o gr\u00e1fico<\/h2>\n<p dir=\"ltr\">Utilizamos las \u00faltimas t\u00e9cnicas de dise\u00f1o gr\u00e1fico para crear c\u00f3modas cajas de regalo impresas a medida. Contamos con las mejores m\u00e1quinas y dise\u00f1adores experimentados para crear dise\u00f1os perfectos para sus envases de regalo personalizados. Y lo que es m\u00e1s importante, ofrecemos asistencia gratuita para el dise\u00f1o gr\u00e1fico mientras cumplimos sus especificaciones de dise\u00f1o.<\/p>\n<h2 dir=\"ltr\">Sus ideas personalizadas de envasado de regalos pr\u00e1cticos son bienvenidas<\/h2>\n<p dir=\"ltr\">\u00a1Escuchamos a nuestros clientes! S\u00ed, en Zojoprint Packaging Boxes, nos encanta satisfacer sus necesidades de embalaje personalizado. Usted puede determinar sus especificaciones o sugerir cualquier dise\u00f1o o ideas de estilo. Nuestros profesionales expertos pueden venir para arriba con cajas de regalo convenientes perfectamente personalizados para satisfacer sus necesidades de embalaje.<\/p>\n<h2 dir=\"ltr\">Cajas de regalo al por mayor con descuento 50%<\/h2>\n<p dir=\"ltr\">No hay gastos de troquel ni de plancha. Obtendr\u00e1 sus c\u00f3modas cajas de regalo al por mayor a precios rebajados. No s\u00f3lo nuestros precios son los m\u00e1s bajos del mercado, sino que tambi\u00e9n ofrecemos descuentos. Comprar nuestras cajas de regalo personalizadas al por mayor le proporcionar\u00e1 un\u00a0<strong>descuento masivo de 50%<\/strong>.<\/p>\n<h2 dir=\"ltr\">Env\u00edo r\u00e1pido y gratuito<\/h2>\n<p dir=\"ltr\">En Zojoprint Packaging Boxes, hacemos dos promesas cruciales cuando se trata de env\u00edos. En primer lugar, garantizamos el env\u00edo gratuito, y cumplimos nuestra promesa.  \u00a1En segundo lugar, ofrecemos un env\u00edo r\u00e1pido para que reciba sus cajas de regalo convenientes enviados a sus direcciones r\u00e1pidamente sin ning\u00fan retraso necesario!<\/p>\n<h2 dir=\"ltr\">\u00bfC\u00f3mo ponerse en contacto con nosotros?<\/h2>\n<p dir=\"ltr\">Pong\u00e1monos manos a la obra. Ll\u00e1menos al +<a href=\"tel:+86%200755%2027398291\"><span class=\"elementor-icon-list-text\">86 15017910372<\/span><\/a> o env\u00edenos un correo electr\u00f3nico a\u00a0 <a href=\"mailto:info@zojoprint.com\"><span class=\"elementor-icon-list-text\">info@zojoprint.com <\/span><\/a>o vickio@zojoprint.com para realizar su pedido. Adem\u00e1s, hable con nuestros expertos para cualquier informaci\u00f3n o consulta, \u00a1estaremos encantados de escuchar sus necesidades!<\/p>\n<h2 class=\"yikes-custom-woo-tab-title yikes-custom-woo-tab-title-specifications\">Especificaciones<\/h2>\n<table border=\"0\" width=\"1012\" cellspacing=\"0\" cellpadding=\"0\">\n<tbody>\n<tr>\n<td class=\"et3\" width=\"506\" height=\"22\">Dimensiones<\/td>\n<td class=\"et3\" width=\"506\">Todos los tama\u00f1os y formas personalizados<\/td>\n<\/tr>\n<tr>\n<td class=\"et3\" height=\"22\">Cantidad m\u00ednima<\/td>\n<td class=\"et3\">500 Cajas ( Opci\u00f3n de muestra r\u00edgida disponible )<\/td>\n<\/tr>\n<tr>\n<td class=\"et3\" height=\"22\">Proceso por defecto<\/td>\n<td class=\"et3\">Troquelado, encolado, rayado, perforaci\u00f3n<\/td>\n<\/tr>\n<tr>\n<td class=\"et3\" height=\"22\">Impresi\u00f3n<\/td>\n<td class=\"et3\">Cmyk, pms, sin impresi\u00f3n<\/td>\n<\/tr>\n<tr>\n<td class=\"et3\" height=\"22\">Material Opci\u00f3n<\/td>\n<td class=\"et3\">Papel cart\u00f3n blanco, papel estucado, papel art\u00edstico, papel kraft, cart\u00f3n marfil, cart\u00f3n d\u00faplex, papel especial, etc.<\/td>\n<\/tr>\n<tr>\n<td class=\"et3\" height=\"23\">Acabado de superficies<\/td>\n<td class=\"et4\" width=\"506\">Laminado mate\/brillante, estampado en relieve, gofrado, estampado en caliente, etc.<\/td>\n<\/tr>\n<tr>\n<td class=\"et4\" width=\"506\" height=\"23\">Uso industrial<\/td>\n<td class=\"et4\" width=\"506\">cosm\u00e9ticos, perfumes, prendas de vestir, joyas, tabaco, alimentos, regalos y productos de consumo diario,<\/td>\n<\/tr>\n<tr>\n<td class=\"et4\" width=\"506\" height=\"46\">Control de calidad<\/td>\n<td class=\"et4\" width=\"506\">El equipo avanzado y el equipo experimentado del control de calidad comprobar\u00e1n el material, los productos semielaborados y acabados terminantemente en cada paso antes de que<\/td>\n<\/tr>\n<tr>\n<td class=\"et4\" width=\"506\" height=\"46\">Precio<\/td>\n<td class=\"et4\" width=\"506\">El precio final se adaptar\u00e1 a su producto y a la cantidad que necesite<\/td>\n<\/tr>\n<tr>\n<td class=\"et3\" height=\"22\">Plazo de entrega<\/td>\n<td class=\"et3\">7-14 d\u00edas laborables , rush<\/td>\n<\/tr>\n<tr>\n<td class=\"et3\" height=\"22\">Papel<\/td>\n<td class=\"et3\">De 10pt a 28pt (de 60lb a 400lb) Kraft ecol\u00f3gico, corrugado e-flute, cart\u00f3n bux, cartulina<\/td>\n<\/tr>\n<tr>\n<td class=\"et3\" height=\"22\">Prueba<\/td>\n<td class=\"et3\">Vista plana, maqueta 3d, muestra f\u00edsica (a petici\u00f3n)<\/td>\n<\/tr>\n<\/tbody>\n<\/table>","protected":false},"excerpt":{"rendered":"<p>Caja de joyer\u00eda personalizada, papel especial negro mate, textura fina. \u00a1Suministro directo de la f\u00e1brica de China, cita libre \/ muestra \/ inspecci\u00f3n de dise\u00f1o, entrega r\u00e1pida de la muestra en 3 d\u00edas!<\/p>","protected":false},"featured_media":7196,"template":"","meta":[],"product_brand":[],"product_cat":[30,415,31,426],"product_tag":[492,493,494],"class_list":{"0":"post-7195","1":"product","2":"type-product","3":"status-publish","4":"has-post-thumbnail","6":"product_cat-by-industry","7":"product_cat-custom-jewelry-boxes-by-industry","8":"product_cat-paper-box-style","9":"product_cat-paper-drawer-boxes","10":"product_tag-flower-jewelry-packaging-box","11":"product_tag-jewelry-gift-packaging","12":"product_tag-jewelry-packaging-wholesale","14":"first","15":"instock","16":"shipping-taxable","17":"product-type-simple"},"_links":{"self":[{"href":"https:\/\/zojopackaging.com\/es\/wp-json\/wp\/v2\/product\/7195","targetHints":{"allow":["GET"]}}],"collection":[{"href":"https:\/\/zojopackaging.com\/es\/wp-json\/wp\/v2\/product"}],"about":[{"href":"https:\/\/zojopackaging.com\/es\/wp-json\/wp\/v2\/types\/product"}],"version-history":[{"count":3,"href":"https:\/\/zojopackaging.com\/es\/wp-json\/wp\/v2\/product\/7195\/revisions"}],"predecessor-version":[{"id":8071,"href":"https:\/\/zojopackaging.com\/es\/wp-json\/wp\/v2\/product\/7195\/revisions\/8071"}],"wp:featuredmedia":[{"embeddable":true,"href":"https:\/\/zojopackaging.com\/es\/wp-json\/wp\/v2\/media\/7196"}],"wp:attachment":[{"href":"https:\/\/zojopackaging.com\/es\/wp-json\/wp\/v2\/media?parent=7195"}],"wp:term":[{"taxonomy":"product_brand","embeddable":true,"href":"https:\/\/zojopackaging.com\/es\/wp-json\/wp\/v2\/product_brand?post=7195"},{"taxonomy":"product_cat","embeddable":true,"href":"https:\/\/zojopackaging.com\/es\/wp-json\/wp\/v2\/product_cat?post=7195"},{"taxonomy":"product_tag","embeddable":true,"href":"https:\/\/zojopackaging.com\/es\/wp-json\/wp\/v2\/product_tag?post=7195"}],"curies":[{"name":"wp","href":"https:\/\/api.w.org\/{rel}","templated":true}]}}