{"id":7244,"date":"2024-08-17T10:37:16","date_gmt":"2024-08-17T02:37:16","guid":{"rendered":"https:\/\/zojopackaging.com\/?post_type=product&#038;p=7244"},"modified":"2025-03-24T18:32:50","modified_gmt":"2025-03-24T10:32:50","slug":"hang-tag-printing","status":"publish","type":"product","link":"https:\/\/zojopackaging.com\/es\/product\/hang-tag-printing\/","title":{"rendered":"Marca Personalizada Kraft Eco-Friendly Hanger Tag Maker"},"content":{"rendered":"<h1>Marca Personalizada Kraft Eco-Friendly Hanger Tag Maker<\/h1>\n<p>Ya sea para hacer branding, scrapbooking, trabajos escolares o simplemente para etiquetar tus cosas, \u00a1te damos libertad creativa para hacer tus propias pegatinas personales! F\u00e1ciles de hacer y divertidas, puedes hacer toneladas de pegatinas en un abrir y cerrar de ojos. Empieza por elegir la forma: c\u00edrculo, rect\u00e1ngulo, flor o cuadrado, elige la cantidad y personaliza el dise\u00f1o como quieras. Hacer pegatinas nunca hab\u00eda sido tan f\u00e1cil.<\/p>\n<h1><strong>Especificaci\u00f3n<\/strong><\/h1>\n<table style=\"height: 666px;\" width=\"1070\">\n<tbody>\n<tr>\n<td width=\"373\">Dimensiones<\/td>\n<td width=\"373\">Todos los tama\u00f1os y formas personalizados<\/td>\n<\/tr>\n<tr>\n<td width=\"373\">MOQ<\/td>\n<td width=\"373\">1000 unidades<\/td>\n<\/tr>\n<tr>\n<td width=\"373\">Tiempo de muestreo<\/td>\n<td width=\"373\">3-5 d\u00edas<\/td>\n<\/tr>\n<tr>\n<td width=\"373\">Proceso por defecto<\/td>\n<td width=\"373\">Troquelado, encolado, rayado, perforaci\u00f3n<\/td>\n<\/tr>\n<tr>\n<td width=\"373\">Impresi\u00f3n<\/td>\n<td width=\"373\">Cmyk, pms, sin impresi\u00f3n<\/td>\n<\/tr>\n<tr>\n<td width=\"373\">Material Opci\u00f3n<\/td>\n<td width=\"373\">Papel cart\u00f3n blanco, papel estucado, papel art\u00edstico, papel kraft, cart\u00f3n marfil, cart\u00f3n d\u00faplex, papel especial, etc.<\/td>\n<\/tr>\n<tr>\n<td width=\"373\">Acabado de superficies<\/td>\n<td width=\"373\">Laminado mate\/brillante, estampado en relieve, gofrado, estampado en caliente, etc.<\/td>\n<\/tr>\n<tr>\n<td width=\"373\">Uso industrial<\/td>\n<td width=\"373\">cosm\u00e9ticos, perfumes, prendas de vestir, joyas, tabaco, alimentos, regalos y productos de consumo diario,<\/td>\n<\/tr>\n<tr>\n<td width=\"373\">Control de calidad<\/td>\n<td width=\"373\">El equipo avanzado y el equipo experimentado del control de calidad comprobar\u00e1n el material, los productos semielaborados y acabados terminantemente en cada paso antes de que<\/td>\n<\/tr>\n<tr>\n<td width=\"373\">Precio<\/td>\n<td width=\"373\">El precio final se adaptar\u00e1 a su producto y a la cantidad que necesite<\/td>\n<\/tr>\n<tr>\n<td width=\"373\">Plazo de entrega<\/td>\n<td width=\"373\">7-14 d\u00edas laborables , rush<\/td>\n<\/tr>\n<tr>\n<td width=\"373\">Papel<\/td>\n<td width=\"373\">De 10pt a 28pt (de 60lb a 400lb) Kraft ecol\u00f3gico, corrugado e-flute, cart\u00f3n bux, cartulina<\/td>\n<\/tr>\n<tr>\n<td width=\"373\">Formato de las ilustraciones<\/td>\n<td width=\"373\">JPG, PDF, AI, CDR, EPS, GIF....<\/td>\n<\/tr>\n<tr>\n<td width=\"373\">Accesorios<\/td>\n<td width=\"373\">Im\u00e1n, cinta, forma EVA , bandeja de pl\u00e1stico, esponja, ventana de PVC\/PET\/PP,...<\/td>\n<\/tr>\n<tr>\n<td width=\"373\">Plazo de pago<\/td>\n<td width=\"373\">T\/T, Western Union, Paypal, 30% de dep\u00f3sito y 70% de saldo antes del env\u00edo.<\/td>\n<\/tr>\n<\/tbody>\n<\/table>\n<div><\/div>\n<div class=\"widget block block-static-block\">\n<div class=\"landing-page-section option-bottom\">\n<div class=\"custom-materials-tabs-content container container-adjustment\">\n<div class=\"custom-materials-tab-content active\">\n<div class=\"widget block block-static-block\">\n<div class=\"options-items\">\n<div class=\"flex-grid-row-option\">\n<div class=\"flex-grid-item-option\">\n<div class=\"material-box\">\n<div class=\"material-des\">\n<h1><strong>PREGUNTAS FRECUENTES<\/strong><\/h1>\n<p><strong>Ya sea de f\u00e1brica ?<\/strong><\/p>\n<p>S\u00ed, somos f\u00e1brica, somos fabricante profesional para la caja de papel y el bolso de papel.<\/p>\n<p><strong>\u00bfPuede enviarse con un piso?<\/strong><\/p>\n<p>No, est\u00e1 hecha de papel art\u00edstico + cart\u00f3n, por lo que es una caja de papel r\u00edgido.<\/p>\n<p><strong>\u00bfPodemos personalizarlo?<\/strong><\/p>\n<p>S\u00ed, podemos personalizar la caja de papel para usted, para que pueda elegir el tama\u00f1o de la caja, el color de la caja y el logotipo.<\/p>\n<p><strong>\u00bfPodr\u00eda hacerme una muestra?<\/strong><\/p>\n<p>S\u00ed, podemos hacer muestras para usted, y la tarifa de la muestra depende del proceso.<\/p>\n<p><strong>\u00bfC\u00f3mo hacer un pedido?<\/strong><\/p>\n<ol>\n<li>Ind\u00edquenos sus datos<\/li>\n<li>Le hacemos un presupuesto<\/li>\n<li>hacer una muestra<\/li>\n<li>Pagar el dep\u00f3sito<\/li>\n<li>Producci\u00f3n en serie<\/li>\n<li>Pagar balacne<\/li>\n<li>Producto de env\u00edo<\/li>\n<\/ol>\n<p><strong>\u00bfY el archivo de dise\u00f1o?<\/strong><\/p>\n<p>PDF, AI est\u00e1n bien .<\/p>\n<p><strong>De cu\u00e1ntas maneras se puede enviar, \u00bfcu\u00e1l es mejor?<\/strong><\/p>\n<p>Por mar, por expreso, por aire, en funci\u00f3n de cu\u00e1ndo desee recibir su producci\u00f3n y en funci\u00f3n de la cantidad que pida.<\/p>\n<\/div>\n<\/div>\n<\/div>\n<\/div>\n<\/div>\n<\/div>\n<\/div>\n<\/div>\n<\/div>\n<\/div>","protected":false},"excerpt":{"rendered":"<ul>\n<li>Sus etiquetas colgantes ser\u00e1n: Impresi\u00f3n clara, borde liso, embalaje ordenado<\/li>\n<li>Tipo de material: Respetuoso con el medio ambiente, con certificaci\u00f3n FSC,ISO,BSCI<\/li>\n<li>Personalizaci\u00f3n: Puede personalizar tama\u00f1o\/impresi\u00f3n\/material\/acabado\/forma etc.<\/li>\n<li>Tiempo de producci\u00f3n: Muestra 1-3 d\u00edas; A granel 7-9 d\u00edas<\/li>\n<li>Tiempo de env\u00edo: Express 3-7 d\u00edas; Aire 12-16 d\u00edas; Barco 25-30 d\u00edas\uff08Diferentes pa\u00edses tienen diferentes tiempos)<\/li>\n<li>Precio: P\u00f3ngase en contacto con nosotros<\/li>\n<\/ul>","protected":false},"featured_media":7248,"template":"","meta":[],"product_brand":[],"product_cat":[258],"product_tag":[380,582,583,580],"class_list":{"0":"post-7244","1":"product","2":"type-product","3":"status-publish","4":"has-post-thumbnail","6":"product_cat-custom-stickers-and-labels","7":"product_tag-custom-hang-tags","8":"product_tag-kraft-tag","9":"product_tag-paper-tag","10":"product_tag-paper-tag-maker","12":"first","13":"instock","14":"shipping-taxable","15":"product-type-simple"},"_links":{"self":[{"href":"https:\/\/zojopackaging.com\/es\/wp-json\/wp\/v2\/product\/7244","targetHints":{"allow":["GET"]}}],"collection":[{"href":"https:\/\/zojopackaging.com\/es\/wp-json\/wp\/v2\/product"}],"about":[{"href":"https:\/\/zojopackaging.com\/es\/wp-json\/wp\/v2\/types\/product"}],"version-history":[{"count":1,"href":"https:\/\/zojopackaging.com\/es\/wp-json\/wp\/v2\/product\/7244\/revisions"}],"predecessor-version":[{"id":8114,"href":"https:\/\/zojopackaging.com\/es\/wp-json\/wp\/v2\/product\/7244\/revisions\/8114"}],"wp:featuredmedia":[{"embeddable":true,"href":"https:\/\/zojopackaging.com\/es\/wp-json\/wp\/v2\/media\/7248"}],"wp:attachment":[{"href":"https:\/\/zojopackaging.com\/es\/wp-json\/wp\/v2\/media?parent=7244"}],"wp:term":[{"taxonomy":"product_brand","embeddable":true,"href":"https:\/\/zojopackaging.com\/es\/wp-json\/wp\/v2\/product_brand?post=7244"},{"taxonomy":"product_cat","embeddable":true,"href":"https:\/\/zojopackaging.com\/es\/wp-json\/wp\/v2\/product_cat?post=7244"},{"taxonomy":"product_tag","embeddable":true,"href":"https:\/\/zojopackaging.com\/es\/wp-json\/wp\/v2\/product_tag?post=7244"}],"curies":[{"name":"wp","href":"https:\/\/api.w.org\/{rel}","templated":true}]}}